{"id":50,"date":"2020-02-28T21:31:34","date_gmt":"2020-02-29T00:31:34","guid":{"rendered":"https:\/\/wp.ufpel.edu.br\/geemai\/?page_id=50"},"modified":"2020-02-28T21:51:16","modified_gmt":"2020-02-29T00:51:16","slug":"alfamatsul","status":"publish","type":"page","link":"https:\/\/wp.ufpel.edu.br\/geemai\/alfamatsul\/","title":{"rendered":"ALFAMATSUL"},"content":{"rendered":"<h2>Encontro de Alfabetiza\u00e7\u00e3o Matem\u00e1tica do extremo sul ga\u00facho &#8211; ALFAMATSUL<\/h2>\n<p>&nbsp;<\/p>\n<p>O I Encontro de Alfabetiza\u00e7\u00e3o Matem\u00e1tica do extremo sul ga\u00facho &#8211; ALFAMATSUL, aconteceu em 2019 na Universidade Federal do Rio Grande &#8211; FURG. O evento est\u00e1 previsto para acontecer anualmente, reunindo pesquisadores, professores e demais interessados na alfabetiza\u00e7\u00e3o matem\u00e1tica.<\/p>\n<p><strong>Foco do Evento<\/strong><\/p>\n<p>As institui\u00e7\u00f5es p\u00fablicas de ensino superior do extremo sul ga\u00facho t\u00eam desenvolvido uma s\u00e9rie de a\u00e7\u00f5es e estudos sobre Alfabetiza\u00e7\u00e3o Matem\u00e1tica. Esses estudos t\u00eam se entrela\u00e7ado de diferentes maneiras e com intensas intera\u00e7\u00f5es. Agora \u00e9 a hora de encontrarem-se.<br \/>\nEncontro \u00e9 uma palavra definida pelo ato de chegar at\u00e9 uma pessoa ou coisa, a qual se encontra. Encontro \u00e9 tamb\u00e9m choque, colis\u00e3o, jogo, partida. \u00c9 achar e descobrir. Nessa polissemia da palavra encontro temos a inten\u00e7\u00e3o de propor um espa\u00e7o e um tempo de reuni\u00e3o de amigos, colegas, pesquisadores, professores e das m\u00faltiplas dimens\u00f5es que o humano pode ter a fim de discutir Alfabetiza\u00e7\u00e3o Matem\u00e1tica.<br \/>\nFalamos de alfabetiza\u00e7\u00e3o em uma perspectiva do letramento, isto \u00e9, de leitura de mundo, a qual extrapola a decodifica\u00e7\u00e3o da palavra. Alfabetizar em Matem\u00e1tica envolve a compreens\u00e3o e a constru\u00e7\u00e3o de processos de leitura de situa\u00e7\u00f5es que envolvem no\u00e7\u00f5es, conceitos e procedimentos iniciais sobre N\u00fameros, \u00c1lgebra, Geometria, Grandezas e Medidas e Probabilidade e Estat\u00edstica. Tamb\u00e9m falamos dos processos pedag\u00f3gicos, tais como planejar, ensinar, avaliar, etc.<br \/>\nA pesquisa na \u00e1rea do Ensino n\u00e3o se dissocia da sala de aula e do trabalho pedag\u00f3gico. \u00c9 esse encontro entre professores-pesquisadores que atuam e pesquisam sobre a Matem\u00e1tica inicial que visamos proporcionar. O evento contempla <strong>comunica\u00e7\u00f5es cient\u00edficas<\/strong>, para aqueles que est\u00e3o em forma\u00e7\u00e3o inicial (gradua\u00e7\u00e3o) ou continuada (p\u00f3s gradua\u00e7\u00e3o) ou realizam pesquisas sobre o tema, bem como valoriza, com especial destaque, as a\u00e7\u00f5es pr\u00e1ticas e as reflex\u00f5es dos professores atrav\u00e9s dos seus <strong>relatos de experi\u00eancia<\/strong> e reflex\u00e3o.<\/p>\n<p>&nbsp;<\/p>\n<p><strong>Formas de participa\u00e7\u00e3o<\/strong><\/p>\n<p>Podem participar todos aqueles que estiverem dispostos a escutar, falar, ensinar e aprender sobre Matem\u00e1tica. H\u00e1 diferentes modalidade de participa\u00e7\u00e3o para aqueles que querem frequentar os encontros: observar as exposi\u00e7\u00f5es e a\u00e7\u00f5es realizadas com ouvinte, apresentar relatos de pesquisas e\/ou compartilhar relatos de experi\u00eancias.<\/p>\n<p>Aceita-se a participa\u00e7\u00e3o com a apresenta\u00e7\u00e3o de trabalhos em duas modalidades:<\/p>\n<p>(a) Relatos de pesquisa: para aqueles que querem comunicar a sua experi\u00eancia em investiga\u00e7\u00e3o, seja em andamento ou conclu\u00edda, a fim de discutir e qualificar seu trabalho atrav\u00e9s da interlocu\u00e7\u00e3o com outros colegas;<\/p>\n<p>(b) Relatos de experi\u00eancias: para aqueles que querem comunicar a sua experi\u00eancia em pr\u00e1tica pedag\u00f3gica, seja uma atividade ou uma dificuldade que n\u00e3o conseguem avan\u00e7ar, a fim de discutir a pr\u00e1tica de sala de aula e as a\u00e7\u00f5es pedag\u00f3gicas empreendidas atrav\u00e9s da interlocu\u00e7\u00e3o com outros colegas.<\/p>\n","protected":false},"excerpt":{"rendered":"<p>Encontro de Alfabetiza\u00e7\u00e3o Matem\u00e1tica do extremo sul ga\u00facho &#8211; ALFAMATSUL &nbsp; O I Encontro de Alfabetiza\u00e7\u00e3o Matem\u00e1tica do extremo sul ga\u00facho &#8211; ALFAMATSUL, aconteceu em 2019 na Universidade Federal do Rio Grande &#8211; FURG. O evento est\u00e1 previsto para acontecer anualmente, reunindo pesquisadores, professores e demais interessados na alfabetiza\u00e7\u00e3o matem\u00e1tica. Foco do Evento As institui\u00e7\u00f5es &hellip; <\/p>\n<p><a class=\"more-link btn\" href=\"https:\/\/wp.ufpel.edu.br\/geemai\/alfamatsul\/\">Continue lendo<\/a><\/p>\n","protected":false},"author":481,"featured_media":0,"parent":0,"menu_order":1,"comment_status":"closed","ping_status":"closed","template":"","meta":{"footnotes":""},"class_list":["post-50","page","type-page","status-publish","hentry","nodate","item-wrap"],"_links":{"self":[{"href":"https:\/\/wp.ufpel.edu.br\/geemai\/wp-json\/wp\/v2\/pages\/50","targetHints":{"allow":["GET"]}}],"collection":[{"href":"https:\/\/wp.ufpel.edu.br\/geemai\/wp-json\/wp\/v2\/pages"}],"about":[{"href":"https:\/\/wp.ufpel.edu.br\/geemai\/wp-json\/wp\/v2\/types\/page"}],"author":[{"embeddable":true,"href":"https:\/\/wp.ufpel.edu.br\/geemai\/wp-json\/wp\/v2\/users\/481"}],"replies":[{"embeddable":true,"href":"https:\/\/wp.ufpel.edu.br\/geemai\/wp-json\/wp\/v2\/comments?post=50"}],"version-history":[{"count":4,"href":"https:\/\/wp.ufpel.edu.br\/geemai\/wp-json\/wp\/v2\/pages\/50\/revisions"}],"predecessor-version":[{"id":59,"href":"https:\/\/wp.ufpel.edu.br\/geemai\/wp-json\/wp\/v2\/pages\/50\/revisions\/59"}],"wp:attachment":[{"href":"https:\/\/wp.ufpel.edu.br\/geemai\/wp-json\/wp\/v2\/media?parent=50"}],"curies":[{"name":"wp","href":"https:\/\/api.w.org\/{rel}","templated":true}]}}