{"id":203,"date":"2020-09-27T17:30:08","date_gmt":"2020-09-27T20:30:08","guid":{"rendered":"https:\/\/wp.ufpel.edu.br\/geemai\/?page_id=203"},"modified":"2020-09-27T17:54:05","modified_gmt":"2020-09-27T20:54:05","slug":"curso-sbem-formacao-continuada","status":"publish","type":"page","link":"https:\/\/wp.ufpel.edu.br\/geemai\/curso-sbem-formacao-continuada\/","title":{"rendered":"Curso SBEM &#8211; Forma\u00e7\u00e3o continuada"},"content":{"rendered":"<p><a href=\"https:\/\/forms.gle\/g9vS5Emg6YwGxwUs9\"><img loading=\"lazy\" decoding=\"async\" class=\"alignnone size-medium wp-image-205\" src=\"https:\/\/wp.ufpel.edu.br\/geemai\/files\/2020\/09\/WhatsApp-Image-2020-09-27-at-17.36.55-305x400.jpeg\" alt=\"\" width=\"305\" height=\"400\" srcset=\"https:\/\/wp.ufpel.edu.br\/geemai\/files\/2020\/09\/WhatsApp-Image-2020-09-27-at-17.36.55-305x400.jpeg 305w, https:\/\/wp.ufpel.edu.br\/geemai\/files\/2020\/09\/WhatsApp-Image-2020-09-27-at-17.36.55-780x1024.jpeg 780w, https:\/\/wp.ufpel.edu.br\/geemai\/files\/2020\/09\/WhatsApp-Image-2020-09-27-at-17.36.55-768x1008.jpeg 768w, https:\/\/wp.ufpel.edu.br\/geemai\/files\/2020\/09\/WhatsApp-Image-2020-09-27-at-17.36.55-750x985.jpeg 750w, https:\/\/wp.ufpel.edu.br\/geemai\/files\/2020\/09\/WhatsApp-Image-2020-09-27-at-17.36.55.jpeg 975w\" sizes=\"auto, (max-width: 305px) 100vw, 305px\" \/><\/a><\/p>\n<p>INSCRI\u00c7\u00d5ES CLIQUE SOBRE O CARTAZ ACIMA!!!!<\/p>\n<p>Curso SBEM &#8211; Discutindo Metodologias para o ensino de Matem\u00e1tica nos Anos Iniciais do Ensino\u00a0 Fundamental \u2013 Forma\u00e7\u00e3o continuada de professores<\/p>\n<p>Promo\u00e7\u00e3o: UFPel, IFRS (Campus Bento Gon\u00e7alves), GEEMAI e SBEM<\/p>\n<p>Informa\u00e7\u00f5es:<br \/>\nPer\u00edodo do curso: de 19\/10\/2020 a 14\/12\/2020 &#8211; Moodle UFPel (https:\/\/moodle.ufpel.edu.br\/sysead\/)<br \/>\nCarga hor\u00e1ria: 80h<br \/>\nModalidade: curso totalmente a dist\u00e2ncia<br \/>\nP\u00fablico alvo preferencial: professores da Educa\u00e7\u00e3o Infantil e\/ou Anos iniciais (se sobrarem vagas, as mesmas ser\u00e3o distribu\u00eddas entre os demais interessados).<\/p>\n<p>Exclusivo para s\u00f3cios da SBEM, quites com anuidade 2020.<\/p>\n<p>Caso n\u00e3o seja s\u00f3cio, convidamos para se associar \u00e0 SBEM e participar de futuras a\u00e7\u00f5es dessa natureza, entre outros benef\u00edcios. Acesse <a href=\"http:\/\/www.sbembrasil.org.br\/sbembrasil\/\">http:\/\/www.sbembrasil.org.br\/sbembrasil\/.<\/a><\/p>\n<p>Objetivo(s) do Curso:<br \/>\n(1) Realizar leituras sobre metodologias para o ensino de matem\u00e1tica nos anos iniciais a exemplo do uso de literatura infantil aplicada a esse ensino.<\/p>\n<p>(2) Realizar pesquisa bibliogr\u00e1fica referente a m\u00e9todos did\u00e1ticos que envolvem a constru\u00e7\u00e3o do conhecimento matem\u00e1tico.<\/p>\n<p>(3) Reconhecer e experienciar materiais did\u00e1ticos para o ensino dos primeiros conceitos de matem\u00e1tica na educa\u00e7\u00e3o b\u00e1sica, tais como: Material Dourado, Tangram, Geoplano, \u00c1baco.<\/p>\n<p>(4) Manusear, criar, elaborar, analisar e avaliar diferentes materiais e m\u00e9todos utilizados no ensino da matem\u00e1tica.<\/p>\n<p>(5) Possibilitar o desenvolvimento de habilidades proposta pela BNCC, a partir dos materiais experienciados.<\/p>\n<p>&nbsp;<\/p>\n<p>&nbsp;<\/p>\n<p>&nbsp;<\/p>\n<p>&nbsp;<\/p>\n","protected":false},"excerpt":{"rendered":"<p>INSCRI\u00c7\u00d5ES CLIQUE SOBRE O CARTAZ ACIMA!!!! Curso SBEM &#8211; Discutindo Metodologias para o ensino de Matem\u00e1tica nos Anos Iniciais do Ensino\u00a0 Fundamental \u2013 Forma\u00e7\u00e3o continuada de professores Promo\u00e7\u00e3o: UFPel, IFRS (Campus Bento Gon\u00e7alves), GEEMAI e SBEM Informa\u00e7\u00f5es: Per\u00edodo do curso: de 19\/10\/2020 a 14\/12\/2020 &#8211; Moodle UFPel (https:\/\/moodle.ufpel.edu.br\/sysead\/) Carga hor\u00e1ria: 80h Modalidade: curso totalmente a &hellip; <\/p>\n<p><a class=\"more-link btn\" href=\"https:\/\/wp.ufpel.edu.br\/geemai\/curso-sbem-formacao-continuada\/\">Continue lendo<\/a><\/p>\n","protected":false},"author":481,"featured_media":0,"parent":0,"menu_order":3,"comment_status":"closed","ping_status":"closed","template":"","meta":{"footnotes":""},"class_list":["post-203","page","type-page","status-publish","hentry","nodate","item-wrap"],"_links":{"self":[{"href":"https:\/\/wp.ufpel.edu.br\/geemai\/wp-json\/wp\/v2\/pages\/203","targetHints":{"allow":["GET"]}}],"collection":[{"href":"https:\/\/wp.ufpel.edu.br\/geemai\/wp-json\/wp\/v2\/pages"}],"about":[{"href":"https:\/\/wp.ufpel.edu.br\/geemai\/wp-json\/wp\/v2\/types\/page"}],"author":[{"embeddable":true,"href":"https:\/\/wp.ufpel.edu.br\/geemai\/wp-json\/wp\/v2\/users\/481"}],"replies":[{"embeddable":true,"href":"https:\/\/wp.ufpel.edu.br\/geemai\/wp-json\/wp\/v2\/comments?post=203"}],"version-history":[{"count":6,"href":"https:\/\/wp.ufpel.edu.br\/geemai\/wp-json\/wp\/v2\/pages\/203\/revisions"}],"predecessor-version":[{"id":210,"href":"https:\/\/wp.ufpel.edu.br\/geemai\/wp-json\/wp\/v2\/pages\/203\/revisions\/210"}],"wp:attachment":[{"href":"https:\/\/wp.ufpel.edu.br\/geemai\/wp-json\/wp\/v2\/media?parent=203"}],"curies":[{"name":"wp","href":"https:\/\/api.w.org\/{rel}","templated":true}]}}