{"id":14,"date":"2017-11-10T02:45:38","date_gmt":"2017-11-10T04:45:38","guid":{"rendered":"https:\/\/wp.ufpel.edu.br\/geemai\/?page_id=14"},"modified":"2020-02-28T21:22:01","modified_gmt":"2020-02-29T00:22:01","slug":"publicacoes","status":"publish","type":"page","link":"https:\/\/wp.ufpel.edu.br\/geemai\/publicacoes\/","title":{"rendered":"Publica\u00e7\u00f5es"},"content":{"rendered":"<p>Aqui est\u00e3o disponibilizados trabalhos de pesquisa, ensino e extens\u00e3o, publicados por participantes do GEEMAI<\/p>\n","protected":false},"excerpt":{"rendered":"<p>Aqui est\u00e3o disponibilizados trabalhos de pesquisa, ensino e extens\u00e3o, publicados por participantes do GEEMAI<\/p>\n","protected":false},"author":481,"featured_media":0,"parent":0,"menu_order":1,"comment_status":"closed","ping_status":"closed","template":"","meta":{"footnotes":""},"class_list":["post-14","page","type-page","status-publish","hentry","nodate","item-wrap"],"_links":{"self":[{"href":"https:\/\/wp.ufpel.edu.br\/geemai\/wp-json\/wp\/v2\/pages\/14","targetHints":{"allow":["GET"]}}],"collection":[{"href":"https:\/\/wp.ufpel.edu.br\/geemai\/wp-json\/wp\/v2\/pages"}],"about":[{"href":"https:\/\/wp.ufpel.edu.br\/geemai\/wp-json\/wp\/v2\/types\/page"}],"author":[{"embeddable":true,"href":"https:\/\/wp.ufpel.edu.br\/geemai\/wp-json\/wp\/v2\/users\/481"}],"replies":[{"embeddable":true,"href":"https:\/\/wp.ufpel.edu.br\/geemai\/wp-json\/wp\/v2\/comments?post=14"}],"version-history":[{"count":1,"href":"https:\/\/wp.ufpel.edu.br\/geemai\/wp-json\/wp\/v2\/pages\/14\/revisions"}],"predecessor-version":[{"id":15,"href":"https:\/\/wp.ufpel.edu.br\/geemai\/wp-json\/wp\/v2\/pages\/14\/revisions\/15"}],"wp:attachment":[{"href":"https:\/\/wp.ufpel.edu.br\/geemai\/wp-json\/wp\/v2\/media?parent=14"}],"curies":[{"name":"wp","href":"https:\/\/api.w.org\/{rel}","templated":true}]}}