{"id":288,"date":"2019-07-29T11:41:09","date_gmt":"2019-07-29T14:41:09","guid":{"rendered":"https:\/\/wp.ufpel.edu.br\/gedeb\/?page_id=288"},"modified":"2024-11-12T19:14:45","modified_gmt":"2024-11-12T22:14:45","slug":"legislacao","status":"publish","type":"page","link":"https:\/\/wp.ufpel.edu.br\/gedeb\/legislacao\/","title":{"rendered":"Legisla\u00e7\u00e3o"},"content":{"rendered":"<p><span style=\"font-size: 18pt;\"><strong>\u00a0Forma\u00e7\u00e3o de professores<\/strong><\/span><\/p>\n<p><strong>&#8211; RESOLU\u00c7\u00c3O CNE\/CP n\u00ba 4, de 29 de MAIO de 2024<\/strong> &#8211; Disp\u00f5e sobre as Diretrizes Curriculares Nacionais para a Forma\u00e7\u00e3o Inicial em N\u00edvel Superior de Profissionais do Magist\u00e9rio da Educa\u00e7\u00e3o Escolar B\u00e1sica (cursos de licenciatura, cursos de forma\u00e7\u00e3o pedag\u00f3gica para graduados n\u00e3o licenciados e cursos de segunda licenciatura). <a href=\"https:\/\/www.gov.br\/mec\/pt-br\/cne\/resolucoes-cp-2024\">https:\/\/www.gov.br\/mec\/pt-br\/cne\/resolucoes-cp-2024<\/a><\/p>\n<p><strong>&#8211; PARECER CNE\/CP n\u00ba 4\/2024, APROVADO em 12 de MAR\u00c7O de 2024<\/strong>. Diretrizes Curriculares Nacionais para a Forma\u00e7\u00e3o Inicial em N\u00edvel Superior de Profissional do Magist\u00e9rio da Educa\u00e7\u00e3o Escolar B\u00e1sica (cursos de licenciatura, de forma\u00e7\u00e3o pedag\u00f3gica para graduados n\u00e3o licenciados e de segunda licenciatura). <a href=\"https:\/\/www.gov.br\/mec\/pt-br\/cne\/parecer-cp-2024\">https:\/\/www.gov.br\/mec\/pt-br\/cne\/parecer-cp-2024<\/a><\/p>\n<p style=\"text-align: left;\">&#8211;<strong> RESOLU\u00c7\u00c3O CNE\/CP N\u00ba<\/strong> <strong>2, DE 20 DE DEZEMBRO DE 2019<\/strong>. Diretrizes Curriculares Nacionais para a Forma\u00e7\u00e3o Inicial de Professores para a Educa\u00e7\u00e3o B\u00e1sica e institui a Base Nacional Comum para a Forma\u00e7\u00e3o Inicial de Professores da Educa\u00e7\u00e3o B\u00e1sica (BNC-Forma\u00e7\u00e3o) &#8211; (atual)\u00a0<a href=\"http:\/\/portal.mec.gov.br\/docman\/dezembro-2019-pdf\/135951-rcp002-19\/file\">http:\/\/portal.mec.gov.br\/docman\/dezembro-2019-pdf\/135951-rcp002-19\/file<\/a><\/p>\n<p style=\"text-align: left;\"><strong>&#8211; PARECER CNE\/CP N\u00ba: 22\/2019. <\/strong>Diretrizes Curriculares Nacionais para a Forma\u00e7\u00e3o Inicial de Professores para a Educa\u00e7\u00e3o B\u00e1sica e Base Nacional Comum para a Forma\u00e7\u00e3o Inicial de Professores da Educa\u00e7\u00e3o B\u00e1sica (BNC-Forma\u00e7\u00e3o). (atual).<\/p>\n<p style=\"text-align: justify;\"><a href=\"http:\/\/portal.mec.gov.br\/index.php?option=com_docman&amp;view=download&amp;alias=133091-pcp022-19-3&amp;category_slug=dezembro-2019-pdf&amp;Itemid=30192\">http:\/\/portal.mec.gov.br\/index.php? option=com_docman&amp;view=download&amp;alias=133091-pcp022-19-3&amp;category_slug=dezembro-2019-pdf&amp;Itemid=30192<\/a><\/p>\n<p>&#8211; <strong>RESOLU\u00c7\u00c3O N\u00ba<\/strong> <strong>2<\/strong>, <strong>de\u00a0 1\u00ba de JULHO de 2015<\/strong>. Diretrizes Curriculares Nacionais para a Forma\u00e7\u00e3o inicial e continuada de professores\u00a0<a href=\"http:\/\/portal.mec.gov.br\/index.php?option=com_docman&amp;view=download&amp;alias=121201-rcp002-15&amp;category_slug=agosto-2019-pdf&amp;Itemid=30192\">http:\/\/portal.mec.gov.br\/index.php?option=com_docman&amp;view=download&amp;alias=121201-rcp002-15&amp;category_slug=agosto-2019-pdf&amp;Itemid=30192<\/a><\/p>\n<p>&#8211; P<strong>ARECER CNE\/CP N\u00ba: 2\/2015. <\/strong>Diretrizes Curriculares Nacionais para a Forma\u00e7\u00e3o Inicial e Continuada dos<br \/>\nProfissionais do Magist\u00e9rio da Educa\u00e7\u00e3o B\u00e1sica.\u00a0<a href=\"http:\/\/portal.mec.gov.br\/index.php?option=com_docman&amp;view=download&amp;alias=17625-parecer-cne-cp-2-2015-aprovado-9-junho-2015&amp;category_slug=junho-2015-pdf&amp;Itemid=30192\">http:\/\/portal.mec.gov.br\/index.php?option=com_docman&amp;view=download&amp;alias=17625-parecer-cne-cp-2-2015-aprovado-9-junho-2015&amp;category_slug=junho-2015-pdf&amp;Itemid=30192<\/a><\/p>\n<p style=\"text-align: left;\">&#8211; <strong>RESOLU\u00c7\u00c3O CNE\/CP N\u00ba 1<\/strong>, DE 15 DE MAIO DE 2006. Diretrizes Curriculares Nacionais para o Curso de Gradua\u00e7\u00e3o em Pedagogia, licenciatura.\u00a0<a href=\"http:\/\/portal.mec.gov.br\/cne\/arquivos\/pdf\/rcp01_06.pdf\">http:\/\/portal.mec.gov.br\/cne\/arquivos\/pdf\/rcp01_06.pdf<\/a><\/p>\n<p>&#8211; <strong>DECRETO<\/strong> <strong>\u00a08.752 &#8211; 9 de maio de 2016<\/strong> (Disp\u00f5e sobre a Pol\u00edtica Nacional de Forma\u00e7\u00e3o dos Profissionais da Educa\u00e7\u00e3o B\u00e1sica)\u00a0 <a href=\"http:\/\/www.planalto.gov.br\/ccivil_03\/_ato2015-2018\/2016\/decreto\/d8752.htm\">http:\/\/www.planalto.gov.br\/ccivil_03\/_ato2015-2018\/2016\/decreto\/d8752.htm<\/a><\/p>\n<p><span style=\"font-size: 18pt;\"><strong>Educa\u00e7\u00e3o Superior (EaD)<\/strong><\/span><\/p>\n<p style=\"text-align: left;\">&#8211;\u00a0 <strong>Parecer CNE\/CP n\u00ba 5\/2020<\/strong>, aprovado em 28 de abril de 2020 Reorganiza\u00e7\u00e3o do Calend\u00e1rio Escolar e da possibilidade de c\u00f4mputo de atividades n\u00e3o presenciais para fins de cumprimento da carga hor\u00e1ria m\u00ednima anual, em raz\u00e3o da Pandemia da COVID-19.\u00a0<a href=\"http:\/\/portal.mec.gov.br\/index.php?option=com_docman&amp;view=download&amp;alias=145011-pcp005-20&amp;category_slug=marco-2020-pdf&amp;Itemid=30192\">http:\/\/portal.mec.gov.br\/index.php?option=com_docman&amp;view=download&amp;alias=145011-pcp005-20&amp;category_slug=marco-2020-pdf&amp;Itemid=30192<\/a><\/p>\n<p><strong>&#8211; RESOLU\u00c7\u00c3O CNE\/CES<\/strong> <strong>\u00a0N\u00ba 1, DE 11 DE MAR\u00c7O DE 2016. <\/strong>Diretrizes e Normas Nacionais para a Oferta de Programas e Cursos de Educa\u00e7\u00e3o Superior na Modalidade a Dist\u00e2ncia.\u00a0<a href=\"http:\/\/portal.mec.gov.br\/docman\/marco-2016-pdf\/35541-res-cne-ces-001-14032016-pdf\/file\">http:\/\/portal.mec.gov.br\/docman\/marco-2016-pdf\/35541-res-cne-ces-001-14032016-pdf\/file<\/a><\/p>\n<p>&#8211; <strong>PARECER CNE\/CES N\u00ba: 564\/2015. <\/strong>Diretrizes e Normas Nacionais para a oferta de Programas e Cursos de Educa\u00e7\u00e3o Superior na Modalidade a Dist\u00e2ncia.\u00a0<a href=\"http:\/\/portal.mec.gov.br\/index.php?option=com_docman&amp;view=download&amp;alias=31361-parecer-cne-ces-564-15-pdf&amp;category_slug=dezembro-2015-pdf&amp;Itemid=30192\">http:\/\/portal.mec.gov.br\/index.php?option=com_docman&amp;view=download&amp;alias=31361-parecer-cne-ces-564-15-pdf&amp;category_slug=dezembro-2015-pdf&amp;Itemid=30192<\/a><\/p>\n<p><strong>&#8211; DECRETO N\u00ba 9.057, DE 25 DE MAIO DE 2017. Regulamenta o\u00a0<a href=\"http:\/\/www.planalto.gov.br\/ccivil_03\/LEIS\/L9394.htm#art80\"><span style=\"color: #800000;\">art. 80 da Lei n\u00ba 9.394, de 20 de dezembro de 1996\u00a0<\/span><\/a>, que estabelece as diretrizes e bases da educa\u00e7\u00e3o nacional.\u00a0<\/strong><a href=\"http:\/\/www.planalto.gov.br\/ccivil_03\/_ato2015-2018\/2017\/decreto\/d9057.htm\">http:\/\/www.planalto.gov.br\/ccivil_03\/_ato2015-2018\/2017\/decreto\/d9057.htm<\/a><\/p>\n","protected":false},"excerpt":{"rendered":"<p>\u00a0Forma\u00e7\u00e3o de professores &#8211; RESOLU\u00c7\u00c3O CNE\/CP n\u00ba 4, de 29 de MAIO de 2024 &#8211; Disp\u00f5e sobre as Diretrizes Curriculares Nacionais para a Forma\u00e7\u00e3o Inicial em N\u00edvel Superior de Profissionais do Magist\u00e9rio da Educa\u00e7\u00e3o Escolar B\u00e1sica (cursos de licenciatura, cursos de forma\u00e7\u00e3o pedag\u00f3gica para graduados n\u00e3o licenciados e cursos de segunda licenciatura). https:\/\/www.gov.br\/mec\/pt-br\/cne\/resolucoes-cp-2024 &#8211; PARECER [&hellip;]<\/p>\n","protected":false},"author":745,"featured_media":0,"parent":0,"menu_order":0,"comment_status":"closed","ping_status":"closed","template":"","meta":{"footnotes":""},"class_list":["post-288","page","type-page","status-publish","hentry"],"jetpack_sharing_enabled":true,"_links":{"self":[{"href":"https:\/\/wp.ufpel.edu.br\/gedeb\/wp-json\/wp\/v2\/pages\/288","targetHints":{"allow":["GET"]}}],"collection":[{"href":"https:\/\/wp.ufpel.edu.br\/gedeb\/wp-json\/wp\/v2\/pages"}],"about":[{"href":"https:\/\/wp.ufpel.edu.br\/gedeb\/wp-json\/wp\/v2\/types\/page"}],"author":[{"embeddable":true,"href":"https:\/\/wp.ufpel.edu.br\/gedeb\/wp-json\/wp\/v2\/users\/745"}],"replies":[{"embeddable":true,"href":"https:\/\/wp.ufpel.edu.br\/gedeb\/wp-json\/wp\/v2\/comments?post=288"}],"version-history":[{"count":12,"href":"https:\/\/wp.ufpel.edu.br\/gedeb\/wp-json\/wp\/v2\/pages\/288\/revisions"}],"predecessor-version":[{"id":641,"href":"https:\/\/wp.ufpel.edu.br\/gedeb\/wp-json\/wp\/v2\/pages\/288\/revisions\/641"}],"wp:attachment":[{"href":"https:\/\/wp.ufpel.edu.br\/gedeb\/wp-json\/wp\/v2\/media?parent=288"}],"curies":[{"name":"wp","href":"https:\/\/api.w.org\/{rel}","templated":true}]}}