{"id":249,"date":"2019-02-27T11:32:09","date_gmt":"2019-02-27T14:32:09","guid":{"rendered":"https:\/\/wp.ufpel.edu.br\/gedeb\/?page_id=249"},"modified":"2023-10-18T17:19:15","modified_gmt":"2023-10-18T20:19:15","slug":"videos","status":"publish","type":"page","link":"https:\/\/wp.ufpel.edu.br\/gedeb\/videos\/","title":{"rendered":"V\u00eddeos"},"content":{"rendered":"<ul>\n<li>Forma\u00e7\u00e3o de Professores no contexto da pandemia: dilemas e riscos de precariza\u00e7\u00e3o: Helena Freitas.\u00a0\u00a0<a href=\"https:\/\/www.youtube.com\/watch?v=XaSpoHi5-Hw\">https:\/\/www.youtube.com\/watch?v=XaSpoHi5-Hw<\/a><\/li>\n<li>Forma\u00e7\u00e3o de professores em tempo de pandemia: Antonio N\u00f3voa.\u00a0<a href=\"https:\/\/www.youtube.com\/watch?v=ef3YQcbERiM\">https:\/\/www.youtube.com\/watch?v=ef3YQcbERiM<\/a><\/li>\n<li>A Educa\u00e7\u00e3o em tempos de pandemia (Covid-19 \/ Coronav\u00edrus): conversa com Antonio N\u00f3voa.\u00a0<a href=\"https:\/\/www.youtube.com\/watch?v=FNF7i_DpfIo\">https:\/\/www.youtube.com\/watch?v=FNF7i_DpfIo<\/a><\/li>\n<li>Ant\u00f3nio N\u00f3voa: desafios na forma\u00e7\u00e3o de professores (2018).\u00a0<a href=\"https:\/\/www.youtube.com\/watch?v=tF1NpJmsH3Q\">https:\/\/www.youtube.com\/watch?v=tF1NpJmsH3Q<\/a><\/li>\n<li>A intensifica\u00e7\u00e3o e a desintelectualiza\u00e7\u00e3o do trabalho docente no contexto da pandemia de Covid-19: Roberto Leher, Rodrigo lamosa.\u00a0<a href=\"https:\/\/www.youtube.com\/watch?v=VP5SX0u0Sbg\">https:\/\/www.youtube.com\/watch?v=VP5SX0u0Sbg<\/a><\/li>\n<li>O papel do FORUNDIR e da ANFOPE na resist\u00eancia \u00e0 BNC as forma\u00e7\u00e3o de professores: ANFOPE.\u00a0<a href=\"https:\/\/www.youtube.com\/watch?v=GhNaIJuZnCw&amp;fbclid=IwAR09syzpsS-6frYx0ixhFULu4VErxg30UbptDYHn5B4lb6IBvlvWVBqjtiM\">https:\/\/www.youtube.com\/watch?v=GhNaIJuZnCw&amp;fbclid=IwAR09syzpsS-6frYx0ixhFULu4VErxg30UbptDYHn5B4lb6IBvlvWVBqjtiM<\/a><\/li>\n<li>As novas DCN&#8217;s para forma\u00e7\u00e3o de professores: retrocessos e resist\u00eancias.\u00a0<a href=\"https:\/\/www.youtube.com\/watch?v=L37ARHWlGeQ\">https:\/\/www.youtube.com\/watch?v=L37ARHWlGeQ<\/a><\/li>\n<li>Forma\u00e7\u00e3o de professores DCNs res. 2 2015 Luiz Dourado.\u00a0<a href=\"https:\/\/youtu.be\/HXM1YV6mfbE\">https:\/\/youtu.be\/HXM1YV6mfbE<\/a><\/li>\n<li>EaD e Educa\u00e7\u00e3o Superior de qualidade: (des)regula\u00e7\u00e3o e desafios Luiz Dourado Maria Beatris Luce.\u00a0<a href=\"https:\/\/www.youtube.com\/watch?v=XOsZtZwaDBo\">https:\/\/www.youtube.com\/watch?v=XOsZtZwaDBo<\/a><\/li>\n<li>ANPED: conte\u00fados variados importantes <a href=\"https:\/\/www.youtube.com\/channel\/UCtytT97deMEYG2lPZ0H87Mw\">https:\/\/www.youtube.com\/channel\/UCtytT97deMEYG2lPZ0H87Mw<\/a><\/li>\n<\/ul>\n<p>&nbsp;<\/p>\n<p>&nbsp;<\/p>\n","protected":false},"excerpt":{"rendered":"<p>Forma\u00e7\u00e3o de Professores no contexto da pandemia: dilemas e riscos de precariza\u00e7\u00e3o: Helena Freitas.\u00a0\u00a0https:\/\/www.youtube.com\/watch?v=XaSpoHi5-Hw Forma\u00e7\u00e3o de professores em tempo de pandemia: Antonio N\u00f3voa.\u00a0https:\/\/www.youtube.com\/watch?v=ef3YQcbERiM A Educa\u00e7\u00e3o em tempos de pandemia (Covid-19 \/ Coronav\u00edrus): conversa com Antonio N\u00f3voa.\u00a0https:\/\/www.youtube.com\/watch?v=FNF7i_DpfIo Ant\u00f3nio N\u00f3voa: desafios na forma\u00e7\u00e3o de professores (2018).\u00a0https:\/\/www.youtube.com\/watch?v=tF1NpJmsH3Q A intensifica\u00e7\u00e3o e a desintelectualiza\u00e7\u00e3o do trabalho docente no contexto da [&hellip;]<\/p>\n","protected":false},"author":745,"featured_media":0,"parent":0,"menu_order":0,"comment_status":"closed","ping_status":"closed","template":"","meta":{"footnotes":""},"class_list":["post-249","page","type-page","status-publish","hentry"],"jetpack_sharing_enabled":true,"_links":{"self":[{"href":"https:\/\/wp.ufpel.edu.br\/gedeb\/wp-json\/wp\/v2\/pages\/249","targetHints":{"allow":["GET"]}}],"collection":[{"href":"https:\/\/wp.ufpel.edu.br\/gedeb\/wp-json\/wp\/v2\/pages"}],"about":[{"href":"https:\/\/wp.ufpel.edu.br\/gedeb\/wp-json\/wp\/v2\/types\/page"}],"author":[{"embeddable":true,"href":"https:\/\/wp.ufpel.edu.br\/gedeb\/wp-json\/wp\/v2\/users\/745"}],"replies":[{"embeddable":true,"href":"https:\/\/wp.ufpel.edu.br\/gedeb\/wp-json\/wp\/v2\/comments?post=249"}],"version-history":[{"count":6,"href":"https:\/\/wp.ufpel.edu.br\/gedeb\/wp-json\/wp\/v2\/pages\/249\/revisions"}],"predecessor-version":[{"id":579,"href":"https:\/\/wp.ufpel.edu.br\/gedeb\/wp-json\/wp\/v2\/pages\/249\/revisions\/579"}],"wp:attachment":[{"href":"https:\/\/wp.ufpel.edu.br\/gedeb\/wp-json\/wp\/v2\/media?parent=249"}],"curies":[{"name":"wp","href":"https:\/\/api.w.org\/{rel}","templated":true}]}}