{"id":128,"date":"2018-09-25T11:41:39","date_gmt":"2018-09-25T14:41:39","guid":{"rendered":"https:\/\/wp.ufpel.edu.br\/gedeb\/?page_id=128"},"modified":"2025-07-11T12:26:14","modified_gmt":"2025-07-11T15:26:14","slug":"fotos-das-atividades-do-grupo","status":"publish","type":"page","link":"https:\/\/wp.ufpel.edu.br\/gedeb\/fotos-das-atividades-do-grupo\/","title":{"rendered":"Fotos"},"content":{"rendered":"<p>Reuni\u00e3o 30\/06\/25<\/p>\n<p><img loading=\"lazy\" decoding=\"async\" class=\"size-medium wp-image-651 aligncenter\" src=\"https:\/\/wp.ufpel.edu.br\/gedeb\/files\/2025\/07\/30_06_25_reuniao_1-400x120.jpeg\" alt=\"\" width=\"400\" height=\"120\" srcset=\"https:\/\/wp.ufpel.edu.br\/gedeb\/files\/2025\/07\/30_06_25_reuniao_1-400x120.jpeg 400w, https:\/\/wp.ufpel.edu.br\/gedeb\/files\/2025\/07\/30_06_25_reuniao_1-1024x308.jpeg 1024w, https:\/\/wp.ufpel.edu.br\/gedeb\/files\/2025\/07\/30_06_25_reuniao_1-768x231.jpeg 768w, https:\/\/wp.ufpel.edu.br\/gedeb\/files\/2025\/07\/30_06_25_reuniao_1-816x246.jpeg 816w, https:\/\/wp.ufpel.edu.br\/gedeb\/files\/2025\/07\/30_06_25_reuniao_1.jpeg 1361w\" sizes=\"auto, (max-width: 400px) 100vw, 400px\" \/><\/p>\n<p><img loading=\"lazy\" decoding=\"async\" class=\"size-medium wp-image-652 aligncenter\" src=\"https:\/\/wp.ufpel.edu.br\/gedeb\/files\/2025\/07\/30_06_25_reuniao_2-400x142.jpeg\" alt=\"\" width=\"400\" height=\"142\" srcset=\"https:\/\/wp.ufpel.edu.br\/gedeb\/files\/2025\/07\/30_06_25_reuniao_2-400x142.jpeg 400w, https:\/\/wp.ufpel.edu.br\/gedeb\/files\/2025\/07\/30_06_25_reuniao_2-1024x365.jpeg 1024w, https:\/\/wp.ufpel.edu.br\/gedeb\/files\/2025\/07\/30_06_25_reuniao_2-768x273.jpeg 768w, https:\/\/wp.ufpel.edu.br\/gedeb\/files\/2025\/07\/30_06_25_reuniao_2-816x290.jpeg 816w, https:\/\/wp.ufpel.edu.br\/gedeb\/files\/2025\/07\/30_06_25_reuniao_2.jpeg 1354w\" sizes=\"auto, (max-width: 400px) 100vw, 400px\" \/><\/p>\n<p>Reuni\u00f5es: UFPel, UNIPAMPA, UFSC, FURG, UFMG &#8211; agosto de 2023<\/p>\n<p><img loading=\"lazy\" decoding=\"async\" class=\"wp-image-455 aligncenter\" src=\"https:\/\/wp.ufpel.edu.br\/gedeb\/files\/2023\/09\/reuniao_geral_1-400x191.jpeg\" alt=\"\" width=\"494\" height=\"236\" srcset=\"https:\/\/wp.ufpel.edu.br\/gedeb\/files\/2023\/09\/reuniao_geral_1-400x191.jpeg 400w, https:\/\/wp.ufpel.edu.br\/gedeb\/files\/2023\/09\/reuniao_geral_1-1024x489.jpeg 1024w, https:\/\/wp.ufpel.edu.br\/gedeb\/files\/2023\/09\/reuniao_geral_1-768x367.jpeg 768w, https:\/\/wp.ufpel.edu.br\/gedeb\/files\/2023\/09\/reuniao_geral_1-1536x733.jpeg 1536w, https:\/\/wp.ufpel.edu.br\/gedeb\/files\/2023\/09\/reuniao_geral_1.jpeg 1600w\" sizes=\"auto, (max-width: 494px) 100vw, 494px\" \/><\/p>\n<p><img loading=\"lazy\" decoding=\"async\" class=\"size-medium wp-image-453 aligncenter\" src=\"https:\/\/wp.ufpel.edu.br\/gedeb\/files\/2023\/09\/fecahmento-do-edital-400x187.jpg\" alt=\"\" width=\"400\" height=\"187\" srcset=\"https:\/\/wp.ufpel.edu.br\/gedeb\/files\/2023\/09\/fecahmento-do-edital-400x187.jpg 400w, https:\/\/wp.ufpel.edu.br\/gedeb\/files\/2023\/09\/fecahmento-do-edital-1024x479.jpg 1024w, https:\/\/wp.ufpel.edu.br\/gedeb\/files\/2023\/09\/fecahmento-do-edital-768x359.jpg 768w, https:\/\/wp.ufpel.edu.br\/gedeb\/files\/2023\/09\/fecahmento-do-edital.jpg 1377w\" sizes=\"auto, (max-width: 400px) 100vw, 400px\" \/><\/p>\n<p>&nbsp;<\/p>\n<p>&nbsp;<\/p>\n<p><img loading=\"lazy\" decoding=\"async\" class=\"wp-image-423 aligncenter\" src=\"https:\/\/wp.ufpel.edu.br\/gedeb\/files\/2022\/05\/card-evento-400x225.jpg\" alt=\"\" width=\"414\" height=\"233\" srcset=\"https:\/\/wp.ufpel.edu.br\/gedeb\/files\/2022\/05\/card-evento-400x225.jpg 400w, https:\/\/wp.ufpel.edu.br\/gedeb\/files\/2022\/05\/card-evento-1024x576.jpg 1024w, https:\/\/wp.ufpel.edu.br\/gedeb\/files\/2022\/05\/card-evento-768x432.jpg 768w, https:\/\/wp.ufpel.edu.br\/gedeb\/files\/2022\/05\/card-evento.jpg 1280w\" sizes=\"auto, (max-width: 414px) 100vw, 414px\" \/><\/p>\n<p><img loading=\"lazy\" decoding=\"async\" class=\"size-medium wp-image-425 aligncenter\" src=\"https:\/\/wp.ufpel.edu.br\/gedeb\/files\/2022\/05\/marcos2-1-400x197.png\" alt=\"\" width=\"400\" height=\"197\" srcset=\"https:\/\/wp.ufpel.edu.br\/gedeb\/files\/2022\/05\/marcos2-1-400x197.png 400w, https:\/\/wp.ufpel.edu.br\/gedeb\/files\/2022\/05\/marcos2-1-1024x503.png 1024w, https:\/\/wp.ufpel.edu.br\/gedeb\/files\/2022\/05\/marcos2-1-768x378.png 768w, https:\/\/wp.ufpel.edu.br\/gedeb\/files\/2022\/05\/marcos2-1.png 1078w\" sizes=\"auto, (max-width: 400px) 100vw, 400px\" \/><\/p>\n<p><img loading=\"lazy\" decoding=\"async\" class=\"size-medium wp-image-426 aligncenter\" src=\"https:\/\/wp.ufpel.edu.br\/gedeb\/files\/2022\/05\/7-400x159.png\" alt=\"\" width=\"400\" height=\"159\" srcset=\"https:\/\/wp.ufpel.edu.br\/gedeb\/files\/2022\/05\/7-400x159.png 400w, https:\/\/wp.ufpel.edu.br\/gedeb\/files\/2022\/05\/7-1024x408.png 1024w, https:\/\/wp.ufpel.edu.br\/gedeb\/files\/2022\/05\/7-768x306.png 768w, https:\/\/wp.ufpel.edu.br\/gedeb\/files\/2022\/05\/7.png 1341w\" sizes=\"auto, (max-width: 400px) 100vw, 400px\" \/><\/p>\n<p><img loading=\"lazy\" decoding=\"async\" class=\"size-medium wp-image-427 aligncenter\" src=\"https:\/\/wp.ufpel.edu.br\/gedeb\/files\/2022\/05\/12_4_21_2-400x200.png\" alt=\"\" width=\"400\" height=\"200\" srcset=\"https:\/\/wp.ufpel.edu.br\/gedeb\/files\/2022\/05\/12_4_21_2-400x200.png 400w, https:\/\/wp.ufpel.edu.br\/gedeb\/files\/2022\/05\/12_4_21_2-1024x512.png 1024w, https:\/\/wp.ufpel.edu.br\/gedeb\/files\/2022\/05\/12_4_21_2-768x384.png 768w, https:\/\/wp.ufpel.edu.br\/gedeb\/files\/2022\/05\/12_4_21_2.png 1079w\" sizes=\"auto, (max-width: 400px) 100vw, 400px\" \/><\/p>\n<p>&nbsp;<\/p>\n<div id=\"attachment_352\" style=\"width: 410px\" class=\"wp-caption aligncenter\"><img loading=\"lazy\" decoding=\"async\" aria-describedby=\"caption-attachment-352\" class=\"wp-image-352 size-medium\" src=\"https:\/\/wp.ufpel.edu.br\/gedeb\/files\/2019\/11\/as-3-400x300.jpg\" alt=\"\" width=\"400\" height=\"300\" srcset=\"https:\/\/wp.ufpel.edu.br\/gedeb\/files\/2019\/11\/as-3-400x300.jpg 400w, https:\/\/wp.ufpel.edu.br\/gedeb\/files\/2019\/11\/as-3-768x576.jpg 768w, https:\/\/wp.ufpel.edu.br\/gedeb\/files\/2019\/11\/as-3.jpg 960w\" sizes=\"auto, (max-width: 400px) 100vw, 400px\" \/><p id=\"caption-attachment-352\" class=\"wp-caption-text\">Lan\u00e7amento do livro Curr\u00edculos e profissionalidades docentes: Licenciaturas em Pedagogia e Matem\u00e1tica em universidades p\u00fablicas ga\u00fachas!!! Novembro de 2019<\/p><\/div>\n<p>&nbsp;<\/p>\n<p><img loading=\"lazy\" decoding=\"async\" class=\"aligncenter\" src=\"https:\/\/wp.ufpel.edu.br\/gedeb\/files\/2019\/02\/cartaz-283x400.jpg\" alt=\"\" width=\"283\" height=\"400\" \/><\/p>\n<p>&nbsp;<\/p>\n<p><img loading=\"lazy\" decoding=\"async\" class=\"aligncenter\" src=\"https:\/\/wp.ufpel.edu.br\/gedeb\/files\/2019\/02\/cartaz-297x400.png\" alt=\"\" width=\"310\" height=\"419\" \/><\/p>\n<p>&nbsp;<\/p>\n<div id=\"attachment_276\" style=\"width: 310px\" class=\"wp-caption aligncenter\"><img loading=\"lazy\" decoding=\"async\" aria-describedby=\"caption-attachment-276\" class=\"wp-image-276 size-medium\" src=\"https:\/\/wp.ufpel.edu.br\/gedeb\/files\/2019\/06\/IMG_20171211_142017441-300x400.jpg\" alt=\"\" width=\"300\" height=\"400\" srcset=\"https:\/\/wp.ufpel.edu.br\/gedeb\/files\/2019\/06\/IMG_20171211_142017441-300x400.jpg 300w, https:\/\/wp.ufpel.edu.br\/gedeb\/files\/2019\/06\/IMG_20171211_142017441-768x1024.jpg 768w\" sizes=\"auto, (max-width: 300px) 100vw, 300px\" \/><p id=\"caption-attachment-276\" class=\"wp-caption-text\">2018 &#8211; Palestra an\u00e1lise do discurso em educa\u00e7\u00e3o Prof Rosa Bueno Fischer (UFRGS) Promovida pelo GEDEB<\/p><\/div>\n<div class=\"mceTemp\"><\/div>\n<div id=\"attachment_313\" style=\"width: 313px\" class=\"wp-caption aligncenter\"><img loading=\"lazy\" decoding=\"async\" aria-describedby=\"caption-attachment-313\" class=\"wp-image-313 \" src=\"https:\/\/wp.ufpel.edu.br\/gedeb\/files\/2019\/09\/Taina_MPU_FURG_2-225x400.jpg\" alt=\"\" width=\"303\" height=\"538\" srcset=\"https:\/\/wp.ufpel.edu.br\/gedeb\/files\/2019\/09\/Taina_MPU_FURG_2-225x400.jpg 225w, https:\/\/wp.ufpel.edu.br\/gedeb\/files\/2019\/09\/Taina_MPU_FURG_2-768x1365.jpg 768w, https:\/\/wp.ufpel.edu.br\/gedeb\/files\/2019\/09\/Taina_MPU_FURG_2-576x1024.jpg 576w\" sizes=\"auto, (max-width: 303px) 100vw, 303px\" \/><p id=\"caption-attachment-313\" class=\"wp-caption-text\">2017 &#8211; Trabalho apresentado na MPU\/FURG. Tain\u00e1 (bolsista)<\/p><\/div>\n<div id=\"attachment_255\" style=\"width: 367px\" class=\"wp-caption aligncenter\"><img loading=\"lazy\" decoding=\"async\" aria-describedby=\"caption-attachment-255\" class=\"wp-image-255 \" src=\"https:\/\/wp.ufpel.edu.br\/gedeb\/files\/2019\/02\/Jefernso_Semana-integrada_2016-225x400.jpg\" alt=\"\" width=\"357\" height=\"635\" srcset=\"https:\/\/wp.ufpel.edu.br\/gedeb\/files\/2019\/02\/Jefernso_Semana-integrada_2016-225x400.jpg 225w, https:\/\/wp.ufpel.edu.br\/gedeb\/files\/2019\/02\/Jefernso_Semana-integrada_2016-768x1365.jpg 768w, https:\/\/wp.ufpel.edu.br\/gedeb\/files\/2019\/02\/Jefernso_Semana-integrada_2016-576x1024.jpg 576w, https:\/\/wp.ufpel.edu.br\/gedeb\/files\/2019\/02\/Jefernso_Semana-integrada_2016.jpg 1836w\" sizes=\"auto, (max-width: 357px) 100vw, 357px\" \/><p id=\"caption-attachment-255\" class=\"wp-caption-text\">2016 &#8211; apresenta\u00e7\u00e3o de trabalho no SIC\/UFPel_ Jeferson (bolsista)<\/p><\/div>\n<div class=\"mceTemp\"><\/div>\n<div id=\"attachment_252\" style=\"width: 410px\" class=\"wp-caption aligncenter\"><img loading=\"lazy\" decoding=\"async\" aria-describedby=\"caption-attachment-252\" class=\"wp-image-252 size-medium\" src=\"https:\/\/wp.ufpel.edu.br\/gedeb\/files\/2019\/02\/Jeferson_Semana-Integrada_UFPel_2015-1-400x225.jpg\" alt=\"\" width=\"400\" height=\"225\" srcset=\"https:\/\/wp.ufpel.edu.br\/gedeb\/files\/2019\/02\/Jeferson_Semana-Integrada_UFPel_2015-1-400x225.jpg 400w, https:\/\/wp.ufpel.edu.br\/gedeb\/files\/2019\/02\/Jeferson_Semana-Integrada_UFPel_2015-1-768x432.jpg 768w, https:\/\/wp.ufpel.edu.br\/gedeb\/files\/2019\/02\/Jeferson_Semana-Integrada_UFPel_2015-1-1024x576.jpg 1024w\" sizes=\"auto, (max-width: 400px) 100vw, 400px\" \/><p id=\"caption-attachment-252\" class=\"wp-caption-text\">2015 &#8211; Apresenta\u00e7\u00e3o de trabalho no CIC UFPel \u2013 Jerferson (bolsista)<\/p><\/div>\n<p>&nbsp;<\/p>\n<div id=\"attachment_187\" style=\"width: 410px\" class=\"wp-caption aligncenter\"><img loading=\"lazy\" decoding=\"async\" aria-describedby=\"caption-attachment-187\" class=\"wp-image-187 size-medium\" src=\"https:\/\/wp.ufpel.edu.br\/gedeb\/files\/2019\/02\/Guilherme_semna-integrada_2015-400x225.jpg\" alt=\"\" width=\"400\" height=\"225\" srcset=\"https:\/\/wp.ufpel.edu.br\/gedeb\/files\/2019\/02\/Guilherme_semna-integrada_2015-400x225.jpg 400w, https:\/\/wp.ufpel.edu.br\/gedeb\/files\/2019\/02\/Guilherme_semna-integrada_2015-768x432.jpg 768w, https:\/\/wp.ufpel.edu.br\/gedeb\/files\/2019\/02\/Guilherme_semna-integrada_2015-1024x576.jpg 1024w\" sizes=\"auto, (max-width: 400px) 100vw, 400px\" \/><p id=\"caption-attachment-187\" class=\"wp-caption-text\">2015 &#8211; Apresenta\u00e7\u00e3o de trabalho no CIC UFPel &#8211; Guilherme bolsista<\/p><\/div>\n<div class=\"mceTemp\"><\/div>\n<div class=\"mceTemp\"><\/div>\n<div id=\"attachment_190\" style=\"width: 487px\" class=\"wp-caption aligncenter\"><img loading=\"lazy\" decoding=\"async\" aria-describedby=\"caption-attachment-190\" class=\"wp-image-190 \" src=\"https:\/\/wp.ufpel.edu.br\/gedeb\/files\/2019\/02\/2_anped_15_floripa-400x225.jpg\" alt=\"\" width=\"477\" height=\"268\" srcset=\"https:\/\/wp.ufpel.edu.br\/gedeb\/files\/2019\/02\/2_anped_15_floripa-400x225.jpg 400w, https:\/\/wp.ufpel.edu.br\/gedeb\/files\/2019\/02\/2_anped_15_floripa-768x432.jpg 768w, https:\/\/wp.ufpel.edu.br\/gedeb\/files\/2019\/02\/2_anped_15_floripa-1024x576.jpg 1024w\" sizes=\"auto, (max-width: 477px) 100vw, 477px\" \/><p id=\"caption-attachment-190\" class=\"wp-caption-text\">2015 &#8211; ANPED<\/p><\/div>\n<p>&nbsp;<\/p>\n<div id=\"attachment_201\" style=\"width: 437px\" class=\"wp-caption aligncenter\"><img loading=\"lazy\" decoding=\"async\" aria-describedby=\"caption-attachment-201\" class=\"wp-image-201\" src=\"https:\/\/wp.ufpel.edu.br\/gedeb\/files\/2019\/02\/DSCN4838-400x300.jpg\" alt=\"\" width=\"427\" height=\"320\" srcset=\"https:\/\/wp.ufpel.edu.br\/gedeb\/files\/2019\/02\/DSCN4838-400x300.jpg 400w, https:\/\/wp.ufpel.edu.br\/gedeb\/files\/2019\/02\/DSCN4838-768x576.jpg 768w, https:\/\/wp.ufpel.edu.br\/gedeb\/files\/2019\/02\/DSCN4838-1024x768.jpg 1024w\" sizes=\"auto, (max-width: 427px) 100vw, 427px\" \/><p id=\"caption-attachment-201\" class=\"wp-caption-text\">2014 &#8211; Semin\u00e1rio A reforma, o curr\u00edculo e os professores que formamos Relatos de professoras iniciantes de escolas p\u00fablica de Pelotas: Sociologia, Matem\u00e1tica, Educa\u00e7\u00e3o F\u00edsica, Artes<\/p><\/div>\n<p>&nbsp;<\/p>\n<div id=\"attachment_196\" style=\"width: 410px\" class=\"wp-caption aligncenter\"><img loading=\"lazy\" decoding=\"async\" aria-describedby=\"caption-attachment-196\" class=\"wp-image-196 size-medium\" src=\"https:\/\/wp.ufpel.edu.br\/gedeb\/files\/2019\/02\/Maira-Manuela_Semin.-Integrado-com-licenciaturas_UFPel-400x300.jpg\" alt=\"\" width=\"400\" height=\"300\" srcset=\"https:\/\/wp.ufpel.edu.br\/gedeb\/files\/2019\/02\/Maira-Manuela_Semin.-Integrado-com-licenciaturas_UFPel-400x300.jpg 400w, https:\/\/wp.ufpel.edu.br\/gedeb\/files\/2019\/02\/Maira-Manuela_Semin.-Integrado-com-licenciaturas_UFPel-768x576.jpg 768w, https:\/\/wp.ufpel.edu.br\/gedeb\/files\/2019\/02\/Maira-Manuela_Semin.-Integrado-com-licenciaturas_UFPel-1024x768.jpg 1024w\" sizes=\"auto, (max-width: 400px) 100vw, 400px\" \/><p id=\"caption-attachment-196\" class=\"wp-caption-text\">2014 &#8211; Semin\u00e1rio A reforma, o curr\u00edculo e os professores que formamos Professora Maria Manuela Garcia &#8211; GEDEB<\/p><\/div>\n<p>&nbsp;<\/p>\n<div id=\"attachment_197\" style=\"width: 410px\" class=\"wp-caption aligncenter\"><img loading=\"lazy\" decoding=\"async\" aria-describedby=\"caption-attachment-197\" class=\"wp-image-197 size-medium\" src=\"https:\/\/wp.ufpel.edu.br\/gedeb\/files\/2019\/02\/M\u00e1rcia_Sem.-Integrado-com-licenciaturas_UFPel-400x300.jpg\" alt=\"\" width=\"400\" height=\"300\" srcset=\"https:\/\/wp.ufpel.edu.br\/gedeb\/files\/2019\/02\/M\u00e1rcia_Sem.-Integrado-com-licenciaturas_UFPel-400x300.jpg 400w, https:\/\/wp.ufpel.edu.br\/gedeb\/files\/2019\/02\/M\u00e1rcia_Sem.-Integrado-com-licenciaturas_UFPel-768x576.jpg 768w, https:\/\/wp.ufpel.edu.br\/gedeb\/files\/2019\/02\/M\u00e1rcia_Sem.-Integrado-com-licenciaturas_UFPel-1024x768.jpg 1024w\" sizes=\"auto, (max-width: 400px) 100vw, 400px\" \/><p id=\"caption-attachment-197\" class=\"wp-caption-text\">2014 &#8211; Semin\u00e1rio A reforma, o curr\u00edculo e os professores que formamos professora M\u00e1rcia Fonseca &#8211; GEDEB<\/p><\/div>\n<p>&nbsp;<\/p>\n<div id=\"attachment_198\" style=\"width: 410px\" class=\"wp-caption aligncenter\"><img loading=\"lazy\" decoding=\"async\" aria-describedby=\"caption-attachment-198\" class=\"wp-image-198 size-medium\" src=\"https:\/\/wp.ufpel.edu.br\/gedeb\/files\/2019\/02\/Paletra_profa-Maria-Isabel-Cunha-400x300.jpg\" alt=\"\" width=\"400\" height=\"300\" srcset=\"https:\/\/wp.ufpel.edu.br\/gedeb\/files\/2019\/02\/Paletra_profa-Maria-Isabel-Cunha-400x300.jpg 400w, https:\/\/wp.ufpel.edu.br\/gedeb\/files\/2019\/02\/Paletra_profa-Maria-Isabel-Cunha-768x576.jpg 768w, https:\/\/wp.ufpel.edu.br\/gedeb\/files\/2019\/02\/Paletra_profa-Maria-Isabel-Cunha-1024x768.jpg 1024w\" sizes=\"auto, (max-width: 400px) 100vw, 400px\" \/><p id=\"caption-attachment-198\" class=\"wp-caption-text\">2014 &#8211; Semin\u00e1rio A reforma, o curr\u00edculo e os professores que formamos Palestra de abertura: profa Maria Isabel Cunha<\/p><\/div>\n<p>&nbsp;<\/p>\n<p>&nbsp;<\/p>\n<div id=\"attachment_199\" style=\"width: 410px\" class=\"wp-caption aligncenter\"><img loading=\"lazy\" decoding=\"async\" aria-describedby=\"caption-attachment-199\" class=\"wp-image-199 size-medium\" src=\"https:\/\/wp.ufpel.edu.br\/gedeb\/files\/2019\/02\/Semin\u00e1rio-integrado_licenciaturas-UFPel-400x300.jpg\" alt=\"\" width=\"400\" height=\"300\" srcset=\"https:\/\/wp.ufpel.edu.br\/gedeb\/files\/2019\/02\/Semin\u00e1rio-integrado_licenciaturas-UFPel-400x300.jpg 400w, https:\/\/wp.ufpel.edu.br\/gedeb\/files\/2019\/02\/Semin\u00e1rio-integrado_licenciaturas-UFPel-768x576.jpg 768w, https:\/\/wp.ufpel.edu.br\/gedeb\/files\/2019\/02\/Semin\u00e1rio-integrado_licenciaturas-UFPel-1024x768.jpg 1024w\" sizes=\"auto, (max-width: 400px) 100vw, 400px\" \/><p id=\"caption-attachment-199\" class=\"wp-caption-text\">2014 &#8211; Semin\u00e1rio A reforma, o curr\u00edculo e os professores que formamos GEDEB e colaboradores<\/p><\/div>\n<p>&nbsp;<\/p>\n<div id=\"attachment_200\" style=\"width: 410px\" class=\"wp-caption aligncenter\"><img loading=\"lazy\" decoding=\"async\" aria-describedby=\"caption-attachment-200\" class=\"wp-image-200 size-medium\" src=\"https:\/\/wp.ufpel.edu.br\/gedeb\/files\/2019\/02\/DSCN4854-400x300.jpg\" alt=\"\" width=\"400\" height=\"300\" srcset=\"https:\/\/wp.ufpel.edu.br\/gedeb\/files\/2019\/02\/DSCN4854-400x300.jpg 400w, https:\/\/wp.ufpel.edu.br\/gedeb\/files\/2019\/02\/DSCN4854-768x576.jpg 768w, https:\/\/wp.ufpel.edu.br\/gedeb\/files\/2019\/02\/DSCN4854-1024x768.jpg 1024w\" sizes=\"auto, (max-width: 400px) 100vw, 400px\" \/><p id=\"caption-attachment-200\" class=\"wp-caption-text\">2014 &#8211; Semin\u00e1rio A reforma, o curr\u00edculo e os professores que formamos Profa Mara Rejane Vieira Os\u00f3rio &#8211; GEDEB<\/p><\/div>\n<p><img loading=\"lazy\" decoding=\"async\" class=\"size-medium wp-image-194 aligncenter\" src=\"https:\/\/wp.ufpel.edu.br\/gedeb\/files\/2019\/02\/cartaz-1-287x400.jpg\" alt=\"\" width=\"287\" height=\"400\" srcset=\"https:\/\/wp.ufpel.edu.br\/gedeb\/files\/2019\/02\/cartaz-1-287x400.jpg 287w, https:\/\/wp.ufpel.edu.br\/gedeb\/files\/2019\/02\/cartaz-1-768x1070.jpg 768w, https:\/\/wp.ufpel.edu.br\/gedeb\/files\/2019\/02\/cartaz-1-735x1024.jpg 735w, https:\/\/wp.ufpel.edu.br\/gedeb\/files\/2019\/02\/cartaz-1.jpg 1755w\" sizes=\"auto, (max-width: 287px) 100vw, 287px\" \/> <img loading=\"lazy\" decoding=\"async\" class=\"size-medium wp-image-195 aligncenter\" src=\"https:\/\/wp.ufpel.edu.br\/gedeb\/files\/2019\/02\/folder-verso-286x400.jpg\" alt=\"\" width=\"286\" height=\"400\" srcset=\"https:\/\/wp.ufpel.edu.br\/gedeb\/files\/2019\/02\/folder-verso-286x400.jpg 286w, https:\/\/wp.ufpel.edu.br\/gedeb\/files\/2019\/02\/folder-verso-768x1074.jpg 768w, https:\/\/wp.ufpel.edu.br\/gedeb\/files\/2019\/02\/folder-verso-732x1024.jpg 732w, https:\/\/wp.ufpel.edu.br\/gedeb\/files\/2019\/02\/folder-verso.jpg 1767w\" sizes=\"auto, (max-width: 286px) 100vw, 286px\" \/><\/p>\n<p>&nbsp;<\/p>\n","protected":false},"excerpt":{"rendered":"<p>Reuni\u00e3o 30\/06\/25 Reuni\u00f5es: UFPel, UNIPAMPA, UFSC, FURG, UFMG &#8211; agosto de 2023 &nbsp; &nbsp; &nbsp; &nbsp; &nbsp; &nbsp; &nbsp; &nbsp; &nbsp; &nbsp; &nbsp; &nbsp; &nbsp; &nbsp; &nbsp;<\/p>\n","protected":false},"author":745,"featured_media":0,"parent":0,"menu_order":0,"comment_status":"closed","ping_status":"closed","template":"","meta":{"footnotes":""},"class_list":["post-128","page","type-page","status-publish","hentry"],"jetpack_sharing_enabled":true,"_links":{"self":[{"href":"https:\/\/wp.ufpel.edu.br\/gedeb\/wp-json\/wp\/v2\/pages\/128","targetHints":{"allow":["GET"]}}],"collection":[{"href":"https:\/\/wp.ufpel.edu.br\/gedeb\/wp-json\/wp\/v2\/pages"}],"about":[{"href":"https:\/\/wp.ufpel.edu.br\/gedeb\/wp-json\/wp\/v2\/types\/page"}],"author":[{"embeddable":true,"href":"https:\/\/wp.ufpel.edu.br\/gedeb\/wp-json\/wp\/v2\/users\/745"}],"replies":[{"embeddable":true,"href":"https:\/\/wp.ufpel.edu.br\/gedeb\/wp-json\/wp\/v2\/comments?post=128"}],"version-history":[{"count":28,"href":"https:\/\/wp.ufpel.edu.br\/gedeb\/wp-json\/wp\/v2\/pages\/128\/revisions"}],"predecessor-version":[{"id":653,"href":"https:\/\/wp.ufpel.edu.br\/gedeb\/wp-json\/wp\/v2\/pages\/128\/revisions\/653"}],"wp:attachment":[{"href":"https:\/\/wp.ufpel.edu.br\/gedeb\/wp-json\/wp\/v2\/media?parent=128"}],"curies":[{"name":"wp","href":"https:\/\/api.w.org\/{rel}","templated":true}]}}