{"id":105,"date":"2018-08-22T18:34:42","date_gmt":"2018-08-22T21:34:42","guid":{"rendered":"https:\/\/wp.ufpel.edu.br\/gedeb\/?page_id=105"},"modified":"2025-07-11T12:15:52","modified_gmt":"2025-07-11T15:15:52","slug":"livro","status":"publish","type":"page","link":"https:\/\/wp.ufpel.edu.br\/gedeb\/artigos\/livro\/","title":{"rendered":"Livros e cap\u00edtulos"},"content":{"rendered":"<p>2025: Manuela Alves Garcia e Mara Rejane Vieira Os\u00f3rio.\u00a0 \u00a0<strong>Discurso e governamentalidade como operadores na pesquisa de curr\u00edculo e pol\u00edtica curricular.<\/strong>\u00a0 PERSPECTIVA (UFSC) (ONLINE), v. 43, p. 1-21, 2025. <a href=\"https:\/\/doi.org\/10.5007\/2175-795X.2025.e99454\">https:\/\/doi.org\/10.5007\/2175-795X.2025.e99454<\/a><\/p>\n<p>2024: Mara Rejane Vieira Os\u00f3rio. <strong>PROJETOS POL\u00cdTICO-PEDAG\u00d3GICO de cursos de pedagogia do RS e as ci\u00eancias da educa\u00e7\u00e3o<\/strong>. REVISTA BRASILEIRA DE POL\u00cdTICA E ADMINISTRA\u00c7\u00c3O DA EDUCA\u00c7\u00c3O, v. 40, p. 1-22. Dispon\u00edvel em:\u00a0<a href=\"https:\/\/doi.org\/10.21573\/vol40n12024.135701\">https:\/\/doi.org\/10.21573\/vol40n12024.135701<\/a><\/p>\n<p>2024: Leidiane Borba de Souza Feij\u00f3 e Mara Rejane Vieira Os\u00f3rio. <strong>Docentes, curr\u00edculo e educa\u00e7\u00e3o musical<\/strong>. Caminhos da educa\u00e7\u00e3o: di\u00e1logos culturas e diversidades, v. 6, p. 01-19.\u00a0<a href=\"https:\/\/doi.org\/10.26694\/caedu.v6i1.5731\">https:\/\/doi.org\/10.26694\/caedu.v6i1.5731<\/a><\/p>\n<p>2020 &#8211; Mara Rejane Vieira Os\u00f3rio, Manuela Alves Garcia, Tain\u00e1 Melo. <strong>Cursos de Pedagogia de universidades p\u00fablicas ga\u00fachas: um estudo a partir de projetos pol\u00edticos-pedag\u00f3gicos<\/strong>. E-boook dispon\u00edvel em: https:\/\/oikoseditora.com.br\/files\/Curr%C3%ADculos%20e%20profissionalidades%20docentes%20-%20E-book.pdf<\/p>\n<p>2020 &#8211; M\u00e1rcia de Souza Fonseca, Mara Rejane Vieira Os\u00f3rio, Manuela Alves Garcia, Jair Jonko. <strong>A oferta de matriculas e cursos de licenciaturas presenciais em universidades ga\u00fachas<\/strong>. E-boook dispon\u00edvel em\u00a0<a href=\"https:\/\/oikoseditora.com.br\/files\/Curr%C3%ADculos%20e%20profissionalidades%20docentes%20-%20E-book.pdf\">https:\/\/oikoseditora.com.br\/files\/Curr%C3%ADculos%20e%20profissionalidades%20docentes%20-%20E-book.pdf<\/a><\/p>\n<p>2020 &#8211; Juliana Diniz Gutierres Borges, Maria Manuela Alves Garcia. <strong>A forma\u00e7\u00e3o de professoras da Educa\u00e7\u00e3o Infantil nos cursos de Pedagogia da universidades p\u00fablicas<\/strong>. E-boook dispon\u00edvel em:\u00a0<a href=\"https:\/\/oikoseditora.com.br\/files\/Curr%C3%ADculos%20e%20profissionalidades%20docentes%20-%20E-book.pdf\">https:\/\/oikoseditora.com.br\/files\/Curr%C3%ADculos%20e%20profissionalidades%20docentes%20-%20E-book.pdf<\/a><\/p>\n<p>2020 &#8211; Eleonora das Neves Sim\u00f5es, Maria Manuela Alves Garcia. <strong>A forma\u00e7\u00e3o de professoras para a educa\u00e7\u00e3o de zero a tr\u00eas anos nos cursos de Pedagogia da universidades p\u00fablicas ga\u00fachas<\/strong>. E-boook dispon\u00edvel em:\u00a0<a href=\"https:\/\/oikoseditora.com.br\/files\/Curr%C3%ADculos%20e%20profissionalidades%20docentes%20-%20E-book.pdf\">https:\/\/oikoseditora.com.br\/files\/Curr%C3%ADculos%20e%20profissionalidades%20docentes%20-%20E-book.pdf<\/a><\/p>\n<p>2019 &#8211; Maria Manuela Alves Garcia, Mara Rejane Vieira Os\u00f3rio, M\u00e1rcia Souza da Fonseca (Orgs). <strong>Curr\u00edculos e profissionalidades docentes. Licenciaturas em Pedagogia e Matem\u00e1tica em universidades p\u00fablicas ga\u00fachas<\/strong>. S\u00e3o Leopoldo: Oikos Editora. Dispon\u00edvel em:\u00a0<a href=\"https:\/\/oikoseditora.com.br\/files\/Curr%C3%ADculos%20e%20profissionalidades%20docentes%20-%20E-book.pdf\">https:\/\/oikoseditora.com.br\/files\/Curr%C3%ADculos%20e%20profissionalidades%20docentes%20-%20E-book.pdf<\/a><\/p>\n<p>2019 &#8211; Maria Manuela Alves Garcia. <strong>Educa\u00e7\u00e3o em mem\u00f3ria: Forma\u00e7\u00e3o, ensino e pesquisa na universidade brasileira<\/strong>. Editora Brazil Publishing.<\/p>\n<p>2015 &#8211; Maria Manuela Alves Garcia. <strong>Queremos a pr\u00e1tica como fundamento da compet\u00eancia e da forma\u00e7\u00e3o docente?<\/strong> In: KIRCHOF, Edgar R.; WORTMANN, Maria L\u00facia; COSTA, Marisa V. (Orgs.). Estudos Culturais &amp; Educa\u00e7\u00e3o; conting\u00eancias, articula\u00e7\u00f5es, aventuras, dispers\u00f5es. Canoas: Editora da Universidade Luterana do Brasil.<\/p>\n<p>2014 &#8211; Mara Rejane Vieira Os\u00f3rio.\u00a0<strong>UAB e a casa do professor: enredando condutas docentes nas teias da forma\u00e7\u00e3o ao longo da vida<\/strong>. In: Mara Rejane Vieira Os\u00f3rio e Vanise dos Santos Gome (Orgs). Forma\u00e7\u00e3o, experi\u00eancia docente e pr\u00e1ticas escolares.<\/p>\n<p>2014. Maria Manuela Alves Garcia. Mais pr\u00e1tica nos cursos de licenciaturas \u00e9 sin\u00f4nimo de mais qualidade na forma\u00e7\u00e3o docente? In: Mara Rejane Vieira Os\u00f3rio, Vanise dos Santos Gomes (Orgs).\u00a0 <strong>Forma\u00e7\u00e3o, experi\u00eancia docente e pr\u00e1ticas escolares<\/strong>. Rio Grande: Editora FURG.<\/p>\n<p>2014 &#8211; Mara Rejane Vieira Os\u00f3rio, Vanise dos Santos Gomes (Orgs).\u00a0 <strong>Forma\u00e7\u00e3o, experi\u00eancia docente e pr\u00e1ticas escolares<\/strong>. Rio Grande: Editora FURG.<\/p>\n<p><strong>2013<\/strong> \u2013 Maria Manuela Alves Garcia e Mara Rejane Vieira Os\u00f3rio.\u00a0<strong>O profissionalismo docente na reforma das licenciaturas: o discurso da pol\u00edtica curricular oficial.<\/strong>. In: Maria de Lourdes Rangel Tura e Maria Manuela Alves Garcia (Orgs). Curr\u00edculo, pol\u00edticas e a\u00e7\u00e3o docente.<\/p>\n<p>2013 &#8211;\u00a0 Maria de Lourdes Rangel Tura ; Maria Manuela Alves Garcia (Orgs.). <strong>Curr\u00edculo, Pol\u00edticas e A\u00e7\u00e3o Docente<\/strong>. Rio de Janeiro: Editora da Universidade do Rio de Janeiro.<\/p>\n<p>2002 &#8211; Maria Manuela Alves Garcia. <strong>Pedagogias cr\u00edticas e subjetiva\u00e7\u00e3o: uma perspectiva foucaultiana<\/strong>. Petr\u00f3polis: Vozes.<\/p>\n<p>2002 &#8211; \u00c1lvaro Moreira Hypolito.; Jarbas S. Vieira; Maria Manuela A. Garcia (Orgs.). <strong>Trabalho docente: forma\u00e7\u00e3o e identidades<\/strong>. Pelotas: Seiva.<\/p>\n<p>1994 &#8211; Maria Manuela Alves Garcia. <strong>A Did\u00e1tica no ensino superior.<\/strong> Campinas: Papirus.<\/p>\n<p>&nbsp;<\/p>\n","protected":false},"excerpt":{"rendered":"<p>2025: Manuela Alves Garcia e Mara Rejane Vieira Os\u00f3rio.\u00a0 \u00a0Discurso e governamentalidade como operadores na pesquisa de curr\u00edculo e pol\u00edtica curricular.\u00a0 PERSPECTIVA (UFSC) (ONLINE), v. 43, p. 1-21, 2025. https:\/\/doi.org\/10.5007\/2175-795X.2025.e99454 2024: Mara Rejane Vieira Os\u00f3rio. PROJETOS POL\u00cdTICO-PEDAG\u00d3GICO de cursos de pedagogia do RS e as ci\u00eancias da educa\u00e7\u00e3o. REVISTA BRASILEIRA DE POL\u00cdTICA E ADMINISTRA\u00c7\u00c3O DA [&hellip;]<\/p>\n","protected":false},"author":745,"featured_media":0,"parent":96,"menu_order":0,"comment_status":"closed","ping_status":"closed","template":"","meta":{"footnotes":""},"class_list":["post-105","page","type-page","status-publish","hentry"],"jetpack_sharing_enabled":true,"_links":{"self":[{"href":"https:\/\/wp.ufpel.edu.br\/gedeb\/wp-json\/wp\/v2\/pages\/105","targetHints":{"allow":["GET"]}}],"collection":[{"href":"https:\/\/wp.ufpel.edu.br\/gedeb\/wp-json\/wp\/v2\/pages"}],"about":[{"href":"https:\/\/wp.ufpel.edu.br\/gedeb\/wp-json\/wp\/v2\/types\/page"}],"author":[{"embeddable":true,"href":"https:\/\/wp.ufpel.edu.br\/gedeb\/wp-json\/wp\/v2\/users\/745"}],"replies":[{"embeddable":true,"href":"https:\/\/wp.ufpel.edu.br\/gedeb\/wp-json\/wp\/v2\/comments?post=105"}],"version-history":[{"count":14,"href":"https:\/\/wp.ufpel.edu.br\/gedeb\/wp-json\/wp\/v2\/pages\/105\/revisions"}],"predecessor-version":[{"id":649,"href":"https:\/\/wp.ufpel.edu.br\/gedeb\/wp-json\/wp\/v2\/pages\/105\/revisions\/649"}],"up":[{"embeddable":true,"href":"https:\/\/wp.ufpel.edu.br\/gedeb\/wp-json\/wp\/v2\/pages\/96"}],"wp:attachment":[{"href":"https:\/\/wp.ufpel.edu.br\/gedeb\/wp-json\/wp\/v2\/media?parent=105"}],"curies":[{"name":"wp","href":"https:\/\/api.w.org\/{rel}","templated":true}]}}