{"id":8,"date":"2012-05-18T16:22:41","date_gmt":"2012-05-18T19:22:41","guid":{"rendered":"https:\/\/wp.ufpel.edu.br\/gecon\/?page_id=8"},"modified":"2017-02-24T11:36:27","modified_gmt":"2017-02-24T14:36:27","slug":"pesquisa","status":"publish","type":"page","link":"https:\/\/wp.ufpel.edu.br\/gecon\/pesquisa\/","title":{"rendered":"| pesquisa"},"content":{"rendered":"<ul>\nAs pesquisas desenvolvidas pelo GeCon t\u00eam foco na melhoria dos sistemas produtivos na constru\u00e7\u00e3o civil, em termos de aumento na produtividade, redu\u00e7\u00e3o dos desperd\u00edcios e aumento na qualidade do produto edifica\u00e7\u00e3o.<\/p>\n<p>Para tanto, as pesquisas desenvolvidas t\u00eam como preocupa\u00e7\u00e3o o desenvolvimento de um referencial te\u00f3rico adaptado \u00e0s condi\u00e7\u00f5es peculiares do ambiente produtivo da constru\u00e7\u00e3o civil, bem como a intera\u00e7\u00e3o com os diversos atores envolvidos nos processos de concep\u00e7\u00e3o e projeto, produ\u00e7\u00e3o e uso e ocupa\u00e7\u00e3o das edifica\u00e7\u00f5es, como empresas construtoras, escrit\u00f3rios de projeto e projetistas individuais, entidades setoriais, e clientes\/usu\u00e1rios.<\/p>\n<p>Nesse sentido, as pesquisas do GeCon est\u00e3o orientadas por grandes \u00e1reas de interesse que, por sua vez abrigam temas de pesquisa espec\u00edficos, a saber:<\/p>\n<ul>\n<strong>&#8211; gest\u00e3o do processo de desenvolvimento do produto (PDP):<\/strong><\/ul>\n<ul>\n<ul>\n &#8211; gerenciamento dos requisitos dos clientes;<br \/>\n     &#8211; BIM (<em>building information modeling<\/em>) como ferramenta de apoio ao PDP.<\/ul>\n<\/ul>\n<ul>\n<strong>&#8211; projeto e gest\u00e3o de sistema de produ\u00e7\u00e3o na constru\u00e7\u00e3o civil:<\/strong><\/ul>\n<ul>\n<ul>\n &#8211; projeto do sistema de produ\u00e7\u00e3o (PSP);<br \/>\n     &#8211; planejamento e controle da produ\u00e7\u00e3o (PCP);<br \/>\n     &#8211; simula\u00e7\u00e3o computacional como ferramenta do PSP;<br \/>\n     &#8211; uso integrado de modelos 4D e simula\u00e7\u00e3o como ferramentas de apoio \u00e0 gest\u00e3o da constru\u00e7\u00e3o.\n<\/ul>\n<\/ul>\n<ul>\n<strong>&#8211; gest\u00e3o estrat\u00e9gica do ambiente constru\u00eddo (gest\u00e3o de <em>facilities<\/em>):<\/strong><\/ul>\n<ul>\n<ul>\n&#8211; gest\u00e3o de facilidades em institui\u00e7\u00f5es de ensino superior (IES);<br \/>\n     &#8211; BIM (<em>building information modeling<\/em>) como ferramenta de apoio \u00e0 gest\u00e3o de <em>facilities<\/em>.<\/ul>\n<\/ul>\n<p><strong>| projetos de pesquisa conclu\u00eddos:<\/strong><\/p>\n<ul>\n| <a href=\"https:\/\/wp.ufpel.edu.br\/gecon\/pesquisa\/projeto-facbim\/\" title=\"p\u00e1ginafacbim\" target=\"_blank\">Diretrizes para Implementa\u00e7\u00e3o de um Sistema de Gest\u00e3o de Facilities, baseado na Tecnologia BIM (<em>Building Information Modeling<\/em>), em Institui\u00e7\u00f5es de Ensino Superior | FacBIM<\/a><\/ul>\n<p><strong>| projetos de pesquisa em desenvolvimento:<\/strong><\/p>\n<ul>\n| <a href=\"https:\/\/wp.ufpel.edu.br\/gecon\/pesquisa\/sociotic\/\" title=\"| sociotic\" target=\"_blank\">Tecnologia de Informa\u00e7\u00e3o e Comunica\u00e7\u00e3o no Apoio a Tecnologias Sociais na Constru\u00e7\u00e3o | SOCIOTIC<\/a><\/ul>\n<\/ul>\n<\/ul>\n","protected":false},"excerpt":{"rendered":"<p>As pesquisas desenvolvidas pelo GeCon t\u00eam foco na melhoria dos sistemas produtivos na constru\u00e7\u00e3o civil, em termos de aumento na produtividade, redu\u00e7\u00e3o dos desperd\u00edcios e aumento na qualidade do produto edifica\u00e7\u00e3o. Para tanto, as pesquisas desenvolvidas t\u00eam como preocupa\u00e7\u00e3o o &hellip;<\/p>\n<p class=\"read-more\"> <a class=\"\" href=\"https:\/\/wp.ufpel.edu.br\/gecon\/pesquisa\/\"> <span class=\"screen-reader-text\">| pesquisa<\/span> Read More &raquo;<\/a><\/p>\n","protected":false},"author":192,"featured_media":0,"parent":0,"menu_order":3,"comment_status":"closed","ping_status":"closed","template":"","meta":{"footnotes":""},"class_list":["post-8","page","type-page","status-publish","hentry"],"jetpack_sharing_enabled":true,"_links":{"self":[{"href":"https:\/\/wp.ufpel.edu.br\/gecon\/wp-json\/wp\/v2\/pages\/8","targetHints":{"allow":["GET"]}}],"collection":[{"href":"https:\/\/wp.ufpel.edu.br\/gecon\/wp-json\/wp\/v2\/pages"}],"about":[{"href":"https:\/\/wp.ufpel.edu.br\/gecon\/wp-json\/wp\/v2\/types\/page"}],"author":[{"embeddable":true,"href":"https:\/\/wp.ufpel.edu.br\/gecon\/wp-json\/wp\/v2\/users\/192"}],"replies":[{"embeddable":true,"href":"https:\/\/wp.ufpel.edu.br\/gecon\/wp-json\/wp\/v2\/comments?post=8"}],"version-history":[{"count":27,"href":"https:\/\/wp.ufpel.edu.br\/gecon\/wp-json\/wp\/v2\/pages\/8\/revisions"}],"predecessor-version":[{"id":10,"href":"https:\/\/wp.ufpel.edu.br\/gecon\/wp-json\/wp\/v2\/pages\/8\/revisions\/10"}],"wp:attachment":[{"href":"https:\/\/wp.ufpel.edu.br\/gecon\/wp-json\/wp\/v2\/media?parent=8"}],"curies":[{"name":"wp","href":"https:\/\/api.w.org\/{rel}","templated":true}]}}