{"id":73,"date":"2012-05-19T14:57:15","date_gmt":"2012-05-19T17:57:15","guid":{"rendered":"https:\/\/wp.ufpel.edu.br\/gecon\/?page_id=73"},"modified":"2017-02-24T14:33:10","modified_gmt":"2017-02-24T17:33:10","slug":"publicacoes","status":"publish","type":"page","link":"https:\/\/wp.ufpel.edu.br\/gecon\/publicacoes\/","title":{"rendered":"| publica\u00e7\u00f5es"},"content":{"rendered":"<ul>\n<strong>| artigos completos em anais de congressos<\/strong><\/ul>\n<ul>\nMELLO, G. P.; SCHRAMM, F. K.. <strong><a href=\"https:\/\/wp.ufpel.edu.br\/gecon\/files\/2017\/02\/ENTAC2016_paper_250.pdf\" target=\"_blank\">A Modelagem da Informa\u00e7\u00e3o da Constru\u00e7\u00e3o na Gest\u00e3o de Espa\u00e7os em Institui\u00e7\u00f5es de Ensino Superior<\/a><\/strong>. <em>In<\/em>: XVI Encontro Nacional de Tecnologia do Ambiente Constru\u00eddo (ENTAC 2016), 2016, S\u00e3o Paulo. Anais do XVI Encontro Nacional de Tecnologia do Ambiente Constru\u00eddo: desafios e perspectivas da internacionaliza\u00e7\u00e3o da constru\u00e7\u00e3o (ENTAC 2016. S\u00e3o Paulo: ANTAC, 2016. v. 03. p. 4921-4938.<\/ul>\n<ul>\nFREITAS, A. C. B.; A\u00d1A\u00d1A, E. S.; SCHRAMM, F. K.. <strong><a href=\"https:\/\/wp.ufpel.edu.br\/gecon\/files\/2017\/02\/Artigo-SBQP-TIC-2013.pdf\" target=\"_blank\">Avalia\u00e7\u00e3o P\u00f3s-Ocupa\u00e7\u00e3o de Habita\u00e7\u00f5es de Interesse Social e a Captura de Requisitos do Cliente Final<\/a><\/strong>. <em>In<\/em>: III Simp\u00f3sio Brasileiro de Qualidade do Projeto no Ambiente Constru\u00eddo; VI Encontro de Tecnologia de Informa\u00e7\u00e3o e Comunica\u00e7\u00e3o na Constru\u00e7\u00e3o, 2013, Campinas. Anais do III Simp\u00f3sio Brasileiro de Qualidade do Projeto no Ambiente Constru\u00eddo; VI Encontro de Tecnologia de Informa\u00e7\u00e3o e Comunica\u00e7\u00e3o na Constru\u00e7\u00e3o. Porto Alegre: ANTAC, 2013. p. 1418-1430.<\/ul>\n<ul>\nRECK, R. H.; SCHRAMM, F. K.; FORMOSO, C. T.. <strong><a href=\"http:\/\/Integra\u00e7\u00e3o entre a Simula\u00e7\u00e3o Computacional e a Visualiza\u00e7\u00e3o 4D no Apoio \u00e0 Elabora\u00e7\u00e3o do Projeto do Sistema de Produ\u00e7\u00e3o\">Integra\u00e7\u00e3o entre a Simula\u00e7\u00e3o Computacional e a Visualiza\u00e7\u00e3o 4D no Apoio \u00e0 Elabora\u00e7\u00e3o do Projeto do Sistema de Produ\u00e7\u00e3o<\/a><\/strong>. <em>In<\/em>: III Simp\u00f3sio Brasileiro de Qualidade do Projeto no Ambiente Constru\u00eddo; VI Encontro de Tecnologia de Informa\u00e7\u00e3o e Comunica\u00e7\u00e3o na Constru\u00e7\u00e3o, 2013, Campinas. Anais do III Simp\u00f3sio Brasileiro de Qualidade do Projeto no Ambiente Constru\u00eddo; VI Encontro de Tecnologia de Informa\u00e7\u00e3o e Comunica\u00e7\u00e3o na Constru\u00e7\u00e3o. Porto Alegre: ANTAC, 2013. p. 857-869.<\/ul>\n<ul>\n<p>VALENTE, C. P.; MONTENEGRO, G. A.; BRITO, F. L.; BIOTTO, C. N.; MOTA, B. P.; SCHRAMM, F. K.. <strong><a href=\"https:\/\/wp.ufpel.edu.br\/gecon\/files\/2017\/02\/IGLC2013.pdf\">Benefits of Batch Size Reduction: a case study in a residential project<\/a><\/strong>. <em>In<\/em>: 21st International Summit of the International Group for Lean Construction, 2013, Fortaleza. Proceedings of the 21st International Summit of the International Group for Lean Construction. Fortaleza: UFC, 2013. p. 1029-1038.<\/ul>\n<ul>\n<strong>| disserta\u00e7\u00f5es de mestrado<\/strong><\/ul>\n<ul>\nMELLO, G. P.. <strong><a href=\"https:\/\/wp.ufpel.edu.br\/gecon\/files\/2017\/02\/Disserta\u00e7\u00e3o-Gianine-Mello.pdf\" target=\"_blank\">Diretrizes para a Modelagem BIM no Apoio \u00e0 Gest\u00e3o de Espa\u00e7os em Institui\u00e7\u00f5es de Ensino Superior: o caso UFPel<\/a><\/strong>. 2016. Disserta\u00e7\u00e3o (Mestrado em Arquitetura e Urbanismo) &#8211; Universidade Federal de Pelotas, 2016.<\/ul>\n<ul>\nBLANK-FREITAS, A. C.. <strong><a href=\"https:\/\/wp.ufpel.edu.br\/gecon\/files\/2017\/02\/Disserta\u00e7\u00e3o-Aline-Blank.pdf\" target=\"_blank\">Captura e Prioriza\u00e7\u00e3o de Requisitos de Usu\u00e1rios Finais para a Concep\u00e7\u00e3o e Projeto de Habita\u00e7\u00f5es de Interesse Social: proposta de m\u00e9todo<\/a><\/strong>. 2014. Disserta\u00e7\u00e3o (Mestrado em Arquitetura e Urbanismo) &#8211; Universidade Federal de Pelotas, 2014.<\/ul>\n<ul>\n<strong>| artigos em peri\u00f3dicos<\/strong><\/ul>\n<ul>\nSCHRAMM, F. K.; FORMOSO, C. T.. <strong><a href=\"http:\/\/www.scielo.br\/pdf\/ac\/v15n4\/1678-8621-ac-15-04-0165.pdf\">Projeto de Sistemas de Produ\u00e7\u00e3o na Constru\u00e7\u00e3o Civil Empregando Simula\u00e7\u00e3o no Apoio \u00e0 Tomada de Decis\u00e3o<\/a><\/strong>. Ambiente Constru\u00eddo, Porto Alegre,v. 15, n. 4, p. 165-182, out.\/dez. 2015.<\/p>\n<ul>\n","protected":false},"excerpt":{"rendered":"<p>| artigos completos em anais de congressos MELLO, G. P.; SCHRAMM, F. K.. A Modelagem da Informa\u00e7\u00e3o da Constru\u00e7\u00e3o na Gest\u00e3o de Espa\u00e7os em Institui\u00e7\u00f5es de Ensino Superior. In: XVI Encontro Nacional de Tecnologia do Ambiente Constru\u00eddo (ENTAC 2016), 2016, &hellip;<\/p>\n<p class=\"read-more\"> <a class=\"\" href=\"https:\/\/wp.ufpel.edu.br\/gecon\/publicacoes\/\"> <span class=\"screen-reader-text\">| publica\u00e7\u00f5es<\/span> Read More &raquo;<\/a><\/p>\n","protected":false},"author":192,"featured_media":0,"parent":0,"menu_order":5,"comment_status":"closed","ping_status":"closed","template":"","meta":{"footnotes":""},"class_list":["post-73","page","type-page","status-publish","hentry"],"jetpack_sharing_enabled":true,"_links":{"self":[{"href":"https:\/\/wp.ufpel.edu.br\/gecon\/wp-json\/wp\/v2\/pages\/73","targetHints":{"allow":["GET"]}}],"collection":[{"href":"https:\/\/wp.ufpel.edu.br\/gecon\/wp-json\/wp\/v2\/pages"}],"about":[{"href":"https:\/\/wp.ufpel.edu.br\/gecon\/wp-json\/wp\/v2\/types\/page"}],"author":[{"embeddable":true,"href":"https:\/\/wp.ufpel.edu.br\/gecon\/wp-json\/wp\/v2\/users\/192"}],"replies":[{"embeddable":true,"href":"https:\/\/wp.ufpel.edu.br\/gecon\/wp-json\/wp\/v2\/comments?post=73"}],"version-history":[{"count":10,"href":"https:\/\/wp.ufpel.edu.br\/gecon\/wp-json\/wp\/v2\/pages\/73\/revisions"}],"predecessor-version":[{"id":646,"href":"https:\/\/wp.ufpel.edu.br\/gecon\/wp-json\/wp\/v2\/pages\/73\/revisions\/646"}],"wp:attachment":[{"href":"https:\/\/wp.ufpel.edu.br\/gecon\/wp-json\/wp\/v2\/media?parent=73"}],"curies":[{"name":"wp","href":"https:\/\/api.w.org\/{rel}","templated":true}]}}