{"id":71,"date":"2012-05-19T14:56:12","date_gmt":"2012-05-19T17:56:12","guid":{"rendered":"https:\/\/wp.ufpel.edu.br\/gecon\/?page_id=71"},"modified":"2017-03-26T21:54:47","modified_gmt":"2017-03-27T00:54:47","slug":"contato","status":"publish","type":"page","link":"https:\/\/wp.ufpel.edu.br\/gecon\/contato\/","title":{"rendered":"| contato"},"content":{"rendered":"<p><strong>Grupo de Estudos em Gest\u00e3o da Constru\u00e7\u00e3o | GeCon<\/strong><br \/>\nUniversidade Federal de Pelotas<br \/>\nFaculdade de Arquitetura e Urbanismo<br \/>\nRua Benjamin Constant, 1359 \u2022 sala 123<br \/>\nCEP: 96010-020 \u2022 Centro \u2022 Pelotas\/RS [<a href=\"https:\/\/www.google.com\/maps\/place\/Faurb+UFPel+-+Faculdade+de+Arquitetura+e+Urbanismo\/@-31.7796728,-52.3419992,962m\/data=!3m1!1e3!4m13!1m7!3m6!1s0x9511b5c1fac0b303:0x62c959d2dea14b13!2sR.+Benjamin+Constant,+1359+-+Centro,+Pelotas+-+RS,+96010-020,+Brazil!3b1!8m2!3d-31.7796774!4d-52.3398105!3m4!1s0x0:0xdcda39a15043b9dd!8m2!3d-31.7800114!4d-52.3396135?hl=en\">ver mapa<\/a>]<br \/>\nFone: +55 53 3284.5510<br \/>\nEmail: <a href=\"mailto:gecon.faurb@gmail.com\" title=\"emailgecon\">gecon.faurb@gmail.com<\/a><\/p>\n","protected":false},"excerpt":{"rendered":"<p>Grupo de Estudos em Gest\u00e3o da Constru\u00e7\u00e3o | GeCon Universidade Federal de Pelotas Faculdade de Arquitetura e Urbanismo Rua Benjamin Constant, 1359 \u2022 sala 123 CEP: 96010-020 \u2022 Centro \u2022 Pelotas\/RS [ver mapa] Fone: +55 53 3284.5510 Email: gecon.faurb@gmail.com<\/p>\n","protected":false},"author":192,"featured_media":0,"parent":0,"menu_order":7,"comment_status":"closed","ping_status":"closed","template":"","meta":{"footnotes":""},"class_list":["post-71","page","type-page","status-publish","hentry"],"jetpack_sharing_enabled":true,"_links":{"self":[{"href":"https:\/\/wp.ufpel.edu.br\/gecon\/wp-json\/wp\/v2\/pages\/71","targetHints":{"allow":["GET"]}}],"collection":[{"href":"https:\/\/wp.ufpel.edu.br\/gecon\/wp-json\/wp\/v2\/pages"}],"about":[{"href":"https:\/\/wp.ufpel.edu.br\/gecon\/wp-json\/wp\/v2\/types\/page"}],"author":[{"embeddable":true,"href":"https:\/\/wp.ufpel.edu.br\/gecon\/wp-json\/wp\/v2\/users\/192"}],"replies":[{"embeddable":true,"href":"https:\/\/wp.ufpel.edu.br\/gecon\/wp-json\/wp\/v2\/comments?post=71"}],"version-history":[{"count":30,"href":"https:\/\/wp.ufpel.edu.br\/gecon\/wp-json\/wp\/v2\/pages\/71\/revisions"}],"predecessor-version":[{"id":682,"href":"https:\/\/wp.ufpel.edu.br\/gecon\/wp-json\/wp\/v2\/pages\/71\/revisions\/682"}],"wp:attachment":[{"href":"https:\/\/wp.ufpel.edu.br\/gecon\/wp-json\/wp\/v2\/media?parent=71"}],"curies":[{"name":"wp","href":"https:\/\/api.w.org\/{rel}","templated":true}]}}