{"id":46,"date":"2012-05-19T14:25:18","date_gmt":"2012-05-19T17:25:18","guid":{"rendered":"https:\/\/wp.ufpel.edu.br\/gecon\/?page_id=46"},"modified":"2017-02-24T14:43:53","modified_gmt":"2017-02-24T17:43:53","slug":"projeto-facbim","status":"publish","type":"page","link":"https:\/\/wp.ufpel.edu.br\/gecon\/pesquisa\/projeto-facbim\/","title":{"rendered":"| facbim"},"content":{"rendered":"<ul>\n<strong>| apresenta\u00e7\u00e3o<\/strong><\/p>\n<p>O projeto <strong>Diretrizes para Implementa\u00e7\u00e3o de um Sistema de Gest\u00e3o de Facilities, baseado na Tecnologia BIM (<em>Building Information Modeling<\/em>), em Institui\u00e7\u00f5es de Ensino Superior | FacBIM<\/strong> \u00e9 financiado pelo CNPq e tem apoio institucional da Pr\u00f3-Reitoria de Planejamento e Desenvolvimento da UFPel.<\/p>\n<p><strong>| objetivo geral<\/strong><\/p>\n<ul>\n<li>Propor diretrizes para a Gest\u00e3o de Facilities em Institui\u00e7\u00f5es de Ensino Superior tendo como base a tecnologia BIM.<\/li>\n<\/ul>\n<p><strong>| objetivos espec\u00edficos<\/strong><\/p>\n<ul>\n<li>Analisar os principais benef\u00edcios e dificuldades do emprego da tecnologia BIM no processo de Gest\u00e3o de Facilities no ambiente estudado;<\/li>\n<li>Avaliar as adapta\u00e7\u00f5es necess\u00e1rias no processo de Gest\u00e3o de Facilities para o emprego da tecnologia BIM;<\/li>\n<li>Avaliar o n\u00edvel de detalhamento necess\u00e1rio dos modelos BIM e as informa\u00e7\u00f5es que devem ser modeladas, a fim de apoiar o processo de Gest\u00e3o de Facilities nessas institui\u00e7\u00f5es.<\/li>\n<\/ul>\n<p><strong>| principais contribui\u00e7\u00f5es cient\u00edficas<\/strong><\/p>\n<p>As principais contribui\u00e7\u00f5es cient\u00edficas desta pesquisa dizem respeito ao desenvolvimento de diretrizes para o emprego do BIM na Gest\u00e3o de Facilities, apontado na literatura pertinente como um campo de pesquisa ainda a ser explorado, bem como ao desenvolvimento de conhecimento acerca do pr\u00f3prio processo de Gest\u00e3o de Facilities em Institui\u00e7\u00f5es de Ensino Superior que, da mesma forma, ainda carece de maior desenvolvimento e sistematiza\u00e7\u00e3o no Brasil, embora seja extremamente bem estruturado em institui\u00e7\u00f5es de ensino na Europa e Am\u00e9rica do Norte.<\/p>\n<p><strong>| equipe gecon<\/strong><\/p>\n<ul>\n<li>Prof. F\u00e1bio Kellermann Schramm [coordenador]<\/li>\n<\/ul>\n<ul>\n<li>Arq. Gianine Pivetta de Mello [pesquisadora]<\/li>\n<\/ul>\n<p><strong>| apoio<\/strong><\/p>\n<p><img loading=\"lazy\" decoding=\"async\" src=\"https:\/\/wp.ufpel.edu.br\/gecon\/files\/2012\/05\/CNPQ-LOGOMARCA-e1338175128983.jpeg\" alt=\"\" width=\"200\" height=\"85\" class=\"alignleft size-full wp-image-224\" \/><\/a>\n<\/ul>\n","protected":false},"excerpt":{"rendered":"<p>| apresenta\u00e7\u00e3o O projeto Diretrizes para Implementa\u00e7\u00e3o de um Sistema de Gest\u00e3o de Facilities, baseado na Tecnologia BIM (Building Information Modeling), em Institui\u00e7\u00f5es de Ensino Superior | FacBIM \u00e9 financiado pelo CNPq e tem apoio institucional da Pr\u00f3-Reitoria de Planejamento &hellip;<\/p>\n<p class=\"read-more\"> <a class=\"\" href=\"https:\/\/wp.ufpel.edu.br\/gecon\/pesquisa\/projeto-facbim\/\"> <span class=\"screen-reader-text\">| facbim<\/span> Read More &raquo;<\/a><\/p>\n","protected":false},"author":192,"featured_media":184,"parent":8,"menu_order":0,"comment_status":"closed","ping_status":"closed","template":"","meta":{"footnotes":""},"class_list":["post-46","page","type-page","status-publish","has-post-thumbnail","hentry"],"jetpack_sharing_enabled":true,"_links":{"self":[{"href":"https:\/\/wp.ufpel.edu.br\/gecon\/wp-json\/wp\/v2\/pages\/46","targetHints":{"allow":["GET"]}}],"collection":[{"href":"https:\/\/wp.ufpel.edu.br\/gecon\/wp-json\/wp\/v2\/pages"}],"about":[{"href":"https:\/\/wp.ufpel.edu.br\/gecon\/wp-json\/wp\/v2\/types\/page"}],"author":[{"embeddable":true,"href":"https:\/\/wp.ufpel.edu.br\/gecon\/wp-json\/wp\/v2\/users\/192"}],"replies":[{"embeddable":true,"href":"https:\/\/wp.ufpel.edu.br\/gecon\/wp-json\/wp\/v2\/comments?post=46"}],"version-history":[{"count":44,"href":"https:\/\/wp.ufpel.edu.br\/gecon\/wp-json\/wp\/v2\/pages\/46\/revisions"}],"predecessor-version":[{"id":659,"href":"https:\/\/wp.ufpel.edu.br\/gecon\/wp-json\/wp\/v2\/pages\/46\/revisions\/659"}],"up":[{"embeddable":true,"href":"https:\/\/wp.ufpel.edu.br\/gecon\/wp-json\/wp\/v2\/pages\/8"}],"wp:featuredmedia":[{"embeddable":true,"href":"https:\/\/wp.ufpel.edu.br\/gecon\/wp-json\/wp\/v2\/media\/184"}],"wp:attachment":[{"href":"https:\/\/wp.ufpel.edu.br\/gecon\/wp-json\/wp\/v2\/media?parent=46"}],"curies":[{"name":"wp","href":"https:\/\/api.w.org\/{rel}","templated":true}]}}