{"id":2,"date":"2012-05-18T18:19:39","date_gmt":"2012-05-18T21:19:39","guid":{"rendered":"https:\/\/wp.ufpel.edu.br\/gecon\/?page_id=2"},"modified":"2017-02-09T14:28:39","modified_gmt":"2017-02-09T16:28:39","slug":"principal","status":"publish","type":"page","link":"https:\/\/wp.ufpel.edu.br\/gecon\/","title":{"rendered":"| principal"},"content":{"rendered":"<p>Esta \u00e9 a p\u00e1gina do <strong>Grupo de Estudos em Gest\u00e3o da Constru\u00e7\u00e3o | GeCon<\/strong>.<\/p>\n<p>Criado em 2012, as principais atividades do GeCon dizem respeito ao ensino de gradua\u00e7\u00e3o e p\u00f3s-gradua\u00e7\u00e3o, pesquisa e extens\u00e3o relacionadas \u00e0s atividades de Gest\u00e3o da Constru\u00e7\u00e3o em todas as fases do ciclo de vida da edifica\u00e7\u00e3o: (a) concep\u00e7\u00e3o e projeto; (b) produ\u00e7\u00e3o; e (c) uso e manuten\u00e7\u00e3o.<\/p>\n<p>Aqui voc\u00ea encontrar\u00e1 todas as informa\u00e7\u00f5es a respeito das atividades do GeCon.<\/p>\n","protected":false},"excerpt":{"rendered":"<p>Esta \u00e9 a p\u00e1gina do Grupo de Estudos em Gest\u00e3o da Constru\u00e7\u00e3o | GeCon. Criado em 2012, as principais atividades do GeCon dizem respeito ao ensino de gradua\u00e7\u00e3o e p\u00f3s-gradua\u00e7\u00e3o, pesquisa e extens\u00e3o relacionadas \u00e0s atividades de Gest\u00e3o da Constru\u00e7\u00e3o &hellip;<\/p>\n<p class=\"read-more\"> <a class=\"\" href=\"https:\/\/wp.ufpel.edu.br\/gecon\/\"> <span class=\"screen-reader-text\">| principal<\/span> Read More &raquo;<\/a><\/p>\n","protected":false},"author":192,"featured_media":0,"parent":0,"menu_order":1,"comment_status":"closed","ping_status":"closed","template":"","meta":{"footnotes":""},"class_list":["post-2","page","type-page","status-publish","hentry"],"jetpack_sharing_enabled":true,"_links":{"self":[{"href":"https:\/\/wp.ufpel.edu.br\/gecon\/wp-json\/wp\/v2\/pages\/2","targetHints":{"allow":["GET"]}}],"collection":[{"href":"https:\/\/wp.ufpel.edu.br\/gecon\/wp-json\/wp\/v2\/pages"}],"about":[{"href":"https:\/\/wp.ufpel.edu.br\/gecon\/wp-json\/wp\/v2\/types\/page"}],"author":[{"embeddable":true,"href":"https:\/\/wp.ufpel.edu.br\/gecon\/wp-json\/wp\/v2\/users\/192"}],"replies":[{"embeddable":true,"href":"https:\/\/wp.ufpel.edu.br\/gecon\/wp-json\/wp\/v2\/comments?post=2"}],"version-history":[{"count":28,"href":"https:\/\/wp.ufpel.edu.br\/gecon\/wp-json\/wp\/v2\/pages\/2\/revisions"}],"predecessor-version":[{"id":525,"href":"https:\/\/wp.ufpel.edu.br\/gecon\/wp-json\/wp\/v2\/pages\/2\/revisions\/525"}],"wp:attachment":[{"href":"https:\/\/wp.ufpel.edu.br\/gecon\/wp-json\/wp\/v2\/media?parent=2"}],"curies":[{"name":"wp","href":"https:\/\/api.w.org\/{rel}","templated":true}]}}