{"id":117,"date":"2012-05-20T21:15:02","date_gmt":"2012-05-21T00:15:02","guid":{"rendered":"https:\/\/wp.ufpel.edu.br\/gecon\/?page_id=117"},"modified":"2012-11-08T10:55:07","modified_gmt":"2012-11-08T12:55:07","slug":"pos-graduacao","status":"publish","type":"page","link":"https:\/\/wp.ufpel.edu.br\/gecon\/ensino\/pos-graduacao\/","title":{"rendered":"| p\u00f3s-gradua\u00e7\u00e3o"},"content":{"rendered":"<p><strong>| disciplinas<\/strong><\/p>\n<ul>\n<a href=\"https:\/\/wp.ufpel.edu.br\/gecon\/ensino\/pos-graduacao\/gestao-do-processo-de-projeto-prograu\/\">\u2013 gest\u00e3o do processo de projeto [prograu]<\/a><\/ul>\n","protected":false},"excerpt":{"rendered":"<p>| disciplinas \u2013 gest\u00e3o do processo de projeto [prograu]<\/p>\n","protected":false},"author":192,"featured_media":0,"parent":112,"menu_order":1,"comment_status":"closed","ping_status":"closed","template":"","meta":{"footnotes":""},"class_list":["post-117","page","type-page","status-publish","hentry"],"jetpack_sharing_enabled":true,"_links":{"self":[{"href":"https:\/\/wp.ufpel.edu.br\/gecon\/wp-json\/wp\/v2\/pages\/117","targetHints":{"allow":["GET"]}}],"collection":[{"href":"https:\/\/wp.ufpel.edu.br\/gecon\/wp-json\/wp\/v2\/pages"}],"about":[{"href":"https:\/\/wp.ufpel.edu.br\/gecon\/wp-json\/wp\/v2\/types\/page"}],"author":[{"embeddable":true,"href":"https:\/\/wp.ufpel.edu.br\/gecon\/wp-json\/wp\/v2\/users\/192"}],"replies":[{"embeddable":true,"href":"https:\/\/wp.ufpel.edu.br\/gecon\/wp-json\/wp\/v2\/comments?post=117"}],"version-history":[{"count":12,"href":"https:\/\/wp.ufpel.edu.br\/gecon\/wp-json\/wp\/v2\/pages\/117\/revisions"}],"predecessor-version":[{"id":119,"href":"https:\/\/wp.ufpel.edu.br\/gecon\/wp-json\/wp\/v2\/pages\/117\/revisions\/119"}],"up":[{"embeddable":true,"href":"https:\/\/wp.ufpel.edu.br\/gecon\/wp-json\/wp\/v2\/pages\/112"}],"wp:attachment":[{"href":"https:\/\/wp.ufpel.edu.br\/gecon\/wp-json\/wp\/v2\/media?parent=117"}],"curies":[{"name":"wp","href":"https:\/\/api.w.org\/{rel}","templated":true}]}}