{"id":7,"date":"2019-02-14T10:12:21","date_gmt":"2019-02-14T12:12:21","guid":{"rendered":"https:\/\/wp.ufpel.edu.br\/gecoconut\/?page_id=7"},"modified":"2019-02-14T10:22:30","modified_gmt":"2019-02-14T12:22:30","slug":"equipe","status":"publish","type":"page","link":"https:\/\/wp.ufpel.edu.br\/gecoconut\/equipe\/","title":{"rendered":"Equipe"},"content":{"rendered":"<ul class=\"wpipessoa-lista\"><li class=\"wpipessoa-post clearfix\"><div class=\"wpipessoa-thumb\"><a href=\"https:\/\/wp.ufpel.edu.br\/gecoconut\/pessoas\/leonardo-pozza-dos-santos\/\"><img width=\"200\" height=\"200\" src=\"https:\/\/wp.ufpel.edu.br\/gecoconut\/files\/2019\/02\/leo-200x200.jpg\" class=\"attachment-thumbnail size-thumbnail wp-post-image\" alt=\"\" srcset=\"https:\/\/wp.ufpel.edu.br\/gecoconut\/files\/2019\/02\/leo-200x200.jpg 200w, https:\/\/wp.ufpel.edu.br\/gecoconut\/files\/2019\/02\/leo-400x400.jpg 400w, https:\/\/wp.ufpel.edu.br\/gecoconut\/files\/2019\/02\/leo.jpg 420w\" sizes=\"(max-width: 200px) 100vw, 200px\" \/><\/a><\/div><div class=\"wpipessoa-info\"><div class=\"wpipessoa-nome wpipessoa-fonte-grande\"><a href=\"https:\/\/wp.ufpel.edu.br\/gecoconut\/pessoas\/leonardo-pozza-dos-santos\/\">Leonardo Pozza dos Santos<\/a><\/div><div class=\"wpipessoa-funcao wpipessoa-fonte-italica\">Nutricionista, Doutor em Epidemiologia pela Universidade Federal de Pelotas<\/div><div class=\"wpipessoa-lattes\"><a href=\"http:\/\/lattes.cnpq.br\/6217924192647952\" target=\"_blank\">Lattes<\/a><\/div><div class=\"wpipessoa-email\"><a href=\"leonardo_pozza@yahoo.com.br\" target=\"_blank\">leonardo_pozza@yahoo.com.br<\/a><\/div><\/div><\/li><li class=\"wpipessoa-post clearfix\"><div class=\"wpipessoa-thumb\"><a href=\"https:\/\/wp.ufpel.edu.br\/gecoconut\/pessoas\/maria-cristina-gonzalez\/\"><img width=\"119\" height=\"200\" src=\"https:\/\/wp.ufpel.edu.br\/gecoconut\/files\/2019\/02\/35_thumb2-119x200.jpg\" class=\"attachment-thumbnail size-thumbnail wp-post-image\" alt=\"\" \/><\/a><\/div><div class=\"wpipessoa-info\"><div class=\"wpipessoa-nome wpipessoa-fonte-grande\"><a href=\"https:\/\/wp.ufpel.edu.br\/gecoconut\/pessoas\/maria-cristina-gonzalez\/\">Maria Cristina Gonzalez<\/a><\/div><div class=\"wpipessoa-funcao wpipessoa-fonte-italica\">M\u00e9dica (PUC-Campinas), Mestre (UFPel), Doutora (UFPel), P\u00f3s-doutorado(Pennington Biomedical Research Center, PBRC, Estados Unidos).<\/div><div class=\"wpipessoa-lattes\"><a href=\"http:\/\/lattes.cnpq.br\/2868331941630408\" target=\"_blank\">Lattes<\/a><\/div><div class=\"wpipessoa-email\"><a href=\"cristinagbs@hotmail.com\" target=\"_blank\">cristinagbs@hotmail.com<\/a><\/div><\/div><\/li><li class=\"wpipessoa-post clearfix\"><div class=\"wpipessoa-thumb\"><a href=\"https:\/\/wp.ufpel.edu.br\/gecoconut\/pessoas\/renata-moraes-bielemann\/\"><img width=\"200\" height=\"200\" src=\"https:\/\/wp.ufpel.edu.br\/gecoconut\/files\/2019\/02\/renata-200x200.jpg\" class=\"attachment-thumbnail size-thumbnail wp-post-image\" alt=\"\" \/><\/a><\/div><div class=\"wpipessoa-info\"><div class=\"wpipessoa-nome wpipessoa-fonte-grande\"><a href=\"https:\/\/wp.ufpel.edu.br\/gecoconut\/pessoas\/renata-moraes-bielemann\/\">Renata Moraes Bielemann<\/a><\/div><div class=\"wpipessoa-funcao wpipessoa-fonte-italica\">Doutorado em Epidemiologia (Universidade Federal de Pelotas, 2013)<br \/>\r\nMestrado em Epidemiologia (Universidade Federal de Pelotas, 2010)<br \/>\r\nEspecializa\u00e7\u00e3o em Pesquisa em Educa\u00e7\u00e3o F\u00edsica (Universidade Federal de Pelotas, 2009)<br \/>\r\nGradua\u00e7\u00e3o em Nutri\u00e7\u00e3o (Universidade Federal de Pelotas, 2014)<br \/>\r\nGradua\u00e7\u00e3o em Licenciatura Plena em Educa\u00e7\u00e3o F\u00edsica (Universidade Federal de Pelotas, 2007)<\/div><div class=\"wpipessoa-lattes\"><a href=\"http:\/\/lattes.cnpq.br\/7157159051361731\" target=\"_blank\">Lattes<\/a><\/div><div class=\"wpipessoa-email\"><a href=\"renatabielemann@hotmail.com\" target=\"_blank\">renatabielemann@hotmail.com<\/a><\/div><\/div><\/li><li class=\"wpipessoa-post clearfix\"><div class=\"wpipessoa-thumb\"><a href=\"https:\/\/wp.ufpel.edu.br\/gecoconut\/pessoas\/silvana-paiva-orlandi\/\"><img width=\"200\" height=\"200\" src=\"https:\/\/wp.ufpel.edu.br\/gecoconut\/files\/2019\/02\/download-200x200.jpg\" class=\"attachment-thumbnail size-thumbnail wp-post-image\" alt=\"\" srcset=\"https:\/\/wp.ufpel.edu.br\/gecoconut\/files\/2019\/02\/download-200x200.jpg 200w, https:\/\/wp.ufpel.edu.br\/gecoconut\/files\/2019\/02\/download.jpg 225w\" sizes=\"(max-width: 200px) 100vw, 200px\" \/><\/a><\/div><div class=\"wpipessoa-info\"><div class=\"wpipessoa-nome wpipessoa-fonte-grande\"><a href=\"https:\/\/wp.ufpel.edu.br\/gecoconut\/pessoas\/silvana-paiva-orlandi\/\">Silvana Paiva Orlandi<\/a><\/div><div class=\"wpipessoa-funcao wpipessoa-fonte-italica\">Professora Adjunta da Universidade Federal de Pelotas (UFPel). Diretora da Faculdade de Nutri\u00e7\u00e3o\/UFPel. Mestre em Sa\u00fade e Comportamento pela Universidade Cat\u00f3lica de Pelotas (2008). Doutora em Epidemiologia pela Universidade Federal de Pelotas (2014). Membro do Grupo de Pesquisa em Composi\u00e7\u00e3o Corporal e Nutri\u00e7\u00e3o (GE-COCONUT). Atua na \u00e1rea de nutri\u00e7\u00e3o clinica com \u00eanfase em avalia\u00e7\u00e3o nutricional, dietoterapia e composi\u00e7\u00e3o corporal.<\/div><div class=\"wpipessoa-lattes\"><a href=\"http:\/\/lattes.cnpq.br\/3357957617964040\" target=\"_blank\">Lattes<\/a><\/div><div class=\"wpipessoa-email\"><a href=\"silvanaporlandi@gmail.com\" target=\"_blank\">silvanaporlandi@gmail.com<\/a><\/div><\/div><\/li><li class=\"wpipessoa-post clearfix\"><div class=\"wpipessoa-thumb\"><a href=\"https:\/\/wp.ufpel.edu.br\/gecoconut\/pessoas\/thiago-gonzalez-barbosa-e-silva\/\"><img width=\"123\" height=\"133\" src=\"https:\/\/wp.ufpel.edu.br\/gecoconut\/files\/2019\/02\/thiago.jpg\" class=\"attachment-thumbnail size-thumbnail wp-post-image\" alt=\"\" \/><\/a><\/div><div class=\"wpipessoa-info\"><div class=\"wpipessoa-nome wpipessoa-fonte-grande\"><a href=\"https:\/\/wp.ufpel.edu.br\/gecoconut\/pessoas\/thiago-gonzalez-barbosa-e-silva\/\">Thiago Gonzalez Barbosa e Silva<\/a><\/div><div class=\"wpipessoa-funcao wpipessoa-fonte-italica\">Doutorado em Epidemiologia (Universidade Federal de Pelotas, Em andamento)<br \/>\r\nMestrado em Epidemiologia (Universidade Federal de Pelotas, 2014)<br \/>\r\nGradua\u00e7\u00e3o em Medicina (Pontif\u00edcia Universidade Cat\u00f3lica do Rio Grande do Sul, 2008)<\/div><div class=\"wpipessoa-lattes\"><a href=\"http:\/\/lattes.cnpq.br\/0002986417534308\" target=\"_blank\">Lattes<\/a><\/div><div class=\"wpipessoa-email\"><a href=\"tgbsilva@hotmail.com\" target=\"_blank\">tgbsilva@hotmail.com<\/a><\/div><\/div><\/li><\/ul>\n","protected":false},"excerpt":{"rendered":"<div class=\"wpipessoa-lista wpipessoa-info\">\n<div class=\"wpipessoa-funcao wpipessoa-fonte-italica\">Doutorado em Epidemiologia (Universidade Federal de Pelotas, Em andamento)<br \/>\nMestrado em Epidemiologia (Universidade Federal de Pelotas, 2014)<br \/>\nGradua\u00e7\u00e3o em Medicina (Pontif\u00edcia Universidade Cat\u00f3lica do Rio Grande do Sul, 2008)<\/div>\n<\/div>\n","protected":false},"author":667,"featured_media":0,"parent":0,"menu_order":0,"comment_status":"closed","ping_status":"closed","template":"","meta":{"footnotes":""},"class_list":["post-7","page","type-page","status-publish","hentry"],"_links":{"self":[{"href":"https:\/\/wp.ufpel.edu.br\/gecoconut\/wp-json\/wp\/v2\/pages\/7","targetHints":{"allow":["GET"]}}],"collection":[{"href":"https:\/\/wp.ufpel.edu.br\/gecoconut\/wp-json\/wp\/v2\/pages"}],"about":[{"href":"https:\/\/wp.ufpel.edu.br\/gecoconut\/wp-json\/wp\/v2\/types\/page"}],"author":[{"embeddable":true,"href":"https:\/\/wp.ufpel.edu.br\/gecoconut\/wp-json\/wp\/v2\/users\/667"}],"replies":[{"embeddable":true,"href":"https:\/\/wp.ufpel.edu.br\/gecoconut\/wp-json\/wp\/v2\/comments?post=7"}],"version-history":[{"count":4,"href":"https:\/\/wp.ufpel.edu.br\/gecoconut\/wp-json\/wp\/v2\/pages\/7\/revisions"}],"predecessor-version":[{"id":23,"href":"https:\/\/wp.ufpel.edu.br\/gecoconut\/wp-json\/wp\/v2\/pages\/7\/revisions\/23"}],"wp:attachment":[{"href":"https:\/\/wp.ufpel.edu.br\/gecoconut\/wp-json\/wp\/v2\/media?parent=7"}],"curies":[{"name":"wp","href":"https:\/\/api.w.org\/{rel}","templated":true}]}}