{"id":25,"date":"2019-02-14T10:25:28","date_gmt":"2019-02-14T12:25:28","guid":{"rendered":"https:\/\/wp.ufpel.edu.br\/gecoconut\/?page_id=25"},"modified":"2019-05-11T12:08:21","modified_gmt":"2019-05-11T15:08:21","slug":"linhas-de-pesquisa","status":"publish","type":"page","link":"https:\/\/wp.ufpel.edu.br\/gecoconut\/linhas-de-pesquisa\/","title":{"rendered":"Linhas de Pesquisa"},"content":{"rendered":"<p>Composi\u00e7\u00e3o Corporal<\/p>\n<p>Avalia\u00e7\u00e3o Nutricional do Adulto e do Idoso<\/p>\n<p>Determinantes Nutricionais Precoces e Contempor\u00e2neos<\/p>\n<p>Inatividade F\u00edsica e Sa\u00fade<\/p>\n<p>&nbsp;<\/p>\n","protected":false},"excerpt":{"rendered":"<p>Composi\u00e7\u00e3o Corporal Avalia\u00e7\u00e3o Nutricional do Adulto e do Idoso Determinantes Nutricionais Precoces e Contempor\u00e2neos Inatividade F\u00edsica e Sa\u00fade &nbsp;<\/p>\n","protected":false},"author":667,"featured_media":0,"parent":0,"menu_order":0,"comment_status":"closed","ping_status":"closed","template":"","meta":{"footnotes":""},"class_list":["post-25","page","type-page","status-publish","hentry"],"_links":{"self":[{"href":"https:\/\/wp.ufpel.edu.br\/gecoconut\/wp-json\/wp\/v2\/pages\/25","targetHints":{"allow":["GET"]}}],"collection":[{"href":"https:\/\/wp.ufpel.edu.br\/gecoconut\/wp-json\/wp\/v2\/pages"}],"about":[{"href":"https:\/\/wp.ufpel.edu.br\/gecoconut\/wp-json\/wp\/v2\/types\/page"}],"author":[{"embeddable":true,"href":"https:\/\/wp.ufpel.edu.br\/gecoconut\/wp-json\/wp\/v2\/users\/667"}],"replies":[{"embeddable":true,"href":"https:\/\/wp.ufpel.edu.br\/gecoconut\/wp-json\/wp\/v2\/comments?post=25"}],"version-history":[{"count":2,"href":"https:\/\/wp.ufpel.edu.br\/gecoconut\/wp-json\/wp\/v2\/pages\/25\/revisions"}],"predecessor-version":[{"id":68,"href":"https:\/\/wp.ufpel.edu.br\/gecoconut\/wp-json\/wp\/v2\/pages\/25\/revisions\/68"}],"wp:attachment":[{"href":"https:\/\/wp.ufpel.edu.br\/gecoconut\/wp-json\/wp\/v2\/media?parent=25"}],"curies":[{"name":"wp","href":"https:\/\/api.w.org\/{rel}","templated":true}]}}