{"id":31,"date":"2014-09-13T10:16:03","date_gmt":"2014-09-13T13:16:03","guid":{"rendered":"https:\/\/wp.ufpel.edu.br\/gecapec\/?page_id=31"},"modified":"2015-07-15T10:02:09","modified_gmt":"2015-07-15T13:02:09","slug":"projetos","status":"publish","type":"page","link":"https:\/\/wp.ufpel.edu.br\/gecapec\/projetos\/","title":{"rendered":"Projetos"},"content":{"rendered":"<p>&nbsp;<\/p>\n<p><strong>Coordenador Ricardo Zambarda Vaz<\/strong><\/p>\n<p>Fontes de gordura naturalmente protegidas na dieta de vacas em lacta\u00e7\u00e3o (2014-2016)<\/p>\n<p>Evolu\u00e7\u00e3o e efici\u00eancia produtiva nas diferentes idades do rebanho ovino em sistema extensivo (2014-2016)<\/p>\n<p>Fatores pr\u00e9-abate relacionados \u00e0s contus\u00f5es em carca\u00e7as bovinas (2014-2016)<\/p>\n<p>Tecnologia para integra\u00e7\u00e3o lavoura pecu\u00e1ria: novas formas de uso do arroz na alimenta\u00e7\u00e3o animal (2013-2015)<\/p>\n<p>N\u00edveis crescentes de \u00f3leo de girassol na dieta de vacas da ra\u00e7a Jersey no ter\u00e7o inicial da lacta\u00e7\u00e3o: efeito no balan\u00e7o energ\u00e9tico negativo, perfil de \u00e1cidos graxos do leite e perfil metab\u00f3lico hep\u00e1tico (2013-2015)<\/p>\n<p>&nbsp;<\/p>\n<p><strong>Coordenador Otoniel Geter Lauz Ferreira<\/strong><\/p>\n<p>Avalia\u00e7\u00e3o de forrageiras sob corte e pastejo em diferentes locais do Estado do Rio Grande do Sul (2010-2014)<\/p>\n<p>Compara\u00e7\u00e3o da Composi\u00e7\u00e3o tecidual das regi\u00f5es corporais de cabritos do Alto Camaqu\u00e3 de diferentes idades (2011-2015)<\/p>\n<p>Caracter\u00edsticas Morfog\u00eanicas e Estruturais de Cultivares Dipl\u00f3ides e Tetrapl\u00f3ides de Azev\u00e9m\u00a0Comercialmente Introduzidos no Rio Grande do Sul (2011-2013)<\/p>\n<p>Desempenho e qualidade da carne de cordeiros cruza sob diferentes sistemas de alimenta\u00e7\u00e3o (2012-2016)<\/p>\n<p>Manejo de alturas em pastagem de inverno em sistema de integra\u00e7\u00e3o lavoura-pecu\u00e1ria submetido a plantio direto (2013-2015)<\/p>\n<p>Perfil metab\u00f3lico na gesta\u00e7\u00e3o e seu efeito sobre as caracter\u00edsticas de crescimento de cordeiros (2012-2014)<\/p>\n<p>Avalia\u00e7\u00e3o do feno e da palhada de azev\u00e9ns ceifados em diferentes est\u00e1dios de desenvolvimento (2013-2015)<\/p>\n<p>Inocula\u00e7\u00e3o de <em>Azospirillum brasilense<\/em> em azev\u00e9m (<em>Lolium multiflorum<\/em> L.) e aveia preta (<em>Avena strigosa<\/em> S.) (2014-2017)<\/p>\n<p>&nbsp;<\/p>\n<p><strong>Coordenador Jaqueline Schneider Lemes<\/strong><\/p>\n<p>Efeito da suplementa\u00e7\u00e3o gestacional sobre a produ\u00e7\u00e3o de carne e l\u00e3 de ovinos da ra\u00e7a Ideal (2014-2017)<\/p>\n<p>&nbsp;<\/p>\n<p><strong>Participa\u00e7\u00e3o em projetos como colaborador<\/strong><\/p>\n<p>Perfil do consumidor de carne bovina em rela\u00e7\u00e3o ao bem estar animal na cidade de Pelotas (2013-2015)<\/p>\n<p>An\u00e1lise de componentes principais dos valores gen\u00e9ticos de caracter\u00edsticas que \u00a0comp\u00f5em os \u00edndices de sele\u00e7\u00e3o na ra\u00e7a Nelore (2014-2015)<\/p>\n<p>&nbsp;<\/p>\n<p>&nbsp;<\/p>\n<p>.<\/p>\n","protected":false},"excerpt":{"rendered":"<p>&nbsp; Coordenador Ricardo Zambarda Vaz Fontes de gordura naturalmente protegidas na dieta de vacas em lacta\u00e7\u00e3o (2014-2016) Evolu\u00e7\u00e3o e efici\u00eancia produtiva nas diferentes idades do rebanho ovino em sistema extensivo (2014-2016) Fatores pr\u00e9-abate relacionados \u00e0s contus\u00f5es em carca\u00e7as bovinas (2014-2016) Tecnologia para integra\u00e7\u00e3o lavoura pecu\u00e1ria: novas formas de uso do arroz na alimenta\u00e7\u00e3o animal (2013-2015) &hellip; <a href=\"https:\/\/wp.ufpel.edu.br\/gecapec\/projetos\/\" class=\"more-link\">Continue lendo <span class=\"screen-reader-text\">Projetos<\/span> <span class=\"meta-nav\">&rarr;<\/span><\/a><\/p>\n","protected":false},"author":382,"featured_media":0,"parent":0,"menu_order":0,"comment_status":"closed","ping_status":"closed","template":"","meta":{"footnotes":""},"class_list":["post-31","page","type-page","status-publish","hentry"],"_links":{"self":[{"href":"https:\/\/wp.ufpel.edu.br\/gecapec\/wp-json\/wp\/v2\/pages\/31","targetHints":{"allow":["GET"]}}],"collection":[{"href":"https:\/\/wp.ufpel.edu.br\/gecapec\/wp-json\/wp\/v2\/pages"}],"about":[{"href":"https:\/\/wp.ufpel.edu.br\/gecapec\/wp-json\/wp\/v2\/types\/page"}],"author":[{"embeddable":true,"href":"https:\/\/wp.ufpel.edu.br\/gecapec\/wp-json\/wp\/v2\/users\/382"}],"replies":[{"embeddable":true,"href":"https:\/\/wp.ufpel.edu.br\/gecapec\/wp-json\/wp\/v2\/comments?post=31"}],"version-history":[{"count":7,"href":"https:\/\/wp.ufpel.edu.br\/gecapec\/wp-json\/wp\/v2\/pages\/31\/revisions"}],"predecessor-version":[{"id":169,"href":"https:\/\/wp.ufpel.edu.br\/gecapec\/wp-json\/wp\/v2\/pages\/31\/revisions\/169"}],"wp:attachment":[{"href":"https:\/\/wp.ufpel.edu.br\/gecapec\/wp-json\/wp\/v2\/media?parent=31"}],"curies":[{"name":"wp","href":"https:\/\/api.w.org\/{rel}","templated":true}]}}