{"id":171,"date":"2015-07-15T10:56:08","date_gmt":"2015-07-15T13:56:08","guid":{"rendered":"https:\/\/wp.ufpel.edu.br\/gecapec\/?page_id=171"},"modified":"2016-08-02T12:02:22","modified_gmt":"2016-08-02T15:02:22","slug":"dissertacoes-e-teses","status":"publish","type":"page","link":"https:\/\/wp.ufpel.edu.br\/gecapec\/dissertacoes-e-teses\/","title":{"rendered":"Disserta\u00e7\u00f5es e Teses"},"content":{"rendered":"<p><strong>2016<\/strong><\/p>\n<p><a href=\"https:\/\/wp.ufpel.edu.br\/gecapec\/files\/2015\/07\/An\u00e1lise-econ\u00f4mica-anual-da-produ\u00e7\u00e3o-de-um-rebanho-de-cria-est\u00e1vel-de-bovinos-de-corte-no-Rio-Grande-do-Sul.pdf\">An\u00e1lise econ\u00f4mica anual da produ\u00e7\u00e3o de um rebanho de cria est\u00e1vel de bovinos de corte no Rio Grande do Sul<\/a><\/p>\n<p><strong>2015<\/strong><\/p>\n<p><a href=\"https:\/\/wp.ufpel.edu.br\/gecapec\/files\/2014\/09\/Fatores-pr\u00e9-abate-relacionados-\u00e0s-contus\u00f5es-em-carca\u00e7as-bovinas.pdf\" target=\"_blank\">Fatores pr\u00e9-abate relacionados \u00e0s contus\u00f5es em carca\u00e7as bovinas<\/a><\/p>\n<p><a href=\"https:\/\/wp.ufpel.edu.br\/gecapec\/files\/2014\/09\/Efici\u00eancia-produtiva-de-ovelhas-com-diferentes-caracter\u00edsticas-conformacionais-sob-pastejo.pdf\" target=\"_blank\">Efici\u00eancia produtiva de ovelhas com diferentes caracter\u00edsticas conformacionais sob pastejo<\/a><\/p>\n<p>&nbsp;<\/p>\n<p><strong>2008<\/strong><\/p>\n<p><a href=\"https:\/\/wp.ufpel.edu.br\/gecapec\/files\/2015\/07\/Idades-de-desmame-e-o-desempenho-produtivo-de-vacas-e-seus-bezerros.pdf\">Idades de desmame e o desempenho produtivo de vacas e seus bezerros<\/a><\/p>\n","protected":false},"excerpt":{"rendered":"<p>2016 An\u00e1lise econ\u00f4mica anual da produ\u00e7\u00e3o de um rebanho de cria est\u00e1vel de bovinos de corte no Rio Grande do Sul 2015 Fatores pr\u00e9-abate relacionados \u00e0s contus\u00f5es em carca\u00e7as bovinas Efici\u00eancia produtiva de ovelhas com diferentes caracter\u00edsticas conformacionais sob pastejo &nbsp; 2008 Idades de desmame e o desempenho produtivo de vacas e seus bezerros<\/p>\n","protected":false},"author":382,"featured_media":0,"parent":0,"menu_order":0,"comment_status":"closed","ping_status":"closed","template":"","meta":{"footnotes":""},"class_list":["post-171","page","type-page","status-publish","hentry"],"_links":{"self":[{"href":"https:\/\/wp.ufpel.edu.br\/gecapec\/wp-json\/wp\/v2\/pages\/171","targetHints":{"allow":["GET"]}}],"collection":[{"href":"https:\/\/wp.ufpel.edu.br\/gecapec\/wp-json\/wp\/v2\/pages"}],"about":[{"href":"https:\/\/wp.ufpel.edu.br\/gecapec\/wp-json\/wp\/v2\/types\/page"}],"author":[{"embeddable":true,"href":"https:\/\/wp.ufpel.edu.br\/gecapec\/wp-json\/wp\/v2\/users\/382"}],"replies":[{"embeddable":true,"href":"https:\/\/wp.ufpel.edu.br\/gecapec\/wp-json\/wp\/v2\/comments?post=171"}],"version-history":[{"count":5,"href":"https:\/\/wp.ufpel.edu.br\/gecapec\/wp-json\/wp\/v2\/pages\/171\/revisions"}],"predecessor-version":[{"id":244,"href":"https:\/\/wp.ufpel.edu.br\/gecapec\/wp-json\/wp\/v2\/pages\/171\/revisions\/244"}],"wp:attachment":[{"href":"https:\/\/wp.ufpel.edu.br\/gecapec\/wp-json\/wp\/v2\/media?parent=171"}],"curies":[{"name":"wp","href":"https:\/\/api.w.org\/{rel}","templated":true}]}}