{"id":12,"date":"2014-09-11T19:01:35","date_gmt":"2014-09-11T22:01:35","guid":{"rendered":"https:\/\/wp.ufpel.edu.br\/gecapec\/?page_id=12"},"modified":"2015-07-13T10:01:44","modified_gmt":"2015-07-13T13:01:44","slug":"equipe","status":"publish","type":"page","link":"https:\/\/wp.ufpel.edu.br\/gecapec\/equipe\/","title":{"rendered":"Equipe"},"content":{"rendered":"<p><strong>L\u00edderes<\/strong><\/p>\n<p><a href=\"http:\/\/lattes.cnpq.br\/5518025291169624\" target=\"_blank\">Cassio Cassal Brauner<\/a><\/p>\n<p><a href=\"http:\/\/lattes.cnpq.br\/1120109274579134\" target=\"_blank\">Ricardo Zambarda Vaz<\/a> &#8211; Coordenador<\/p>\n<p>&nbsp;<\/p>\n<p><strong>Pesquisadores<\/strong><\/p>\n<p><a href=\"http:\/\/lattes.cnpq.br\/3120369205898923\" target=\"_blank\">Fabiano Nunes Vaz<\/a><\/p>\n<p><a href=\"http:\/\/lattes.cnpq.br\/3079363572862539\" target=\"_blank\">Jaqueline Schneider Lemes<\/a><\/p>\n<p><a href=\"http:\/\/lattes.cnpq.br\/8810339189755094\" target=\"_blank\">Jorge Schafh\u00e4user Junior<\/a><\/p>\n<p><a href=\"http:\/\/lattes.cnpq.br\/0025096106835065\" target=\"_blank\">Jos\u00e9 Fernando Piva Lobato<\/a><\/p>\n<p><a href=\"http:\/\/lattes.cnpq.br\/7559938697233077\" target=\"_blank\">Jo\u00e3o Restle<\/a><\/p>\n<p><a href=\"http:\/\/lattes.cnpq.br\/3703103340533502\" target=\"_blank\">Otoniel Geter Lauz Ferreira<\/a><\/p>\n<p><a href=\"http:\/\/lattes.cnpq.br\/9700645244479913\" target=\"_blank\">Paulo Santana Pacheco<\/a><\/p>\n<p><a href=\"http:\/\/lattes.cnpq.br\/5893449692053937\" target=\"_blank\">Renius de Oliveira Mello<\/a><\/p>\n<p>&nbsp;<\/p>\n<p><strong>Estudantes<\/strong><\/p>\n<p><strong>Doutorado<\/strong><\/p>\n<p><a href=\"http:\/\/lattes.cnpq.br\/4064535334249611\" target=\"_blank\">F\u00e1bio Souza Mendon\u00e7a<\/a><\/p>\n<p><a href=\"http:\/\/lattes.cnpq.br\/4426053297316240\" target=\"_blank\">Olmar Ant\u00f4nio Denardin Costa<\/a><\/p>\n<p><a href=\"http:\/\/lattes.cnpq.br\/6115711702751123\" target=\"_blank\">Rafael Bonadiman<\/a><\/p>\n<p><a href=\"http:\/\/lattes.cnpq.br\/1081675459740566\" target=\"_blank\">Tiago Albandes Fernandes<\/a><\/p>\n<p><a href=\"http:\/\/lattes.cnpq.br\/1771848244993294\" target=\"_blank\">Volmir Antonio Polli<\/a><\/p>\n<p><a href=\"http:\/\/lattes.cnpq.br\/2555273332973710\" target=\"_blank\">William Cardinal Brondani<\/a><\/p>\n<p>&nbsp;<\/p>\n<p><strong>Mestrado<\/strong><\/p>\n<p><a href=\"http:\/\/lattes.cnpq.br\/6790608789540441\" target=\"_blank\">Alexsandro Bahr Kroning<\/a><\/p>\n<p><a href=\"http:\/\/lattes.cnpq.br\/4145568432080590\" target=\"_blank\">Eduardo Madeira Castilho<\/a><\/p>\n<p><a href=\"http:\/\/lattes.cnpq.br\/3892875175227439\" target=\"_blank\">Guilherme Vin\u00edcius Barbieri Gon\u00e7alves<\/a><\/p>\n<p><a href=\"http:\/\/lattes.cnpq.br\/1510039568659428\" target=\"_blank\">Gustavo Duarte Farias<\/a><\/p>\n<p>&nbsp;<\/p>\n<p>&nbsp;<\/p>\n<p><strong>Gradua\u00e7\u00e3o<\/strong><\/p>\n<p><a href=\"http:\/\/lattes.cnpq.br\/2790988672807670\" target=\"_blank\">Carina Crizel da Vara<\/a><\/p>\n<p><a href=\"http:\/\/lattes.cnpq.br\/6208035889182822\" target=\"_blank\">Fernando Amarilho Silveira<\/a><\/p>\n<p><a href=\"http:\/\/lattes.cnpq.br\/7176963774094341\" target=\"_blank\">Jozi\u00e9li Quevedo T\u00e2mara<\/a><\/p>\n<p><a href=\"http:\/\/lattes.cnpq.br\/4390538444907114\" target=\"_blank\">Jo\u00e3o Francisco Junqueira<\/a><\/p>\n<p>&nbsp;<\/p>\n<p>&nbsp;<\/p>\n<p><strong>T\u00e9cnicos<\/strong><\/p>\n<p><a href=\"http:\/\/lattes.cnpq.br\/8097512345811200\" target=\"_blank\">Roger Marlon Gomes Esteves<\/a><\/p>\n<p>&nbsp;<\/p>\n<p>&nbsp;<\/p>\n","protected":false},"excerpt":{"rendered":"<p>L\u00edderes Cassio Cassal Brauner Ricardo Zambarda Vaz &#8211; Coordenador &nbsp; Pesquisadores Fabiano Nunes Vaz Jaqueline Schneider Lemes Jorge Schafh\u00e4user Junior Jos\u00e9 Fernando Piva Lobato Jo\u00e3o Restle Otoniel Geter Lauz Ferreira Paulo Santana Pacheco Renius de Oliveira Mello &nbsp; Estudantes Doutorado F\u00e1bio Souza Mendon\u00e7a Olmar Ant\u00f4nio Denardin Costa Rafael Bonadiman Tiago Albandes Fernandes Volmir Antonio Polli &hellip; <a href=\"https:\/\/wp.ufpel.edu.br\/gecapec\/equipe\/\" class=\"more-link\">Continue lendo <span class=\"screen-reader-text\">Equipe<\/span> <span class=\"meta-nav\">&rarr;<\/span><\/a><\/p>\n","protected":false},"author":382,"featured_media":0,"parent":0,"menu_order":0,"comment_status":"closed","ping_status":"closed","template":"","meta":{"footnotes":""},"class_list":["post-12","page","type-page","status-publish","hentry"],"_links":{"self":[{"href":"https:\/\/wp.ufpel.edu.br\/gecapec\/wp-json\/wp\/v2\/pages\/12","targetHints":{"allow":["GET"]}}],"collection":[{"href":"https:\/\/wp.ufpel.edu.br\/gecapec\/wp-json\/wp\/v2\/pages"}],"about":[{"href":"https:\/\/wp.ufpel.edu.br\/gecapec\/wp-json\/wp\/v2\/types\/page"}],"author":[{"embeddable":true,"href":"https:\/\/wp.ufpel.edu.br\/gecapec\/wp-json\/wp\/v2\/users\/382"}],"replies":[{"embeddable":true,"href":"https:\/\/wp.ufpel.edu.br\/gecapec\/wp-json\/wp\/v2\/comments?post=12"}],"version-history":[{"count":14,"href":"https:\/\/wp.ufpel.edu.br\/gecapec\/wp-json\/wp\/v2\/pages\/12\/revisions"}],"predecessor-version":[{"id":65,"href":"https:\/\/wp.ufpel.edu.br\/gecapec\/wp-json\/wp\/v2\/pages\/12\/revisions\/65"}],"wp:attachment":[{"href":"https:\/\/wp.ufpel.edu.br\/gecapec\/wp-json\/wp\/v2\/media?parent=12"}],"curies":[{"name":"wp","href":"https:\/\/api.w.org\/{rel}","templated":true}]}}