{"id":33,"date":"2011-03-31T10:15:47","date_gmt":"2011-03-31T13:15:47","guid":{"rendered":"https:\/\/wp.ufpel.edu.br\/gecap\/"},"modified":"2012-02-14T10:23:49","modified_gmt":"2012-02-14T10:23:49","slug":"historico","status":"publish","type":"page","link":"https:\/\/wp.ufpel.edu.br\/gecap\/historico\/","title":{"rendered":"Hist\u00f3rico"},"content":{"rendered":"<p style=\"text-align: justify\"><strong>Criado em 2001, pela Zootecnista Isabella Dias Barbosa Silveira, durante a sua p\u00f3s gradua\u00e7\u00e3o na Universidade Federal de Pelotas \u2013 UFPEL, no Programa de P\u00f3s-Gradua\u00e7\u00e3o em Zootecnia \u2013 PPGZ, pela necessidade do estudo da Etologia dos animais de produ\u00e7\u00e3o e seus reflexos no produto, na globaliza\u00e7\u00e3o do mercado e exig\u00eancias do consumidor em conhecer a proced\u00eancia dos alimentos de origem animal.<\/strong><\/p>\n<p style=\"text-align: justify\"><strong> <\/strong><\/p>\n<p style=\"text-align: justify\"><strong> Como a Zootecnia por excel\u00eancia estuda a produ\u00e7\u00e3o animal, tornou-se necess\u00e1rio a inclus\u00e3o desta \u00e1rea de conhecimento e posterior cria\u00e7\u00e3o do grupo de estudos. Neste grupo s\u00e3o apresentados e debatidos, semanalmente, assuntos relacionados ao bem-estar, comportamento e temperamento dos animais dentro dos sistemas de cria\u00e7\u00e3o da Regi\u00e3o Sul do Rio Grande do Sul &#8211; Brasil.<\/strong><\/p>\n<p style=\"text-align: justify\"><strong> <\/strong><\/p>\n<p style=\"text-align: justify\"><strong> O grupo GECAP conta com 10 pesquisadores nacionais e internacionais, assim como mant\u00eam parcerias e apoio de diferentes institui\u00e7\u00f5es, como a Embrapa Pecu\u00e1ria Sul (EMBRAPA-CPPSUL, Bag\u00e9, RS), World Society for the Protection of Animals (WSPA, Brasil) e <em>Scottish Agricultural College <\/em>(SAC, Edinburgh, Esc\u00f3cia), desenvolvendo pesquisas e estudos que compreendam o significado do comportamento dos animais. O grupo tamb\u00e9m \u00e9 composto por alunos de gradua\u00e7\u00e3o e p\u00f3s-gradua\u00e7\u00e3o, que recebem treinamento em diferentes t\u00e9cnicas de avalia\u00e7\u00e3o ou de metodologias, para auxiliarem nas pesquisas realizadas pelo GECAP.<\/strong><\/p>\n<p style=\"text-align: justify\"><strong> <\/strong><\/p>\n<p style=\"text-align: justify\"><strong> A palavra ETOLOGIA pode ser entendida como o \u201cestudo da conduta\u201d dos animais e atrav\u00e9s do conhecimento din\u00e2mico destes pode-se identificar e conhecer melhor a biologia das esp\u00e9cies de interesse econ\u00f4mico para a regi\u00e3o, e potencializar a sua cria\u00e7\u00e3o com melhorias nas pr\u00e1ticas de manejo, na intera\u00e7\u00e3o homem-animal, na gen\u00e9tica, bem como nas condi\u00e7\u00f5es ambientais de cria\u00e7\u00e3o. <\/strong><\/p>\n<p style=\"text-align: justify\"><strong> <\/strong><\/p>\n<p style=\"text-align: justify\"><strong> Este grupo possibilita aos seus integrantes a \u201csensibilidade\u201d de visualizar o objeto de estudo \u2013 o animal \u2013 da forma como o pr\u00f3prio animal enxerga, sente, reage, percebe e expressa seu estado dentro dos sistemas de produ\u00e7\u00e3o estudados. Isso coloca o aluno em uma situa\u00e7\u00e3o privilegiada, ao perceber o qu\u00e3o importante \u00e9 conhecer a linguagem animal, entender suas necessidades e saber que simples altera\u00e7\u00f5es nas pr\u00e1ticas de manejo podem otimizar o desempenho zoot\u00e9cnico e atender as exig\u00eancias do mercado consumidor, al\u00e9m de melhorar a conviv\u00eancia e\/ou intera\u00e7\u00e3o, levando em considera\u00e7\u00e3o a senci\u00eancia animal.<\/strong><\/p>\n","protected":false},"excerpt":{"rendered":"<p>Criado em 2001, pela Zootecnista Isabella Dias Barbosa Silveira, durante a sua p\u00f3s gradua\u00e7\u00e3o na Universidade Federal de Pelotas \u2013 UFPEL, no Programa de P\u00f3s-Gradua\u00e7\u00e3o em Zootecnia \u2013 PPGZ, pela necessidade do estudo da Etologia dos animais de produ\u00e7\u00e3o e seus reflexos no produto, na globaliza\u00e7\u00e3o do mercado e exig\u00eancias do consumidor em conhecer a &hellip; <\/p>\n<p><a class=\"more-link btn\" href=\"https:\/\/wp.ufpel.edu.br\/gecap\/historico\/\">Continue lendo<\/a><\/p>\n","protected":false},"author":104,"featured_media":0,"parent":0,"menu_order":1,"comment_status":"closed","ping_status":"open","template":"","meta":{"footnotes":""},"class_list":["post-33","page","type-page","status-publish","hentry","nodate","item-wrap"],"_links":{"self":[{"href":"https:\/\/wp.ufpel.edu.br\/gecap\/wp-json\/wp\/v2\/pages\/33","targetHints":{"allow":["GET"]}}],"collection":[{"href":"https:\/\/wp.ufpel.edu.br\/gecap\/wp-json\/wp\/v2\/pages"}],"about":[{"href":"https:\/\/wp.ufpel.edu.br\/gecap\/wp-json\/wp\/v2\/types\/page"}],"author":[{"embeddable":true,"href":"https:\/\/wp.ufpel.edu.br\/gecap\/wp-json\/wp\/v2\/users\/104"}],"replies":[{"embeddable":true,"href":"https:\/\/wp.ufpel.edu.br\/gecap\/wp-json\/wp\/v2\/comments?post=33"}],"version-history":[{"count":44,"href":"https:\/\/wp.ufpel.edu.br\/gecap\/wp-json\/wp\/v2\/pages\/33\/revisions"}],"predecessor-version":[{"id":172,"href":"https:\/\/wp.ufpel.edu.br\/gecap\/wp-json\/wp\/v2\/pages\/33\/revisions\/172"}],"wp:attachment":[{"href":"https:\/\/wp.ufpel.edu.br\/gecap\/wp-json\/wp\/v2\/media?parent=33"}],"curies":[{"name":"wp","href":"https:\/\/api.w.org\/{rel}","templated":true}]}}