{"id":29,"date":"2011-03-31T10:04:15","date_gmt":"2011-03-31T13:04:15","guid":{"rendered":"https:\/\/wp.ufpel.edu.br\/gecap\/"},"modified":"2012-02-14T10:29:10","modified_gmt":"2012-02-14T10:29:10","slug":"sites-recomendados","status":"publish","type":"page","link":"https:\/\/wp.ufpel.edu.br\/gecap\/sites-recomendados\/","title":{"rendered":"Sites recomendados"},"content":{"rendered":"<p><a href=\"http:\/\/www.agrolink.com.br\/\" target=\"_blank\">www.agrolink.com.br<\/a> (O Portal do conte\u00fado Agropecu\u00e1rio)<\/p>\n<p><a href=\"http:\/\/www.sbz.org.br\/\" target=\"_blank\">www.sbz.org.br<\/a> (Sociedade Brasileira de Zootecnia)<\/p>\n<p><a href=\"http:\/\/www.grupoetco.org.br\/index.html\" target=\"_blank\">www.grupoetco.org.br<\/a> (Grupo de Estudos e Pesquisas em Etologia e Ecologia Animal)<\/p>\n<p><a href=\"http:\/\/www.agrobase.com.br\/\" target=\"_blank\">www.agrobase.com.br<\/a> (Site de busca por empregos\/est\u00e1gios em ci\u00eancias agr\u00e1rias)<\/p>\n<p><a href=\"http:\/\/www.wspabrasil.org\/\" target=\"_blank\">www.wspabrasil.org<\/a> (Sociedade Mundial de Prote\u00e7\u00e3o Animal)<\/p>\n<p><a href=\"http:\/\/www.periodicos.capes.gov.br\/\" target=\"_blank\">www.periodicos.capes.gov.br<\/a> (Busca de peri\u00f3dicos do mundo todo)<\/p>\n<p><a href=\"http:\/\/www.leta.ufsc.br\/\" target=\"_blank\">www.leta.ufsc.br<\/a> (Laborat\u00f3rio de Etologia Aplicada)<\/p>\n","protected":false},"excerpt":{"rendered":"<p>www.agrolink.com.br (O Portal do conte\u00fado Agropecu\u00e1rio) www.sbz.org.br (Sociedade Brasileira de Zootecnia) www.grupoetco.org.br (Grupo de Estudos e Pesquisas em Etologia e Ecologia Animal) www.agrobase.com.br (Site de busca por empregos\/est\u00e1gios em ci\u00eancias agr\u00e1rias) www.wspabrasil.org (Sociedade Mundial de Prote\u00e7\u00e3o Animal) www.periodicos.capes.gov.br (Busca de peri\u00f3dicos do mundo todo) www.leta.ufsc.br (Laborat\u00f3rio de Etologia Aplicada)<\/p>\n","protected":false},"author":104,"featured_media":0,"parent":0,"menu_order":7,"comment_status":"closed","ping_status":"open","template":"","meta":{"footnotes":""},"class_list":["post-29","page","type-page","status-publish","hentry","nodate","item-wrap"],"_links":{"self":[{"href":"https:\/\/wp.ufpel.edu.br\/gecap\/wp-json\/wp\/v2\/pages\/29","targetHints":{"allow":["GET"]}}],"collection":[{"href":"https:\/\/wp.ufpel.edu.br\/gecap\/wp-json\/wp\/v2\/pages"}],"about":[{"href":"https:\/\/wp.ufpel.edu.br\/gecap\/wp-json\/wp\/v2\/types\/page"}],"author":[{"embeddable":true,"href":"https:\/\/wp.ufpel.edu.br\/gecap\/wp-json\/wp\/v2\/users\/104"}],"replies":[{"embeddable":true,"href":"https:\/\/wp.ufpel.edu.br\/gecap\/wp-json\/wp\/v2\/comments?post=29"}],"version-history":[{"count":13,"href":"https:\/\/wp.ufpel.edu.br\/gecap\/wp-json\/wp\/v2\/pages\/29\/revisions"}],"predecessor-version":[{"id":51,"href":"https:\/\/wp.ufpel.edu.br\/gecap\/wp-json\/wp\/v2\/pages\/29\/revisions\/51"}],"wp:attachment":[{"href":"https:\/\/wp.ufpel.edu.br\/gecap\/wp-json\/wp\/v2\/media?parent=29"}],"curies":[{"name":"wp","href":"https:\/\/api.w.org\/{rel}","templated":true}]}}