{"id":2,"date":"2011-03-30T17:35:11","date_gmt":"2011-03-30T17:35:11","guid":{"rendered":"https:\/\/wp.ufpel.edu.br\/gecap\/?page_id=2"},"modified":"2012-01-23T23:47:15","modified_gmt":"2012-01-23T23:47:15","slug":"sobre","status":"publish","type":"page","link":"https:\/\/wp.ufpel.edu.br\/gecap\/sobre\/","title":{"rendered":"Sobre"},"content":{"rendered":"<p>Este \u00e9 um exemplo de uma p\u00e1gina do WordPress, voc\u00ea poderia edit\u00e1-la com informa\u00e7\u00f5es sobre voc\u00ea ou sobre o seu site para os seus leitores saberem de onde voc\u00ea \u00e9. Voc\u00ea pode criar quantas p\u00e1ginas e sub-p\u00e1ginas quiser e gerenciar todo o seu conte\u00fado dentro do WordPress.<\/p>\n","protected":false},"excerpt":{"rendered":"<p>Este \u00e9 um exemplo de uma p\u00e1gina do WordPress, voc\u00ea poderia edit\u00e1-la com informa\u00e7\u00f5es sobre voc\u00ea ou sobre o seu site para os seus leitores saberem de onde voc\u00ea \u00e9. Voc\u00ea pode criar quantas p\u00e1ginas e sub-p\u00e1ginas quiser e gerenciar todo o seu conte\u00fado dentro do WordPress.<\/p>\n","protected":false},"author":104,"featured_media":0,"parent":0,"menu_order":0,"comment_status":"closed","ping_status":"open","template":"","meta":{"footnotes":""},"class_list":["post-2","page","type-page","status-publish","hentry","nodate","item-wrap"],"_links":{"self":[{"href":"https:\/\/wp.ufpel.edu.br\/gecap\/wp-json\/wp\/v2\/pages\/2","targetHints":{"allow":["GET"]}}],"collection":[{"href":"https:\/\/wp.ufpel.edu.br\/gecap\/wp-json\/wp\/v2\/pages"}],"about":[{"href":"https:\/\/wp.ufpel.edu.br\/gecap\/wp-json\/wp\/v2\/types\/page"}],"author":[{"embeddable":true,"href":"https:\/\/wp.ufpel.edu.br\/gecap\/wp-json\/wp\/v2\/users\/104"}],"replies":[{"embeddable":true,"href":"https:\/\/wp.ufpel.edu.br\/gecap\/wp-json\/wp\/v2\/comments?post=2"}],"version-history":[{"count":4,"href":"https:\/\/wp.ufpel.edu.br\/gecap\/wp-json\/wp\/v2\/pages\/2\/revisions"}],"predecessor-version":[{"id":8,"href":"https:\/\/wp.ufpel.edu.br\/gecap\/wp-json\/wp\/v2\/pages\/2\/revisions\/8"}],"wp:attachment":[{"href":"https:\/\/wp.ufpel.edu.br\/gecap\/wp-json\/wp\/v2\/media?parent=2"}],"curies":[{"name":"wp","href":"https:\/\/api.w.org\/{rel}","templated":true}]}}