{"id":9,"date":"2014-10-11T18:21:39","date_gmt":"2014-10-11T21:21:39","guid":{"rendered":"https:\/\/wp.ufpel.edu.br\/geaspel\/?page_id=9"},"modified":"2015-04-07T15:01:36","modified_gmt":"2015-04-07T18:01:36","slug":"historico","status":"publish","type":"page","link":"https:\/\/wp.ufpel.edu.br\/geaspel\/?page_id=9","title":{"rendered":"Hist\u00f3rico"},"content":{"rendered":"<p style=\"text-align: left\">O GEASPEL surgiu em 2005 a partir da necessidade de reunir nosso grupo de professores, alunos e funcion\u00e1rios t\u00e9cnicos de laborat\u00f3rio do Departamento de Zootecnia (DZ) da Faculdade de Agronomia Eliseu Maciel (FAEM) da Universidade Federal de Pelotas (UFPEL), buscando trabalhar com um objetivo em comum: o desenvolvimento de projetos de ensino, pesquisa e extens\u00e3o nas \u00e1reas de aves e su\u00ednos.<\/p>\n<p>O grupo mant\u00e9m o seu centro de atua\u00e7\u00e3o no\u00a0Laborat\u00f3rio de Ensino e Experimenta\u00e7\u00e3o Zoot\u00e9cnica Prof. Renato Rodrigues Peixoto (LEEZO) localizado junto a EMBRAPA Clima Temperado, pr\u00f3ximo \u00e0 \u00e1rea do Campus Universit\u00e1rio da UFPEL.<\/p>\n<p><a href=\"https:\/\/wp.ufpel.edu.br\/geaspel\/files\/2014\/10\/Avi\u00e1rio.jpg\"><img class=\"size-medium wp-image-85 aligncenter\" src=\"https:\/\/wp.ufpel.edu.br\/geaspel\/files\/2014\/10\/Avi\u00e1rio-424x219.jpg\" alt=\"Esta\u00e7\u00e3o Experimental\" width=\"424\" height=\"219\" \/><\/a><\/p>\n<p>No LEEZO \u00e9 onde s\u00e3o realizados a maioria dos estudos e experimentos desenvolvidos pelo grupo, tais como avalia\u00e7\u00e3o de desempenho, produ\u00e7\u00e3o e qualidade de ovos, metabolismo, comportamento, caracter\u00edsticas de carca\u00e7a e tratamento de dejetos. Os resultados encontrados nos experimentos s\u00e3o apresentados em simp\u00f3sios regionais, nacionais e internacionais e publicados em revistas nacionais e internacionais.<\/p>\n","protected":false},"excerpt":{"rendered":"<p>O GEASPEL surgiu em 2005 a partir da necessidade de reunir nosso grupo de professores, alunos e funcion\u00e1rios t\u00e9cnicos de laborat\u00f3rio do Departamento de Zootecnia (DZ) da Faculdade de Agronomia Eliseu Maciel (FAEM) da Universidade Federal de Pelotas (UFPEL), buscando trabalhar com um objetivo em comum: o desenvolvimento de projetos de ensino, pesquisa e extens\u00e3o [&hellip;]<\/p>\n","protected":false},"author":454,"featured_media":0,"parent":7,"menu_order":0,"comment_status":"closed","ping_status":"closed","template":"","meta":{"footnotes":""},"class_list":["post-9","page","type-page","status-publish","hentry"],"jetpack_sharing_enabled":true,"_links":{"self":[{"href":"https:\/\/wp.ufpel.edu.br\/geaspel\/index.php?rest_route=\/wp\/v2\/pages\/9","targetHints":{"allow":["GET"]}}],"collection":[{"href":"https:\/\/wp.ufpel.edu.br\/geaspel\/index.php?rest_route=\/wp\/v2\/pages"}],"about":[{"href":"https:\/\/wp.ufpel.edu.br\/geaspel\/index.php?rest_route=\/wp\/v2\/types\/page"}],"author":[{"embeddable":true,"href":"https:\/\/wp.ufpel.edu.br\/geaspel\/index.php?rest_route=\/wp\/v2\/users\/454"}],"replies":[{"embeddable":true,"href":"https:\/\/wp.ufpel.edu.br\/geaspel\/index.php?rest_route=%2Fwp%2Fv2%2Fcomments&post=9"}],"version-history":[{"count":6,"href":"https:\/\/wp.ufpel.edu.br\/geaspel\/index.php?rest_route=\/wp\/v2\/pages\/9\/revisions"}],"predecessor-version":[{"id":307,"href":"https:\/\/wp.ufpel.edu.br\/geaspel\/index.php?rest_route=\/wp\/v2\/pages\/9\/revisions\/307"}],"up":[{"embeddable":true,"href":"https:\/\/wp.ufpel.edu.br\/geaspel\/index.php?rest_route=\/wp\/v2\/pages\/7"}],"wp:attachment":[{"href":"https:\/\/wp.ufpel.edu.br\/geaspel\/index.php?rest_route=%2Fwp%2Fv2%2Fmedia&parent=9"}],"curies":[{"name":"wp","href":"https:\/\/api.w.org\/{rel}","templated":true}]}}