{"id":51,"date":"2016-08-04T10:14:37","date_gmt":"2016-08-04T13:14:37","guid":{"rendered":"https:\/\/wp.ufpel.edu.br\/geaspel\/?page_id=51"},"modified":"2018-05-18T13:08:19","modified_gmt":"2018-05-18T16:08:19","slug":"lista-de-projetos","status":"publish","type":"page","link":"https:\/\/wp.ufpel.edu.br\/geaspel\/?page_id=51","title":{"rendered":"Lista de Projetos"},"content":{"rendered":"<p><strong>Projetos de pesquisa realizados no GEASPEL &#8211;\u00a0<\/strong><strong>2010 &#8211; 2017<\/strong><\/p>\n<p>&#8211;\u00a0 Efeito do Bredol\u00ae na qualidade de pellet, na digestibilidade dos nutrientes e no desempenho de frangos de corte<\/p>\n<p>&#8211; \u00c1CIDOS ORG\u00c2NICOS NA CONSERVA\u00c7\u00c3O DO FARELO DE ARROZ DURANTE O ARMAZENAMENTO E SEUS EFEITOS NA ALIMENTA\u00c7\u00c3O DE CODORNAS E FRANGOS DE CORTE<\/p>\n<p>&#8211; Arroz na dieta de codornas<\/p>\n<p>&#8211; Arroz integral, Sel\u00eanio org\u00e2nico e acetato de \u03b1-Tocoferol na dieta de galinhas poedeiras e de frangos de corte: desempenho zoot\u00e9cnico, qualidade, enriquecimento e estabilidade oxidativa da carne e ovos<\/p>\n<p>&#8211; Avalia\u00e7\u00e3o de diferentes tratamentos sanitarios na qualidade e redu\u00e7\u00e3o de pat\u00f3genos em camas de avi\u00e1rio<\/p>\n<p>&#8211; Caracteriza\u00e7\u00e3o da qualidade de ovos de codornas in natura vendidos na cidade de Pelotas e do efeito da pigmenta\u00e7\u00e3o da casca sobre sua conserva\u00e7\u00e3o<\/p>\n<p>&#8211; Desempenho e qualidade de ovos de codornas alimentadas com \u00f3leo \u00e1cido de soja e os efeitos na sua prog\u00eanie<\/p>\n<p>&#8211; Desempenho produtivo de f\u00eameas su\u00ednas e leit\u00f5es submetidos ao modulador biol\u00f3gico BAC TRAT\u00aeS<\/p>\n<p>&#8211; Efeito da suplementa\u00e7\u00e3o de diferentes n\u00edveis de \u00e1cidos graxos de livres e o uso de emulsificante por per\u00edodo prolongado em dietas de codornas<\/p>\n<p>&#8211; UTILIZA\u00c7\u00c3O DE FONTES SUPLEMENTARES DE ENERGIA PARA LEIT\u00d5ES REC\u00c9M-NASCIDOS<\/p>\n<p>&#8211; Utiliza\u00e7\u00e3o de \u00f3leo de linha\u00e7a em substitui\u00e7\u00e3o ao \u00f3leo de soja na dieta de aves e su\u00ednos<\/p>\n","protected":false},"excerpt":{"rendered":"<p>Projetos de pesquisa realizados no GEASPEL &#8211;\u00a02010 &#8211; 2017 &#8211;\u00a0 Efeito do Bredol\u00ae na qualidade de pellet, na digestibilidade dos nutrientes e no desempenho de frangos de corte &#8211; \u00c1CIDOS ORG\u00c2NICOS NA CONSERVA\u00c7\u00c3O DO FARELO DE ARROZ DURANTE O ARMAZENAMENTO E SEUS EFEITOS NA ALIMENTA\u00c7\u00c3O DE CODORNAS E FRANGOS DE CORTE &#8211; Arroz na dieta [&hellip;]<\/p>\n","protected":false},"author":454,"featured_media":0,"parent":0,"menu_order":7,"comment_status":"closed","ping_status":"closed","template":"","meta":{"footnotes":""},"class_list":["post-51","page","type-page","status-publish","hentry"],"jetpack_sharing_enabled":true,"_links":{"self":[{"href":"https:\/\/wp.ufpel.edu.br\/geaspel\/index.php?rest_route=\/wp\/v2\/pages\/51","targetHints":{"allow":["GET"]}}],"collection":[{"href":"https:\/\/wp.ufpel.edu.br\/geaspel\/index.php?rest_route=\/wp\/v2\/pages"}],"about":[{"href":"https:\/\/wp.ufpel.edu.br\/geaspel\/index.php?rest_route=\/wp\/v2\/types\/page"}],"author":[{"embeddable":true,"href":"https:\/\/wp.ufpel.edu.br\/geaspel\/index.php?rest_route=\/wp\/v2\/users\/454"}],"replies":[{"embeddable":true,"href":"https:\/\/wp.ufpel.edu.br\/geaspel\/index.php?rest_route=%2Fwp%2Fv2%2Fcomments&post=51"}],"version-history":[{"count":8,"href":"https:\/\/wp.ufpel.edu.br\/geaspel\/index.php?rest_route=\/wp\/v2\/pages\/51\/revisions"}],"predecessor-version":[{"id":887,"href":"https:\/\/wp.ufpel.edu.br\/geaspel\/index.php?rest_route=\/wp\/v2\/pages\/51\/revisions\/887"}],"wp:attachment":[{"href":"https:\/\/wp.ufpel.edu.br\/geaspel\/index.php?rest_route=%2Fwp%2Fv2%2Fmedia&parent=51"}],"curies":[{"name":"wp","href":"https:\/\/api.w.org\/{rel}","templated":true}]}}