{"id":484,"date":"2016-08-04T09:40:58","date_gmt":"2016-08-04T12:40:58","guid":{"rendered":"https:\/\/wp.ufpel.edu.br\/geaspel\/?page_id=484"},"modified":"2016-08-04T09:47:36","modified_gmt":"2016-08-04T12:47:36","slug":"equipamentos-e-instalacoes","status":"publish","type":"page","link":"https:\/\/wp.ufpel.edu.br\/geaspel\/?page_id=484","title":{"rendered":"Equipamentos e Instala\u00e7\u00f5es"},"content":{"rendered":"<div id=\"attachment_485\" style=\"width: 434px\" class=\"wp-caption aligncenter\"><a href=\"https:\/\/wp.ufpel.edu.br\/geaspel\/files\/2016\/08\/20150811_112049.jpg\"><img aria-describedby=\"caption-attachment-485\" class=\"size-medium wp-image-485\" src=\"https:\/\/wp.ufpel.edu.br\/geaspel\/files\/2016\/08\/20150811_112049-424x254.jpg\" alt=\"Biot\u00e9rio experimental - Sala 2\" width=\"424\" height=\"254\" srcset=\"https:\/\/wp.ufpel.edu.br\/geaspel\/files\/2016\/08\/20150811_112049-424x254.jpg 424w, https:\/\/wp.ufpel.edu.br\/geaspel\/files\/2016\/08\/20150811_112049-212x127.jpg 212w, https:\/\/wp.ufpel.edu.br\/geaspel\/files\/2016\/08\/20150811_112049-768x461.jpg 768w\" sizes=\"(max-width: 424px) 100vw, 424px\" \/><\/a><p id=\"caption-attachment-485\" class=\"wp-caption-text\">Biot\u00e9rio experimental &#8211; Sala 2<\/p><\/div>\n<div id=\"attachment_490\" style=\"width: 410px\" class=\"wp-caption aligncenter\"><a href=\"https:\/\/wp.ufpel.edu.br\/geaspel\/files\/2016\/08\/1440033696810.jpg\"><img aria-describedby=\"caption-attachment-490\" class=\"size-full wp-image-490\" src=\"https:\/\/wp.ufpel.edu.br\/geaspel\/files\/2016\/08\/1440033696810.jpg\" alt=\"Estufa de Pr\u00e9-secagem: excretas de codornas\" width=\"400\" height=\"225\" srcset=\"https:\/\/wp.ufpel.edu.br\/geaspel\/files\/2016\/08\/1440033696810.jpg 400w, https:\/\/wp.ufpel.edu.br\/geaspel\/files\/2016\/08\/1440033696810-212x119.jpg 212w\" sizes=\"(max-width: 400px) 100vw, 400px\" \/><\/a><p id=\"caption-attachment-490\" class=\"wp-caption-text\">Estufa de Pr\u00e9-secagem: excretas de codornas<\/p><\/div>\n<div id=\"attachment_493\" style=\"width: 434px\" class=\"wp-caption aligncenter\"><a href=\"https:\/\/wp.ufpel.edu.br\/geaspel\/files\/2016\/08\/20150513_091601.jpg\"><img aria-describedby=\"caption-attachment-493\" class=\"size-medium wp-image-493\" src=\"https:\/\/wp.ufpel.edu.br\/geaspel\/files\/2016\/08\/20150513_091601-424x254.jpg\" alt=\"Dietas experimentais\" width=\"424\" height=\"254\" srcset=\"https:\/\/wp.ufpel.edu.br\/geaspel\/files\/2016\/08\/20150513_091601-424x254.jpg 424w, https:\/\/wp.ufpel.edu.br\/geaspel\/files\/2016\/08\/20150513_091601-212x127.jpg 212w, https:\/\/wp.ufpel.edu.br\/geaspel\/files\/2016\/08\/20150513_091601-768x461.jpg 768w\" sizes=\"(max-width: 424px) 100vw, 424px\" \/><\/a><p id=\"caption-attachment-493\" class=\"wp-caption-text\">Dietas experimentais<\/p><\/div>\n<div id=\"attachment_494\" style=\"width: 201px\" class=\"wp-caption aligncenter\"><a href=\"https:\/\/wp.ufpel.edu.br\/geaspel\/files\/2016\/08\/20150513_101226-e1470314277558.jpg\"><img aria-describedby=\"caption-attachment-494\" class=\"size-medium wp-image-494\" src=\"https:\/\/wp.ufpel.edu.br\/geaspel\/files\/2016\/08\/20150513_101226-e1470314277558-191x318.jpg\" alt=\"Color\u00edmetro Minolta (CR-200 b)\" width=\"191\" height=\"318\" srcset=\"https:\/\/wp.ufpel.edu.br\/geaspel\/files\/2016\/08\/20150513_101226-e1470314277558-191x318.jpg 191w, https:\/\/wp.ufpel.edu.br\/geaspel\/files\/2016\/08\/20150513_101226-e1470314277558-95x159.jpg 95w, https:\/\/wp.ufpel.edu.br\/geaspel\/files\/2016\/08\/20150513_101226-e1470314277558-768x1280.jpg 768w, https:\/\/wp.ufpel.edu.br\/geaspel\/files\/2016\/08\/20150513_101226-e1470314277558.jpg 1920w\" sizes=\"(max-width: 191px) 100vw, 191px\" \/><\/a><p id=\"caption-attachment-494\" class=\"wp-caption-text\">Color\u00edmetro Minolta (CR-200 b)<\/p><\/div>\n<div id=\"attachment_486\" style=\"width: 434px\" class=\"wp-caption aligncenter\"><a href=\"https:\/\/wp.ufpel.edu.br\/geaspel\/files\/2016\/08\/20150811_112117.jpg\"><img aria-describedby=\"caption-attachment-486\" class=\"size-medium wp-image-486\" src=\"https:\/\/wp.ufpel.edu.br\/geaspel\/files\/2016\/08\/20150811_112117-424x254.jpg\" alt=\"Biot\u00e9rio experimental - Sala 2\" width=\"424\" height=\"254\" srcset=\"https:\/\/wp.ufpel.edu.br\/geaspel\/files\/2016\/08\/20150811_112117-424x254.jpg 424w, https:\/\/wp.ufpel.edu.br\/geaspel\/files\/2016\/08\/20150811_112117-212x127.jpg 212w, https:\/\/wp.ufpel.edu.br\/geaspel\/files\/2016\/08\/20150811_112117-768x461.jpg 768w\" sizes=\"(max-width: 424px) 100vw, 424px\" \/><\/a><p id=\"caption-attachment-486\" class=\"wp-caption-text\">Biot\u00e9rio experimental &#8211; Sala 2<\/p><\/div>\n<div id=\"attachment_487\" style=\"width: 434px\" class=\"wp-caption aligncenter\"><a href=\"https:\/\/wp.ufpel.edu.br\/geaspel\/files\/2016\/08\/20151015_104156.jpg\"><img aria-describedby=\"caption-attachment-487\" class=\"size-medium wp-image-487\" src=\"https:\/\/wp.ufpel.edu.br\/geaspel\/files\/2016\/08\/20151015_104156-424x254.jpg\" alt=\"Laborat\u00f3rio de An\u00e1lise Sensorial\" width=\"424\" height=\"254\" srcset=\"https:\/\/wp.ufpel.edu.br\/geaspel\/files\/2016\/08\/20151015_104156-424x254.jpg 424w, https:\/\/wp.ufpel.edu.br\/geaspel\/files\/2016\/08\/20151015_104156-212x127.jpg 212w, https:\/\/wp.ufpel.edu.br\/geaspel\/files\/2016\/08\/20151015_104156-768x461.jpg 768w\" sizes=\"(max-width: 424px) 100vw, 424px\" \/><\/a><p id=\"caption-attachment-487\" class=\"wp-caption-text\">Laborat\u00f3rio de An\u00e1lise Sensorial<\/p><\/div>\n<div id=\"attachment_488\" style=\"width: 434px\" class=\"wp-caption aligncenter\"><a href=\"https:\/\/wp.ufpel.edu.br\/geaspel\/files\/2016\/08\/20151019_104348.jpg\"><img aria-describedby=\"caption-attachment-488\" class=\"size-medium wp-image-488\" src=\"https:\/\/wp.ufpel.edu.br\/geaspel\/files\/2016\/08\/20151019_104348-424x254.jpg\" alt=\"Avalia\u00e7\u00e3o sensorial de ovos de codornas - Novembro 2015\" width=\"424\" height=\"254\" srcset=\"https:\/\/wp.ufpel.edu.br\/geaspel\/files\/2016\/08\/20151019_104348-424x254.jpg 424w, https:\/\/wp.ufpel.edu.br\/geaspel\/files\/2016\/08\/20151019_104348-212x127.jpg 212w, https:\/\/wp.ufpel.edu.br\/geaspel\/files\/2016\/08\/20151019_104348-768x461.jpg 768w\" sizes=\"(max-width: 424px) 100vw, 424px\" \/><\/a><p id=\"caption-attachment-488\" class=\"wp-caption-text\">Avalia\u00e7\u00e3o sensorial de ovos de codornas &#8211; Novembro 2015<\/p><\/div>\n<div id=\"attachment_489\" style=\"width: 201px\" class=\"wp-caption aligncenter\"><a href=\"https:\/\/wp.ufpel.edu.br\/geaspel\/files\/2016\/08\/20151027_140807-e1470313230901.jpg\"><img aria-describedby=\"caption-attachment-489\" class=\"size-medium wp-image-489\" src=\"https:\/\/wp.ufpel.edu.br\/geaspel\/files\/2016\/08\/20151027_140807-e1470313230901-191x318.jpg\" alt=\"Laborat\u00f3rio de Nutri\u00e7\u00e3o Animal - LNA\" width=\"191\" height=\"318\" srcset=\"https:\/\/wp.ufpel.edu.br\/geaspel\/files\/2016\/08\/20151027_140807-e1470313230901-191x318.jpg 191w, https:\/\/wp.ufpel.edu.br\/geaspel\/files\/2016\/08\/20151027_140807-e1470313230901-95x159.jpg 95w, https:\/\/wp.ufpel.edu.br\/geaspel\/files\/2016\/08\/20151027_140807-e1470313230901-768x1280.jpg 768w, https:\/\/wp.ufpel.edu.br\/geaspel\/files\/2016\/08\/20151027_140807-e1470313230901.jpg 1920w\" sizes=\"(max-width: 191px) 100vw, 191px\" \/><\/a><p id=\"caption-attachment-489\" class=\"wp-caption-text\">Laborat\u00f3rio de Nutri\u00e7\u00e3o Animal &#8211; LNA<\/p><\/div>\n","protected":false},"excerpt":{"rendered":"","protected":false},"author":454,"featured_media":0,"parent":0,"menu_order":8,"comment_status":"closed","ping_status":"closed","template":"","meta":{"footnotes":""},"class_list":["post-484","page","type-page","status-publish","hentry"],"jetpack_sharing_enabled":true,"_links":{"self":[{"href":"https:\/\/wp.ufpel.edu.br\/geaspel\/index.php?rest_route=\/wp\/v2\/pages\/484","targetHints":{"allow":["GET"]}}],"collection":[{"href":"https:\/\/wp.ufpel.edu.br\/geaspel\/index.php?rest_route=\/wp\/v2\/pages"}],"about":[{"href":"https:\/\/wp.ufpel.edu.br\/geaspel\/index.php?rest_route=\/wp\/v2\/types\/page"}],"author":[{"embeddable":true,"href":"https:\/\/wp.ufpel.edu.br\/geaspel\/index.php?rest_route=\/wp\/v2\/users\/454"}],"replies":[{"embeddable":true,"href":"https:\/\/wp.ufpel.edu.br\/geaspel\/index.php?rest_route=%2Fwp%2Fv2%2Fcomments&post=484"}],"version-history":[{"count":2,"href":"https:\/\/wp.ufpel.edu.br\/geaspel\/index.php?rest_route=\/wp\/v2\/pages\/484\/revisions"}],"predecessor-version":[{"id":497,"href":"https:\/\/wp.ufpel.edu.br\/geaspel\/index.php?rest_route=\/wp\/v2\/pages\/484\/revisions\/497"}],"wp:attachment":[{"href":"https:\/\/wp.ufpel.edu.br\/geaspel\/index.php?rest_route=%2Fwp%2Fv2%2Fmedia&parent=484"}],"curies":[{"name":"wp","href":"https:\/\/api.w.org\/{rel}","templated":true}]}}