{"id":347,"date":"2017-08-07T13:19:45","date_gmt":"2017-08-07T16:19:45","guid":{"rendered":"https:\/\/wp.ufpel.edu.br\/geaspel\/?page_id=347"},"modified":"2019-11-19T11:29:45","modified_gmt":"2019-11-19T14:29:45","slug":"sistemas-de-producao-de-nao-ruminantes","status":"publish","type":"page","link":"https:\/\/wp.ufpel.edu.br\/geaspel\/?page_id=347","title":{"rendered":"Sistemas de Produ\u00e7\u00e3o de N\u00e3o Ruminantes"},"content":{"rendered":"","protected":true},"excerpt":{"rendered":"","protected":true},"author":454,"featured_media":0,"parent":338,"menu_order":3,"comment_status":"closed","ping_status":"closed","template":"","meta":{"footnotes":""},"class_list":["post-347","page","type-page","status-publish","post-password-required","hentry"],"jetpack_sharing_enabled":true,"_links":{"self":[{"href":"https:\/\/wp.ufpel.edu.br\/geaspel\/index.php?rest_route=\/wp\/v2\/pages\/347","targetHints":{"allow":["GET"]}}],"collection":[{"href":"https:\/\/wp.ufpel.edu.br\/geaspel\/index.php?rest_route=\/wp\/v2\/pages"}],"about":[{"href":"https:\/\/wp.ufpel.edu.br\/geaspel\/index.php?rest_route=\/wp\/v2\/types\/page"}],"author":[{"embeddable":true,"href":"https:\/\/wp.ufpel.edu.br\/geaspel\/index.php?rest_route=\/wp\/v2\/users\/454"}],"replies":[{"embeddable":true,"href":"https:\/\/wp.ufpel.edu.br\/geaspel\/index.php?rest_route=%2Fwp%2Fv2%2Fcomments&post=347"}],"version-history":[{"count":41,"href":"https:\/\/wp.ufpel.edu.br\/geaspel\/index.php?rest_route=\/wp\/v2\/pages\/347\/revisions"}],"predecessor-version":[{"id":1327,"href":"https:\/\/wp.ufpel.edu.br\/geaspel\/index.php?rest_route=\/wp\/v2\/pages\/347\/revisions\/1327"}],"up":[{"embeddable":true,"href":"https:\/\/wp.ufpel.edu.br\/geaspel\/index.php?rest_route=\/wp\/v2\/pages\/338"}],"wp:attachment":[{"href":"https:\/\/wp.ufpel.edu.br\/geaspel\/index.php?rest_route=%2Fwp%2Fv2%2Fmedia&parent=347"}],"curies":[{"name":"wp","href":"https:\/\/api.w.org\/{rel}","templated":true}]}}