{"id":178,"date":"2016-08-04T11:34:57","date_gmt":"2016-08-04T14:34:57","guid":{"rendered":"https:\/\/wp.ufpel.edu.br\/geaspel\/?page_id=178"},"modified":"2018-06-25T10:39:25","modified_gmt":"2018-06-25T13:39:25","slug":"graduacao","status":"publish","type":"page","link":"https:\/\/wp.ufpel.edu.br\/geaspel\/?page_id=178","title":{"rendered":"Graduandos"},"content":{"rendered":"<p><a href=\"http:\/\/buscatextual.cnpq.br\/buscatextual\/visualizacv.do?id=K8245415T1\">Ana Carolina Marini<\/a><br \/>\n<a href=\"http:\/\/buscatextual.cnpq.br\/buscatextual\/visualizacv.do?id=K8557666J4\">Angelita Castro Meggiato <\/a><br \/>\n<a href=\"http:\/\/lattes.cnpq.br\/5576995577631593\">Augusto Ribeiro Rutz<\/a><br \/>\n<a href=\"http:\/\/lattes.cnpq.br\/4223808792947391\">Camila Von M\u00fchlen<\/a><br \/>\n<a href=\"http:\/\/buscatextual.cnpq.br\/buscatextual\/visualizacv.do?id=K8157556E4\">Dy\u00e9llen Garcia Vasconcelos <\/a><br \/>\n<a href=\"http:\/\/lattes.cnpq.br\/9529233280296402\">\u00c9rika Frank Maciel<\/a><br \/>\n<a href=\"http:\/\/lattes.cnpq.br\/7886101373812151\">\u00c9rika Lopes Madruga<\/a><br \/>\n<a href=\"http:\/\/lattes.cnpq.br\/8003354178668634\">Ezequiel Peter Formentim<\/a><br \/>\n<a href=\"http:\/\/lattes.cnpq.br\/4970519503045084\">Giovana Wink Faleiro<\/a><br \/>\n<a href=\"http:\/\/buscatextual.cnpq.br\/buscatextual\/visualizacv.do?id=K8249569P4\">Helena K\u00f6hler Strelow<\/a><br \/>\n<a href=\"http:\/\/buscatextual.cnpq.br\/buscatextual\/visualizacv.do?id=K4856308U9\">Igor de Almeida Estorino <\/a><br \/>\n<a href=\"http:\/\/lattes.cnpq.br\/2515661638493490\">\u00cdngrid Ribeiro Barcellos<\/a><br \/>\n<a href=\"http:\/\/lattes.cnpq.br\/8836790290908072\">Isabella Almeida Ferreira<\/a><br \/>\n<a href=\"http:\/\/buscatextual.cnpq.br\/buscatextual\/visualizacv.do?id=K4367829Z3\">Joyce Pereira Lopes<\/a><br \/>\n<a href=\"http:\/\/buscatextual.cnpq.br\/buscatextual\/visualizacv.do?id=K8278059T0\">J\u00falia Nobre Parada Castro<\/a><br \/>\n<a href=\"http:\/\/buscatextual.cnpq.br\/buscatextual\/visualizacv.do?id=K8747332H6\">Leonel dos Santos Guido<\/a><br \/>\n<a href=\"http:\/\/lattes.cnpq.br\/8430484857785922\">Marina Martins Bemfica<\/a><\/p>\n","protected":false},"excerpt":{"rendered":"<p>Ana Carolina Marini Angelita Castro Meggiato Augusto Ribeiro Rutz Camila Von M\u00fchlen Dy\u00e9llen Garcia Vasconcelos \u00c9rika Frank Maciel \u00c9rika Lopes Madruga Ezequiel Peter Formentim Giovana Wink Faleiro Helena K\u00f6hler Strelow Igor de Almeida Estorino \u00cdngrid Ribeiro Barcellos Isabella Almeida Ferreira Joyce Pereira Lopes J\u00falia Nobre Parada Castro Leonel dos Santos Guido Marina Martins Bemfica<\/p>\n","protected":false},"author":454,"featured_media":0,"parent":202,"menu_order":6,"comment_status":"closed","ping_status":"closed","template":"","meta":{"footnotes":""},"class_list":["post-178","page","type-page","status-publish","hentry"],"jetpack_sharing_enabled":true,"_links":{"self":[{"href":"https:\/\/wp.ufpel.edu.br\/geaspel\/index.php?rest_route=\/wp\/v2\/pages\/178","targetHints":{"allow":["GET"]}}],"collection":[{"href":"https:\/\/wp.ufpel.edu.br\/geaspel\/index.php?rest_route=\/wp\/v2\/pages"}],"about":[{"href":"https:\/\/wp.ufpel.edu.br\/geaspel\/index.php?rest_route=\/wp\/v2\/types\/page"}],"author":[{"embeddable":true,"href":"https:\/\/wp.ufpel.edu.br\/geaspel\/index.php?rest_route=\/wp\/v2\/users\/454"}],"replies":[{"embeddable":true,"href":"https:\/\/wp.ufpel.edu.br\/geaspel\/index.php?rest_route=%2Fwp%2Fv2%2Fcomments&post=178"}],"version-history":[{"count":11,"href":"https:\/\/wp.ufpel.edu.br\/geaspel\/index.php?rest_route=\/wp\/v2\/pages\/178\/revisions"}],"predecessor-version":[{"id":968,"href":"https:\/\/wp.ufpel.edu.br\/geaspel\/index.php?rest_route=\/wp\/v2\/pages\/178\/revisions\/968"}],"up":[{"embeddable":true,"href":"https:\/\/wp.ufpel.edu.br\/geaspel\/index.php?rest_route=\/wp\/v2\/pages\/202"}],"wp:attachment":[{"href":"https:\/\/wp.ufpel.edu.br\/geaspel\/index.php?rest_route=%2Fwp%2Fv2%2Fmedia&parent=178"}],"curies":[{"name":"wp","href":"https:\/\/api.w.org\/{rel}","templated":true}]}}