{"id":12,"date":"2014-12-17T16:50:37","date_gmt":"2014-12-17T18:50:37","guid":{"rendered":"https:\/\/wp.ufpel.edu.br\/geaspel\/?page_id=12"},"modified":"2015-02-04T22:17:52","modified_gmt":"2015-02-05T00:17:52","slug":"nosso-ideal","status":"publish","type":"page","link":"https:\/\/wp.ufpel.edu.br\/geaspel\/?page_id=12","title":{"rendered":"Nosso ideal"},"content":{"rendered":"<p>Nossa filosofia de trabalho \u00e9 bastante simples: trabalho competente, com respeito \u00e0s diferentes opini\u00f5es e integra\u00e7\u00e3o entre os tr\u00eas segmentos, ou seja, professores, funcion\u00e1rios e alunos.<br \/>\nO grupo encontra-se registrado no COCEPE, como projeto de atividade em extens\u00e3o, sob o n\u00famero 23110.004227\/2005-03 (05\/07\/2005).<br \/>\nOs alunos de gradua\u00e7\u00e3o desenvolvem suas atividades de maneira integrada com os mestrandos e doutorandos do Programa de P\u00f3s-Gradua\u00e7\u00e3o em Zootecnia. Em conjunto, s\u00e3o realizadas atividades como: organiza\u00e7\u00e3o de projetos, incluindo a revis\u00e3o de literatura, implanta\u00e7\u00e3o, condu\u00e7\u00e3o e finaliza\u00e7\u00e3o dos mesmos, com a tabula\u00e7\u00e3o dos dados, a an\u00e1lise e interpreta\u00e7\u00e3o estat\u00edstica, al\u00e9m do preparo das publica\u00e7\u00f5es e apresenta\u00e7\u00f5es em congressos cient\u00edficos.<br \/>\nH\u00e1 o controle da frequencia dos alunos e tamb\u00e9m da sua participa\u00e7\u00e3o. No final da participa\u00e7\u00e3o dos alunos no projeto, os mesmos recebem um certificado, contendo o n\u00famero de horas trabalhados, emitido pela Pr\u00f3-Reitoria de Extens\u00e3o da UFPEL.<br \/>\nAl\u00e9m das atividades relacionadas a experimentos, o GEASPEL mant\u00e9m reuni\u00f5es semanais, onde s\u00e3o apresentados semin\u00e1rios por todos os integrantes do grupo. Os assuntos s\u00e3o bastante variados, envolvendo nutri\u00e7\u00e3o, manejo, dejetos, etologia, caracter\u00edsticas de carca\u00e7a, dentre outros, tanto em aves como em su\u00ednos.<br \/>\nOutras atividades desenvolvidas pelo GEASPEL incluem:<br \/>\n&#8211; discuss\u00e3o de futuros projetos de pesquisa;<br \/>\n&#8211; discuss\u00e3o de projetos que se encontram em andamento;<br \/>\n&#8211; capacita\u00e7\u00e3o dos alunos no que se refere a coleta e preparo de dados obtidos nos experimentos, visando a sua an\u00e1lise estat\u00edstica;<br \/>\n&#8211; an\u00e1lise estat\u00edstica dos dados, com o aux\u00edlio de programas de computador;<br \/>\n&#8211; realiza\u00e7\u00e3o de cursos de capacita\u00e7\u00e3o de alunos em t\u00e9cnicas e pr\u00e1ticas laboratoriais;<br \/>\n&#8211; apresenta\u00e7\u00e3o de dados obtidos em experimentos, com o uso de t\u00e9cnicas multim\u00eddia;<br \/>\n&#8211; elabora\u00e7\u00e3o de manuais t\u00e9cnicos referentes \u00e0 an\u00e1lise e pr\u00e1ticas laboratoriais.<br \/>\nEst\u00e3o previstos, tamb\u00e9m, a realiza\u00e7\u00e3o de cursos de extens\u00e3o,\u00a0com o objetivo de integrar, capacitar e qualificar profissionais e produtores envolvidos com a produ\u00e7\u00e3o de aves e su\u00ednos, com intensa participa\u00e7\u00e3o de estudantes, docentes e t\u00e9cnicos.<\/p>\n","protected":false},"excerpt":{"rendered":"<p>Nossa filosofia de trabalho \u00e9 bastante simples: trabalho competente, com respeito \u00e0s diferentes opini\u00f5es e integra\u00e7\u00e3o entre os tr\u00eas segmentos, ou seja, professores, funcion\u00e1rios e alunos. O grupo encontra-se registrado no COCEPE, como projeto de atividade em extens\u00e3o, sob o n\u00famero 23110.004227\/2005-03 (05\/07\/2005). Os alunos de gradua\u00e7\u00e3o desenvolvem suas atividades de maneira integrada com os [&hellip;]<\/p>\n","protected":false},"author":454,"featured_media":0,"parent":7,"menu_order":0,"comment_status":"closed","ping_status":"closed","template":"","meta":{"footnotes":""},"class_list":["post-12","page","type-page","status-publish","hentry"],"jetpack_sharing_enabled":true,"_links":{"self":[{"href":"https:\/\/wp.ufpel.edu.br\/geaspel\/index.php?rest_route=\/wp\/v2\/pages\/12","targetHints":{"allow":["GET"]}}],"collection":[{"href":"https:\/\/wp.ufpel.edu.br\/geaspel\/index.php?rest_route=\/wp\/v2\/pages"}],"about":[{"href":"https:\/\/wp.ufpel.edu.br\/geaspel\/index.php?rest_route=\/wp\/v2\/types\/page"}],"author":[{"embeddable":true,"href":"https:\/\/wp.ufpel.edu.br\/geaspel\/index.php?rest_route=\/wp\/v2\/users\/454"}],"replies":[{"embeddable":true,"href":"https:\/\/wp.ufpel.edu.br\/geaspel\/index.php?rest_route=%2Fwp%2Fv2%2Fcomments&post=12"}],"version-history":[{"count":2,"href":"https:\/\/wp.ufpel.edu.br\/geaspel\/index.php?rest_route=\/wp\/v2\/pages\/12\/revisions"}],"predecessor-version":[{"id":239,"href":"https:\/\/wp.ufpel.edu.br\/geaspel\/index.php?rest_route=\/wp\/v2\/pages\/12\/revisions\/239"}],"up":[{"embeddable":true,"href":"https:\/\/wp.ufpel.edu.br\/geaspel\/index.php?rest_route=\/wp\/v2\/pages\/7"}],"wp:attachment":[{"href":"https:\/\/wp.ufpel.edu.br\/geaspel\/index.php?rest_route=%2Fwp%2Fv2%2Fmedia&parent=12"}],"curies":[{"name":"wp","href":"https:\/\/api.w.org\/{rel}","templated":true}]}}