{"id":4,"date":"2010-09-15T11:29:08","date_gmt":"2010-09-15T14:29:08","guid":{"rendered":"https:\/\/wp.ufpel.edu.br\/geale\/"},"modified":"2022-09-01T11:30:39","modified_gmt":"2022-09-01T14:30:39","slug":"contato","status":"publish","type":"page","link":"https:\/\/wp.ufpel.edu.br\/geale\/contato\/","title":{"rendered":"Contato"},"content":{"rendered":"<p><span style=\"color: #000000;\"><strong>Endere\u00e7o:<\/strong> Rua Coronel Alberto Rosa, 154 (Campus Porto I \u2013 CCHS\/UFPEL), Pelotas\/RS<br \/>\n<\/span><span style=\"color: #000000;\"><strong>CEP<\/strong>: 96101-770<br \/>\n<strong>Salas<\/strong>: sala 350 (<\/span><span style=\"color: #000000;\">Linha <em>Aquisi\u00e7\u00e3o da escrita<\/em> \u2013 prof\u00aa. Ana Ruth Miranda)<\/span><span style=\"color: #000000;\">; salas 314 e 321 (Linha <em>Forma\u00e7\u00e3o docente e pr\u00e1ticas de alfabetiza\u00e7\u00e3o<\/em> \u2013 prof\u00aa. Marta N\u00f6rnberg) <\/span><br \/>\n<span style=\"color: #000000;\"><strong>E-mail:<\/strong> geale.ufpel@hotmail.com<\/span><br \/>\n<span style=\"color: #000000;\"><strong>Telefone:<\/strong> (53) 3284-5533<\/span><\/p>\n<p><span style=\"color: #000000;\"><strong>Re<\/strong><\/span><span style=\"color: #000000;\"><strong>des sociais:<\/strong><\/span><span style=\"color: #000000;\"><br \/>\n<\/span><img loading=\"lazy\" decoding=\"async\" class=\"alignnone wp-image-1637\" src=\"https:\/\/wp.ufpel.edu.br\/geale\/files\/2021\/03\/ResearchGate-imagem-150x150.png\" alt=\"\" width=\"15\" height=\"15\" srcset=\"https:\/\/wp.ufpel.edu.br\/geale\/files\/2021\/03\/ResearchGate-imagem-150x150.png 150w, https:\/\/wp.ufpel.edu.br\/geale\/files\/2021\/03\/ResearchGate-imagem.png 256w\" sizes=\"auto, (max-width: 15px) 100vw, 15px\" \/> <span style=\"color: #000000;\"><a style=\"color: #000000;\" href=\"https:\/\/www.researchgate.net\/lab\/Grupo-de-Estudos-sobre-Aquisicao-da-Linguagem-Escrita-GEALE-Ana-Ruth-Moresco-Miranda\">Research Gate<\/a><br \/>\n<img loading=\"lazy\" decoding=\"async\" class=\"wp-image-1638 alignnone\" src=\"https:\/\/wp.ufpel.edu.br\/geale\/files\/2021\/03\/Facebook-imagem-150x150.png\" alt=\"\" width=\"15\" height=\"15\" srcset=\"https:\/\/wp.ufpel.edu.br\/geale\/files\/2021\/03\/Facebook-imagem-150x150.png 150w, https:\/\/wp.ufpel.edu.br\/geale\/files\/2021\/03\/Facebook-imagem.png 225w\" sizes=\"auto, (max-width: 15px) 100vw, 15px\" \/>\u00a0<a style=\"color: #000000;\" href=\"https:\/\/www.facebook.com\/gealeufpel\/\">Facebook (@gealeufpel)<\/a><br \/>\n<\/span><span style=\"color: #000000;\"><img loading=\"lazy\" decoding=\"async\" class=\"alignnone wp-image-1639\" src=\"https:\/\/wp.ufpel.edu.br\/geale\/files\/2021\/03\/Instagram-imagem-150x150.png\" alt=\"\" width=\"15\" height=\"15\" srcset=\"https:\/\/wp.ufpel.edu.br\/geale\/files\/2021\/03\/Instagram-imagem-150x150.png 150w, https:\/\/wp.ufpel.edu.br\/geale\/files\/2021\/03\/Instagram-imagem-300x300.png 300w, https:\/\/wp.ufpel.edu.br\/geale\/files\/2021\/03\/Instagram-imagem.png 768w\" sizes=\"auto, (max-width: 15px) 100vw, 15px\" \/> <a style=\"color: #000000;\" href=\"https:\/\/www.instagram.com\/geale.ufpel\/\">Instagram (@geale.ufpel)<\/a><\/span><\/p>\n","protected":false},"excerpt":{"rendered":"<p>Endere\u00e7o: Rua Coronel Alberto Rosa, 154 (Campus Porto I \u2013 CCHS\/UFPEL), Pelotas\/RS CEP: 96101-770 Salas: sala 350 (Linha Aquisi\u00e7\u00e3o da escrita \u2013 prof\u00aa. Ana Ruth Miranda); salas 314 e 321 (Linha Forma\u00e7\u00e3o docente e pr\u00e1ticas de alfabetiza\u00e7\u00e3o \u2013 prof\u00aa. Marta &hellip; <a href=\"https:\/\/wp.ufpel.edu.br\/geale\/contato\/\">Continue lendo <span class=\"meta-nav\">&rarr;<\/span><\/a><\/p>\n","protected":false},"author":72,"featured_media":0,"parent":0,"menu_order":6,"comment_status":"closed","ping_status":"closed","template":"","meta":{"footnotes":""},"class_list":["post-4","page","type-page","status-publish","hentry"],"_links":{"self":[{"href":"https:\/\/wp.ufpel.edu.br\/geale\/wp-json\/wp\/v2\/pages\/4","targetHints":{"allow":["GET"]}}],"collection":[{"href":"https:\/\/wp.ufpel.edu.br\/geale\/wp-json\/wp\/v2\/pages"}],"about":[{"href":"https:\/\/wp.ufpel.edu.br\/geale\/wp-json\/wp\/v2\/types\/page"}],"author":[{"embeddable":true,"href":"https:\/\/wp.ufpel.edu.br\/geale\/wp-json\/wp\/v2\/users\/72"}],"replies":[{"embeddable":true,"href":"https:\/\/wp.ufpel.edu.br\/geale\/wp-json\/wp\/v2\/comments?post=4"}],"version-history":[{"count":24,"href":"https:\/\/wp.ufpel.edu.br\/geale\/wp-json\/wp\/v2\/pages\/4\/revisions"}],"predecessor-version":[{"id":2063,"href":"https:\/\/wp.ufpel.edu.br\/geale\/wp-json\/wp\/v2\/pages\/4\/revisions\/2063"}],"wp:attachment":[{"href":"https:\/\/wp.ufpel.edu.br\/geale\/wp-json\/wp\/v2\/media?parent=4"}],"curies":[{"name":"wp","href":"https:\/\/api.w.org\/{rel}","templated":true}]}}