{"id":29,"date":"2010-11-03T22:35:50","date_gmt":"2010-11-04T01:35:50","guid":{"rendered":"https:\/\/wp.ufpel.edu.br\/geale\/"},"modified":"2024-02-06T10:04:33","modified_gmt":"2024-02-06T13:04:33","slug":"publicacoes","status":"publish","type":"page","link":"https:\/\/wp.ufpel.edu.br\/geale\/publicacoes\/","title":{"rendered":"Publica\u00e7\u00f5es"},"content":{"rendered":"<p style=\"text-align: justify;\">Neste espa\u00e7o, disponibilizamos o acesso aos registros das produ\u00e7\u00f5es do Grupo de Estudos sobre Aquisi\u00e7\u00e3o da Linguagem Escrita (GEALE). As contribui\u00e7\u00f5es acad\u00eamicas est\u00e3o categorizadas conforme a seguinte estrutura:<\/p>\n<ul>\n<li><span style=\"color: #000000;\"><span style=\"color: #000000;\"><span style=\"color: #000000;\"><a style=\"color: #000000;\" href=\"https:\/\/wp.ufpel.edu.br\/geale\/?page_id=1097\">Artigos em peri\u00f3dicos<\/a>\n<p><\/span><\/span><\/span><\/li>\n<li><span style=\"color: #000000;\"><span style=\"color: #000000;\"><a style=\"color: #000000;\" href=\"https:\/\/wp.ufpel.edu.br\/geale\/?page_id=1176\">Dossi\u00eas organizados<\/a>\n<p><\/span><\/span><\/li>\n<li><span style=\"color: #000000;\"><span style=\"color: #000000;\"><a style=\"color: #000000;\" href=\"https:\/\/wp.ufpel.edu.br\/geale\/?page_id=1428\">Livros<\/a>\n<p><\/span><\/span><\/li>\n<li><span style=\"color: #000000;\"><span style=\"color: #000000;\"><a style=\"color: #000000;\" href=\"https:\/\/wp.ufpel.edu.br\/geale\/?page_id=1093\">Cap\u00edtulos de livros<\/a>\n<p><\/span><\/span><\/li>\n<li><span style=\"color: #000000;\"><span style=\"color: #000000;\"><a style=\"color: #000000;\" href=\"https:\/\/wp.ufpel.edu.br\/geale\/?page_id=1115\">Entrevistas<\/a>\n<p><\/span><\/span><\/li>\n<li><span style=\"color: #000000;\"><span style=\"color: #000000;\"><a style=\"color: #000000;\" href=\"https:\/\/wp.ufpel.edu.br\/geale\/?page_id=1119\">Anais de eventos<\/a>\n<p><\/span><\/span><\/li>\n<li><span style=\"color: #000000;\"><a style=\"color: #000000;\" href=\"https:\/\/wp.ufpel.edu.br\/geale\/?page_id=1090\">Inicia\u00e7\u00e3o Cient\u00edfica<\/a><\/span><\/li>\n<\/ul>\n","protected":false},"excerpt":{"rendered":"<p>Neste espa\u00e7o, disponibilizamos o acesso aos registros das produ\u00e7\u00f5es do Grupo de Estudos sobre Aquisi\u00e7\u00e3o da Linguagem Escrita (GEALE). As contribui\u00e7\u00f5es acad\u00eamicas est\u00e3o categorizadas conforme a seguinte estrutura: Artigos em peri\u00f3dicos Dossi\u00eas organizados Livros Cap\u00edtulos de livros Entrevistas Anais de &hellip; <a href=\"https:\/\/wp.ufpel.edu.br\/geale\/publicacoes\/\">Continue lendo <span class=\"meta-nav\">&rarr;<\/span><\/a><\/p>\n","protected":false},"author":72,"featured_media":0,"parent":0,"menu_order":2,"comment_status":"closed","ping_status":"closed","template":"","meta":{"footnotes":""},"class_list":["post-29","page","type-page","status-publish","hentry"],"_links":{"self":[{"href":"https:\/\/wp.ufpel.edu.br\/geale\/wp-json\/wp\/v2\/pages\/29","targetHints":{"allow":["GET"]}}],"collection":[{"href":"https:\/\/wp.ufpel.edu.br\/geale\/wp-json\/wp\/v2\/pages"}],"about":[{"href":"https:\/\/wp.ufpel.edu.br\/geale\/wp-json\/wp\/v2\/types\/page"}],"author":[{"embeddable":true,"href":"https:\/\/wp.ufpel.edu.br\/geale\/wp-json\/wp\/v2\/users\/72"}],"replies":[{"embeddable":true,"href":"https:\/\/wp.ufpel.edu.br\/geale\/wp-json\/wp\/v2\/comments?post=29"}],"version-history":[{"count":101,"href":"https:\/\/wp.ufpel.edu.br\/geale\/wp-json\/wp\/v2\/pages\/29\/revisions"}],"predecessor-version":[{"id":2299,"href":"https:\/\/wp.ufpel.edu.br\/geale\/wp-json\/wp\/v2\/pages\/29\/revisions\/2299"}],"wp:attachment":[{"href":"https:\/\/wp.ufpel.edu.br\/geale\/wp-json\/wp\/v2\/media?parent=29"}],"curies":[{"name":"wp","href":"https:\/\/api.w.org\/{rel}","templated":true}]}}