{"id":2496,"date":"2026-04-08T15:24:33","date_gmt":"2026-04-08T18:24:33","guid":{"rendered":"https:\/\/wp.ufpel.edu.br\/geale\/?page_id=2496"},"modified":"2026-04-08T15:28:46","modified_gmt":"2026-04-08T18:28:46","slug":"iniciacao-cientifica","status":"publish","type":"page","link":"https:\/\/wp.ufpel.edu.br\/geale\/equipe\/linha-formacao-e-praticas\/iniciacao-cientifica\/","title":{"rendered":"Inicia\u00e7\u00e3o cient\u00edfica"},"content":{"rendered":"<p><span style=\"color: #000000;\"><strong>Natani Bierhals With &#8211; <\/strong>PIBIC\/CNPq \u2013 UFPel<\/span><br \/>\n<span style=\"color: #000000;\"><a href=\"https:\/\/wp.ufpel.edu.br\/geale\/files\/2026\/04\/WhatsApp-Image-2024-02-08-at-16.18.24.jpeg\"><img loading=\"lazy\" decoding=\"async\" class=\" wp-image-2498 alignleft\" src=\"https:\/\/wp.ufpel.edu.br\/geale\/files\/2026\/04\/WhatsApp-Image-2024-02-08-at-16.18.24-150x150.jpeg\" alt=\"\" width=\"176\" height=\"176\" srcset=\"https:\/\/wp.ufpel.edu.br\/geale\/files\/2026\/04\/WhatsApp-Image-2024-02-08-at-16.18.24-150x150.jpeg 150w, https:\/\/wp.ufpel.edu.br\/geale\/files\/2026\/04\/WhatsApp-Image-2024-02-08-at-16.18.24-300x300.jpeg 300w, https:\/\/wp.ufpel.edu.br\/geale\/files\/2026\/04\/WhatsApp-Image-2024-02-08-at-16.18.24.jpeg 720w\" sizes=\"auto, (max-width: 176px) 100vw, 176px\" \/><\/a>Acad\u00eamica do 6\u00ba semestre do curso de Pedagogia da Universidade Federal de Pelotas (UFPel). Bolsista de Inicia\u00e7\u00e3o Cient\u00edfica (PIBIC\/CNPQ). Desde Setembro de 2022 integra o Grupo de Estudos sobre Aquisi\u00e7\u00e3o da Linguagem Escrita (GEALE). <\/span><br \/>\n<span style=\"color: #000000;\"><a style=\"color: #000000;\" href=\"http:\/\/lattes.cnpq.br\/6422582045144920\">Curr\u00edculo Lattes<\/a><\/span><\/p>\n<p>&nbsp;<\/p>\n<p><strong>Shelda Mendes Ribeiro Costa<\/strong> &#8211; <span style=\"color: #000000;\">PBIP\/AF &#8211; UFPel<\/span><br \/>\n<span style=\"color: #000000;\"><a style=\"color: #000000;\" href=\"https:\/\/wp.ufpel.edu.br\/geale\/files\/2026\/04\/WhatsApp-Image-2024-02-09-at-15.20.31.jpeg\"><img loading=\"lazy\" decoding=\"async\" class=\" wp-image-2499 alignleft\" src=\"https:\/\/wp.ufpel.edu.br\/geale\/files\/2026\/04\/WhatsApp-Image-2024-02-09-at-15.20.31-150x150.jpeg\" alt=\"\" width=\"177\" height=\"175\" \/><\/a>Acad\u00eamica do 6\u00ba semestre do curso de Pedagogia da Universidade Federal de Pelotas (UFPel). Bolsista de Inicia\u00e7\u00e3o Cient\u00edfica (PBIP\/AF). Desde junho de 2023 integra o Grupo de Estudos sobre Aquisi\u00e7\u00e3o da Linguagem Escrita (GEALE).<\/span><br \/>\n<span style=\"color: #000000;\"><a style=\"color: #000000;\" href=\"http:\/\/lattes.cnpq.br\/5163059581993433\">Curr\u00edculo Lattes<\/a><\/span><\/p>\n","protected":false},"excerpt":{"rendered":"<p>Natani Bierhals With &#8211; PIBIC\/CNPq \u2013 UFPel Acad\u00eamica do 6\u00ba semestre do curso de Pedagogia da Universidade Federal de Pelotas (UFPel). Bolsista de Inicia\u00e7\u00e3o Cient\u00edfica (PIBIC\/CNPQ). Desde Setembro de 2022 integra o Grupo de Estudos sobre Aquisi\u00e7\u00e3o da Linguagem Escrita &hellip; <a href=\"https:\/\/wp.ufpel.edu.br\/geale\/equipe\/linha-formacao-e-praticas\/iniciacao-cientifica\/\">Continue lendo <span class=\"meta-nav\">&rarr;<\/span><\/a><\/p>\n","protected":false},"author":72,"featured_media":0,"parent":2175,"menu_order":3,"comment_status":"closed","ping_status":"closed","template":"","meta":{"footnotes":""},"class_list":["post-2496","page","type-page","status-publish","hentry"],"_links":{"self":[{"href":"https:\/\/wp.ufpel.edu.br\/geale\/wp-json\/wp\/v2\/pages\/2496","targetHints":{"allow":["GET"]}}],"collection":[{"href":"https:\/\/wp.ufpel.edu.br\/geale\/wp-json\/wp\/v2\/pages"}],"about":[{"href":"https:\/\/wp.ufpel.edu.br\/geale\/wp-json\/wp\/v2\/types\/page"}],"author":[{"embeddable":true,"href":"https:\/\/wp.ufpel.edu.br\/geale\/wp-json\/wp\/v2\/users\/72"}],"replies":[{"embeddable":true,"href":"https:\/\/wp.ufpel.edu.br\/geale\/wp-json\/wp\/v2\/comments?post=2496"}],"version-history":[{"count":3,"href":"https:\/\/wp.ufpel.edu.br\/geale\/wp-json\/wp\/v2\/pages\/2496\/revisions"}],"predecessor-version":[{"id":2502,"href":"https:\/\/wp.ufpel.edu.br\/geale\/wp-json\/wp\/v2\/pages\/2496\/revisions\/2502"}],"up":[{"embeddable":true,"href":"https:\/\/wp.ufpel.edu.br\/geale\/wp-json\/wp\/v2\/pages\/2175"}],"wp:attachment":[{"href":"https:\/\/wp.ufpel.edu.br\/geale\/wp-json\/wp\/v2\/media?parent=2496"}],"curies":[{"name":"wp","href":"https:\/\/api.w.org\/{rel}","templated":true}]}}