{"id":2491,"date":"2026-04-08T15:21:33","date_gmt":"2026-04-08T18:21:33","guid":{"rendered":"https:\/\/wp.ufpel.edu.br\/geale\/?page_id=2491"},"modified":"2026-04-08T15:28:52","modified_gmt":"2026-04-08T18:28:52","slug":"pos-graduandos","status":"publish","type":"page","link":"https:\/\/wp.ufpel.edu.br\/geale\/equipe\/linha-formacao-e-praticas\/pos-graduandos\/","title":{"rendered":"P\u00f3s-graduandos"},"content":{"rendered":"<p style=\"text-align: justify;\"><span style=\"color: #000000;\"><strong><u><span style=\"color: #000000;\">Mestrado<\/span>:<\/u><\/strong><\/span><\/p>\n<p style=\"text-align: justify;\"><span style=\"color: #000000;\"><strong>Rafaela Elert Strelow<br \/>\n<\/strong><\/span><span style=\"color: #000000;\"><a href=\"https:\/\/wp.ufpel.edu.br\/geale\/files\/2026\/04\/WhatsApp-Image-2024-12-09-at-07.40.18-scaled-1-e1775672423912.jpeg\"><img loading=\"lazy\" decoding=\"async\" class=\" wp-image-2493 alignleft\" src=\"https:\/\/wp.ufpel.edu.br\/geale\/files\/2026\/04\/WhatsApp-Image-2024-12-09-at-07.40.18-scaled-1-e1775672423912-150x150.jpeg\" alt=\"\" width=\"229\" height=\"214\" \/><\/a>Mestranda no Programa de P\u00f3s Gradua\u00e7\u00e3o em Educa\u00e7\u00e3o da Universidade Federal de Pelotas (PPGE\/UFPEL), participante do grupo de pesquisa &#8220;Grupo de Estudos sobre Aquisi\u00e7\u00e3o Linguagem Escrita&#8221; (GEALE\/CNPq). Atuou como Bolsista de Inicia\u00e7\u00e3o \u00e0 Doc\u00eancia no PIBID Pedagogia, N\u00facleo de Alfabetiza\u00e7\u00e3o, subprojeto de Ensino de Ci\u00eancias e Matem\u00e1tica nos Anos Iniciais (2020-2022), bem como participou como bolsista do Programa de Educa\u00e7\u00e3o Tutorial-PET Pedagogia\/UFPEL.<br \/>\n<a style=\"color: #000000;\" href=\"http:\/\/lattes.cnpq.br\/9919118300313255\">Curr\u00edculo Lattes<\/a><\/span><\/p>\n<p style=\"text-align: justify;\"><span style=\"color: #000000;\"><strong>Marcele da Silva Fernandes<br \/>\n<\/strong><\/span><span style=\"color: #000000;\"><a href=\"https:\/\/wp.ufpel.edu.br\/geale\/files\/2026\/04\/Marcele.jpg\"><img loading=\"lazy\" decoding=\"async\" class=\" wp-image-2494 alignleft\" src=\"https:\/\/wp.ufpel.edu.br\/geale\/files\/2026\/04\/Marcele-150x150.jpg\" alt=\"\" width=\"226\" height=\"220\" \/><\/a>Professora das S\u00e9ries Iniciais na Prefeitura Municipal de Pelotas (desde 2009) e Orientadora Educacional na rede p\u00fablica do Estado do Rio Grande do Sul desde 2023. Atualmente \u00e9 Mestranda em Educa\u00e7\u00e3o pelo Programa de P\u00f3s Gradua\u00e7\u00e3o em Educa\u00e7\u00e3o da Universidade Federal de Pelotas na linha 4 de pesquisa (Forma\u00e7\u00e3o de Professores, Ensino, Processos e Pr\u00e1ticas Educativas) e participante do grupo de pesquisa &#8220;Grupo de Estudos sobre Aquisi\u00e7\u00e3o Linguagem Escrita&#8221; (GEALE\/CNPq).<br \/>\n<a style=\"color: #000000;\" href=\"http:\/\/lattes.cnpq.br\/5913277712102975\">Curr\u00edculo Lattes<\/a><\/p>\n<p><\/span><\/p>\n<p style=\"text-align: justify;\"><span style=\"color: #000000;\"><strong><u><span style=\"color: #000000;\">Doutorado<\/span>:<\/p>\n<p><\/u><\/strong><\/span><strong>Daiane da Silva Gomes<br \/>\n<\/strong><span style=\"color: #000000;\"><a href=\"https:\/\/wp.ufpel.edu.br\/geale\/files\/2026\/04\/WhatsApp-Image-2024-02-09-at-10.37.01-e1707486183881.jpeg\"><img loading=\"lazy\" decoding=\"async\" class=\" wp-image-2503 alignleft\" src=\"https:\/\/wp.ufpel.edu.br\/geale\/files\/2026\/04\/WhatsApp-Image-2024-02-09-at-10.37.01-e1707486183881-150x150.jpeg\" alt=\"\" width=\"226\" height=\"208\" \/><\/a>Doutoranda em Educa\u00e7\u00e3o (PPGE-FAE-UFPEL). Atua como professora efetiva de Ensino B\u00e1sico, T\u00e9cnico e Tecnol\u00f3gico-EBTT no curso T\u00e9cnico de Edifica\u00e7\u00f5es do Instituto Federal de Educa\u00e7\u00e3o, Ci\u00eancia e Tecnologia Sul-rio-grandense (IFSul) Campus Pelotas. Tamb\u00e9m faz parte do corpo docente do curso de Forma\u00e7\u00e3o Pedag\u00f3gica para Graduados n\u00e3o Licenciados (IFSul-Campus Pelotas), onde ministra a disciplina de Atividade Docente Orientada 1 (ADO 1).<br \/>\n<a style=\"color: #000000;\" href=\"http:\/\/lattes.cnpq.br\/0685838360642265\">Curr\u00edculo Lattes<\/a><\/span><\/p>\n","protected":false},"excerpt":{"rendered":"<p>Mestrado: Rafaela Elert Strelow Mestranda no Programa de P\u00f3s Gradua\u00e7\u00e3o em Educa\u00e7\u00e3o da Universidade Federal de Pelotas (PPGE\/UFPEL), participante do grupo de pesquisa &#8220;Grupo de Estudos sobre Aquisi\u00e7\u00e3o Linguagem Escrita&#8221; (GEALE\/CNPq). Atuou como Bolsista de Inicia\u00e7\u00e3o \u00e0 Doc\u00eancia no PIBID &hellip; <a href=\"https:\/\/wp.ufpel.edu.br\/geale\/equipe\/linha-formacao-e-praticas\/pos-graduandos\/\">Continue lendo <span class=\"meta-nav\">&rarr;<\/span><\/a><\/p>\n","protected":false},"author":72,"featured_media":0,"parent":2175,"menu_order":2,"comment_status":"closed","ping_status":"closed","template":"","meta":{"footnotes":""},"class_list":["post-2491","page","type-page","status-publish","hentry"],"_links":{"self":[{"href":"https:\/\/wp.ufpel.edu.br\/geale\/wp-json\/wp\/v2\/pages\/2491","targetHints":{"allow":["GET"]}}],"collection":[{"href":"https:\/\/wp.ufpel.edu.br\/geale\/wp-json\/wp\/v2\/pages"}],"about":[{"href":"https:\/\/wp.ufpel.edu.br\/geale\/wp-json\/wp\/v2\/types\/page"}],"author":[{"embeddable":true,"href":"https:\/\/wp.ufpel.edu.br\/geale\/wp-json\/wp\/v2\/users\/72"}],"replies":[{"embeddable":true,"href":"https:\/\/wp.ufpel.edu.br\/geale\/wp-json\/wp\/v2\/comments?post=2491"}],"version-history":[{"count":3,"href":"https:\/\/wp.ufpel.edu.br\/geale\/wp-json\/wp\/v2\/pages\/2491\/revisions"}],"predecessor-version":[{"id":2505,"href":"https:\/\/wp.ufpel.edu.br\/geale\/wp-json\/wp\/v2\/pages\/2491\/revisions\/2505"}],"up":[{"embeddable":true,"href":"https:\/\/wp.ufpel.edu.br\/geale\/wp-json\/wp\/v2\/pages\/2175"}],"wp:attachment":[{"href":"https:\/\/wp.ufpel.edu.br\/geale\/wp-json\/wp\/v2\/media?parent=2491"}],"curies":[{"name":"wp","href":"https:\/\/api.w.org\/{rel}","templated":true}]}}