{"id":2175,"date":"2023-03-21T09:53:58","date_gmt":"2023-03-21T12:53:58","guid":{"rendered":"https:\/\/wp.ufpel.edu.br\/geale\/?page_id=2175"},"modified":"2026-04-09T10:57:45","modified_gmt":"2026-04-09T13:57:45","slug":"linha-formacao-e-praticas","status":"publish","type":"page","link":"https:\/\/wp.ufpel.edu.br\/geale\/equipe\/linha-formacao-e-praticas\/","title":{"rendered":"Linha &#8216;Forma\u00e7\u00e3o docente e pr\u00e1ticas de alfabetiza\u00e7\u00e3o&#8217;"},"content":{"rendered":"<p style=\"text-align: justify;\"><span style=\"color: #000000;\">Nesta p\u00e1gina, est\u00e3o apresentados os membros integrantes da Linha &#8216;Forma\u00e7\u00e3o docente e pr\u00e1ticas de alfabetiza\u00e7\u00e3o&#8217;, acompanhados de uma breve descri\u00e7\u00e3o de seu perfil profissional\/acad\u00eamico, al\u00e9m do respectivo link para o curr\u00edculo Lattes.<\/span><\/p>\n<ul>\n<li><span style=\"color: #000000;\"><a style=\"color: #000000;\" href=\"https:\/\/wp.ufpel.edu.br\/geale\/?page_id=2188\">Pesquisadores<\/a><\/span><\/li>\n<li><span style=\"color: #000000;\"><a style=\"color: #000000;\" href=\"https:\/\/wp.ufpel.edu.br\/geale\/?page_id=2191\">Colaboradores<\/a><\/span><\/li>\n<li><span style=\"color: #000000;\"><a style=\"color: #000000;\" href=\"https:\/\/wp.ufpel.edu.br\/geale\/?page_id=2194\">P\u00f3s-gradua\u00e7\u00e3o<\/a><\/span><\/li>\n<li><span style=\"color: #000000;\"><a style=\"color: #000000;\" href=\"https:\/\/wp.ufpel.edu.br\/geale\/?page_id=2197\">Inicia\u00e7\u00e3o Cient\u00edfica<\/a><\/span><\/li>\n<li><span style=\"color: #000000;\"><a style=\"color: #000000;\" href=\"https:\/\/wp.ufpel.edu.br\/geale\/?page_id=2200\">Egressos<\/a><\/span><\/li>\n<\/ul>\n","protected":false},"excerpt":{"rendered":"<p>Nesta p\u00e1gina, est\u00e3o apresentados os membros integrantes da Linha &#8216;Forma\u00e7\u00e3o docente e pr\u00e1ticas de alfabetiza\u00e7\u00e3o&#8217;, acompanhados de uma breve descri\u00e7\u00e3o de seu perfil profissional\/acad\u00eamico, al\u00e9m do respectivo link para o curr\u00edculo Lattes. Pesquisadores Colaboradores P\u00f3s-gradua\u00e7\u00e3o Inicia\u00e7\u00e3o Cient\u00edfica Egressos<\/p>\n","protected":false},"author":72,"featured_media":0,"parent":19,"menu_order":3,"comment_status":"closed","ping_status":"closed","template":"","meta":{"footnotes":""},"class_list":["post-2175","page","type-page","status-publish","hentry"],"_links":{"self":[{"href":"https:\/\/wp.ufpel.edu.br\/geale\/wp-json\/wp\/v2\/pages\/2175","targetHints":{"allow":["GET"]}}],"collection":[{"href":"https:\/\/wp.ufpel.edu.br\/geale\/wp-json\/wp\/v2\/pages"}],"about":[{"href":"https:\/\/wp.ufpel.edu.br\/geale\/wp-json\/wp\/v2\/types\/page"}],"author":[{"embeddable":true,"href":"https:\/\/wp.ufpel.edu.br\/geale\/wp-json\/wp\/v2\/users\/72"}],"replies":[{"embeddable":true,"href":"https:\/\/wp.ufpel.edu.br\/geale\/wp-json\/wp\/v2\/comments?post=2175"}],"version-history":[{"count":6,"href":"https:\/\/wp.ufpel.edu.br\/geale\/wp-json\/wp\/v2\/pages\/2175\/revisions"}],"predecessor-version":[{"id":2316,"href":"https:\/\/wp.ufpel.edu.br\/geale\/wp-json\/wp\/v2\/pages\/2175\/revisions\/2316"}],"up":[{"embeddable":true,"href":"https:\/\/wp.ufpel.edu.br\/geale\/wp-json\/wp\/v2\/pages\/19"}],"wp:attachment":[{"href":"https:\/\/wp.ufpel.edu.br\/geale\/wp-json\/wp\/v2\/media?parent=2175"}],"curies":[{"name":"wp","href":"https:\/\/api.w.org\/{rel}","templated":true}]}}