{"id":19,"date":"2010-10-30T20:29:25","date_gmt":"2010-10-30T23:29:25","guid":{"rendered":"https:\/\/wp.ufpel.edu.br\/geale\/"},"modified":"2024-02-06T10:07:51","modified_gmt":"2024-02-06T13:07:51","slug":"equipe","status":"publish","type":"page","link":"https:\/\/wp.ufpel.edu.br\/geale\/equipe\/","title":{"rendered":"Equipe"},"content":{"rendered":"<p style=\"text-align: justify;\"><span style=\"color: #000000;\">Nesta p\u00e1gina, est\u00e3o apresentados os coordenadores das duas linhas de pesquisa do GEALE, assim como os membros integrantes de cada uma delas, acompanhados de uma breve descri\u00e7\u00e3o de seu perfil profissional\/acad\u00eamico, al\u00e9m do respectivo link para o curr\u00edculo Lattes.<\/span><\/p>\n<p><span style=\"color: #000000;\"><a style=\"color: #000000;\" href=\"https:\/\/wp.ufpel.edu.br\/geale\/?page_id=1387\">Coordena\u00e7\u00e3o<\/a><\/span><\/p>\n<p><span style=\"color: #000000;\"><strong>Linha &#8216;Aquisi\u00e7\u00e3o da escrita&#8217;<br \/>\n<\/strong><\/span><\/p>\n<ul>\n<li><span style=\"color: #000000;\"><span style=\"color: #000000;\"><span style=\"color: #000000;\"><span style=\"color: #000000;\"><a style=\"color: #000000;\" href=\"https:\/\/wp.ufpel.edu.br\/geale\/?page_id=1391\">Pesquisadores<\/a><br \/>\n<\/span><\/span><\/span><\/span><\/li>\n<li><a style=\"color: #000000;\" href=\"https:\/\/wp.ufpel.edu.br\/geale\/?page_id=1394\">Colaboradores<\/a><\/li>\n<li><a style=\"color: #000000;\" href=\"https:\/\/wp.ufpel.edu.br\/geale\/?page_id=1397\">P\u00f3s-gradua\u00e7\u00e3o<\/a><\/li>\n<li><a style=\"color: #000000;\" href=\"https:\/\/wp.ufpel.edu.br\/geale\/?page_id=1400\">Inicia\u00e7\u00e3o Cient\u00edfica<\/a><\/li>\n<li><a style=\"color: #000000;\" href=\"https:\/\/wp.ufpel.edu.br\/geale\/?page_id=1404\">Egressos<\/a><\/li>\n<\/ul>\n<p><span style=\"color: #000000;\"><strong>Linha &#8216;Forma\u00e7\u00e3o docente e pr\u00e1ticas de alfabetiza\u00e7\u00e3o&#8217;<\/strong><\/span><\/p>\n<ul>\n<li><a style=\"color: #000000;\" href=\"https:\/\/wp.ufpel.edu.br\/geale\/?page_id=2188\">Pesquisadores<\/a><\/li>\n<li><span style=\"color: #000000;\"><span style=\"color: #000000;\"><span style=\"color: #000000;\"><a style=\"color: #000000;\" href=\"https:\/\/wp.ufpel.edu.br\/geale\/?page_id=2191\">Colaboradores<\/a><br \/>\n<\/span><\/span><\/span><\/li>\n<li><span style=\"color: #000000;\"><span style=\"color: #000000;\"><span style=\"color: #000000;\"><span style=\"color: #000000;\"><a style=\"color: #000000;\" href=\"https:\/\/wp.ufpel.edu.br\/geale\/?page_id=2194\">P\u00f3s-gradua\u00e7\u00e3o<\/a><br \/>\n<\/span><\/span><\/span><\/span><\/li>\n<li><span style=\"color: #000000;\"><span style=\"color: #000000;\"><span style=\"color: #000000;\"><span style=\"color: #000000;\"><a style=\"color: #000000;\" href=\"https:\/\/wp.ufpel.edu.br\/geale\/?page_id=2197\">Inicia\u00e7\u00e3o Cient\u00edfica<\/a><br \/>\n<\/span><\/span><\/span><\/span><\/li>\n<li><a style=\"color: #000000;\" href=\"https:\/\/wp.ufpel.edu.br\/geale\/?page_id=2200\">Egressos<\/a><\/li>\n<\/ul>\n","protected":false},"excerpt":{"rendered":"<p>Nesta p\u00e1gina, est\u00e3o apresentados os coordenadores das duas linhas de pesquisa do GEALE, assim como os membros integrantes de cada uma delas, acompanhados de uma breve descri\u00e7\u00e3o de seu perfil profissional\/acad\u00eamico, al\u00e9m do respectivo link para o curr\u00edculo Lattes. Coordena\u00e7\u00e3o &hellip; <a href=\"https:\/\/wp.ufpel.edu.br\/geale\/equipe\/\">Continue lendo <span class=\"meta-nav\">&rarr;<\/span><\/a><\/p>\n","protected":false},"author":72,"featured_media":0,"parent":0,"menu_order":0,"comment_status":"closed","ping_status":"closed","template":"","meta":{"footnotes":""},"class_list":["post-19","page","type-page","status-publish","hentry"],"_links":{"self":[{"href":"https:\/\/wp.ufpel.edu.br\/geale\/wp-json\/wp\/v2\/pages\/19","targetHints":{"allow":["GET"]}}],"collection":[{"href":"https:\/\/wp.ufpel.edu.br\/geale\/wp-json\/wp\/v2\/pages"}],"about":[{"href":"https:\/\/wp.ufpel.edu.br\/geale\/wp-json\/wp\/v2\/types\/page"}],"author":[{"embeddable":true,"href":"https:\/\/wp.ufpel.edu.br\/geale\/wp-json\/wp\/v2\/users\/72"}],"replies":[{"embeddable":true,"href":"https:\/\/wp.ufpel.edu.br\/geale\/wp-json\/wp\/v2\/comments?post=19"}],"version-history":[{"count":180,"href":"https:\/\/wp.ufpel.edu.br\/geale\/wp-json\/wp\/v2\/pages\/19\/revisions"}],"predecessor-version":[{"id":2300,"href":"https:\/\/wp.ufpel.edu.br\/geale\/wp-json\/wp\/v2\/pages\/19\/revisions\/2300"}],"wp:attachment":[{"href":"https:\/\/wp.ufpel.edu.br\/geale\/wp-json\/wp\/v2\/media?parent=19"}],"curies":[{"name":"wp","href":"https:\/\/api.w.org\/{rel}","templated":true}]}}