{"id":1428,"date":"2019-10-09T09:34:38","date_gmt":"2019-10-09T12:34:38","guid":{"rendered":"https:\/\/wp.ufpel.edu.br\/geale\/?page_id=1428"},"modified":"2025-06-03T10:51:01","modified_gmt":"2025-06-03T13:51:01","slug":"livros","status":"publish","type":"page","link":"https:\/\/wp.ufpel.edu.br\/geale\/publicacoes\/livros\/","title":{"rendered":"Livros"},"content":{"rendered":"<p style=\"text-align: justify;\"><strong><span style=\"color: #000000;\">2020<br \/>\n<a href=\"https:\/\/wp.ufpel.edu.br\/geale\/files\/2021\/05\/Estudos-sobre-aquisicao-da-Escrita-formacao-docente-e-praticas-de-alfabetizacao-LIVRO.png\"><img loading=\"lazy\" decoding=\"async\" class=\"alignleft wp-image-1845 \" src=\"https:\/\/wp.ufpel.edu.br\/geale\/files\/2021\/05\/Estudos-sobre-aquisicao-da-Escrita-formacao-docente-e-praticas-de-alfabetizacao-LIVRO-208x300.png\" alt=\"\" width=\"96\" height=\"138\" srcset=\"https:\/\/wp.ufpel.edu.br\/geale\/files\/2021\/05\/Estudos-sobre-aquisicao-da-Escrita-formacao-docente-e-praticas-de-alfabetizacao-LIVRO-208x300.png 208w, https:\/\/wp.ufpel.edu.br\/geale\/files\/2021\/05\/Estudos-sobre-aquisicao-da-Escrita-formacao-docente-e-praticas-de-alfabetizacao-LIVRO-711x1024.png 711w, https:\/\/wp.ufpel.edu.br\/geale\/files\/2021\/05\/Estudos-sobre-aquisicao-da-Escrita-formacao-docente-e-praticas-de-alfabetizacao-LIVRO-768x1106.png 768w, https:\/\/wp.ufpel.edu.br\/geale\/files\/2021\/05\/Estudos-sobre-aquisicao-da-Escrita-formacao-docente-e-praticas-de-alfabetizacao-LIVRO.png 850w\" sizes=\"auto, (max-width: 96px) 100vw, 96px\" \/><\/a><\/span><\/strong><br \/>\n<span style=\"color: #000000;\"><a style=\"color: #000000;\" href=\"http:\/\/lattes.cnpq.br\/7467574585513397\">N\u00d6RNBERG, M.<\/a><\/span>; <a class=\"tooltip\" style=\"color: #000000;\" href=\"http:\/\/lattes.cnpq.br\/0527978296523584\" target=\"_blank\" rel=\"noopener noreferrer\">PACHALSKI, L.<\/a><a style=\"color: #000000;\" href=\"http:\/\/lattes.cnpq.br\/5342617922616660\">; MIRANDA, A. R. M.<\/a>; <b><a style=\"color: #000000;\" href=\"http:\/\/oikoseditora.com.br\/obra\/index\/id\/1069\">Estudos sobre Aquisi\u00e7\u00e3o da Escrita, Forma\u00e7\u00e3o docente e Pr\u00e1ticas de Alfabetiza\u00e7\u00e3o<\/a> <\/b><span style=\"color: #000000;\">[recurso eletr\u00f4nico]. 2\u00aa ed. S\u00e3o Leopoldo: Oikos, 2020, 281p.<\/span><\/p>\n<p>&nbsp;<\/p>\n<p>&nbsp;<\/p>\n<p style=\"text-align: justify;\"><span style=\"color: #000000;\"><strong>2018<br \/>\n<a href=\"https:\/\/wp.ufpel.edu.br\/geale\/files\/2021\/05\/Docencia-e-planejamento-acao-pedagogica-no-ciclo-de-alfabetizacao-LIVRO.jpg\"><img loading=\"lazy\" decoding=\"async\" class=\"alignleft wp-image-1846 \" src=\"https:\/\/wp.ufpel.edu.br\/geale\/files\/2021\/05\/Docencia-e-planejamento-acao-pedagogica-no-ciclo-de-alfabetizacao-LIVRO-202x300.jpg\" alt=\"\" width=\"96\" height=\"143\" srcset=\"https:\/\/wp.ufpel.edu.br\/geale\/files\/2021\/05\/Docencia-e-planejamento-acao-pedagogica-no-ciclo-de-alfabetizacao-LIVRO-202x300.jpg 202w, https:\/\/wp.ufpel.edu.br\/geale\/files\/2021\/05\/Docencia-e-planejamento-acao-pedagogica-no-ciclo-de-alfabetizacao-LIVRO.jpg 488w\" sizes=\"auto, (max-width: 96px) 100vw, 96px\" \/><\/a><br \/>\n<\/strong><\/span><span style=\"color: #000000;\"><a style=\"color: #000000;\" href=\"http:\/\/lattes.cnpq.br\/7467574585513397\">N\u00d6RNBERG, M.<\/a>; <a style=\"color: #000000;\" href=\"http:\/\/lattes.cnpq.br\/5342617922616660\">MIRANDA, A. R. M.<\/a>; <a style=\"color: #000000;\" href=\"http:\/\/buscatextual.cnpq.br\/buscatextual\/visualizacv.do?id=K4772218D3\">PORTO, G. C.<\/a> (Orgs.). <strong><a style=\"color: #000000;\" href=\"https:\/\/wp.ufpel.edu.br\/obeducpacto\/2018\/05\/e-book-disponivel-colecao-pnaic-ufpel-vol-4-docencia-e-planejamento-acao-pedagogica-no-ciclo-de-alfabetizacao\/\">Doc\u00eancia e planejamento: <\/a><\/strong><a style=\"color: #000000;\" href=\"https:\/\/wp.ufpel.edu.br\/obeducpacto\/2018\/05\/e-book-disponivel-colecao-pnaic-ufpel-vol-4-docencia-e-planejamento-acao-pedagogica-no-ciclo-de-alfabetizacao\/\">a\u00e7\u00e3o pedag\u00f3gica no ciclo de alfabetiza\u00e7\u00e3o<\/a>. 1\u00aa ed. Porto Alegre: Evangraf, 2018, v. 4, 352p.<\/span><\/p>\n<p>&nbsp;<\/p>\n<p style=\"text-align: justify;\"><span style=\"color: #000000;\"><a href=\"https:\/\/wp.ufpel.edu.br\/geale\/files\/2021\/05\/Oficinas-de-producao-textual-pesquisa-e-ensino-nos-anos-iniciais-LIVRO.jpg\"><img loading=\"lazy\" decoding=\"async\" class=\"alignleft wp-image-1847 \" src=\"https:\/\/wp.ufpel.edu.br\/geale\/files\/2021\/05\/Oficinas-de-producao-textual-pesquisa-e-ensino-nos-anos-iniciais-LIVRO-300x300.jpg\" alt=\"\" width=\"105\" height=\"105\" srcset=\"https:\/\/wp.ufpel.edu.br\/geale\/files\/2021\/05\/Oficinas-de-producao-textual-pesquisa-e-ensino-nos-anos-iniciais-LIVRO-300x300.jpg 300w, https:\/\/wp.ufpel.edu.br\/geale\/files\/2021\/05\/Oficinas-de-producao-textual-pesquisa-e-ensino-nos-anos-iniciais-LIVRO-150x150.jpg 150w, https:\/\/wp.ufpel.edu.br\/geale\/files\/2021\/05\/Oficinas-de-producao-textual-pesquisa-e-ensino-nos-anos-iniciais-LIVRO.jpg 500w\" sizes=\"auto, (max-width: 105px) 100vw, 105px\" \/><\/a><br \/>\n<a class=\"tooltip\" style=\"color: #000000;\" href=\"http:\/\/lattes.cnpq.br\/7467574585513397\" target=\"_blank\" rel=\"noopener noreferrer\">N\u00d6RNBERG, M.<\/a>\u00a0;\u00a0<a class=\"tooltip\" style=\"color: #000000;\" href=\"http:\/\/lattes.cnpq.br\/0527978296523584\" target=\"_blank\" rel=\"noopener noreferrer\">PACHALSKI, L.<\/a>;\u00a0<a class=\"tooltip\" style=\"color: #000000;\" href=\"http:\/\/lattes.cnpq.br\/0533357400304652\" target=\"_blank\" rel=\"noopener noreferrer\">SOUTO, L. K.<\/a>;\u00a0<a class=\"tooltip\" style=\"color: #000000;\" title=\"Clique para visualizar o curr\u00edculo\" href=\"http:\/\/lattes.cnpq.br\/0872088119151140\" target=\"_blank\" rel=\"noopener noreferrer\">J\u00c4GER, J. J.<\/a>;\u00a0<a class=\"tooltip\" style=\"color: #000000;\" title=\"Clique para visualizar o curr\u00edculo\" href=\"http:\/\/lattes.cnpq.br\/5342617922616660\" target=\"_blank\" rel=\"noopener noreferrer\">MIRANDA, A. R. M<\/a>. <a style=\"color: #000000;\" href=\"https:\/\/wp.ufpel.edu.br\/obeducpacto\/2018\/07\/e-book-disponivel-oficinas-de-producao-textual-pesquisa-e-ensino-nos-anos-iniciais\/\"><strong>Oficinas de produ\u00e7\u00e3o textual:<\/strong> pesquisa e ensino nos anos iniciais.<\/a> 1\u00aa ed. S\u00e3o Leopoldo: Oikos, 2018, v. 3. 91p.<\/span><\/p>\n<p>&nbsp;<\/p>\n<p style=\"text-align: justify;\"><strong><span style=\"color: #000000;\"><br \/>\n2017<br \/>\n<\/span><\/strong><img loading=\"lazy\" decoding=\"async\" class=\"wp-image-1843 alignleft\" style=\"font-size: 16px;\" src=\"https:\/\/wp.ufpel.edu.br\/geale\/files\/2021\/05\/Estudos-sobre-aquisicao-da-Linguagem-Escrita-LIVRO.png\" alt=\"\" width=\"97\" height=\"136\" \/><\/p>\n<p style=\"text-align: justify;\"><span style=\"color: #000000;\"><a style=\"color: #000000;\" href=\"http:\/\/lattes.cnpq.br\/5342617922616660\">MIRANDA, A. R. M.<\/a>; <a style=\"color: #000000;\" href=\"http:\/\/buscatextual.cnpq.br\/buscatextual\/visualizacv.do?id=K4750471H2\">CUNHA, A. P. N<span style=\"color: #000000;\">.;<\/span><\/a> <a style=\"color: #000000;\" href=\"http:\/\/lattes.cnpq.br\/8926016516397508\">DONICHT, G<\/a>. <b><a style=\"color: #000000;\" href=\"https:\/\/guaiaca.ufpel.edu.br\/handle\/prefix\/4391\">Estudos sobre Aquisi\u00e7\u00e3o da Linguagem Escrita<\/a><\/b><\/span><span style=\"color: #000000;\"><span style=\"font-weight: 400;\"><span style=\"color: #000000;\">\u00a01\u00aa ed. Pelotas: Editora da UFPel, <\/span><\/span><\/span><span style=\"color: #000000;\"><span style=\"font-weight: 400;\"><span style=\"color: #000000;\">2017, 424p.\u00a0<\/span><\/span><\/span><\/p>\n","protected":false},"excerpt":{"rendered":"<p>2020 N\u00d6RNBERG, M.; PACHALSKI, L.; MIRANDA, A. R. M.; Estudos sobre Aquisi\u00e7\u00e3o da Escrita, Forma\u00e7\u00e3o docente e Pr\u00e1ticas de Alfabetiza\u00e7\u00e3o [recurso eletr\u00f4nico]. 2\u00aa ed. S\u00e3o Leopoldo: Oikos, 2020, 281p. &nbsp; &nbsp; 2018 N\u00d6RNBERG, M.; MIRANDA, A. R. M.; PORTO, G. &hellip; <a href=\"https:\/\/wp.ufpel.edu.br\/geale\/publicacoes\/livros\/\">Continue lendo <span class=\"meta-nav\">&rarr;<\/span><\/a><\/p>\n","protected":false},"author":72,"featured_media":0,"parent":29,"menu_order":1,"comment_status":"closed","ping_status":"closed","template":"","meta":{"footnotes":""},"class_list":["post-1428","page","type-page","status-publish","hentry"],"_links":{"self":[{"href":"https:\/\/wp.ufpel.edu.br\/geale\/wp-json\/wp\/v2\/pages\/1428","targetHints":{"allow":["GET"]}}],"collection":[{"href":"https:\/\/wp.ufpel.edu.br\/geale\/wp-json\/wp\/v2\/pages"}],"about":[{"href":"https:\/\/wp.ufpel.edu.br\/geale\/wp-json\/wp\/v2\/types\/page"}],"author":[{"embeddable":true,"href":"https:\/\/wp.ufpel.edu.br\/geale\/wp-json\/wp\/v2\/users\/72"}],"replies":[{"embeddable":true,"href":"https:\/\/wp.ufpel.edu.br\/geale\/wp-json\/wp\/v2\/comments?post=1428"}],"version-history":[{"count":14,"href":"https:\/\/wp.ufpel.edu.br\/geale\/wp-json\/wp\/v2\/pages\/1428\/revisions"}],"predecessor-version":[{"id":2436,"href":"https:\/\/wp.ufpel.edu.br\/geale\/wp-json\/wp\/v2\/pages\/1428\/revisions\/2436"}],"up":[{"embeddable":true,"href":"https:\/\/wp.ufpel.edu.br\/geale\/wp-json\/wp\/v2\/pages\/29"}],"wp:attachment":[{"href":"https:\/\/wp.ufpel.edu.br\/geale\/wp-json\/wp\/v2\/media?parent=1428"}],"curies":[{"name":"wp","href":"https:\/\/api.w.org\/{rel}","templated":true}]}}