{"id":1417,"date":"2019-09-30T10:07:36","date_gmt":"2019-09-30T13:07:36","guid":{"rendered":"https:\/\/wp.ufpel.edu.br\/geale\/?page_id=1417"},"modified":"2025-07-22T10:50:37","modified_gmt":"2025-07-22T13:50:37","slug":"processos-seletivos","status":"publish","type":"page","link":"https:\/\/wp.ufpel.edu.br\/geale\/processos-seletivos\/","title":{"rendered":"Processos seletivos"},"content":{"rendered":"<p style=\"text-align: justify;\"><span style=\"color: #000000;\"><strong><span style=\"background-color: #ccffcc;\">2025<\/span><\/strong><\/span><\/p>\n<p><span style=\"color: #000000;\">\u2192 Julho\/Agosto<\/span><\/p>\n<p><span style=\"color: #000000;\"><a style=\"color: #000000;\" href=\"https:\/\/drive.google.com\/file\/d\/1ExlOlveBgaKtngj4PK3DMukbYg5P_FRB\/view?usp=sharing\"><b>Edital de sele\u00e7\u00e3o de Bolsista de Inicia\u00e7\u00e3o Cient\u00edfica (PBIP-AF-UFPel) \u2013 julho-agosto\/2025<\/b><\/a><\/span><\/p>\n<p><span style=\"color: #000000;\">\u2192 Abril<\/span><\/p>\n<p><span style=\"color: #000000;\"><a style=\"color: #000000;\" href=\"https:\/\/1drv.ms\/b\/c\/2d1ebe99a58e90f5\/EZ_dOvZakupGoST0PlT3WSwBNfhIAw0otfDnsatElJi4ug?e=9jPZNW\"><b>Edital de sele\u00e7\u00e3o de Bolsista de Inicia\u00e7\u00e3o Cient\u00edfica (PBIP-AF-UFPel) \u2013 abril\/2025<\/b><\/a><\/span><\/p>\n<p style=\"text-align: justify;\"><span style=\"color: #000000;\"><strong><span style=\"background-color: #ccffcc;\">2024<\/span><\/strong><\/span><\/p>\n<p><span style=\"color: #000000;\">\u2192 Abril<\/span><\/p>\n<p style=\"text-align: justify;\"><span style=\"color: #000000;\"><strong><a style=\"color: #000000;\" href=\"https:\/\/1drv.ms\/b\/c\/3e76cd53d42d1b99\/EXaWHE-PdulAqbUpUHLx-u4BtkodzcmWivunulw6rrUxXg?e=FxpkZG\">Edital de sele\u00e7\u00e3o de Bolsista de Inicia\u00e7\u00e3o \u00e0 Extens\u00e3o e Cultura\u00a0 \u00a0(PBA\/Extens\u00e3o\/PREC) &#8211; abril\/2024<\/a><\/strong><\/span><\/p>\n<p style=\"text-align: justify;\"><span style=\"color: #000000;\"><strong><span style=\"background-color: #ccffcc;\">2022<\/span><\/strong><\/span><\/p>\n<p style=\"text-align: justify;\"><span style=\"color: #000000;\">\u2192 Agosto<br \/>\n<a style=\"color: #000000;\" href=\"https:\/\/1drv.ms\/b\/s!AvWQjqWZvh4t8WhexIuVTwII0V0N\"><strong>Resultado da sele\u00e7\u00e3o de Bolsista de Inicia\u00e7\u00e3o Cient\u00edfica (PIBIC-CNPq) \u2013 agosto\/2022<\/strong><\/a><\/span><\/p>\n<p style=\"text-align: justify;\"><span style=\"color: #000000;\"><a style=\"color: #000000;\" href=\"https:\/\/1drv.ms\/b\/s!AvWQjqWZvh4t8V9Ug8kphrPd8meq\"><strong>Edital de Sele\u00e7\u00e3o de Bolsista de Inicia\u00e7\u00e3o Cient\u00edfica (PIBIC-CNPq) \u2013 agosto\/2022<\/strong><\/a><\/span><\/p>\n<p style=\"text-align: justify;\"><span style=\"color: #000000;\">\u2192 Julho<br \/>\n<a style=\"color: #000000;\" href=\"https:\/\/drive.google.com\/file\/d\/1DbMbvnznkYx1x2boOZJLVba52dLjexfY\/view?usp=sharing\"><strong>Resultado da sele\u00e7\u00e3o de Bolsista de Inicia\u00e7\u00e3o Cient\u00edfica (PBIP-AF-UFPel) \u2013 julho-agosto\/2022<\/strong><\/a><\/span><\/p>\n<p style=\"text-align: justify;\"><span style=\"color: #000000;\"><a style=\"color: #000000;\" href=\"https:\/\/1drv.ms\/b\/s!AvWQjqWZvh4tlHdQSW48GogHByxl\"><strong>EDITAL DE RETIFICA\u00c7\u00c3O! Sele\u00e7\u00e3o de Bolsista de Inicia\u00e7\u00e3o Cient\u00edfica (PBIP-AF-UFPel) \u2013 julho\/2022<\/strong><\/a><\/span><\/p>\n<p style=\"text-align: justify;\"><span style=\"color: #000000;\"><a style=\"color: #000000;\" href=\"https:\/\/1drv.ms\/b\/s!AvWQjqWZvh4tlGHOMQihfYH8cPgc\"><strong>Edital de Sele\u00e7\u00e3o de Bolsista de Inicia\u00e7\u00e3o Cient\u00edfica (PBIP-AF-UFPel) \u2013 julho\/2022<\/strong> <\/a><\/span><\/p>\n<p style=\"text-align: justify;\"><span style=\"color: #000000;\"><strong><br \/>\n<span style=\"background-color: #ccffcc;\">2019<\/span><\/strong><\/span><br \/>\n<span style=\"color: #000000;\"><a style=\"color: #000000;\" href=\"https:\/\/drive.google.com\/file\/d\/1x1Sa7Pr8p5tcVQrPTlOVrUWrnXBw_GoA\/view?usp=sharing\"><strong>Resultado da sele\u00e7\u00e3o de Bolsista de Inicia\u00e7\u00e3o Cient\u00edfica (PIBIC-CNPq) \u2013 outubro\/2019<\/strong><\/a><\/span><\/p>\n<p style=\"text-align: justify;\"><span style=\"color: #000000;\"><a style=\"color: #000000;\" href=\"https:\/\/drive.google.com\/file\/d\/1or2-OikAKl1i3IgbrQFZo9mbFhqPFa-4\/view?usp=sharing\"><strong>Edital de Sele\u00e7\u00e3o de Bolsista de Inicia\u00e7\u00e3o Cient\u00edfica (PIBIC-CNPq) \u2013 outubro\/2019<\/strong><\/a><\/span><\/p>\n","protected":false},"excerpt":{"rendered":"<p>2025 \u2192 Julho\/Agosto Edital de sele\u00e7\u00e3o de Bolsista de Inicia\u00e7\u00e3o Cient\u00edfica (PBIP-AF-UFPel) \u2013 julho-agosto\/2025 \u2192 Abril Edital de sele\u00e7\u00e3o de Bolsista de Inicia\u00e7\u00e3o Cient\u00edfica (PBIP-AF-UFPel) \u2013 abril\/2025 2024 \u2192 Abril Edital de sele\u00e7\u00e3o de Bolsista de Inicia\u00e7\u00e3o \u00e0 Extens\u00e3o e &hellip; <a href=\"https:\/\/wp.ufpel.edu.br\/geale\/processos-seletivos\/\">Continue lendo <span class=\"meta-nav\">&rarr;<\/span><\/a><\/p>\n","protected":false},"author":72,"featured_media":0,"parent":0,"menu_order":5,"comment_status":"closed","ping_status":"closed","template":"","meta":{"footnotes":""},"class_list":["post-1417","page","type-page","status-publish","hentry"],"_links":{"self":[{"href":"https:\/\/wp.ufpel.edu.br\/geale\/wp-json\/wp\/v2\/pages\/1417","targetHints":{"allow":["GET"]}}],"collection":[{"href":"https:\/\/wp.ufpel.edu.br\/geale\/wp-json\/wp\/v2\/pages"}],"about":[{"href":"https:\/\/wp.ufpel.edu.br\/geale\/wp-json\/wp\/v2\/types\/page"}],"author":[{"embeddable":true,"href":"https:\/\/wp.ufpel.edu.br\/geale\/wp-json\/wp\/v2\/users\/72"}],"replies":[{"embeddable":true,"href":"https:\/\/wp.ufpel.edu.br\/geale\/wp-json\/wp\/v2\/comments?post=1417"}],"version-history":[{"count":22,"href":"https:\/\/wp.ufpel.edu.br\/geale\/wp-json\/wp\/v2\/pages\/1417\/revisions"}],"predecessor-version":[{"id":2439,"href":"https:\/\/wp.ufpel.edu.br\/geale\/wp-json\/wp\/v2\/pages\/1417\/revisions\/2439"}],"wp:attachment":[{"href":"https:\/\/wp.ufpel.edu.br\/geale\/wp-json\/wp\/v2\/media?parent=1417"}],"curies":[{"name":"wp","href":"https:\/\/api.w.org\/{rel}","templated":true}]}}