{"id":1404,"date":"2019-07-22T20:31:09","date_gmt":"2019-07-22T23:31:09","guid":{"rendered":"https:\/\/wp.ufpel.edu.br\/geale\/?page_id=1404"},"modified":"2025-12-11T10:05:23","modified_gmt":"2025-12-11T13:05:23","slug":"egressos","status":"publish","type":"page","link":"https:\/\/wp.ufpel.edu.br\/geale\/equipe\/linha-aquisicao\/egressos\/","title":{"rendered":"Egressos"},"content":{"rendered":"<p><span style=\"color: #000000;\"><a style=\"color: #000000;\" href=\"http:\/\/buscatextual.cnpq.br\/buscatextual\/visualizacv.do?id=K8142472Z3\"><strong><span style=\"color: #000000;\">Alessandra Duarte Matoso\u00a0<\/span><\/strong><\/a>\u2013 Inicia\u00e7\u00e3o Cient\u00edfica<\/span><\/p>\n<p><span style=\"color: #000000;\"><a style=\"color: #000000;\" href=\"http:\/\/buscatextual.cnpq.br\/buscatextual\/visualizacv.do?id=K8212854Z4\"><strong>Alessandra Steilmann\u00a0<\/strong><\/a>\u2013 Inicia\u00e7\u00e3o Cient\u00edfica<\/span><\/p>\n<p><span style=\"color: #000000;\"><a style=\"color: #000000;\" href=\"http:\/\/buscatextual.cnpq.br\/buscatextual\/visualizacv.do?id=K4431840Z9\"><strong>Alexandra Alves Brandt <\/strong><\/a>\u2013 Inicia\u00e7\u00e3o Cient\u00edfica<\/span><\/p>\n<p><span style=\"color: #000000;\"><a style=\"color: #000000;\" href=\"http:\/\/buscatextual.cnpq.br\/buscatextual\/visualizacv.do?id=K4710835P6&amp;tokenCaptchar=03AOLTBLQjjdlGjm3FGVN0lsC8UcY2a4w_rm8bgwOEefn7RehECU_JN0pmXUIW4252t-wl0Sdi3a9iZQh1WBUGFM_nPNAx_CJ2-e26lMs_c70n-HUYqauWINspsvaGmPa7tn5ed7e5U-o1N6pXfUn6BqZrIfWOpLMdX1egIKnB8MC4AsvJDmbfzMPuNVcI_iv4W1YHf10T6Yoq8JpnU05xygllJT9B7uSoBXM2dncYg5Vce-xFtf5hOQAfN0gONAZohQhm_jtDppdDYnG3jfGdTSx731X38LWnlq7x5MwIcMTbbeSLCCJh8ZRbOMQJoV1cZy5Dyj7nieBOVt5nbTRTShZVBoV0VWCR4WZ2s8oB3e29M57GBkkw1sPfBMiPWBGweFplamVVCe7LuIxsM1vZvwBAXVqkGvCzCiQoPGUzTfTio84ytAuBqMILQPJVDLVvEztGVjb-04_Fr2UYXfLe05Li6kuXFFxMOCor3eVuQyT4wxwBOtEo06ZFWFnob6_4ueEWRfkwkVRz\"><strong>Arlete Amaral Corr\u00eaa <\/strong><\/a>\u2013 Mestrado<\/span><\/p>\n<p><span style=\"color: #000000;\"><a style=\"color: #000000;\" href=\"http:\/\/buscatextual.cnpq.br\/buscatextual\/visualizacv.do?id=K4771643D5&amp;tokenCaptchar=03AOLTBLQ7zVQNiuSN9VPYF9Vu4ElvwJ43OyvlCD9ILBlMgWhh5Q-iRkyv1IDBZgF2nZ2ZR7l3YR1tE-xStvAhHVkWI8_esVnCXS75_l9A2vzTSitELc7HaU6y6cY4VFnnlxRL7FVtYl0o8uK79B-Rp0o3BYEsLEd5EtM9dL7G6j0zo52wcLUxHDNp8Zb-oZJSCUU38YIdD2I8ARIIg-Hnp1HaDVZBaqhy8wtRYa_LWJQYTuMncETif8awyRg4tU1e4DCVECN7suHgtX4FE6fsQqBKM1UdDznDgE3Oy6jLZ5Z0zYUAqjud8Dl6YCBVaohGkulxEN1xmSZiYM06hhKj2aoq1atSqWqje3TlecD6fhyBBqXkjtLxcc2DL_OMcDZxVoaswylNlZ3kuhPO-8zH123vQCAf0cUt_NuihhnJT0ZBA0WdySJqTPwWkieyhMCkPxxFPFyXhZmdzcIfEQ06wrURDheEOAOJt6Qmvk65fXTUcZc3vOzCTKYUcl_nzHuO5AcJTfX4OYyH\"><strong>Carolina Reis Monteiro <\/strong><\/a>\u2013 Mestrado e Doutorado<\/span><\/p>\n<p><span style=\"color: #000000;\"><a style=\"color: #000000;\" href=\"http:\/\/buscatextual.cnpq.br\/buscatextual\/visualizacv.do?id=K4258754H2\"><strong>Cinara Miranda Lima <\/strong><\/a>\u2013 Inicia\u00e7\u00e3o Cient\u00edfica<\/span><\/p>\n<p><span style=\"color: #000000;\"><strong><a style=\"color: #000000;\" href=\"http:\/\/buscatextual.cnpq.br\/buscatextual\/visualizacv.do?id=K4126034A5&amp;tokenCaptchar=03AOLTBLQkmZoFIcZdpRVn9AvAC-8kACn0fr0NvwFTGO4VDlxltZMEeFcVKbmooDai-XtXrQRXqunrL2lFaU8ICipA4dzoP86cuRfAOM3GqhIQ6DTr6Ra_EukALMCXXjd6VqmHIee-6E42FzRrAQTM_jvKqI5thJuuxs_ZO93T66epgaBNsZ2wy8Za2Q37smyj8i_Am16Qu4D4XDroZ3qI35RUiAUo6EUbjHczOR_-S67qF2eJjBjE5QJ8BwLFhjdsjbg9DFm5KG63ugkm2eHdjn-sOdQbODJRJE8OaaGF01sLOwvnYAIzAzeWU3mCiWI7qLEQuXD-sTtXZHO6VBKX0ABzVJeJVq1H1lzFSb25bcJaxPc3eCxXLnDNzH73CyzJzr8flAl6tMZnJ1WZ_wt6qCYNBbigdNIkVxi6P-m6dy6V00YrkXikY6OyMevfOXZVjwiEa6SePNIgXuztbxe5f6nM1cFQt6yGVKOKW-88UKKEHEzvhNfmkuxjehr-RGdLNS2OZhXwJfqE\">Claudia Pureza Duarte Boessio<\/a>\u00a0<\/strong>\u2013 Mestrado<\/span><\/p>\n<p><span style=\"color: #000000;\"><strong><a style=\"color: #000000;\" href=\"http:\/\/buscatextual.cnpq.br\/buscatextual\/visualizacv.do?id=K4739912A3&amp;tokenCaptchar=03AOLTBLRGLeTJpLHO7S1PQIhRVmYoQHv8Uu18iexOff8hL0s8yz5RAEezC-40kXV1JQEFW0fb9PuWDkisLdemRKzth_9zmCBby_yDO2lG2k86gD-v505A8KIg9rvbEPSlRWlL1gP72paUP3Rz6mnkIXPkyAl2GKyhxatStT_3qij3rjNwYAG1aPQ-3uyvBJ556_zfmdZWOhsPERijbP9xLVofSWyxjwozmZJ2HBEM6QxYykC4Ec4E6if2Ex32WORlKiPBqwHG7V4B_iovfOCwodcXGD1viXwB0uFLWen_iKkf5_AGFQ-6iDft2DfhzXYEYWRZvwBMKwCUNDTpoPVRZ6tsfGj-izDumLSp3TmdCqvgLA0M5ywgEA1QR2TNDA4SI9PuFiyTBczwxt_-Z_enQSDNLsFzezXAMw5wqVFDGw0ael_BzcqjVE3CTtSUMpUGY24LaYK92XlICXJB2KQK8OMyoK84rpM60KbaIiR_sZGwmZGwwHuxxxXhpspdfspEwOvJHGipmzoT\">Claudia Regina Minossi Rombaldi<\/a>\u00a0<\/strong>\u2013 Mestrado e Doutorado<\/span><\/p>\n<p><span style=\"color: #000000;\"><a style=\"color: #000000;\" href=\"http:\/\/buscatextual.cnpq.br\/buscatextual\/visualizacv.do?id=K4253152A4&amp;tokenCaptchar=03AOLTBLSmCMwFY5w86g0vmN4TNMeE6AP4hwhjgfl4fi23TBbwStFPT3wCiJOqrh8Us_Kf35h7hmISFB1STY2aDI8hBbPOdAQJXI8aTpQdp2GIGTqFpnhofnqudAv4R4Ct2tcq9Ly_qlxmr0pfv82QakqmeulrYwg2cjZOcblyYxK1HcQvaWFH0atdOLzhzyw77Ryr--DxWFKi4AtTqWs3BSGJy4ahjwrB_iOypiN5_FFzeOTxPAa6fJT2Jxmi0SXL_LxfROGM4cc3sNVEsV9CEnZoqLG1ypxobhFfweRAbyYtQeFu0fwhEwOToScOeup1uD4TFJZJDESikbZZxtdgRuXDTDFbQiF36Cpfabv3wg4-VCMG9ElJ-XpGMt35LsniUHNibHy84l3COOVFOBIPqu3pG18NIrt6or4lLKo_gxjFS3fur7XV9FnKvsrpSyea_RA370vGplNw_fevBUtFx8pJvYj76NrL3nSCpMDHjTN1JPOmkrEuf-WBOqbTzafBPlH24are0U4K\"><strong>Claudia Susana Dias Crespi de Campos <\/strong><\/a>\u2013 Mestrado<\/span><\/p>\n<p><span style=\"color: #000000;\"><a style=\"color: #000000;\" href=\"http:\/\/buscatextual.cnpq.br\/buscatextual\/visualizacv.do?id=K4389666T6&amp;tokenCaptchar=03AOLTBLQ2soy45SdDgcbDmMyeRm_rHRDDQvJo0oZQY3VjwwCHJhfM5SrPKZs0aNFFRkVX-1BebgGFw19hqwiRjQw4uOc6wfcrG_rE8_KeMruJYCeayFyc0kdZrhUyFUH8tF1lSlq0GLo27HyMSqu1E1W7oQzu-Vd3mUX969kWfN8-qaMj1kc60zk8Pbai2_YSQW1iF8ZKTcMKz_gcYpAKIrqhiIyXLyEMxO1ccFQQ2SMTxwtKbQLdCDYTVLnvsaXLpJN49xfjnjLOhUfWjoL-1PAxASQvKwZQE2DHAiU4uY4wysR6Hg--yZoO9a3Cq-HFId3OiYtu6Fq2vgnmX0Eo6hlNykkEzCeP4ad9V-JqNBZGeBtZHYC8Oc0dybV9c25POlY8ZLQ5bYppg2CRxptVUuEgH6xFCegR5T65bLMp_Pboahudtne_azjLx6FKAWQwIO9KbwFaaqVqZWGw6G-5LDH9RraVXSi5GOUxMoh15hbQF7jv3f_C3V5VT0V7fiIGHvNtuA3lCYdD\"><strong>Cristiane de \u00c1vila Lopes <\/strong><\/a>\u2013 Mestrado<\/span><\/p>\n<p><span style=\"color: #000000;\"><a style=\"color: #000000;\" href=\"http:\/\/buscatextual.cnpq.br\/buscatextual\/visualizacv.do?id=K4691247Z2&amp;tokenCaptchar=03AGdBq24qFN52oJT0OMw7fwpwZkdkRQKm0AkuZVdejFCnEmW1SwM1Vhd-fJ7PYK0c5zDScnb9fJXBJN9hiWxprSmW1pftoEpf5q9zZWFKGEKy3lz33z_3TFQaGjNnsyAfo-446fEsSPJmX28yeDVwt0WVVu0Ic-MO_6bdpQeHH19jWs_ph_Obhvf-DrvWbq8Ks0oI23KGgVE9xRZjiBuQa9J866Jnd-0pP0u7eX8honXrnoA3rycX12p_-iaHLhz6FqzPqIMhnqAgfU_eyMrKG3D5TcJ0PW_B5vB6pXK2asiGp6PPGicYTKEFKMK2mSjJtZ8d3xbBjNr0i3__Rzx_pY_TuaHu4uAdLuP-9Q_gd2ZqmI4LIbyFM6g6HqdYcrP8yA1E5wUorSsuYRuOH_6RVB_gaaEfRyu9i6yKFltjgTiG3bVspkcCULXOipYUcn44m2Jk8av0tdXoibgs3evR46PaNdr7bP3zmw\"><strong>Cristiane dos Santos Oliveira <\/strong><\/a>\u2013 Mestrado<\/span><\/p>\n<p><span style=\"color: #000000;\"><strong><a style=\"color: #000000;\" href=\"http:\/\/buscatextual.cnpq.br\/buscatextual\/visualizacv.do?id=K4264248E1&amp;tokenCaptchar=03AOLTBLTUbJqSJsz3AHXyPWbTQdFA9MBk8DQ6hAJMv5YFdzjvwvvd7mQmR4VTiVts-cvoxZUOn1xTlTXCCPZc5xtoZ5rZY9_8svIMqGRXFuKGXkManA75RECm3kg6eL7rpOQ8yPc_8J2Nn90zaT9DofGxt1VsrOk_ms_I9umLvERfvfZAo1nTbFksug-pvV0RjxJu79WczoKxf5OR5JIVUlVO2qsNqRyyLw8zHVS68_Rkwt3lXaft46D6RyUmkJUFGiTrUlvz864b6ti4iRx1Rk7PVmdDVRgTgC-QemkHORvjIpPw9D6sdOs1lifHfCoFYJ0kygV_pclu_8jDiLUKjCyqGi3KYmCS7teyHVLHKbIIsdt1pA3k-ACdfv0vluSKIaqmHxvXbTdHow8zDcFaC8Ed11CUL_wl356Suq7ijyltZC6RkhD0v2ecYq41240PfgfM2SrwIBMQnERsQJcU7tPq3r-ZSJOYlAhMTM5x5tDtZvMJJ6E3FTdfOmcUEHqi8ZSv-DBZbLm-\">Cristiane Silveira dos Santos<\/a>\u00a0<\/strong>\u2013 Mestrado e Doutorado<\/span><\/p>\n<p><span style=\"color: #000000;\"><a style=\"color: #000000;\" href=\"http:\/\/buscatextual.cnpq.br\/buscatextual\/visualizacv.do?id=K4450697U6\"><strong>Cristiane Rodrigues de Rodrigues<\/strong><\/a> \u2013 Inicia\u00e7\u00e3o Cient\u00edfica<\/span><\/p>\n<p><span style=\"color: #000000;\"><a style=\"color: #000000;\" href=\"http:\/\/buscatextual.cnpq.br\/buscatextual\/visualizacv.do?id=K4138829T7&amp;tokenCaptchar=03AOLTBLT0wJSmlXrdfnrziD1L5R7hC8y85AdYAqsWGPQxbzrF3aodHFJE7n0-WUrYw4bpKb8ovDPKSxrYkG6U1i57fRqnUKrmVv9IjzdIzG5ngxZbjisnModUC1xhtlMqbUP6jhLC5nwtc009F-WxzNYOpmjuCS9Np4YDOp8eVa2gmX18gY3jvZrE_t6Ge5Gv93Rc-AMDpdfPH6mCDs22oE58VviIkZ2K3g-X-cc33KpdMELWbFdPWIe3zH33TOJ48NqntzmC3b8RTDUUEmzjEacKsCAHvba5pTVkyuQbkdZc5MET82IVHWtd3grxg7E61xfG-lTqOC6cG7Gn6R8hDr72dspuM9_aONUWVLknzN-hvmOxwhe-4MRK6OaERcmknQcaZ2ktD_LPo5xuU0xOb-bqGIJEc9R6NSIqXsqgy7deXcxRa_M6WsvvuPDI4Po2kfb9sdFbZ4HY4ukYRzHjR0Muc2AL23CtDZVqoumh0GEZVoJgS0Nvef_DSuTTu5f4XqMeKTS7xIu7\"><strong>Daiani de Jesus Garcia <\/strong><\/a>\u2013 Mestrado<\/span><\/p>\n<p><span style=\"color: #000000;\"><a style=\"color: #000000;\" href=\"http:\/\/buscatextual.cnpq.br\/buscatextual\/visualizacv.do?id=K8821204A6\"><strong>Diandra Donini Fernandes <\/strong><\/a>\u2013 Inicia\u00e7\u00e3o Cient\u00edfica<\/span><\/p>\n<p><span style=\"color: #000000;\"><a style=\"color: #000000;\" href=\"http:\/\/buscatextual.cnpq.br\/buscatextual\/visualizacv.do?id=K8451001H9\"><strong>Diego Domingos Goulart<\/strong><\/a> \u2013 Mestrado<\/span><\/p>\n<p><span style=\"color: #000000;\"><a style=\"color: #000000;\" href=\"http:\/\/lattes.cnpq.br\/0554973077334605\"><strong>Franciele Collovini Tavares <\/strong><\/a>\u2013 Mestrado<\/span><\/p>\n<p><span style=\"color: #000000;\"><a style=\"color: #000000;\" href=\"http:\/\/lattes.cnpq.br\/4143116761685515\"><strong>Gustavo Gabriel Coelho <\/strong><\/a>\u2013 Inicia\u00e7\u00e3o Cient\u00edfica<\/span><\/p>\n<p><span style=\"color: #000000;\"><a style=\"color: #000000;\" href=\"http:\/\/buscatextual.cnpq.br\/buscatextual\/visualizacv.do?id=K4437132A6\"><strong>Graciele Bandeira Cantarelli\u00a0<\/strong><\/a>\u2013 Inicia\u00e7\u00e3o Cient\u00edfica<\/span><\/p>\n<p><span style=\"color: #000000;\"><a style=\"color: #000000;\" href=\"http:\/\/buscatextual.cnpq.br\/buscatextual\/visualizacv.do?id=K4073487J9\"><strong>Jaqueline Costa Rodrigues\u00a0<\/strong><\/a>\u2013 Inicia\u00e7\u00e3o Cient\u00edfica<\/span><\/p>\n<p><span style=\"color: #000000;\"><a style=\"color: #000000;\" href=\"http:\/\/buscatextual.cnpq.br\/buscatextual\/visualizacv.do?id=K4318639A3\"><strong>Isabel de Freitas Vieira Coimbra <\/strong><\/a>\u2013 Inicia\u00e7\u00e3o Cient\u00edfica<\/span><\/p>\n<p><span style=\"color: #000000;\"><strong><a style=\"color: #000000;\" href=\"http:\/\/buscatextual.cnpq.br\/buscatextual\/visualizacv.do?id=K4785531Z2&amp;tokenCaptchar=03AOLTBLQOFkKeCphO_Qjqs7TlCPbaHxCgicMRv8tlap-x_947HXT555WBTcNJofsEsAYrTeOWFPYr4zi-PZccBEPwyoIwCRk_1PkVmXu03AOYT0LVachHOeJcmwW7z28fRiovUOTwO4qkpXq_e-MCJ-JGuiJ5ZX6Biv39-EqWypuVtIMV3JiHSEJ5mQFKRPk7oAH6wO_AT5dfMUFU-wPxYBMJonXXI6g_a9a1FNFMW6al0FWYVe7kZTvthShzRC9Me96NxQNws8dVZ8oYKSg4A3uUzoIN5i1q2ZrppETEllenB1c8jj9vVnN7EcxlB8ImUy12Guf4pooGGkN79WuUDllBjtRyw1vYPI_PDeM4pWK8f8CCBxandv7k7-4bzQ_58gJJZADJBR0HEZJCSqhUrp8dAMnwgmsCo6T4ReUo40FYvF99EcZpxiqKS6P-ZKTOo_BhEfnDThN74OULKmYKM5nNBuRuWo34hF0Z90XF0RJ72t8CiE8mHBXUJfPtbIP3qEb9UF9gWhDh\">Ligia Beskow de Freitas<\/a>\u00a0<\/strong>\u2013 Mestrado<\/span><\/p>\n<p><span style=\"color: #000000;\"><strong><a style=\"color: #000000;\" href=\"http:\/\/buscatextual.cnpq.br\/buscatextual\/visualizacv.do?id=K4203624A4&amp;tokenCaptchar=03AOLTBLR6JGY_Vk2p6iwiEJ198M6rLbO5jKzd08CoxGwiKndr0Z5si5wx6QQYzruoF48zP3uaim7mZ97aZ8zEaVDH20rjnG4rzDzGuxVerhpdH0jsfisdiX-jC46iG2e-W4AJ4zMFT8lCSA8xWsMN-cXG_4U17YTxusmM3sNXk-aQY49E5MH8-oEX4LEZ8i9HS-fhfQ5NZvtL30glrvcGSfrjtFnI_9IG5rCm2tg0duS3HY57H5f4M8sRPd58brlCnTRozDubszAAw53r0fVw2Lg1egVjvsL3aZMAXo0ntO3JUq4Lea6bx_sXc90fvOn6a2US7gLjvXjlyL9OROT8DstE_j_JS32At2DiVGSAxkLRzWNNaPlpEIsYvxHukbYjQv1k-4muoViKUk2XjEVtW_d9rYvVk-2PdSJNDoFP85BFxCqN48igHAWMZsajl1iyVIO_RaSIEw3zeHk9huwOK90suzmrlyMb0LTZ4Irid1qXJFDMn3WmfAIaL5V-BFy5tzjRLCBNUtK6\">Liza Gutierrez<\/a>\u00a0<\/strong>\u2013 Doutorado<\/span><\/p>\n<p><span style=\"color: #000000;\"><strong><a style=\"color: #000000;\" href=\"http:\/\/buscatextual.cnpq.br\/buscatextual\/visualizacv.do?id=K4406675H8\">Luciana Patricia Schumacher Eidelwein<\/a>\u00a0<\/strong>\u2013 Doutorado<\/span><\/p>\n<p><span style=\"color: #000000;\"><a style=\"color: #000000;\" href=\"http:\/\/buscatextual.cnpq.br\/buscatextual\/visualizacv.do?id=K4257677Z6&amp;tokenCaptchar=03AOLTBLTwZIwY9baQfB7Gyo8vwLT3NapKEYtZFbyK8fWrp9yEspoHHWtFIoLft1BuYPIxy4O35cYhjyqa9MmsXgI8oRTVvN5H333en3WHbtI39k3arrpq0fEzjML4Vsc3WrKrEKnDdsm8LPcvFRWCRmPyF8_9kIs8vWwqmrJ7No1SvTeV4bI2aRuKJJNppRoG_ldX0sS76EK2FqQd-ivn7dHDrfaIXXrRczK_GFwaIUF5y8ceOcU1WIPMNe613xhuOHSpTNZwW7RJIPXbBvlgXhPc1JZk-0zno-kxZGplCRcLZmokIyPUiOLRWGlA9T2N5Ljyf_HmfBrosImZinloieiT2BFpHtJBNn5IA07lDuSxuLGbuFeD_e47l0Xheyl83s96NsFr1kOKZerZwfw0X_2m-7B2_dtg1Q2hvi8AOJBYrmEJwsrCyp8tr5BORTuz1CwYfyxa7ori3nXN5AZ8K38nxFIBSKwMMRrjIek6QW8pbmSasayNjHQ4CUn6zfcZ1iqofzsu17qY\"><strong>Luanda Alvariza Gomes Ney\u00a0<\/strong><\/a>\u2013 Mestrado e Doutorado\u00a0<\/span><\/p>\n<p><span style=\"color: #000000;\"><a style=\"color: #000000;\" href=\"http:\/\/buscatextual.cnpq.br\/buscatextual\/visualizacv.do?id=K4249140A6\"><strong>Lu\u00edsa Hernandes Grassi <\/strong><\/a>\u2013 Inicia\u00e7\u00e3o Cient\u00edfica<\/span><\/p>\n<p><span style=\"color: #000000;\"><a style=\"color: #000000;\" href=\"http:\/\/lattes.cnpq.br\/1096507455500856\"><strong>Mamad\u00fa Mutaro Embal\u00f3<\/strong><\/a> \u2013 Doutorado<\/span><\/p>\n<p><span style=\"color: #000000;\"><strong><a style=\"color: #000000;\" href=\"http:\/\/buscatextual.cnpq.br\/buscatextual\/visualizacv.do?id=K4596541D7&amp;tokenCaptchar=03AOLTBLRVpirEWxZPgO-fhY7WAJdl9oMKjMQZr0ns51uBPrhSG4_GzCG5f4SMr0QSl6VC9TTV_RhPpCAZP8CskQ2fMa8yZmM3ZUoidTjdTZW3Ye3B4fdYsb_ymrz6elK7DllpuTTqjV4_r8BZ972i-Hi8wiUanwB48kuv0JpfqdsLrB5nRxFPVhu87zyCOjrZOj7oklvJhPGkC7pCjd7e8K9voG_8UifCjISRpEyOI2hpr8m-IQ4VAqG18sOPpCKVSU_QMaqa2KRtyVX2sC5ztN-rBzuxraB2GLmTLbIqkHZIc4wBf0RCP_dP7DtXE8hO6sK7ANcZ5UK9D7UmtzRKe9IkIRnZPEFsuzER7D5D_fkzkCgy_ruLwDGGTu_7gXZm22m5rdVjXhzE6LUXMEjRhNVhG2F6iITtN40TEL7z-VXEmAGn53aoQKsjWA0BG6zHX8RKp3ZNn0NipUuW14t9U9tYF-zjGWEvVTcKk1IDsvI9BIRZ6_eO5z3I65myXRiX4hUGKWuEOKT5\">Marco Ant\u00f4nio Adamoli<\/a>\u00a0<\/strong>\u2013 Mestrado e Doutorado<\/span><\/p>\n<p><span style=\"color: #000000;\"><a style=\"color: #000000;\" href=\"http:\/\/buscatextual.cnpq.br\/buscatextual\/visualizacv.do?id=K4238777Z3&amp;tokenCaptchar=03AOLTBLTmzDmZoEBx_S8QcvzqiLORFzpnYCRwVAB8IBpHPrBPU3Gq1xqhC8bPb9qOVr6pQ90KorrxvR9T_uGxLZ9bivDBcfbhs-EP616jxllAVRf31kMwgazZ6ENiIKKiZNpYrtrwN-RkyxcaB2ktMxDiR8qXWRUUhdszBizlrtbw9ZvhI8H9EYi3PJ5GAVOh1Gp7BLpQfvOh0wLDsxn_o_6tQFSMMdxdsNXHpw6_CDqdMMYsXyQU56zUwEKDXcVnZHh-lBAyqBKCgE1lHRzypZ4Nz8A3U2qH3ilCw1IUmHP1zVQKBUnCfc6Ac_i3uYUwnHp4PYv8ucbmF9ikKVry8nBXSQW0MJrlYh2UoDfGqSNkQjp_yIQDi8FmXTHgzJSa1XVpkjtT3zAEFC7Wayh0-fRH-rR88SoarkSTUMW2q-s4uMBQn7XVUjZ3cNaBIMjafNfmtYUudUama7Ycy-1z9exIVYzsAfsygN1BgWItL0HFs05KL7mLpQmd1KiDjaIshXIc9cJHmJhU\"><strong>Marilda Edina Vellar Aug\u00e9 <\/strong><\/a>\u2013 Mestrado<\/span><\/p>\n<p><span style=\"color: #000000;\"><a style=\"color: #000000;\" href=\"http:\/\/lattes.cnpq.br\/5667790019089007\"><strong>Marina Cabreira Rocha de Moraes<\/strong><\/a> \u2013 Mestrado<\/span><\/p>\n<p><span style=\"color: #000000;\"><strong><a style=\"color: #000000;\" href=\"http:\/\/buscatextual.cnpq.br\/buscatextual\/visualizacv.do?id=K4710237H5&amp;tokenCaptchar=03AOLTBLS4jlP2GddIZz2PIL9FFAcXNAVwdKXYuFQxmPvnen5vDwiBsLDRNN-rk-7dIKMRhRrwB8g5IxxY40xhuymiXp0nuddLGXSIpf-WCEksGtULjjoPyyJKsYyOuk1BNKE9mi81rSt-HB1bL5zRC-W-dmG0XgkF9BoQ7nrhQT4AijDuND3OPCcIwhevKrLlta9w_9i7ZmRYs414j17Kp3ONkWLurre3lwu17fE874WWKattAC9BKRmpFEs4rDCW2BgJ1LpxG_jRe6Wwj9TdMiSRLvgMKFGbrVHfXelQr9fvUEEgd7DZkgGWfNQDxZLFqWM0nlFwpRo-TQHcZZLVh_cpMdnWA8jjmqc5JNjwE9M_RyB97fKtzpzowIr-jFtGBwcUAAMaVUmeJQkYbHDiPMheOCxhlECklEzszwgiMMAi7_q0iGXGLN0SAXXzNQrk6WSGSRAwLeD9k5CAKyWcz9Z1OZWKy3Z-0YNbF9PPrFG9SaHiNkQ1n9mB_5zk0uyyr5Xds37ePQMP\">Marisa Rosa Guimar\u00e3es<\/a>\u00a0<\/strong>\u2013 Mestrado<\/span><\/p>\n<p><span style=\"color: #000000;\"><a style=\"color: #000000;\" href=\"http:\/\/buscatextual.cnpq.br\/buscatextual\/visualizacv.do?id=K4736701D5\"><strong>Michelle Reis da Silva Tavares\u00a0<\/strong><\/a>\u2013 Inicia\u00e7\u00e3o Cient\u00edfica<\/span><\/p>\n<p><span style=\"color: #000000;\"><a style=\"color: #000000;\" href=\"http:\/\/buscatextual.cnpq.br\/buscatextual\/visualizacv.do?id=K4439020Y8\"><strong>Milena Medeiros de Matos <\/strong><\/a>\u2013 Inicia\u00e7\u00e3o Cient\u00edfica<\/span><\/p>\n<p><span style=\"color: #000000;\"><a style=\"color: #000000;\" href=\"http:\/\/buscatextual.cnpq.br\/buscatextual\/visualizacv.do?id=K4550230H7\"><strong>Mirian Alvaro Costa Garcia\u00a0<\/strong><\/a>\u2013 Inicia\u00e7\u00e3o Cient\u00edfica<\/span><\/p>\n<p><span style=\"color: #000000;\"><a style=\"color: #000000;\" href=\"http:\/\/buscatextual.cnpq.br\/buscatextual\/visualizacv.do?id=K4246411E6\"><strong>Nat\u00e1lia Devantier de Oliveira <\/strong><\/a>\u2013 Inicia\u00e7\u00e3o Cient\u00edfica<\/span><\/p>\n<p><span style=\"color: #000000;\"><a style=\"color: #000000;\" href=\"http:\/\/buscatextual.cnpq.br\/buscatextual\/visualizacv.do?id=K4406790P1\"><strong>Nat\u00e1lia Dummer Zacher Reinke <\/strong><\/a>\u2013 Inicia\u00e7\u00e3o Cient\u00edfica<\/span><\/p>\n<p><span style=\"color: #000000;\"><a style=\"color: #000000;\" href=\"http:\/\/buscatextual.cnpq.br\/buscatextual\/visualizacv.do?id=K4209453H2&amp;tokenCaptchar=03AOLTBLR6GmAFsxaSACyVWyE7KVsn2GbGvwihLXvhVzjaF-pytnXEbud-G9IFFDRMv-XRStBM-LusC3mpswwJipPvGgsKKjVMteKj21xoKC3R4MxYjojPO9iAUyMuUb2r_sMb4lozci02EIsI2gU2FqUtu-2Vt82TfA9khNYoI5mHPllhnjIIsH7iGKhbmWobrjlK2agXXOA5qdvq2T5nfaJP4YqqKtEXl-mx1GMhWyES425Nx4Xbpk44CMMzs-mL1AUuRdRN6BcJRk1YaHqgsiAz2PpIh9hrqRSyyMBZdrpR1kuaLw6lM8BXj9dKxbojNaPbNDdfT8f3gag3t8a9_4lZkz6zJEGid-TBx3ySE3GSv0-yhvEohQNZTU6S6gI2p9I2BrWkw4eF6GCFPYZjiOy4IqOkoavEGF2YF_hdZGJXePrE8qHi6zehJQA94i7lsmd9robWSzNv6EjnD50fEtbTAuSNeCkx4Dz_4YV6E_b7VaIMH4W3iBaoPWya3EM89QV7dk9dl0eL\"><strong>Natalia Lectzow de Oliveira <\/strong><\/a>\u2013 Mestrado<\/span><\/p>\n<p><span style=\"color: #000000;\"><a style=\"color: #000000;\" href=\"http:\/\/buscatextual.cnpq.br\/buscatextual\/visualizacv.do?id=K4137979H1\"><strong>P\u00e2mela Renata Machado Ara\u00fajo\u00a0<\/strong><\/a>\u2013 Inicia\u00e7\u00e3o Cient\u00edfica e Mestrado<\/span><\/p>\n<p><span style=\"color: #000000;\"><a style=\"color: #000000;\" href=\"http:\/\/buscatextual.cnpq.br\/buscatextual\/visualizacv.do?id=K4296901A6&amp;tokenCaptchar=03AOLTBLSMwmJdn2ykuf6CWn3OvkDphr10QptHLay8CYPVsLa3TQW9lX1lzK5vzTYYWWSLOxqBslcTF58qWz-Xh1OCGO1mFHxtlvdn5Hvb7aVbJ_GpwiN_iOJ2zqcCBIRvRwk-1IKhjGmQo9Cs3Mw0MolDkQGLz-jgoO4GNNgRtOGhC0h_qXx7MmLN2LF2QWQxRTLfW77Cv7jMbKkAE7JGxoFbTVG-Q8gLG4JaWVYHy4dc8O__ZeZHxP2PEWrufX-z55-WDVzL9or1i7mGNDVybSehHqugsd9JqwruEHSFWirhRzep-MHjTUL4tCswoRg3YSaH_bZ4M4X-UydIJvxptAhX6dfIYTVkkdqID7U6yLg6IA8hRbbraEc2KBGnkk-JeDpAz03B8SybK7xkkbrUX4oHVAI-_gg2g5HA1i3gi6lhPWHH5fPXmacL-y1kMT7Vi4DtTN7yp0iA4BJdebAT5swoA5Wr-E84oPNuJF_Q4txlkSQO6Yu49XqTjgkwxJzPXW4EnaXplvbz\"><strong>Rosiani Teresinha Soares Machado <\/strong><\/a>\u2013 Mestrado<\/span><\/p>\n<p><span style=\"color: #000000;\"><a style=\"color: #000000;\" href=\"http:\/\/buscatextual.cnpq.br\/buscatextual\/visualizacv.do?id=K4710315J1\"><strong>Sabrina Zitzke Medina\u00a0<\/strong><\/a>\u2013 Inicia\u00e7\u00e3o Cient\u00edfica<\/span><\/p>\n<p><span style=\"color: #000000;\"><a style=\"color: #000000;\" href=\"http:\/\/buscatextual.cnpq.br\/buscatextual\/visualizacv.do?id=K4213048E0\"><strong>Shimene de Moraes Teixeira <\/strong><\/a>\u2013 Inicia\u00e7\u00e3o Cient\u00edfica<\/span><\/p>\n<p><span style=\"color: #000000;\"><a style=\"color: #000000;\" href=\"http:\/\/buscatextual.cnpq.br\/buscatextual\/visualizacv.do?id=K4214666T3&amp;tokenCaptchar=03AOLTBLQR07MajXDGiuZhQ78TYyzB2tcXrpHwp6RYIUfSIvqznkIddh3vyg7V_tLxUZ9nNlWlRWx9gB82h6QXCmUqokkoRvt87fOF2JWV8JxzrseHQkDMfjPcv-Dhwo_DzNFU1vQKhw02f0_l1c8MM75u9k1v5xF_1rCSEIFhlQKWK_goVHWi7nTJysheDhpGwpY3xUYECHVYwwHqouWWyIe0nPG_Rpj_IBFnf85VE-V1e_lXi21JkHJgMnSfoSmsZG1jGcHNrSwgb6olWJNvYOip3JfsO4E373C0SpCcBv054aRrEDzvc_yIUAk43tX11XbvYmXXMa8VwEVt7OP5Z_enqv9LsAAjDGV19Dz5gRZYbPcT3oxSrA2WRngfPGIgmWXncv0ICwq7qS10dhjRMKXHELNenjR3rIyS-YhKAgt0luQkzcn6iZSbN-FpksfYyJEbn4oWGkJXIFGkuzprVw-QBGGpst05u4I7YnAqWawN-M9wUw3SvswX-oamf8FZ0QYTVMyUBKl4\"><strong>Tai\u00e7ara Farias Can\u00eaz Duarte <\/strong><\/a>\u2013 Mestrado<\/span><\/p>\n<p><span style=\"color: #000000;\"><a style=\"color: #000000;\" href=\"http:\/\/lattes.cnpq.br\/4311123670035590\"><strong>Tamires Pereira Duarte Goulart<\/strong><\/a> \u2013 Doutorado<\/span><\/p>\n<p><strong><span style=\"color: #000000;\"><a style=\"color: #000000;\" href=\"https:\/\/buscatextual.cnpq.br\/buscatextual\/visualizacv.do;jsessionid=250CA2376B2039F6832DB9D483ABFD88.buscatextual_0\">Thamyris Ferreira Oyarzabal Quadros <\/a><\/span><\/strong><span style=\"color: #000000;\">\u2013 Inicia\u00e7\u00e3o Cient\u00edfica<\/span><\/p>\n<p><span style=\"color: #000000;\"><a style=\"color: #000000;\" href=\"http:\/\/buscatextual.cnpq.br\/buscatextual\/visualizacv.do?id=K4814017D9\"><strong>Val\u00e9ria Bach Pereira\u00a0<\/strong><\/a>\u2013 Inicia\u00e7\u00e3o Cient\u00edfica<\/span><\/p>\n<p><span style=\"color: #000000;\"><a style=\"color: #000000;\" href=\"http:\/\/lattes.cnpq.br\/1065989615620121\"><strong>Yasmin Eduarda Machado de Campos<\/strong><\/a><a style=\"color: #000000;\" href=\"http:\/\/buscatextual.cnpq.br\/buscatextual\/visualizacv.do?id=K4814017D9\"><strong>\u00a0<\/strong><\/a>\u2013 Inicia\u00e7\u00e3o Cient\u00edfica<\/span><\/p>\n<p>&nbsp;<\/p>\n","protected":false},"excerpt":{"rendered":"<p>Alessandra Duarte Matoso\u00a0\u2013 Inicia\u00e7\u00e3o Cient\u00edfica Alessandra Steilmann\u00a0\u2013 Inicia\u00e7\u00e3o Cient\u00edfica Alexandra Alves Brandt \u2013 Inicia\u00e7\u00e3o Cient\u00edfica Arlete Amaral Corr\u00eaa \u2013 Mestrado Carolina Reis Monteiro \u2013 Mestrado e Doutorado Cinara Miranda Lima \u2013 Inicia\u00e7\u00e3o Cient\u00edfica Claudia Pureza Duarte Boessio\u00a0\u2013 Mestrado Claudia Regina &hellip; <a href=\"https:\/\/wp.ufpel.edu.br\/geale\/equipe\/linha-aquisicao\/egressos\/\">Continue lendo <span class=\"meta-nav\">&rarr;<\/span><\/a><\/p>\n","protected":false},"author":72,"featured_media":0,"parent":2174,"menu_order":5,"comment_status":"closed","ping_status":"closed","template":"","meta":{"footnotes":""},"class_list":["post-1404","page","type-page","status-publish","hentry"],"_links":{"self":[{"href":"https:\/\/wp.ufpel.edu.br\/geale\/wp-json\/wp\/v2\/pages\/1404","targetHints":{"allow":["GET"]}}],"collection":[{"href":"https:\/\/wp.ufpel.edu.br\/geale\/wp-json\/wp\/v2\/pages"}],"about":[{"href":"https:\/\/wp.ufpel.edu.br\/geale\/wp-json\/wp\/v2\/types\/page"}],"author":[{"embeddable":true,"href":"https:\/\/wp.ufpel.edu.br\/geale\/wp-json\/wp\/v2\/users\/72"}],"replies":[{"embeddable":true,"href":"https:\/\/wp.ufpel.edu.br\/geale\/wp-json\/wp\/v2\/comments?post=1404"}],"version-history":[{"count":3,"href":"https:\/\/wp.ufpel.edu.br\/geale\/wp-json\/wp\/v2\/pages\/1404\/revisions"}],"predecessor-version":[{"id":2461,"href":"https:\/\/wp.ufpel.edu.br\/geale\/wp-json\/wp\/v2\/pages\/1404\/revisions\/2461"}],"up":[{"embeddable":true,"href":"https:\/\/wp.ufpel.edu.br\/geale\/wp-json\/wp\/v2\/pages\/2174"}],"wp:attachment":[{"href":"https:\/\/wp.ufpel.edu.br\/geale\/wp-json\/wp\/v2\/media?parent=1404"}],"curies":[{"name":"wp","href":"https:\/\/api.w.org\/{rel}","templated":true}]}}