{"id":1400,"date":"2019-07-22T20:29:18","date_gmt":"2019-07-22T23:29:18","guid":{"rendered":"https:\/\/wp.ufpel.edu.br\/geale\/?page_id=1400"},"modified":"2025-12-16T11:15:56","modified_gmt":"2025-12-16T14:15:56","slug":"iniciacao-cientifica","status":"publish","type":"page","link":"https:\/\/wp.ufpel.edu.br\/geale\/equipe\/linha-aquisicao\/iniciacao-cientifica\/","title":{"rendered":"Inicia\u00e7\u00e3o Cient\u00edfica"},"content":{"rendered":"<p style=\"text-align: justify;\">\n<span style=\"color: #000000;\"><a href=\"https:\/\/wp.ufpel.edu.br\/geale\/files\/2024\/10\/WhatsApp-Image-2024-10-15-at-10.12.04.jpeg\"><span style=\"color: #000000;\"><strong>Evelin Nascimento Lima <\/strong>\u2013 PIBIC\/CNPq &#8211; UFPel<\/span><img loading=\"lazy\" decoding=\"async\" class=\"alignleft wp-image-2389\" src=\"https:\/\/wp.ufpel.edu.br\/geale\/files\/2024\/10\/WhatsApp-Image-2024-10-15-at-10.12.04-150x150.jpeg\" alt=\"\" width=\"190\" height=\"168\" srcset=\"https:\/\/wp.ufpel.edu.br\/geale\/files\/2024\/10\/WhatsApp-Image-2024-10-15-at-10.12.04-300x266.jpeg 300w, https:\/\/wp.ufpel.edu.br\/geale\/files\/2024\/10\/WhatsApp-Image-2024-10-15-at-10.12.04-1024x907.jpeg 1024w, https:\/\/wp.ufpel.edu.br\/geale\/files\/2024\/10\/WhatsApp-Image-2024-10-15-at-10.12.04-768x680.jpeg 768w, https:\/\/wp.ufpel.edu.br\/geale\/files\/2024\/10\/WhatsApp-Image-2024-10-15-at-10.12.04.jpeg 1337w\" sizes=\"auto, (max-width: 190px) 100vw, 190px\" \/><\/a><\/span><\/p>\n<p style=\"text-align: justify;\"><span style=\"color: #000000;\">Acad\u00eamica do 6\u00ba semestre do curso de Licenciatura em Letras Portugu\u00eas\/Alem\u00e3o da Universidade Federal de Pelotas (UFPel). Bolsista de Inicia\u00e7\u00e3o Cient\u00edfica. Desde Outubro de 2024 integra o Grupo de Estudos sobre Aquisi\u00e7\u00e3o da Linguagem Escrita (GEALE).<br \/>\n<a style=\"color: #000000;\" href=\"http:\/\/lattes.cnpq.br\/6466251136087364\">Curr\u00edculo Lattes<\/a><\/span><\/p>\n<p>&nbsp;<\/p>\n<p><span style=\"color: #000000;\"><a href=\"https:\/\/wp.ufpel.edu.br\/geale\/files\/2025\/12\/WhatsApp-Image-2025-12-11-at-10.15.40.jpeg\"><img loading=\"lazy\" decoding=\"async\" class=\"wp-image-2462 alignleft\" src=\"https:\/\/wp.ufpel.edu.br\/geale\/files\/2025\/12\/WhatsApp-Image-2025-12-11-at-10.15.40-150x150.jpeg\" alt=\"\" width=\"190\" height=\"190\" srcset=\"https:\/\/wp.ufpel.edu.br\/geale\/files\/2025\/12\/WhatsApp-Image-2025-12-11-at-10.15.40-150x150.jpeg 150w, https:\/\/wp.ufpel.edu.br\/geale\/files\/2025\/12\/WhatsApp-Image-2025-12-11-at-10.15.40-300x300.jpeg 300w, https:\/\/wp.ufpel.edu.br\/geale\/files\/2025\/12\/WhatsApp-Image-2025-12-11-at-10.15.40-1024x1024.jpeg 1024w, https:\/\/wp.ufpel.edu.br\/geale\/files\/2025\/12\/WhatsApp-Image-2025-12-11-at-10.15.40-768x768.jpeg 768w, https:\/\/wp.ufpel.edu.br\/geale\/files\/2025\/12\/WhatsApp-Image-2025-12-11-at-10.15.40-1536x1536.jpeg 1536w, https:\/\/wp.ufpel.edu.br\/geale\/files\/2025\/12\/WhatsApp-Image-2025-12-11-at-10.15.40.jpeg 1600w\" sizes=\"auto, (max-width: 190px) 100vw, 190px\" \/><\/a><\/span><span style=\"color: #000000;\"><strong>Victor Larrossa Peil <\/strong>\u2013 Bolsista PBIP\/AF &#8211; UFPel<\/span><\/p>\n<p style=\"text-align: justify;\"><span style=\"color: #000000;\">Acad\u00eamico do 2\u00ba semestre do curso de Letras &#8211; Portugu\u00eas da Universidade Federal de Pelotas (UFPel). Bolsista de Inicia\u00e7\u00e3o Cient\u00edfica. Desde setembro de 2025 integra o Grupo de Estudos sobre Aquisi\u00e7\u00e3o da Linguagem Escrita (GEALE).<br \/>\n<a style=\"color: #000000;\" href=\"http:\/\/lattes.cnpq.br\/0384882233614310\">Curr\u00edculo Lattes<\/a><\/span><\/p>\n<p>&nbsp;<\/p>\n<p><strong><span style=\"color: #000000;\"><a href=\"https:\/\/wp.ufpel.edu.br\/geale\/files\/2025\/12\/Nath.jpeg\"><img loading=\"lazy\" decoding=\"async\" class=\"wp-image-2471  alignleft\" src=\"https:\/\/wp.ufpel.edu.br\/geale\/files\/2025\/12\/Nath-150x150.jpeg\" alt=\"\" width=\"189\" height=\"189\" srcset=\"https:\/\/wp.ufpel.edu.br\/geale\/files\/2025\/12\/Nath-150x150.jpeg 150w, https:\/\/wp.ufpel.edu.br\/geale\/files\/2025\/12\/Nath-300x300.jpeg 300w, https:\/\/wp.ufpel.edu.br\/geale\/files\/2025\/12\/Nath-1024x1024.jpeg 1024w, https:\/\/wp.ufpel.edu.br\/geale\/files\/2025\/12\/Nath-768x768.jpeg 768w, https:\/\/wp.ufpel.edu.br\/geale\/files\/2025\/12\/Nath.jpeg 1492w\" sizes=\"auto, (max-width: 189px) 100vw, 189px\" \/><\/a><\/span>Nathiele Pedra Link <\/strong><span style=\"color: #000000;\">\u2013 Bolsista Volunt\u00e1ria \u2013 UFPel<\/span><\/p>\n<p><span style=\"color: #000000;\">Acad\u00eamica do 2\u00ba semestre do curso de Letras \u2013 Portugu\u00eas\/Ingl\u00eas da Universidade Federal de Pelotas (UFPel). Bolsista Volunt\u00e1ria de Inicia\u00e7\u00e3o Cient\u00edfica. Desde setembro de 2025 integra o Grupo de Estudos sobre Aquisi\u00e7\u00e3o da Linguagem Escrita (GEALE).<\/span><br \/>\n<span style=\"color: #000000;\"><a style=\"color: #000000;\" href=\"http:\/\/lattes.cnpq.br\/5930512309215490\">Curr\u00edculo Lattes<\/a><\/span><\/p>\n","protected":false},"excerpt":{"rendered":"<p>Evelin Nascimento Lima \u2013 PIBIC\/CNPq &#8211; UFPel Acad\u00eamica do 6\u00ba semestre do curso de Licenciatura em Letras Portugu\u00eas\/Alem\u00e3o da Universidade Federal de Pelotas (UFPel). Bolsista de Inicia\u00e7\u00e3o Cient\u00edfica. Desde Outubro de 2024 integra o Grupo de Estudos sobre Aquisi\u00e7\u00e3o da &hellip; <a href=\"https:\/\/wp.ufpel.edu.br\/geale\/equipe\/linha-aquisicao\/iniciacao-cientifica\/\">Continue lendo <span class=\"meta-nav\">&rarr;<\/span><\/a><\/p>\n","protected":false},"author":72,"featured_media":0,"parent":2174,"menu_order":4,"comment_status":"closed","ping_status":"closed","template":"","meta":{"footnotes":""},"class_list":["post-1400","page","type-page","status-publish","hentry"],"_links":{"self":[{"href":"https:\/\/wp.ufpel.edu.br\/geale\/wp-json\/wp\/v2\/pages\/1400","targetHints":{"allow":["GET"]}}],"collection":[{"href":"https:\/\/wp.ufpel.edu.br\/geale\/wp-json\/wp\/v2\/pages"}],"about":[{"href":"https:\/\/wp.ufpel.edu.br\/geale\/wp-json\/wp\/v2\/types\/page"}],"author":[{"embeddable":true,"href":"https:\/\/wp.ufpel.edu.br\/geale\/wp-json\/wp\/v2\/users\/72"}],"replies":[{"embeddable":true,"href":"https:\/\/wp.ufpel.edu.br\/geale\/wp-json\/wp\/v2\/comments?post=1400"}],"version-history":[{"count":3,"href":"https:\/\/wp.ufpel.edu.br\/geale\/wp-json\/wp\/v2\/pages\/1400\/revisions"}],"predecessor-version":[{"id":2473,"href":"https:\/\/wp.ufpel.edu.br\/geale\/wp-json\/wp\/v2\/pages\/1400\/revisions\/2473"}],"up":[{"embeddable":true,"href":"https:\/\/wp.ufpel.edu.br\/geale\/wp-json\/wp\/v2\/pages\/2174"}],"wp:attachment":[{"href":"https:\/\/wp.ufpel.edu.br\/geale\/wp-json\/wp\/v2\/media?parent=1400"}],"curies":[{"name":"wp","href":"https:\/\/api.w.org\/{rel}","templated":true}]}}