{"id":1394,"date":"2019-07-22T20:27:15","date_gmt":"2019-07-22T23:27:15","guid":{"rendered":"https:\/\/wp.ufpel.edu.br\/geale\/?page_id=1394"},"modified":"2026-04-08T18:08:40","modified_gmt":"2026-04-08T21:08:40","slug":"colaboradores","status":"publish","type":"page","link":"https:\/\/wp.ufpel.edu.br\/geale\/equipe\/linha-aquisicao\/colaboradores\/","title":{"rendered":"Colaboradores"},"content":{"rendered":"<p style=\"text-align: justify;\"><span style=\"color: #000000;\"><strong>Claudia<\/strong><\/span><span style=\"color: #000000;\"><strong> Regina Minossi Rombaldi<br \/>\n<\/strong><a href=\"https:\/\/wp.ufpel.edu.br\/geale\/files\/2021\/12\/Claudia-Regina-Minossi-Rombaldi.png\"><img loading=\"lazy\" decoding=\"async\" class=\"alignleft wp-image-1915\" src=\"https:\/\/wp.ufpel.edu.br\/geale\/files\/2021\/12\/Claudia-Regina-Minossi-Rombaldi.png\" alt=\"\" width=\"190\" height=\"204\" \/><\/a>Professora efetiva do IFSUL &#8211; Campus Pelotas Visconde da Gra\u00e7a (CAVG) no cargo de Professor de Ensino B\u00e1sico, T\u00e9cnico e Tecnol\u00f3gico junto \u00e0 \u00e1rea de Comunica\u00e7\u00e3o e Express\u00e3o. Possui gradua\u00e7\u00e3o em Licenciatura Plena em Letras Portugu\u00eas Franc\u00eas pela Universidade Federal de Pelotas (1999), Mestrado em Educa\u00e7\u00e3o pela Universidade Federal de Pelotas (UFPel) (2003) e Doutorado em Educa\u00e7\u00e3o pela Universidade Federal de Pelotas (2011).\u00a0\u00a0Tem experi\u00eancia na \u00e1rea de Letras e Educa\u00e7\u00e3o, com \u00eanfase em L\u00edngua Portuguesa e L\u00edngua Francesa atuando principalmente nos seguintes temas: Ensino de L\u00edngua Portuguesa e Literatura Brasileira, Aquisi\u00e7\u00e3o da Escrita e Franc\u00eas como L\u00edngua Estrangeira.<\/span><br \/>\n<span style=\"color: #000000;\"> <a style=\"color: #000000;\" title=\"Curr\u00edculo Lattes\" href=\"http:\/\/buscatextual.cnpq.br\/buscatextual\/visualizacv.do?id=K4739912A3\" target=\"_blank\" rel=\"noopener noreferrer\">Curr\u00edculo Lattes<\/a><\/span><\/p>\n","protected":false},"excerpt":{"rendered":"<p>Claudia Regina Minossi Rombaldi Professora efetiva do IFSUL &#8211; Campus Pelotas Visconde da Gra\u00e7a (CAVG) no cargo de Professor de Ensino B\u00e1sico, T\u00e9cnico e Tecnol\u00f3gico junto \u00e0 \u00e1rea de Comunica\u00e7\u00e3o e Express\u00e3o. Possui gradua\u00e7\u00e3o em Licenciatura Plena em Letras Portugu\u00eas &hellip; <a href=\"https:\/\/wp.ufpel.edu.br\/geale\/equipe\/linha-aquisicao\/colaboradores\/\">Continue lendo <span class=\"meta-nav\">&rarr;<\/span><\/a><\/p>\n","protected":false},"author":72,"featured_media":0,"parent":2174,"menu_order":2,"comment_status":"closed","ping_status":"closed","template":"","meta":{"footnotes":""},"class_list":["post-1394","page","type-page","status-publish","hentry"],"_links":{"self":[{"href":"https:\/\/wp.ufpel.edu.br\/geale\/wp-json\/wp\/v2\/pages\/1394","targetHints":{"allow":["GET"]}}],"collection":[{"href":"https:\/\/wp.ufpel.edu.br\/geale\/wp-json\/wp\/v2\/pages"}],"about":[{"href":"https:\/\/wp.ufpel.edu.br\/geale\/wp-json\/wp\/v2\/types\/page"}],"author":[{"embeddable":true,"href":"https:\/\/wp.ufpel.edu.br\/geale\/wp-json\/wp\/v2\/users\/72"}],"replies":[{"embeddable":true,"href":"https:\/\/wp.ufpel.edu.br\/geale\/wp-json\/wp\/v2\/comments?post=1394"}],"version-history":[{"count":4,"href":"https:\/\/wp.ufpel.edu.br\/geale\/wp-json\/wp\/v2\/pages\/1394\/revisions"}],"predecessor-version":[{"id":2558,"href":"https:\/\/wp.ufpel.edu.br\/geale\/wp-json\/wp\/v2\/pages\/1394\/revisions\/2558"}],"up":[{"embeddable":true,"href":"https:\/\/wp.ufpel.edu.br\/geale\/wp-json\/wp\/v2\/pages\/2174"}],"wp:attachment":[{"href":"https:\/\/wp.ufpel.edu.br\/geale\/wp-json\/wp\/v2\/media?parent=1394"}],"curies":[{"name":"wp","href":"https:\/\/api.w.org\/{rel}","templated":true}]}}