{"id":1210,"date":"2017-02-22T10:23:33","date_gmt":"2017-02-22T13:23:33","guid":{"rendered":"https:\/\/wp.ufpel.edu.br\/geale\/?page_id=1210"},"modified":"2025-12-11T10:43:55","modified_gmt":"2025-12-11T13:43:55","slug":"batale","status":"publish","type":"page","link":"https:\/\/wp.ufpel.edu.br\/geale\/bancos-de-textos\/batale\/","title":{"rendered":"BATALE"},"content":{"rendered":"<p><span style=\"color: #ffffff;\">.<\/span><br \/>\n<a href=\"https:\/\/wp.ufpel.edu.br\/geale\/files\/2022\/09\/batale-banco.png\"><img loading=\"lazy\" decoding=\"async\" class=\"wp-image-2055 aligncenter\" src=\"https:\/\/wp.ufpel.edu.br\/geale\/files\/2022\/09\/batale-banco.png\" alt=\"\" width=\"457\" height=\"165\" srcset=\"https:\/\/wp.ufpel.edu.br\/geale\/files\/2022\/09\/batale-banco.png 588w, https:\/\/wp.ufpel.edu.br\/geale\/files\/2022\/09\/batale-banco-300x108.png 300w\" sizes=\"auto, (max-width: 457px) 100vw, 457px\" \/><\/a><\/p>\n<p style=\"text-align: justify;\"><span style=\"color: #000000;\"><br \/>\nO <strong>BATALE<\/strong>\u00a0 \u2013 Banco de Textos de Aquisi\u00e7\u00e3o da Linguagem Escrita \u2013 foi criado em 2001 e possui, atualmente, 7180 textos espont\u00e2neos, os quais est\u00e3o distribu\u00eddos em 10 estratos, conforme constam no quadro abaixo:<\/span><\/p>\n<p style=\"text-align: justify;\"><a href=\"https:\/\/wp.ufpel.edu.br\/geale\/files\/2025\/12\/Informacoes-BATALE-para-sistema_page-0001-scaled.jpg\"><img loading=\"lazy\" decoding=\"async\" class=\"aligncenter wp-image-2465 size-full\" src=\"https:\/\/wp.ufpel.edu.br\/geale\/files\/2025\/12\/Informacoes-BATALE-para-sistema_page-0001-scaled-e1765460493655.jpg\" alt=\"\" width=\"2560\" height=\"1788\" srcset=\"https:\/\/wp.ufpel.edu.br\/geale\/files\/2025\/12\/Informacoes-BATALE-para-sistema_page-0001-scaled-e1765460493655.jpg 2560w, https:\/\/wp.ufpel.edu.br\/geale\/files\/2025\/12\/Informacoes-BATALE-para-sistema_page-0001-scaled-e1765460493655-300x210.jpg 300w, https:\/\/wp.ufpel.edu.br\/geale\/files\/2025\/12\/Informacoes-BATALE-para-sistema_page-0001-scaled-e1765460493655-1024x715.jpg 1024w, https:\/\/wp.ufpel.edu.br\/geale\/files\/2025\/12\/Informacoes-BATALE-para-sistema_page-0001-scaled-e1765460493655-768x536.jpg 768w, https:\/\/wp.ufpel.edu.br\/geale\/files\/2025\/12\/Informacoes-BATALE-para-sistema_page-0001-scaled-e1765460493655-1536x1073.jpg 1536w, https:\/\/wp.ufpel.edu.br\/geale\/files\/2025\/12\/Informacoes-BATALE-para-sistema_page-0001-scaled-e1765460493655-2048x1430.jpg 2048w\" sizes=\"auto, (max-width: 2560px) 100vw, 2560px\" \/><\/a><span style=\"color: #000000; text-align: justify;\">Todas as <strong>coletas<\/strong> de texto foram realizadas por integrantes do grupo de pesquisa e seguiram a mesma metodologia: ida \u00e0s escolas para aplica\u00e7\u00e3o de <strong>oficinas de produ\u00e7\u00e3o textual<\/strong> que visavam a produ\u00e7\u00e3o de textos espont\u00e2neos e que cumpriam a seguinte rotina: aquecimento (atividade de estimula\u00e7\u00e3o por meio de imagens ou di\u00e1logos), produ\u00e7\u00e3o (atividade de escrita individual) e socializa\u00e7\u00e3o (atividade de leitura das produ\u00e7\u00f5es realizadas).<\/span><\/p>\n<p style=\"text-align: justify;\"><span style=\"color: #000000;\">Em momento posterior ao da coleta, os textos s\u00e3o armazenados em <strong>pastas<\/strong> catalogr\u00e1ficas, pr\u00f3prias para a conserva\u00e7\u00e3o adequada do material. Para sua melhor organiza\u00e7\u00e3o, s\u00e3o criados <strong>c\u00f3digos<\/strong> para cada texto, os quais cont\u00eam campos correspondentes a, por exemplo, n\u00famero do aluno, idade do aluno, n\u00famero do estrato a que pertence o texto do aluno,\u00a0 sigla da escola \u00e0 qual pertence o aluno, s\u00e9rie\/ano escolar do aluno etc.<\/span><\/p>\n<p style=\"text-align: justify;\"><span style=\"color: #000000;\">Depois de preparados os c\u00f3digos, os textos s\u00e3o <strong>digitados<\/strong> em <em><span style=\"color: #000000;\">Word<\/span>, <\/em>respeitando-se a grafia utilizada pela crian\u00e7a e a troca de linhas, e <strong>digitalizados<\/strong> em formato JPEG ou PDF<em>. <\/em>A identifica\u00e7\u00e3o das crian\u00e7as participantes das coletas \u00e9 suprimida no processo de tratamento dos textos, de forma a preservar sua identidade bem como impedir qualquer forma de exposi\u00e7\u00e3o, respeitando-se, assim, as normas \u00e9ticas da pesquisa cient\u00edfica.<\/span><\/p>\n<p style=\"text-align: justify;\"><span style=\"color: #000000;\">Cabe ao pesquisador interessado extrair os dados que lhe convierem. No caso dos estudos desenvolvidos no GEALE, o foco de interesse inside sobre os erros ortogr\u00e1ficos. Assim, dos textos, s\u00e3o extra\u00eddas todas as grafias em que h\u00e1 algum tipo de erro ortogr\u00e1fico, as quais s\u00e3o registradas em fichas espec\u00edficas para a <strong>classifica\u00e7\u00e3o<\/strong> dos erros, uma para cada aluno. O levantamento de erros do Estrato 1 do BATALE foi inserido em um programa computacional criado a partir da plataforma <em>Microsoft<\/em>\u00a0<em><span style=\"color: #000000;\">Access<\/span> <\/em>especificamente para a pesquisa desenvolvida no GEALE, o qual permite a <strong>estocagem<\/strong>, a <strong>tabula\u00e7\u00e3o<\/strong> e a <strong>computa\u00e7\u00e3o<\/strong> dos erros. A computa\u00e7\u00e3o dos dados dos demais estratos ficaram a cargo de cada pesquisador em particular (alunos de inicia\u00e7\u00e3o cient\u00edfica e de p\u00f3s-gradua\u00e7\u00e3o), geralmente feita via <em><span style=\"color: #000000;\">Microsoft<\/span> <span style=\"color: #000000;\">Excel<\/span>.<\/em><\/span><\/p>\n","protected":false},"excerpt":{"rendered":"<p>. O BATALE\u00a0 \u2013 Banco de Textos de Aquisi\u00e7\u00e3o da Linguagem Escrita \u2013 foi criado em 2001 e possui, atualmente, 7180 textos espont\u00e2neos, os quais est\u00e3o distribu\u00eddos em 10 estratos, conforme constam no quadro abaixo: Todas as coletas de texto &hellip; <a href=\"https:\/\/wp.ufpel.edu.br\/geale\/bancos-de-textos\/batale\/\">Continue lendo <span class=\"meta-nav\">&rarr;<\/span><\/a><\/p>\n","protected":false},"author":72,"featured_media":0,"parent":2038,"menu_order":1,"comment_status":"closed","ping_status":"closed","template":"","meta":{"footnotes":""},"class_list":["post-1210","page","type-page","status-publish","hentry"],"_links":{"self":[{"href":"https:\/\/wp.ufpel.edu.br\/geale\/wp-json\/wp\/v2\/pages\/1210","targetHints":{"allow":["GET"]}}],"collection":[{"href":"https:\/\/wp.ufpel.edu.br\/geale\/wp-json\/wp\/v2\/pages"}],"about":[{"href":"https:\/\/wp.ufpel.edu.br\/geale\/wp-json\/wp\/v2\/types\/page"}],"author":[{"embeddable":true,"href":"https:\/\/wp.ufpel.edu.br\/geale\/wp-json\/wp\/v2\/users\/72"}],"replies":[{"embeddable":true,"href":"https:\/\/wp.ufpel.edu.br\/geale\/wp-json\/wp\/v2\/comments?post=1210"}],"version-history":[{"count":3,"href":"https:\/\/wp.ufpel.edu.br\/geale\/wp-json\/wp\/v2\/pages\/1210\/revisions"}],"predecessor-version":[{"id":1237,"href":"https:\/\/wp.ufpel.edu.br\/geale\/wp-json\/wp\/v2\/pages\/1210\/revisions\/1237"}],"up":[{"embeddable":true,"href":"https:\/\/wp.ufpel.edu.br\/geale\/wp-json\/wp\/v2\/pages\/2038"}],"wp:attachment":[{"href":"https:\/\/wp.ufpel.edu.br\/geale\/wp-json\/wp\/v2\/media?parent=1210"}],"curies":[{"name":"wp","href":"https:\/\/api.w.org\/{rel}","templated":true}]}}