{"id":1130,"date":"2016-07-20T09:35:21","date_gmt":"2016-07-20T12:35:21","guid":{"rendered":"https:\/\/wp.ufpel.edu.br\/geale\/?page_id=1130"},"modified":"2026-04-08T15:48:35","modified_gmt":"2026-04-08T18:48:35","slug":"teses","status":"publish","type":"page","link":"https:\/\/wp.ufpel.edu.br\/geale\/publicacoes\/teses\/","title":{"rendered":"Teses"},"content":{"rendered":"<p><span style=\"color: #000000;\"><strong>* MIRANDA &#8211; 2000<\/strong><\/span><br \/>\n<span style=\"color: #000000;\"><strong>T\u00edtulo:<\/strong> A metafonia nominal<\/span><br \/>\n<span style=\"color: #000000;\"><strong>Autor:<\/strong> <a style=\"color: #000000;\" href=\"http:\/\/buscatextual.cnpq.br\/buscatextual\/visualizacv.do?id=K4790384Z4\">Ana Ruth Moresco Miranda<\/a>\u00a0<\/span><br \/>\n<span style=\"color: #000000;\"><span style=\"color: #3366ff;\"><a style=\"color: #3366ff;\" href=\"https:\/\/wp.ufpel.edu.br\/geale\/files\/2019\/02\/MIRANDA-2000.pdf\">[pdf]<\/a><\/span>\u00a0<\/span><strong><span style=\"color: #000000;\">*<\/span><\/strong><\/p>\n<p><strong>GOULART &#8211; 2023<br \/>\nT\u00edtulo: <\/strong><span style=\"color: #000000;\">Conhecimento morfol\u00f3gico de estudantes do ensino fundamental e sua rela\u00e7\u00e3o com a aquisi\u00e7\u00e3o da escrita ortogr\u00e1fica do Portugu\u00eas Brasileiro<br \/>\n<strong>Autor:<\/strong> <a style=\"color: #000000;\" href=\"http:\/\/lattes.cnpq.br\/4311123670035590\">Tamires Pereira Duarte Goulart<\/a><br \/>\n<a href=\"https:\/\/wp.ufpel.edu.br\/geale\/files\/2024\/01\/Tamires-Goulart_tesededoutorado-1.pdf\">[pdf]<\/a><br \/>\n<\/span><\/p>\n<p><span style=\"color: #000000;\"><strong>EIDELWEIN &#8211; 2022<br \/>\nT\u00edtulo: <\/strong>Estudo sobre os erros ortogr\u00e1ficos e os resultados de testes de leitura (TCLPP) e consci\u00eancia fonol\u00f3gica (CONFIAS) em dados de crian\u00e7as de 1\u00aa a 4\u00aa s\u00e9ries do Ensino Fundamental<strong><br \/>\nAutor: <\/strong><a style=\"color: #000000;\" href=\"http:\/\/lattes.cnpq.br\/8000395251594863\">Luciana Patricia Schumacher Eidelwein<\/a><br \/>\n<span style=\"color: #3366ff;\">[pdf]<\/span><\/span><\/p>\n<p style=\"text-align: justify;\"><span style=\"color: #000000;\"><strong>ZIMBA &#8211; 2022<br \/>\nT\u00edtulo: <\/strong>Ortografia e percep\u00e7\u00e3o de consoantes obstruentes do Portugu\u00eas de alunos mo\u00e7ambicanos com Emakhuwa como L1 e Portugu\u00eas como L1<strong><br \/>\nAutor: <\/strong><a style=\"color: #000000;\" href=\"http:\/\/lattes.cnpq.br\/3581119460239637\">Carlos Ant\u00f3nio Nhaca Zimba<\/a><br \/>\n<span style=\"color: #3366ff;\"><a style=\"color: #3366ff;\" href=\"http:\/\/www.repositorio.uem.mz\/handle\/258\/711\">[pdf]<\/a><\/span><\/span><\/p>\n<p style=\"text-align: justify;\"><span style=\"color: #000000;\"><strong>SCALZITTI &#8211; 2020<br \/>\n<span style=\"color: #000000;\">T\u00edtulo: <\/span><\/strong>Conhecimentos lingu\u00edsticos na Educa\u00e7\u00e3o Infantil: as atividades de sensibiliza\u00e7\u00e3o fonol\u00f3gica como contributo para aquisi\u00e7\u00e3o do Sistema Notacional Alfab\u00e9tico<strong><br \/>\nAutor: <\/strong><a style=\"color: #000000;\" href=\"http:\/\/lattes.cnpq.br\/4868002431782177\">Carla Melissa Klock Scalzitti<\/a><br \/>\n<span style=\"color: #3366ff;\"><a style=\"color: #3366ff;\" href=\"http:\/\/guaiaca.ufpel.edu.br:8080\/handle\/prefix\/7576\">[pdf]<\/a><\/span><\/span><\/p>\n<p style=\"text-align: justify;\"><span style=\"color: #000000;\"><strong>BLANK &#8211; 2019<br \/>\nT\u00edtulo: <\/strong>Percep\u00e7\u00e3o e conhecimento lingu\u00edstico na aquisi\u00e7\u00e3o da escrita <\/span><span style=\"color: #000000;\">de <\/span><span style=\"color: #000000;\">alunos bil\u00edngues (pomerano\/portugu\u00eas)<\/span><strong><br \/>\n<span style=\"color: #000000;\">Autor: <\/span><\/strong><span style=\"color: #000000;\"><a style=\"color: #000000;\" href=\"http:\/\/buscatextual.cnpq.br\/buscatextual\/visualizacv.do?id=K4437850D0\">Marceli Tessmer Blank<\/a><br \/>\n<span style=\"color: #3366ff;\"><a style=\"color: #3366ff;\" href=\"https:\/\/wp.ufpel.edu.br\/geale\/files\/2020\/07\/Tese-completa.pdf\">[pdf]<\/a><\/span><br \/>\n<\/span><\/p>\n<p style=\"text-align: justify;\"><span style=\"color: #000000;\"><strong>VICENTE &#8211; 2018<br \/>\nT\u00edtulo: <\/strong>Impacto da complexidade sil\u00e1bica no desenvolvimento fonol\u00f3gico e na aprendizagem da ortografia em Portugu\u00eas L\u00edngua Segunda no 1\u00ba e 2\u00ba Ciclos do Ensino B\u00e1sico Mo\u00e7ambicano<strong><br \/>\nAutor:\u00a0<\/strong>Francisco Leonardo Vicente<br \/>\n<span style=\"color: #3366ff;\"><a style=\"color: #3366ff;\" href=\"https:\/\/wp.ufpel.edu.br\/geale\/files\/2020\/07\/Vicente_2018_Tese-de-doutoramento_Pr\u00e9-defesa.pdf\">[pdf]<\/a><\/span><br \/>\n<\/span><\/p>\n<p style=\"text-align: justify;\"><span style=\"color: #000000;\"><strong>NEY &#8211; 2018<\/strong><\/span><br \/>\n<span style=\"color: #000000;\"><strong>T\u00edtulo:<\/strong>\u00a0Acento gra\u0301fico e proso\u0301dico: um estudo sobre as hipo\u0301teses de crianc\u0327as dos anos iniciais <\/span><br \/>\n<span style=\"color: #000000;\"><strong>Autor:<\/strong> <a style=\"color: #000000;\" href=\"http:\/\/buscatextual.cnpq.br\/buscatextual\/visualizacv.do?id=K4257677Z6&amp;tokenCaptchar=03AOLTBLTwZIwY9baQfB7Gyo8vwLT3NapKEYtZFbyK8fWrp9yEspoHHWtFIoLft1BuYPIxy4O35cYhjyqa9MmsXgI8oRTVvN5H333en3WHbtI39k3arrpq0fEzjML4Vsc3WrKrEKnDdsm8LPcvFRWCRmPyF8_9kIs8vWwqmrJ7No1SvTeV4bI2aRuKJJNppRoG_ldX0sS76EK2FqQd-ivn7dHDrfaIXXrRczK_GFwaIUF5y8ceOcU1WIPMNe613xhuOHSpTNZwW7RJIPXbBvlgXhPc1JZk-0zno-kxZGplCRcLZmokIyPUiOLRWGlA9T2N5Ljyf_HmfBrosImZinloieiT2BFpHtJBNn5IA07lDuSxuLGbuFeD_e47l0Xheyl83s96NsFr1kOKZerZwfw0X_2m-7B2_dtg1Q2hvi8AOJBYrmEJwsrCyp8tr5BORTuz1CwYfyxa7ori3nXN5AZ8K38nxFIBSKwMMRrjIek6QW8pbmSasayNjHQ4CUn6zfcZ1iqofzsu17qY\">Luanda Alvariza Gomes Ney<\/a>\u00a0<\/span><br \/>\n<span style=\"color: #3366ff;\"><a style=\"color: #3366ff;\" href=\"https:\/\/wp.ufpel.edu.br\/geale\/files\/2019\/02\/2018_Tese_Luanda_Alvariza_Gomes_Ney.pdf\">[pdf]<\/a><\/span><\/p>\n<p style=\"text-align: justify;\"><span style=\"color: #000000;\"><strong>CLARINDO &#8211; 2018<\/strong><\/span><br \/>\n<span style=\"color: #000000;\"><strong>T\u00edtulo:<\/strong>\u00a0Um estudo sobre a leitura e a escrita no ciclo de alfabetiza\u00e7\u00e3o de uma escola p\u00fablica da cidade de Pelotas &#8211; RS\u00a0<\/span><br \/>\n<span style=\"color: #000000;\"><strong>Autor:<\/strong> <a style=\"color: #000000;\" href=\"http:\/\/buscatextual.cnpq.br\/buscatextual\/visualizacv.do?id=K4484059Z5\">T\u00e2nia Tuchtenhagen Clarindo<\/a>\u00a0<\/span><br \/>\n<span style=\"color: #3366ff;\"><a style=\"color: #3366ff;\" href=\"https:\/\/wp.ufpel.edu.br\/geale\/files\/2019\/02\/tese-Tania-Clarindo-2018.pdf\">[pdf]<\/a><\/span><\/p>\n<p style=\"text-align: justify;\"><span style=\"color: #000000;\"><strong>FERREIRA &#8211; 2016<\/strong><\/span><br \/>\n<span style=\"color: #000000;\"><strong>T\u00edtulo:<\/strong> Uma palavra \u00e9 o nome de cada coisa: um estudo sobre as percep\u00e7\u00f5es de crian\u00e7as do ciclo de alfabetiza\u00e7\u00e3o acerca da palavra oral e gr\u00e1fica <\/span><br \/>\n<span style=\"color: #000000;\"><strong>Autor:<\/strong> <a style=\"color: #000000;\" href=\"http:\/\/buscatextual.cnpq.br\/buscatextual\/visualizacv.do?id=K4260934U0\">Carmen Regina Gon\u00e7alves Ferreira <\/a><\/span><br \/>\n<span style=\"color: #3366ff;\"><a style=\"color: #3366ff;\" href=\"https:\/\/wp.ufpel.edu.br\/geale\/files\/2016\/07\/Carmen-Ferreira.pdf\" target=\"_blank\" rel=\"noopener noreferrer\">[pdf]<\/a><\/span><\/p>\n<p style=\"text-align: justify;\"><span style=\"color: #000000;\"><strong>SANTOS &#8211; 2015<\/strong><\/span><br \/>\n<span style=\"color: #000000;\"><strong>T\u00edtulo<\/strong>: Um estudo sobre os erros ortogr\u00e1ficos de alunos do ensino m\u00e9dio do IFSUL &#8211; C\u00e2mpus Pelotas Visconde da Gra\u00e7a &#8211; (CAVG), \u00e0 luz do Modelo de Redescri\u00e7\u00e3o Representacional de Karmiloff-Smith (1986-1994)<\/span><br \/>\n<span style=\"color: #000000;\"><strong>Autor:<\/strong> <a style=\"color: #000000;\" href=\"http:\/\/buscatextual.cnpq.br\/buscatextual\/visualizacv.do?id=K4264248E1\">Cristiane Silveira dos Santos<\/a><\/span><br \/>\n<span style=\"color: #3366ff;\"><a style=\"color: #3366ff;\" href=\"https:\/\/wp.ufpel.edu.br\/geale\/files\/2016\/07\/Crisitane-Silveira-dos-Santos_Tese.pdf\">[pdf]<\/a><\/span><\/p>\n<p style=\"text-align: justify;\"><span style=\"color: #000000;\"><strong>GUTIERREZ &#8211; 2015<\/strong><\/span><br \/>\n<span style=\"color: #000000;\"><strong>T\u00edtulo:<\/strong> Programa de estimula\u00e7\u00e3o da consci\u00eancia fonol\u00f3gica no primeiro ano do ensino fundamental: efeitos sobre a escrita inicial e os erros motivados pela fonologia<\/span><br \/>\n<span style=\"color: #000000;\"><strong>Autor:<\/strong> <a style=\"color: #000000;\" href=\"http:\/\/buscatextual.cnpq.br\/buscatextual\/visualizacv.do?id=K4203624A4\">Liza Gutierrez<\/a><\/span><br \/>\n<a href=\"https:\/\/wp.ufpel.edu.br\/geale\/files\/2016\/07\/Liza-Gutierrez_Tese.pdf\">[pdf]<\/a><\/p>\n<p style=\"text-align: justify;\"><span style=\"color: #000000;\"><strong>MONTEIRO &#8211; 2014<\/strong><\/span><br \/>\n<span style=\"color: #000000;\"><strong>T\u00edtulo:<\/strong> Sistema Voc\u00e1lico do Portugu\u00eas Brasileiro: ortografia e fonologia na escrita infantil<\/span><br \/>\n<span style=\"color: #000000;\"><strong>Autor:<\/strong> <a style=\"color: #000000;\" href=\"http:\/\/buscatextual.cnpq.br\/buscatextual\/visualizacv.do?id=K4771643D5\">Carolina Reis Monteiro<\/a><\/span><br \/>\n<a href=\"https:\/\/wp.ufpel.edu.br\/geale\/files\/2016\/07\/Carolina-Monteiro_Tese.pdf\">[pdf]<\/a><\/p>\n<p style=\"text-align: justify;\"><span style=\"color: #000000;\"><strong>ADAMOLI &#8211; 2012<\/strong><\/span><br \/>\n<span style=\"color: #000000;\"> <strong>T\u00edtulo:\u00a0<\/strong>Um estudo sobre o estatuto fonol\u00f3gico dos ditongos vari\u00e1veis [aj] e [ej] do PB a partir de dados orais e ortogr\u00e1ficos produzidos\u00a0por crian\u00e7as de s\u00e9ries iniciais<\/span><br \/>\n<span style=\"color: #000000;\"> <strong>Autor:<\/strong> <a style=\"color: #000000;\" href=\"http:\/\/buscatextual.cnpq.br\/buscatextual\/visualizacv.do?id=K4596541D7&amp;tokenCaptchar=03AOLTBLRVpirEWxZPgO-fhY7WAJdl9oMKjMQZr0ns51uBPrhSG4_GzCG5f4SMr0QSl6VC9TTV_RhPpCAZP8CskQ2fMa8yZmM3ZUoidTjdTZW3Ye3B4fdYsb_ymrz6elK7DllpuTTqjV4_r8BZ972i-Hi8wiUanwB48kuv0JpfqdsLrB5nRxFPVhu87zyCOjrZOj7oklvJhPGkC7pCjd7e8K9voG_8UifCjISRpEyOI2hpr8m-IQ4VAqG18sOPpCKVSU_QMaqa2KRtyVX2sC5ztN-rBzuxraB2GLmTLbIqkHZIc4wBf0RCP_dP7DtXE8hO6sK7ANcZ5UK9D7UmtzRKe9IkIRnZPEFsuzER7D5D_fkzkCgy_ruLwDGGTu_7gXZm22m5rdVjXhzE6LUXMEjRhNVhG2F6iITtN40TEL7z-VXEmAGn53aoQKsjWA0BG6zHX8RKp3ZNn0NipUuW14t9U9tYF-zjGWEvVTcKk1IDsvI9BIRZ6_eO5z3I65myXRiX4hUGKWuEOKT5\">Marco Ant\u00f4nio Adamoli<\/a><\/span><br \/>\n<span style=\"color: #3366ff;\"> <a style=\"color: #3366ff;\" href=\"https:\/\/wp.ufpel.edu.br\/geale\/files\/2010\/11\/TESE-MARCO-FINAL.pdf\">[pdf]<\/a><\/span><\/p>\n<p style=\"text-align: justify;\"><span style=\"color: #000000;\"><strong>ROMBALDI &#8211; 2011<br \/>\nT\u00edtulo: <\/strong>A grafia da nasalidade por alunos de FLE: uma discuss\u00e3o sobre a rela\u00e7\u00e3o fonologia-ortografia<\/span><br \/>\n<span style=\"color: #000000;\"> <strong>Autor:<\/strong> <a style=\"color: #000000;\" href=\"http:\/\/buscatextual.cnpq.br\/buscatextual\/visualizacv.do?id=K4739912A3&amp;tokenCaptchar=03AOLTBLRGLeTJpLHO7S1PQIhRVmYoQHv8Uu18iexOff8hL0s8yz5RAEezC-40kXV1JQEFW0fb9PuWDkisLdemRKzth_9zmCBby_yDO2lG2k86gD-v505A8KIg9rvbEPSlRWlL1gP72paUP3Rz6mnkIXPkyAl2GKyhxatStT_3qij3rjNwYAG1aPQ-3uyvBJ556_zfmdZWOhsPERijbP9xLVofSWyxjwozmZJ2HBEM6QxYykC4Ec4E6if2Ex32WORlKiPBqwHG7V4B_iovfOCwodcXGD1viXwB0uFLWen_iKkf5_AGFQ-6iDft2DfhzXYEYWRZvwBMKwCUNDTpoPVRZ6tsfGj-izDumLSp3TmdCqvgLA0M5ywgEA1QR2TNDA4SI9PuFiyTBczwxt_-Z_enQSDNLsFzezXAMw5wqVFDGw0ael_BzcqjVE3CTtSUMpUGY24LaYK92XlICXJB2KQK8OMyoK84rpM60KbaIiR_sZGwmZGwwHuxxxXhpspdfspEwOvJHGipmzoT\">Claudia Regina Minossi Rombaldi<\/a><\/span><br \/>\n<span style=\"color: #3366ff;\"> <a style=\"color: #3366ff;\" href=\"https:\/\/wp.ufpel.edu.br\/geale\/files\/2010\/11\/tese_claudia1.pdf\">[pdf]<\/a><\/span><\/p>\n<p style=\"text-align: justify;\"><span style=\"color: #000000;\"><strong>CUNHA &#8211; 2010<br \/>\nT\u00edtulo:\u00a0<\/strong>As segmenta\u00e7\u00f5es n\u00e3o-convencionais da escrita inicial: uma discuss\u00e3o sobre o ritmo lingu\u00edstico do portugu\u00eas brasileiro e europeu<\/span><br \/>\n<span style=\"color: #000000;\"> <strong>Autor:<\/strong> <a style=\"color: #000000;\" href=\"http:\/\/buscatextual.cnpq.br\/buscatextual\/visualizacv.do?id=K4750471H2\">Ana Paula Nobre da Cunha<\/a><\/span><br \/>\n<span style=\"color: #3366ff;\"> <a style=\"color: #3366ff;\" href=\"https:\/\/wp.ufpel.edu.br\/geale\/files\/2010\/11\/TESE_CUNHA_20101.pdf\" target=\"_blank\" rel=\"noopener noreferrer\">[pdf]<\/a><\/span><\/p>\n","protected":false},"excerpt":{"rendered":"<p>* MIRANDA &#8211; 2000 T\u00edtulo: A metafonia nominal Autor: Ana Ruth Moresco Miranda\u00a0 [pdf]\u00a0* GOULART &#8211; 2023 T\u00edtulo: Conhecimento morfol\u00f3gico de estudantes do ensino fundamental e sua rela\u00e7\u00e3o com a aquisi\u00e7\u00e3o da escrita ortogr\u00e1fica do Portugu\u00eas Brasileiro Autor: Tamires Pereira &hellip; <a href=\"https:\/\/wp.ufpel.edu.br\/geale\/publicacoes\/teses\/\">Continue lendo <span class=\"meta-nav\">&rarr;<\/span><\/a><\/p>\n","protected":false},"author":72,"featured_media":0,"parent":29,"menu_order":0,"comment_status":"closed","ping_status":"closed","template":"","meta":{"footnotes":""},"class_list":["post-1130","page","type-page","status-publish","hentry"],"_links":{"self":[{"href":"https:\/\/wp.ufpel.edu.br\/geale\/wp-json\/wp\/v2\/pages\/1130","targetHints":{"allow":["GET"]}}],"collection":[{"href":"https:\/\/wp.ufpel.edu.br\/geale\/wp-json\/wp\/v2\/pages"}],"about":[{"href":"https:\/\/wp.ufpel.edu.br\/geale\/wp-json\/wp\/v2\/types\/page"}],"author":[{"embeddable":true,"href":"https:\/\/wp.ufpel.edu.br\/geale\/wp-json\/wp\/v2\/users\/72"}],"replies":[{"embeddable":true,"href":"https:\/\/wp.ufpel.edu.br\/geale\/wp-json\/wp\/v2\/comments?post=1130"}],"version-history":[{"count":19,"href":"https:\/\/wp.ufpel.edu.br\/geale\/wp-json\/wp\/v2\/pages\/1130\/revisions"}],"predecessor-version":[{"id":2278,"href":"https:\/\/wp.ufpel.edu.br\/geale\/wp-json\/wp\/v2\/pages\/1130\/revisions\/2278"}],"up":[{"embeddable":true,"href":"https:\/\/wp.ufpel.edu.br\/geale\/wp-json\/wp\/v2\/pages\/29"}],"wp:attachment":[{"href":"https:\/\/wp.ufpel.edu.br\/geale\/wp-json\/wp\/v2\/media?parent=1130"}],"curies":[{"name":"wp","href":"https:\/\/api.w.org\/{rel}","templated":true}]}}