{"id":1115,"date":"2016-05-25T10:22:03","date_gmt":"2016-05-25T13:22:03","guid":{"rendered":"https:\/\/wp.ufpel.edu.br\/geale\/?page_id=1115"},"modified":"2022-09-28T08:28:36","modified_gmt":"2022-09-28T11:28:36","slug":"entrevistas","status":"publish","type":"page","link":"https:\/\/wp.ufpel.edu.br\/geale\/publicacoes\/entrevistas\/","title":{"rendered":"Entrevistas"},"content":{"rendered":"<p style=\"text-align: justify;\"><span style=\"color: #000000;\"><strong>2022<br \/>\n<\/strong><\/span><span style=\"color: #000000;\"><a style=\"color: #000000;\" href=\"http:\/\/buscatextual.cnpq.br\/buscatextual\/visualizacv.do?id=K4790384Z4\" target=\"_blank\" rel=\"noopener\">MIRANDA, Ana Ruth Moresco<\/a><strong>. <a style=\"color: #000000;\" href=\"https:\/\/periodicos.ufpel.edu.br\/ojs2\/index.php\/caduc\/article\/view\/23602\">Magda Soares em entrevista para Cadernos de Educa\u00e7\u00e3o UFPel<\/a>.<\/strong> Cadernos de Educa\u00e7\u00e3o, Pelotas, n. 66, e056622, p. 01-20, 08 setembro 2022.<\/span><\/p>\n<p style=\"text-align: justify;\"><span style=\"color: #000000;\"><strong>2<\/strong><\/span><span style=\"color: #000000;\"><strong>014<br \/>\n<\/strong><\/span><span style=\"color: #000000;\"><a style=\"color: #000000;\" href=\"http:\/\/buscatextual.cnpq.br\/buscatextual\/visualizacv.do?id=K4790384Z4\" target=\"_blank\" rel=\"noopener\">MIRANDA, Ana Ruth Moresco<\/a><strong>.\u00a0<a style=\"color: #000000;\" href=\"http:\/\/www.ceale.fae.ufmg.br\/app\/webroot\/files\/uploads\/JLA\/2014_JLA38.pdf\">Entrevista: A atualiza\u00e7\u00e3o do conhecimento lingu\u00edstico pela crian\u00e7a em fase de alfabetiza\u00e7\u00e3o<\/a>.<\/strong> Letra A &#8211; Jornal do Alfabetizador, Belo Horizonte &#8211; UFMG, p. 12 &#8211; 14, 01 maio 2014.<\/span><\/p>\n<p>&nbsp;<\/p>\n","protected":false},"excerpt":{"rendered":"<p>2022 MIRANDA, Ana Ruth Moresco. Magda Soares em entrevista para Cadernos de Educa\u00e7\u00e3o UFPel. Cadernos de Educa\u00e7\u00e3o, Pelotas, n. 66, e056622, p. 01-20, 08 setembro 2022. 2014 MIRANDA, Ana Ruth Moresco.\u00a0Entrevista: A atualiza\u00e7\u00e3o do conhecimento lingu\u00edstico pela crian\u00e7a em fase &hellip; <a href=\"https:\/\/wp.ufpel.edu.br\/geale\/publicacoes\/entrevistas\/\">Continue lendo <span class=\"meta-nav\">&rarr;<\/span><\/a><\/p>\n","protected":false},"author":72,"featured_media":0,"parent":29,"menu_order":3,"comment_status":"closed","ping_status":"closed","template":"","meta":{"footnotes":""},"class_list":["post-1115","page","type-page","status-publish","hentry"],"_links":{"self":[{"href":"https:\/\/wp.ufpel.edu.br\/geale\/wp-json\/wp\/v2\/pages\/1115","targetHints":{"allow":["GET"]}}],"collection":[{"href":"https:\/\/wp.ufpel.edu.br\/geale\/wp-json\/wp\/v2\/pages"}],"about":[{"href":"https:\/\/wp.ufpel.edu.br\/geale\/wp-json\/wp\/v2\/types\/page"}],"author":[{"embeddable":true,"href":"https:\/\/wp.ufpel.edu.br\/geale\/wp-json\/wp\/v2\/users\/72"}],"replies":[{"embeddable":true,"href":"https:\/\/wp.ufpel.edu.br\/geale\/wp-json\/wp\/v2\/comments?post=1115"}],"version-history":[{"count":7,"href":"https:\/\/wp.ufpel.edu.br\/geale\/wp-json\/wp\/v2\/pages\/1115\/revisions"}],"predecessor-version":[{"id":2089,"href":"https:\/\/wp.ufpel.edu.br\/geale\/wp-json\/wp\/v2\/pages\/1115\/revisions\/2089"}],"up":[{"embeddable":true,"href":"https:\/\/wp.ufpel.edu.br\/geale\/wp-json\/wp\/v2\/pages\/29"}],"wp:attachment":[{"href":"https:\/\/wp.ufpel.edu.br\/geale\/wp-json\/wp\/v2\/media?parent=1115"}],"curies":[{"name":"wp","href":"https:\/\/api.w.org\/{rel}","templated":true}]}}