{"id":1097,"date":"2016-05-12T10:28:28","date_gmt":"2016-05-12T13:28:28","guid":{"rendered":"https:\/\/wp.ufpel.edu.br\/geale\/?page_id=1097"},"modified":"2026-04-09T10:55:21","modified_gmt":"2026-04-09T13:55:21","slug":"artigos","status":"publish","type":"page","link":"https:\/\/wp.ufpel.edu.br\/geale\/publicacoes\/artigos\/","title":{"rendered":"Artigos em peri\u00f3dicos"},"content":{"rendered":"<p style=\"text-align: justify;\"><strong>2025<br \/>\n<\/strong><span style=\"color: #333333;\"><a style=\"color: #333333;\" href=\"http:\/\/lattes.cnpq.br\/0527978296523584\" target=\"_blank\" rel=\"noopener\"><span style=\"color: #333333;\">PACHALSKI, L.<\/span><\/a>; <a style=\"color: #333333;\" href=\"http:\/\/lattes.cnpq.br\/5342617922616660\" target=\"_blank\" rel=\"noopener\">MIR<\/a><a style=\"color: #333333;\" href=\"http:\/\/lattes.cnpq.br\/5342617922616660\" target=\"_blank\" rel=\"noopener\">ANDA, A. R. M.<\/a><\/span><span style=\"color: #000000;\"><span style=\"color: #333333;\"> <a style=\"color: #333333;\" href=\"https:\/\/periodicos.fclar.unesp.br\/alfa\/article\/view\/19494\/20269\">O papel da aquisi\u00e7\u00e3o da escrita na representa\u00e7\u00e3o da coda sil\u00e1bica do portugu\u00eas brasileiro: da fonologia infantil \u00e0 fonologia adulta<\/a>.<\/span> <strong>Alfa<\/strong>, <\/span><span style=\"color: #333333;\">S\u00e3o Paulo, v. 70, 2025.<\/span><span style=\"color: #000000;\"><br \/>\n<\/span><\/p>\n<p style=\"text-align: justify;\"><span style=\"color: #333333;\"><strong>2023<br \/>\n<\/strong><a style=\"color: #333333;\" href=\"http:\/\/lattes.cnpq.br\/5342617922616660\" target=\"_blank\" rel=\"noopener\">MIR<\/a><a style=\"color: #333333;\" href=\"http:\/\/lattes.cnpq.br\/5342617922616660\" target=\"_blank\" rel=\"noopener\">ANDA, A. R. M.<\/a>; <a style=\"color: #333333;\" href=\"http:\/\/lattes.cnpq.br\/0527978296523584\" target=\"_blank\" rel=\"noopener\"><span style=\"color: #333333;\">PACHALSKI,<\/span> L.<\/a>; <a style=\"color: #333333;\" href=\"http:\/\/lattes.cnpq.br\/1948866787334459\" target=\"_blank\" rel=\"noopener\">REINEHR, N. V<\/a>. <a style=\"color: #333333;\" href=\"https:\/\/seer.ufrgs.br\/index.php\/organon\/article\/view\/135081\" target=\"_blank\" rel=\"noopener\">O glide [w] nas escritas iniciais: ortografia e fonologia<\/a>. <strong>Organon<\/strong> (UFRGS), v. 38, p. 1-22, jul\/dez. 2023.<\/span><\/p>\n<p style=\"text-align: justify;\"><span style=\"color: #333333;\"><a style=\"color: #333333;\" href=\"http:\/\/lattes.cnpq.br\/3647123786786763\">AVILA, M. M<\/a>.; <a class=\"tooltip\" style=\"color: #333333;\" href=\"http:\/\/lattes.cnpq.br\/5342617922616660\" target=\"_blank\" rel=\"noopener noreferrer\">MIRANDA, A. R. M.<\/a>\u00a0<a style=\"color: #333333;\" href=\"https:\/\/periodicos.ufsc.br\/index.php\/workingpapers\/article\/view\/92298\">A grafia da nasalidade medial p\u00f3s-voc\u00e1lica por crian\u00e7as de tr\u00eas variedades do portugu\u00eas.<\/a> <strong>Working Papers em Lingu\u00edstica<\/strong> (Online), v. 24, p. 32-53, 2023.<\/span><\/p>\n<p style=\"text-align: justify;\"><span style=\"color: #333333;\"><a style=\"color: #333333;\" href=\"http:\/\/lattes.cnpq.br\/4311123670035590\">GOULART, T. P. D.<\/a>; <a style=\"color: #333333;\" href=\"http:\/\/lattes.cnpq.br\/5342617922616660\">MIRANDA, A. R. M.<\/a> <a style=\"color: #333333;\" href=\"http:\/\/www.revel.inf.br\/files\/9434c610d0867aede2ae7ea6ae1190ee.pdf\">Um estudo sobre a grafia de morfemas <\/a><a style=\"color: #333333;\" href=\"http:\/\/www.revel.inf.br\/files\/9434c610d0867aede2ae7ea6ae1190ee.pdf\">flexionais em textos de escrita inicial<\/a>. <strong>ReVEL<\/strong>, v. 21, n. 40, p. 283-305, mar. 2023.<\/span><\/p>\n<p style=\"text-align: justify;\"><span style=\"color: #333333;\"><a class=\"tooltip\" style=\"color: #333333;\" href=\"http:\/\/lattes.cnpq.br\/5342617922616660\" target=\"_blank\" rel=\"noopener noreferrer\">MIRANDA, A. R. M.<\/a>; <a style=\"color: #333333;\" href=\"http:\/\/lattes.cnpq.br\/0527978296523584\">PACHALSKI, L.<\/a>; <a style=\"color: #333333;\" href=\"http:\/\/buscatextual.cnpq.br\/buscatextual\/visualizacv.do?id=K2709302Y1\">RICHETTI, L. S.<\/a> <a style=\"color: #333333;\" href=\"https:\/\/periodicos.ufsc.br\/index.php\/forum\/article\/view\/85764\">Os d\u00edgrafos do portugu\u00eas na escrita de alunos dos anos iniciais do Ensino Fundamental<\/a>. <strong>Revista F\u00f3rum Lingu\u00edstico<\/strong>, v. 20, n. 1 (2023): As Lingu\u00edsticas da Alfabetiza\u00e7\u00e3o, p. 8727-8745, 07 fev. 2023.<\/span><\/p>\n<p style=\"text-align: justify;\"><span style=\"color: #333333;\"><a style=\"color: #333333;\" href=\"http:\/\/lattes.cnpq.br\/2895958736386483\">SILVA, S. S.<\/a>; <a class=\"tooltip\" style=\"color: #333333;\" href=\"http:\/\/lattes.cnpq.br\/5342617922616660\" target=\"_blank\" rel=\"noopener noreferrer\">MIRANDA, A. R. M.<\/a>\u00a0<a style=\"color: #333333;\" href=\"https:\/\/www.revistas.usp.br\/flp\/issue\/view\/13172\/2722\">Os erros (orto)gr\u00e1ficos das soantes palatais.<\/a> <strong>Filologia e Lingu\u00edstica Portuguesa<\/strong> (Online), v. 25, p. 87-105, jan\/jul. 2023.<\/span><\/p>\n<p style=\"text-align: justify;\"><span style=\"color: #333333;\"><strong>2022<br \/>\n<\/strong><a style=\"color: #333333;\" href=\"http:\/\/lattes.cnpq.br\/0872088119151140\">J\u00c4GER, J. J.<\/a>; <a style=\"color: #333333;\" href=\"http:\/\/lattes.cnpq.br\/7467574585513397\">N\u00d6RNBERG, M.<\/a>; <a style=\"color: #333333;\" href=\"https:\/\/www.revistas.uneb.br\/index.php\/faeeba\/article\/view\/13479\">A forma\u00e7\u00e3o entre pares como a\u00e7\u00e3o \u00e9tica e pol\u00edtica<\/a>. <strong>Revista da FAEEBA &#8211; Educa\u00e7\u00e3o e Contemporaneidade<\/strong>, v. 31, n. 66, p. 191-206, 28 maio 2022.<\/span><\/p>\n<p style=\"text-align: justify;\"><span style=\"color: #333333;\"><a style=\"color: #333333;\" href=\"http:\/\/lattes.cnpq.br\/7467574585513397\">N\u00d6RNBERG, M.<\/a>; <a style=\"color: #333333;\" href=\"http:\/\/lattes.cnpq.br\/0533357400304652\">SOUTO, L. K.<\/a> <a style=\"color: #333333;\" href=\"https:\/\/www.revformacaodocente.com.br\/index.php\/rbpfp\/article\/view\/633\">Caracter\u00edsticas acerca da no\u00e7\u00e3o de Pedagogia em artigos de estagi\u00e1rias dos anos iniciais<\/a>. Forma\u00e7\u00e3o Docente \u2013 <strong>Revista Brasileira de Pesquisa sobre Forma\u00e7\u00e3o de Professores<\/strong>, [S. l.], v. 14, n. 30, p. 49\u201361, 2022. DOI: 10.31639\/rbpfp.v14i30.633.<\/span><\/p>\n<p style=\"text-align: justify;\"><span style=\"color: #333333;\"><strong>2021<br \/>\n<\/strong><a style=\"color: #333333;\" href=\"http:\/\/buscatextual.cnpq.br\/buscatextual\/visualizacv.do?id=K4793259H1\">MATZENAUER, C. L. B.<\/a>;\u00a0<a class=\"tooltip\" style=\"color: #333333;\" href=\"http:\/\/lattes.cnpq.br\/5342617922616660\" target=\"_blank\" rel=\"noopener noreferrer\">MIRANDA, A. R. M.<\/a> <a style=\"color: #333333;\" href=\"http:\/\/clul.ulisboa.pt\/bibcite\/contributor\/701\">FREITAS, M. J.<\/a>; <a style=\"color: #333333;\" href=\"https:\/\/periodicos.ufpel.edu.br\/ojs2\/index.php\/rle\/article\/view\/22243\">Apresenta\u00e7\u00e3o &#8211; Aquisi\u00e7\u00e3o da Fonologia: Quest\u00f5es Te\u00f3ricas e Emp\u00edricas.<\/a> <strong>Revista Linguagem &amp; Ensino<\/strong>, Pelotas, v. 24, n. 4, p. 660-666, out.-dez. 2021.<\/span><\/p>\n<p style=\"text-align: justify;\"><span style=\"color: #333333;\"><a style=\"color: #333333;\" href=\"http:\/\/lattes.cnpq.br\/0527978296523584\">PACHALSKI, L.<\/a>; <a class=\"tooltip\" style=\"color: #333333;\" href=\"http:\/\/lattes.cnpq.br\/5342617922616660\" target=\"_blank\" rel=\"noopener noreferrer\">MIRANDA, A. R. M.<\/a> <a style=\"color: #333333;\" href=\"https:\/\/periodicos.ufpel.edu.br\/ojs2\/index.php\/rle\/article\/view\/21278\">S\u00edlabas complexas na escrita de crian\u00e7as dos anos iniciais: ind\u00edcios sobre o acesso \u00e0s estruturas intrassil\u00e1bicos.<\/a> <strong>Revista Linguagem &amp; Ensino<\/strong>, Pelotas, v. 24, n. 4, p. 868-892, out.-dez. 2021.<\/span><\/p>\n<p style=\"text-align: justify;\"><span style=\"color: #333333;\"><a class=\"tooltip\" style=\"color: #333333;\" href=\"http:\/\/lattes.cnpq.br\/1340839664491327\" target=\"_blank\" rel=\"noopener noreferrer\">BLANK, M. T.<\/a>; <a style=\"color: #333333;\" href=\"https:\/\/periodicos.ufpel.edu.br\/ojs2\/index.php\/rle\/article\/view\/21879\">Aquisi\u00e7\u00e3o da escrita de alunos bil\u00edngues (pomerano\/portugu\u00eas): rela\u00e7\u00e3o percep\u00e7\u00e3o\/escrita.<\/a> <strong>Revista Linguagem &amp; Ensino<\/strong>, Pelotas, v. 24, n. 4, p. 893-916, out.-dez. 2021.<\/span><\/p>\n<p style=\"text-align: justify;\"><span style=\"color: #333333;\"><strong>2020<br \/>\n<\/strong><a class=\"tooltip\" style=\"color: #333333;\" href=\"http:\/\/lattes.cnpq.br\/5342617922616660\" target=\"_blank\" rel=\"noopener noreferrer\">MIRANDA, A. R. M.<\/a>; <a style=\"color: #333333;\" href=\"http:\/\/lattes.cnpq.br\/0527978296523584\">PACHALSKI, L.<\/a>\u00a0<a style=\"color: #333333;\" href=\"https:\/\/wp.ufpel.edu.br\/geale\/files\/2021\/01\/32475-Texto-do-artigo-133795-1-10-20210113.pdf\">Dados de aquisi\u00e7\u00e3o da linguagem e sistema pret\u00f4nico das vogais do Portugu\u00eas: fonologia e ensino.<\/a> <strong>VEREDAS &#8211; REVISTA DE ESTUDOS LINGU\u00cdSTICOS<\/strong>, v. 24, p. 368-390, 2020.<\/span><\/p>\n<p style=\"text-align: justify;\"><span style=\"color: #333333;\"><a style=\"color: #333333;\" href=\"http:\/\/lattes.cnpq.br\/0554973077334605\">TAVARES, F. C.<\/a>; <a style=\"color: #333333;\" href=\"http:\/\/lattes.cnpq.br\/5342617922616660\">MIRANDA, A. R. M.<\/a> <a style=\"color: #333333;\" href=\"https:\/\/doi.org\/10.21165\/gel.v17i1.2770\">A l\u00edquida palatal do portugu\u00eas na diacronia e na aquisi\u00e7\u00e3o da escrita.<\/a> <strong>Revista do GEL<\/strong>, v. 17, n. 1, p. 308-328, 2020.<\/span><\/p>\n<p style=\"text-align: justify;\"><span style=\"color: #333333;\"><a style=\"color: #333333;\" href=\"http:\/\/buscatextual.cnpq.br\/buscatextual\/visualizacv.do?id=K4790384Z4\">MIRANDA, A. R. M<\/a>.<a style=\"color: #333333;\" href=\"http:\/\/www.scielo.br\/scielo.php?pid=S0102-46982020000100705&amp;script=sci_abstract&amp;tlng=pt\"> Um estudo sobre a natureza dos erros (orto)gr\u00e1ficos produzidos por crian\u00e7as dos anos iniciais.<\/a><strong> Educ. rev.<\/strong> [online]. 2020, vol.36, e221615. \u00a0Epub\u00a0Jan\u00a031, 2020.\u00a0<\/span><\/p>\n<p style=\"text-align: justify;\"><span style=\"color: #333333;\"><strong>2019<br \/>\n<\/strong><a style=\"color: #333333;\" href=\"http:\/\/buscatextual.cnpq.br\/buscatextual\/visualizacv.do?id=K4750471H2\">CUNHA, A. P. N.<\/a>; <a style=\"color: #333333;\" href=\"http:\/\/buscatextual.cnpq.br\/buscatextual\/visualizacv.do?id=K4790384Z4\">MIRANDA, A. R. M<\/a>. <a style=\"color: #333333;\" href=\"http:\/\/www.revel.inf.br\/files\/60f37b4eedb5ad4bb7b95c6a1cadaaa9.pdf\">Segmenta\u00e7\u00f5es n\u00e3o convencionais da escrita inicial: converg\u00eancias do processo em diferentes l\u00ednguas<\/a>. <strong>Revista Virtual de Estudos da Linguagem<\/strong>, v. 17, n. 33, p. 300-321, 2019.<strong><br \/>\n<\/strong><\/span><\/p>\n<p style=\"text-align: justify;\"><span style=\"color: #333333;\"><a style=\"color: #333333;\" href=\"http:\/\/buscatextual.cnpq.br\/buscatextual\/visualizacv.do?id=K4790384Z4\">MIRANDA, A. R. M<\/a>. <a style=\"color: #333333;\" href=\"http:\/\/dx.doi.org\/10.5007\/1984-8412.2019v16n2p3825\">As s\u00edlabas complexas: fonologia e aquisi\u00e7\u00e3o da linguagem oral e escrita.<\/a> <strong>Fo\u0301rum linguistico<\/strong>, Floriano\u0301polis, v.16, n.2, p.3825-3848, abr.\/jun., 2019.<\/span><\/p>\n<p style=\"text-align: justify;\"><span style=\"color: #333333;\"><a style=\"color: #333333;\" href=\"http:\/\/lattes.cnpq.br\/6020032781857203\">NEY, L. A. G.<\/a>; <a style=\"color: #333333;\" href=\"http:\/\/buscatextual.cnpq.br\/buscatextual\/visualizacv.do?id=K4790384Z4\">MIRANDA, A. R. M<\/a>. <a style=\"color: #333333;\" href=\"https:\/\/periodicos.ufsc.br\/index.php\/desterro\/article\/view\/2175-8026.2019v72n3p223\/40987\">Um estudo sobre o acento gr\u00e1fico na aquisi\u00e7\u00e3o da escrita: ortografia e fonologia<\/a>. Ilha do Desterro, Florian\u00f3polis, v. 72, n. 3, p. 223-248,\u00a0 2019.<\/span><\/p>\n<p style=\"text-align: justify;\"><span style=\"color: #333333;\"><a style=\"color: #333333;\" href=\"http:\/\/lattes.cnpq.br\/0527978296523584\">PACHALSKI, L.<\/a>; <a style=\"color: #333333;\" href=\"http:\/\/buscatextual.cnpq.br\/buscatextual\/visualizacv.do?id=K4790384Z4\">MIRANDA, A. R. M<\/a>. <a style=\"color: #333333;\" href=\"http:\/\/www.revel.inf.br\/files\/b4ecb21e8166d5107fe10ea4639c3ff1.pdf\">Conhecimento fonol\u00f3gico na aquisi\u00e7\u00e3o da escrita: um estudo sobre os erros (orto)gr\u00e1ficos em textos de crian\u00e7as do Ciclo de Alfabetiza\u00e7\u00e3o<\/a>. <strong>Revista Virtual de Estudos da Linguagem<\/strong>, v. 17, n. 33, p. 137-160, 2019.<\/span><\/p>\n<p style=\"text-align: justify;\"><span style=\"color: #333333;\"><strong>2018<\/strong><\/span><br \/>\n<span style=\"color: #333333;\"><a style=\"color: #333333;\" href=\"http:\/\/buscatextual.cnpq.br\/buscatextual\/visualizacv.do?id=K4596541D7\">ADAMOLI, M. A.<\/a>; <a style=\"color: #333333;\" href=\"http:\/\/buscatextual.cnpq.br\/buscatextual\/visualizacv.do?id=K4790384Z4\">MIRANDA, A. R. M<\/a>. <a style=\"color: #333333;\" href=\"https:\/\/periodicos.ufpel.edu.br\/ojs2\/index.php\/rle\/article\/view\/15190\">Dados de aquisi\u00e7\u00e3o da fala e da escrita e sua contribui\u00e7\u00e3o \u00e0 discuss\u00e3o dos ditongos fon\u00e9ticos [aj] e [ej] do PB<\/a>. <strong>Linguagem &amp; Ensino<\/strong>, Pelotas, v.21, n. esp., VIII SENALE, p. 119-145, 2018.<\/span><\/p>\n<p style=\"text-align: justify;\"><span style=\"color: #333333;\"><a style=\"color: #333333;\" href=\"http:\/\/lattes.cnpq.br\/7467574585513397\">N\u00d6RNBERG, M.<\/a>;<a style=\"color: #333333;\" href=\"http:\/\/buscatextual.cnpq.br\/buscatextual\/visualizacv.do?id=K4790384Z4\"> MIRANDA, A. R. M;<\/a> <a style=\"color: #333333;\" href=\"http:\/\/buscatextual.cnpq.br\/buscatextual\/visualizacv.do?id=K8499872P6\">BRAGA, G. S<\/a>.\u00a0<a style=\"color: #333333;\" href=\"http:\/\/www.periodicos.ulbra.br\/index.php\/txra\/article\/viewFile\/3783\/2776\">Por uma pol\u00edtica republicana de educa\u00e7\u00e3o, alfabetiza\u00e7\u00e3o e forma\u00e7\u00e3o de professores: uma entrevista com Artur Gomes de Morais<\/a>. <strong>Textura<\/strong>, Canoas, v. 2o, n. 42, p. 298-310, jan\/abr. 2018.<\/span><\/p>\n<p style=\"text-align: justify;\"><span style=\"color: #333333;\"><a style=\"color: #333333;\" href=\"http:\/\/lattes.cnpq.br\/0527978296523584\">PACHALSKI, L.<\/a>; <a style=\"color: #333333;\" href=\"http:\/\/buscatextual.cnpq.br\/buscatextual\/visualizacv.do?id=K4790384Z4\">MIRANDA, A. R. M<\/a>. <a style=\"color: #333333;\" href=\"https:\/\/www.revistas.usp.br\/flp\/article\/view\/151909\">A met\u00e1tese na aquisi\u00e7\u00e3o da escrita: simetrias e assimetrias entre fonologia e ortografia<\/a>. <strong>Filologia e Lingu\u00edstica Portuguesa (Online)<\/strong>, v. 20, p. 233-256, 2018.<\/span><\/p>\n<p style=\"text-align: justify;\"><span style=\"color: #333333;\"><strong>2014<br \/>\n<\/strong><a style=\"color: #333333;\" href=\"http:\/\/buscatextual.cnpq.br\/buscatextual\/visualizacv.do?id=K4790384Z4\">MIRANDA, Ana Ruth Moresco<\/a>.<strong>\u00a0<\/strong><a style=\"color: #333333;\" href=\"http:\/\/www.mundoalfal.org\/sites\/default\/files\/revista\/30_2_linguistica_045_080.pdf\">A fonologia em dados de escrita inicial de crian\u00e7as brasileiras<\/a>. <strong>Linguistica (Madrid)<\/strong>, v. 30, p. 45-80, 2014.<\/span><\/p>\n<p style=\"text-align: justify;\"><span style=\"color: #333333;\"><strong>2013<\/strong><\/span><br \/>\n<span style=\"color: #333333;\"> <a style=\"color: #333333;\" href=\"http:\/\/buscatextual.cnpq.br\/buscatextual\/visualizacv.do?id=K4790384Z4\">MIRANDA, Ana Ruth Moresco<\/a>;\u00a0<a style=\"color: #333333;\" href=\"http:\/\/buscatextual.cnpq.br\/buscatextual\/visualizacv.do?id=K4750471H2\">CUNHA,\u00a0Ana Paula Nobre da<\/a>.\u00a0<a style=\"color: #333333;\" href=\"https:\/\/revistaseletronicas.pucrs.br\/ojs\/index.php\/fale\/article\/view\/12627\">Ind\u00edcios de reestrutura\u00e7\u00e3o do conhecimento fonol\u00f3gico da\u00a0crian\u00e7a em dados de reparo na escrita inicial<\/a>.\u00a0<strong>Letras de Hoje,<\/strong> Porto Alegre, v. 48, n. 3, p. 343-354, jul.\/set. 2013<\/span><\/p>\n<p style=\"text-align: justify;\"><span style=\"color: #333333;\"><a style=\"color: #333333;\" href=\"http:\/\/buscatextual.cnpq.br\/buscatextual\/visualizacv.do?id=K4790384Z4\">MIRANDA, Ana Ruth Moresco<\/a><strong>.\u00a0<\/strong><a style=\"color: #333333;\" href=\"http:\/\/seer.ufrgs.br\/organon\/article\/view\/38340\/27050\">Insights sobre a representa\u00e7\u00e3o das vogais pret\u00f4nicas no portugu\u00eas do Brasil: dados de desenvolvimento fonol\u00f3gico e de escrita inicial<\/a>.\u00a0<strong>Organon<\/strong>, Porto Alegre, v. 28, n. 54, p. 83-100, jan.\/jun. 2013.<\/span><\/p>\n<p style=\"text-align: justify;\"><span style=\"color: #333333;\"><strong>2012<br \/>\n<\/strong><a style=\"color: #333333;\" href=\"http:\/\/buscatextual.cnpq.br\/buscatextual\/visualizacv.do?id=K4793259H1\">MATZENAUER, Carmen L\u00facia Barreto<\/a>;\u00a0<a style=\"color: #333333;\" href=\"http:\/\/buscatextual.cnpq.br\/buscatextual\/visualizacv.do?id=K4790384Z4\">MIRANDA, Ana Ruth Moresco<\/a><strong>.\u00a0<\/strong><a style=\"color: #333333;\" href=\"http:\/\/periodicos.letras.ufmg.br\/index.php\/relin\/article\/view\/2745\">A Constru\u00e7\u00e3o do Conhecimento Fonol\u00f3gico na Aquisi\u00e7\u00e3o da Linguagem<\/a><strong>.<\/strong> <strong>Revista de Estudos da Linguagem<\/strong>, v. 20, p. 91-124, 2012.<\/span><\/p>\n<p style=\"text-align: justify;\"><span style=\"color: #333333;\"><a style=\"color: #333333;\" href=\"http:\/\/buscatextual.cnpq.br\/buscatextual\/visualizacv.do?id=K4790384Z4\">MIRANDA, Ana Ruth Moresco<\/a>.\u00a0<a style=\"color: #333333;\" href=\"https:\/\/wp.ufpel.edu.br\/geale\/files\/2024\/02\/25060-Texto-do-artigo-98287-1-10-20160629.pdf\">Reflex\u00f5es sobre a fonologia e a aquisi\u00e7\u00e3o da linguagem oral e escrita.<\/a><strong> Veredas <\/strong>(UFJFOnline), v. 16, p. 118-135, 2012.<\/span><\/p>\n<p style=\"text-align: justify;\"><span style=\"color: #333333;\"><a style=\"color: #333333;\" href=\"http:\/\/buscatextual.cnpq.br\/buscatextual\/visualizacv.do?id=K4739912A3\">ROMBALDI, Claudia Minossi<\/a>;<a style=\"color: #333333;\" href=\"http:\/\/buscatextual.cnpq.br\/buscatextual\/visualizacv.do?id=K4790384Z4\">\u00a0MIRANDA, Ana Ruth Moresco<\/a>;\u00a0<a style=\"color: #333333;\" href=\"http:\/\/buscatextual.cnpq.br\/buscatextual\/visualizacv.do?id=K4781551E7\">DAMIANI, Magda Floriana<\/a>. <a style=\"color: #333333;\" href=\"http:\/\/www.seer.ufu.br\/index.php\/letraseletras\/article\/view\/25865\">A presen\u00e7a da fonologia na grafia das vogais arredondadas do Franc\u00eas por brasileiros<\/a>. <strong>Letras &amp; Letras <\/strong>(Online), v. 28, p. 325-345, 2012<\/span><\/p>\n<p style=\"text-align: justify;\"><span style=\"color: #333333;\"><strong>2010<br \/>\n<\/strong><a style=\"color: #333333;\" href=\"http:\/\/buscatextual.cnpq.br\/buscatextual\/visualizacv.do?id=K4790384Z4\">MIRANDA, Ana Ruth\u00a0Moresco<\/a>.\u00a0<a style=\"color: #333333;\" href=\"https:\/\/revistaseletronicas.pucrs.br\/index.php\/fale\/article\/view\/6854\">A intera\u00e7\u00e3o entre acento e s\u00edlaba na aquisi\u00e7\u00e3o da linguagem: um exemplo de marca\u00e7\u00e3o posicional.<\/a>\u00a0<strong>Letras de Hoje<\/strong>, Porto Alegre, v. 45, n. 1, p. 27-34, jan.\/mar. 2010.<\/span><\/p>\n<p style=\"text-align: justify;\"><span style=\"color: #333333;\"><strong>2009<br \/>\n<\/strong><a style=\"color: #333333;\" href=\"http:\/\/buscatextual.cnpq.br\/buscatextual\/visualizacv.do?id=K4750471H2\">CUNHA, Ana Paula Nobre da<\/a>;\u00a0<a style=\"color: #333333;\" href=\"http:\/\/buscatextual.cnpq.br\/buscatextual\/visualizacv.do?id=K4790384Z4\">MIRANDA, Ana Ruth Moresco<\/a>.\u00a0<a style=\"color: #333333;\" href=\"http:\/\/seer.fclar.unesp.br\/alfa\/article\/view\/1681\/1362\">A hipo e a hipersegmenta\u00e7\u00e3o nos dados de aquisi\u00e7\u00e3o de escrita: a influ\u00eancia da pros\u00f3dia<\/a>. <strong>Alfa: Revista de Lingu\u00edstica<\/strong> (UNESP. S\u00e3o Jos\u00e9 do Rio Preto. Impresso), v. 53, p. 127-148, 2009.<\/span><\/p>\n<p style=\"text-align: justify;\"><span style=\"color: #333333;\"><strong>2008<br \/>\n<\/strong><a style=\"color: #333333;\" href=\"http:\/\/buscatextual.cnpq.br\/buscatextual\/visualizacv.do?id=K4790384Z4\">MIRANDA, Ana Ruth Moresco<\/a>.<a style=\"color: #333333;\" href=\"https:\/\/periodicos.ufsm.br\/letras\/article\/view\/11971\"> A aquisi\u00e7\u00e3o ortogr\u00e1fica das vogais do portugu\u00eas &#8211; rela\u00e7\u00f5es com a fonologia e a morfologia<\/a>. <strong>Letras<\/strong> (Santa Maria), v. 36, p. 151-168, 2008.<\/span><\/p>\n<p style=\"text-align: justify;\"><span style=\"color: #333333;\"><a style=\"color: #333333;\" href=\"http:\/\/buscatextual.cnpq.br\/buscatextual\/visualizacv.do?id=K4793259H1\">MATZENAUER, Carmen L\u00facia Barreto<\/a>;\u00a0<a style=\"color: #333333;\" href=\"http:\/\/buscatextual.cnpq.br\/buscatextual\/visualizacv.do?id=K4790384Z4\">MIRANDA, Ana Ruth Moresco<\/a>.\u00a0<a style=\"color: #333333;\" href=\"http:\/\/seer.fclar.unesp.br\/alfa\/article\/view\/1502\/1205\">As vogais m\u00e9dias do PB uma discuss\u00e3o sobre as coronais em seq\u00fc\u00eancias voc\u00e1licas<\/a>.<strong> Alfa: Revista de Lingu\u00edstica<\/strong> (UNESP. S\u00e3o Jos\u00e9 do Rio Preto. Impresso), v. 52(2), p. 289-309, 2008.<\/span><\/p>\n<p style=\"text-align: justify;\"><span style=\"color: #333333;\"><a style=\"color: #333333;\" href=\"http:\/\/buscatextual.cnpq.br\/buscatextual\/visualizacv.do?id=K4793259H1\">MATZENAUER, Carmen L\u00facia Barreto<\/a>;\u00a0<a style=\"color: #333333;\" href=\"http:\/\/buscatextual.cnpq.br\/buscatextual\/visualizacv.do?id=K4790384Z4\">MIRANDA, Ana Ruth Moresco<\/a>.\u00a0<a style=\"color: #333333;\" href=\"https:\/\/periodicos.ufjf.br\/index.php\/veredas\/article\/view\/25178\/14206\">Aquisi\u00e7\u00e3o de fonemas e alofones: bottom-up ou top-down?<\/a>. <strong>Veredas<\/strong> (UFJF), v. 2, p. 112-124, 2008.<\/span><\/p>\n<p style=\"text-align: justify;\"><span style=\"color: #333333;\"><strong>2007<br \/>\n<\/strong><a style=\"color: #333333;\" href=\"http:\/\/buscatextual.cnpq.br\/buscatextual\/visualizacv.do?id=K4750471H2\">CUNHA,\u00a0Ana Paula Nobre da<\/a>;\u00a0<a style=\"color: #333333;\" href=\"http:\/\/buscatextual.cnpq.br\/buscatextual\/visualizacv.do?id=K4790384Z4\">MIRANDA, Ana Ruth Moresco<\/a>.\u00a0<a style=\"color: #333333;\" href=\"http:\/\/www.revel.inf.br\/files\/artigos\/revel_esp_1_a_influencia_da_hierarquia_prosodica.pdf\">A influ\u00eancia da hierarquia pros\u00f3dica em hipossegmenta\u00e7\u00f5es da escrita de crian\u00e7as de s\u00e9ries iniciais.<\/a>\u00a0<strong>Revista Virtual de Estudos da Linguagem<\/strong> \u2013 <strong>ReVEL<\/strong>. Edi\u00e7\u00e3o especial n. 1, 2007.<\/span><br \/>\n<span style=\"color: #333333;\"> <strong><br \/>\n<\/strong><strong>2005<br \/>\n<\/strong><a style=\"color: #333333;\" href=\"http:\/\/buscatextual.cnpq.br\/buscatextual\/visualizacv.do?id=K4790384Z4\">MIRANDA, A. R. M<\/a>.; MEDINA, S. Z. &amp; SILVA, M. R.\u00a0<a style=\"color: #333333;\" href=\"https:\/\/periodicos.ufsm.br\/LeC\/article\/view\/28546\">O Sistema Ortogr\u00e1fico do Portugu\u00eas Brasileiro e sua Aquisi\u00e7\u00e3o.<\/a> Linguagem e Cidadania.\u00a0\u00a0<strong>Revista Eletr\u00f4nica, UFSM<\/strong>. jul\/dez; edi\u00e7\u00e3o 14, 2005.<\/span><\/p>\n","protected":false},"excerpt":{"rendered":"<p>2025 PACHALSKI, L.; MIRANDA, A. R. M. O papel da aquisi\u00e7\u00e3o da escrita na representa\u00e7\u00e3o da coda sil\u00e1bica do portugu\u00eas brasileiro: da fonologia infantil \u00e0 fonologia adulta. Alfa, S\u00e3o Paulo, v. 70, 2025. 2023 MIRANDA, A. R. M.; PACHALSKI, L.; &hellip; <a href=\"https:\/\/wp.ufpel.edu.br\/geale\/publicacoes\/artigos\/\">Continue lendo <span class=\"meta-nav\">&rarr;<\/span><\/a><\/p>\n","protected":false},"author":72,"featured_media":0,"parent":29,"menu_order":0,"comment_status":"closed","ping_status":"closed","template":"","meta":{"footnotes":""},"class_list":["post-1097","page","type-page","status-publish","hentry"],"_links":{"self":[{"href":"https:\/\/wp.ufpel.edu.br\/geale\/wp-json\/wp\/v2\/pages\/1097","targetHints":{"allow":["GET"]}}],"collection":[{"href":"https:\/\/wp.ufpel.edu.br\/geale\/wp-json\/wp\/v2\/pages"}],"about":[{"href":"https:\/\/wp.ufpel.edu.br\/geale\/wp-json\/wp\/v2\/types\/page"}],"author":[{"embeddable":true,"href":"https:\/\/wp.ufpel.edu.br\/geale\/wp-json\/wp\/v2\/users\/72"}],"replies":[{"embeddable":true,"href":"https:\/\/wp.ufpel.edu.br\/geale\/wp-json\/wp\/v2\/comments?post=1097"}],"version-history":[{"count":4,"href":"https:\/\/wp.ufpel.edu.br\/geale\/wp-json\/wp\/v2\/pages\/1097\/revisions"}],"predecessor-version":[{"id":2475,"href":"https:\/\/wp.ufpel.edu.br\/geale\/wp-json\/wp\/v2\/pages\/1097\/revisions\/2475"}],"up":[{"embeddable":true,"href":"https:\/\/wp.ufpel.edu.br\/geale\/wp-json\/wp\/v2\/pages\/29"}],"wp:attachment":[{"href":"https:\/\/wp.ufpel.edu.br\/geale\/wp-json\/wp\/v2\/media?parent=1097"}],"curies":[{"name":"wp","href":"https:\/\/api.w.org\/{rel}","templated":true}]}}