{"id":2118,"date":"2022-11-17T10:13:47","date_gmt":"2022-11-17T13:13:47","guid":{"rendered":"https:\/\/wp.ufpel.edu.br\/geale\/?page_id=2118"},"modified":"2022-11-17T11:47:56","modified_gmt":"2022-11-17T14:47:56","slug":"btp","status":"publish","type":"page","link":"https:\/\/wp.ufpel.edu.br\/geale\/text-database\/btp\/","title":{"rendered":"BTP"},"content":{"rendered":"<h1 class=\"entry-title\"><\/h1>\n<div class=\"entry-content\">\n<div class=\"row\">\n<div class=\"col-sm-12\">\n<h3><a href=\"https:\/\/wp.ufpel.edu.br\/geale\/files\/2022\/09\/btp-banco-1.png\"><img loading=\"lazy\" decoding=\"async\" class=\"wp-image-2052 aligncenter\" src=\"https:\/\/wp.ufpel.edu.br\/geale\/files\/2022\/09\/btp-banco-1.png\" sizes=\"auto, (max-width: 397px) 100vw, 397px\" srcset=\"https:\/\/wp.ufpel.edu.br\/geale\/files\/2022\/09\/btp-banco-1.png 590w, https:\/\/wp.ufpel.edu.br\/geale\/files\/2022\/09\/btp-banco-1-300x146.png 300w\" alt=\"\" width=\"397\" height=\"193\" \/><\/a><\/h3>\n<p>The Teachers Text Database &#8220;Banco de Textos de Professoras&#8221; (BTP), originated from the Database of the Project Obeduc-Pacto\/UFPel, which is bound to GEALE. The database gathers productions elaborated by teachers from the program PNAIC-UFPel, with texts, plannings, and reports, among other materials.<\/p>\n<p>The first extract of texts from BTP is composed of 3405 written productions created by teachers from the continuing education program &#8220;Pacto Nacional pela Alfabetiza\u00e7\u00e3o na Idade Certa&#8221; (PNAIC).<\/p>\n<p><span style=\"color: #000000;\">The data gathering<\/span><\/p>\n<\/div>\n<\/div>\n<div class=\"row\">\n<div class=\"col-sm-12\">\n<p>In the generation of PNAIC from 2013, systematic gatherings were made during the meetings that happened throughout the year, with seven questions in total. One way used in the data gathering was the application of open questions which inquired about the worked themes in which training meetings. The questions were answered in writing by OEs. In the year of 2014, a second data gathering was made focused on four questions that articulated the themes of investigation. Throughout the development period of the program PNAIC, other text gatherings with the literacy teachers were made.<\/p>\n<p>Below, In table 1, it is possible to analyze the proposed questions for each theme.<\/p>\n<\/div>\n<\/div>\n<div class=\"row\">\n<div class=\"col-sm-12\">\n<table class=\"table table-hover\">\n<thead>\n<tr>\n<th scope=\"col\">QUEST\u00d5ES 2013<\/th>\n<th scope=\"col\">SIGLA<\/th>\n<th scope=\"col\">QUEST\u00d5ES 2014<\/th>\n<\/tr>\n<\/thead>\n<tbody>\n<tr>\n<td>O que voc\u00ea entender por\u00a0<strong>alfabetiza\u00e7\u00e3o e letramento?<\/strong><\/td>\n<td><strong>ALFLET<\/strong><\/td>\n<td>O que voc\u00ea entender por\u00a0<strong>alfabetiza\u00e7\u00e3o e letramento?<\/strong><\/td>\n<\/tr>\n<tr>\n<td>A\u00a0<strong>escrita alfab\u00e9tica<\/strong>: por que ela \u00e9 um sistema notacional e n\u00e3o um c\u00f3digo? Como as crian\u00e7as dela se apropriam?<\/td>\n<td><strong>SEA<\/strong><\/td>\n<td>A\u00a0<strong>escrita alfab\u00e9tica<\/strong>: por que ela \u00e9 um sistema notacional e n\u00e3o um c\u00f3digo? Como as crian\u00e7as dela se apropriam?<\/td>\n<\/tr>\n<tr>\n<td>Como\u00a0<strong>avalias<\/strong>\u00a0as aprendizagens? Como verificar se os objetivos tra\u00e7ados foram alcan\u00e7ados?<\/td>\n<td>AVA<\/td>\n<td>Que aspectos e princ\u00edpios devem ser considerados no processo de planejamento do ensino nos anos iniciais? E, no seu ponto de vista, como a avalia\u00e7\u00e3o est\u00e1 articulada ao processo de planejamento de ensino?<\/td>\n<\/tr>\n<tr>\n<td scope=\"row\">Que princ\u00edpios devem ser considerados no processo de\u00a0<strong>planejamento<\/strong>\u00a0do ensino nos anos iniciais? O que devemos considerar para planejar o processo de alfabetiza\u00e7\u00e3o e ensino\/aprendizagem de L\u00edngua Portuguesa?<\/td>\n<td>PPALP<\/td>\n<td><\/td>\n<\/tr>\n<tr>\n<td scope=\"row\">O que \u00e9\u00a0<strong>ludicidade<\/strong>\u00a0e de que forma \u00e9 contemplada na organiza\u00e7\u00e3o do teu trabalho pedag\u00f3gico no ciclo de alfabetiza\u00e7\u00e3o?<\/td>\n<td>LUDOTP<\/td>\n<td><\/td>\n<\/tr>\n<tr>\n<td scope=\"row\">Como a escola relaciona as quest\u00f5es pr\u00f3prias da\u00a0<strong>cultura da inf\u00e2ncia<\/strong>\u00a0com o ensino sistematizado, os conhecimentos cient\u00edficos e culturais, pr\u00f3prios da\u00a0<strong>cultura escolar<\/strong>?<\/td>\n<td>CICE<\/td>\n<td><\/td>\n<\/tr>\n<tr>\n<td scope=\"row\">O que tu entendes por\u00a0<strong>heterogeneidade<\/strong>\u00a0na sala de aula de alfabetiza\u00e7\u00e3o, pensando no ensino e na aprendizagem? E como trabalhar a partir dela?<\/td>\n<td>HETOTP<\/td>\n<td><\/td>\n<\/tr>\n<\/tbody>\n<\/table>\n<p>Source: GEALE \u2013 Obeduc-Pacto\/UFPel.<\/p>\n<\/div>\n<\/div>\n<div class=\"page-header\">\n<div class=\"row align-items-center\">\n<div class=\"col-sm\">\n<h3 class=\"page-header-title\">Treatment of the texts<\/h3>\n<\/div>\n<\/div>\n<\/div>\n<div class=\"row \">\n<div class=\"col-sm-12\">\n<p>The written texts go through a treatment process that involves codification, typing, scanning, and filing, making possible the material organization in both digital and physical formats.<\/p>\n<p>For the organization of the first group of texts, of OEs, a codification pattern of written production was used. Example:<code><strong>SEA2013PAT13-1<\/strong><\/code><\/p>\n<p><strong>SEA<\/strong>: It is referred to the established initials to the theme of the gathered written production.<\/p>\n<p><strong>2013<\/strong>: It is referred to the year in which the gathering was made.<\/p>\n<p><strong>PA<\/strong>: It is referred to the place that groups a set of counties in which the participants of the training operate. Each place has its own initials: PA = Porto Alegre; O = Os\u00f3rio; P = Pelotas.<\/p>\n<p><strong>T13<\/strong>: It is referred to the class&#8217;s number, in the case mentioned above, T13 it is the initial of &#8220;Turma 13&#8221;.<\/p>\n<p><strong>-1<\/strong>: It is referred to the number of the gathered text.<\/p>\n<p>Following, a typing process of the text to a Word document is made, keeping the spelling and the textual structure used, without any kinds of corrections. Then, the texts are scanned and saved in the formats JPEG or PDF.<\/p>\n<p>The first group of texts from BTP was organized considering each one of the themes of the written productions. A digital folder was made for each theme, keeping the grouping of the texts of each training group. In these folders, the typed texts were archived, saved as a Word document, and scanned, in the formats JPEG or PDF. After storage in the digital folder, the physical material was packed in catalog folders, which are also divided by themes and groups. Below, in table 2, it is possible to see the number of texts by theme and year.<\/p>\n<table class=\"table table-hover\">\n<thead>\n<tr>\n<th scope=\"col\">TEM\u00c1TICA<\/th>\n<th scope=\"col\">N\u00ba DE TEXTOS<\/th>\n<\/tr>\n<tr>\n<th><\/th>\n<th>2013<\/th>\n<th>2014<\/th>\n<\/tr>\n<\/thead>\n<tbody>\n<tr>\n<td><strong>SEA<\/strong><\/td>\n<td>319<\/td>\n<td>286<\/td>\n<\/tr>\n<tr>\n<td><strong>ALFLET<\/strong><\/td>\n<td>290<\/td>\n<td>346<\/td>\n<\/tr>\n<tr>\n<td><strong>PPALP<\/strong><\/td>\n<td>315<\/td>\n<td><\/td>\n<\/tr>\n<tr>\n<td><strong>AVA<\/strong><\/td>\n<td>368<\/td>\n<td><\/td>\n<\/tr>\n<tr>\n<td><strong>LUDOTP<\/strong><\/td>\n<td>406<\/td>\n<td><\/td>\n<\/tr>\n<tr>\n<td><strong>CICE<\/strong><\/td>\n<td>392<\/td>\n<td><\/td>\n<\/tr>\n<tr>\n<td><strong>HETOTP<\/strong><\/td>\n<td>443<\/td>\n<td><\/td>\n<\/tr>\n<tr>\n<td><strong>PPALPeAVA<\/strong><\/td>\n<td><\/td>\n<td>240<\/td>\n<\/tr>\n<tr>\n<td><strong>TOTAL<\/strong><\/td>\n<td>2533<\/td>\n<td>872<\/td>\n<\/tr>\n<\/tbody>\n<\/table>\n<p>Fonte: GEALE \u2013 Obeduc-Pacto\/UFPel.<\/p>\n<\/div>\n<\/div>\n<div class=\"page-header\">\n<div class=\"row align-items-center\">\n<div class=\"col-sm\">\n<h3 class=\"page-header-title\">Ethical issues<\/h3>\n<\/div>\n<\/div>\n<\/div>\n<div class=\"row \">\n<div class=\"col-sm-12\">\n<p>It is important to emphasize that all forms of identification of the teachers and students are suppressed in the treating process of the texts, in order to preserve their identities, as well as prevent any forms of expositions, thus respecting the ethical norms constitutive of the scientific research. Moreover, the productions are gathered through the signing of the term of free consenting.<\/p>\n<\/div>\n<\/div>\n<div class=\"page-header\">\n<div class=\"row align-items-center\">\n<div class=\"col-sm\">\n<h4 class=\"page-header-title\">How to cite BTP?<\/h4>\n<\/div>\n<\/div>\n<\/div>\n<div class=\"row\">\n<div class=\"col-sm-12\">\n<p>N\u00d6RNBERG, M. BTP: Banco de Textos de Professoras. Faculdade de Educa\u00e7\u00e3o. Universidade Federal de Pelotas. 2013. Available in: sistemavestigios.org<\/p>\n<\/div>\n<\/div>\n<\/div>\n","protected":false},"excerpt":{"rendered":"<p>The Teachers Text Database &#8220;Banco de Textos de Professoras&#8221; (BTP), originated from the Database of the Project Obeduc-Pacto\/UFPel, which is bound to GEALE. The database gathers productions elaborated by teachers from the program PNAIC-UFPel, with texts, plannings, and reports, among &hellip; <a href=\"https:\/\/wp.ufpel.edu.br\/geale\/text-database\/btp\/\">Continue lendo <span class=\"meta-nav\">&rarr;<\/span><\/a><\/p>\n","protected":false},"author":72,"featured_media":0,"parent":2115,"menu_order":2,"comment_status":"closed","ping_status":"closed","template":"","meta":{"footnotes":""},"class_list":["post-2118","page","type-page","status-publish","hentry"],"_links":{"self":[{"href":"https:\/\/wp.ufpel.edu.br\/geale\/wp-json\/wp\/v2\/pages\/2118","targetHints":{"allow":["GET"]}}],"collection":[{"href":"https:\/\/wp.ufpel.edu.br\/geale\/wp-json\/wp\/v2\/pages"}],"about":[{"href":"https:\/\/wp.ufpel.edu.br\/geale\/wp-json\/wp\/v2\/types\/page"}],"author":[{"embeddable":true,"href":"https:\/\/wp.ufpel.edu.br\/geale\/wp-json\/wp\/v2\/users\/72"}],"replies":[{"embeddable":true,"href":"https:\/\/wp.ufpel.edu.br\/geale\/wp-json\/wp\/v2\/comments?post=2118"}],"version-history":[{"count":4,"href":"https:\/\/wp.ufpel.edu.br\/geale\/wp-json\/wp\/v2\/pages\/2118\/revisions"}],"predecessor-version":[{"id":2131,"href":"https:\/\/wp.ufpel.edu.br\/geale\/wp-json\/wp\/v2\/pages\/2118\/revisions\/2131"}],"up":[{"embeddable":true,"href":"https:\/\/wp.ufpel.edu.br\/geale\/wp-json\/wp\/v2\/pages\/2115"}],"wp:attachment":[{"href":"https:\/\/wp.ufpel.edu.br\/geale\/wp-json\/wp\/v2\/media?parent=2118"}],"curies":[{"name":"wp","href":"https:\/\/api.w.org\/{rel}","templated":true}]}}