{"id":2038,"date":"2022-09-01T11:03:21","date_gmt":"2022-09-01T14:03:21","guid":{"rendered":"https:\/\/wp.ufpel.edu.br\/geale\/?page_id=2038"},"modified":"2026-04-09T10:58:29","modified_gmt":"2026-04-09T13:58:29","slug":"bancos-de-textos","status":"publish","type":"page","link":"https:\/\/wp.ufpel.edu.br\/geale\/bancos-de-textos\/","title":{"rendered":"Bancos de Textos"},"content":{"rendered":"<p style=\"text-align: justify;\"><span style=\"color: #000000;\">O GEALE possui dois bancos de texto distintos: o Banco de Textos de Aquisi\u00e7\u00e3o da Linguagem Escrita (BATALE), associado \u00e0 linha de pesquisa &#8220;Aquisi\u00e7\u00e3o de escrita&#8221;, e o Banco de Textos de Professoras (BTP), vinculado \u00e0 linha &#8220;Forma\u00e7\u00e3o docente e pr\u00e1ticas de alfabetiza\u00e7\u00e3o&#8221;. Para obter informa\u00e7\u00f5es mais detalhadas\u00a0 sobre esses bancos, consulte os links a seguir:<\/span><\/p>\n<ul style=\"text-align: justify;\">\n<li><span style=\"color: #000000;\"><a style=\"color: #000000;\" href=\"https:\/\/wp.ufpel.edu.br\/geale\/?page_id=1210\">Banco de Textos de Aquisi\u00e7\u00e3o da Linguagem Escrita (BATALE)<\/a><\/span><span style=\"color: #000000;\"><a style=\"color: #000000;\" href=\"https:\/\/wp.ufpel.edu.br\/geale\/?page_id=1210\"><img loading=\"lazy\" decoding=\"async\" class=\"wp-image-2055 size-medium alignleft\" src=\"https:\/\/wp.ufpel.edu.br\/geale\/files\/2022\/09\/batale-banco-300x108.png\" alt=\"\" width=\"300\" height=\"108\" srcset=\"https:\/\/wp.ufpel.edu.br\/geale\/files\/2022\/09\/batale-banco-300x108.png 300w, https:\/\/wp.ufpel.edu.br\/geale\/files\/2022\/09\/batale-banco.png 588w\" sizes=\"auto, (max-width: 300px) 100vw, 300px\" \/><\/a><\/span><\/li>\n<\/ul>\n<p>&nbsp;<\/p>\n<p>&nbsp;<\/p>\n<p>&nbsp;<\/p>\n<ul>\n<li style=\"text-align: justify;\"><span style=\"color: #000000;\"><a style=\"color: #000000;\" href=\"https:\/\/wp.ufpel.edu.br\/geale\/?page_id=2045\">Banco de Textos de Professoras (BTP)<\/a><\/span><\/li>\n<\/ul>\n<p><a href=\"https:\/\/wp.ufpel.edu.br\/geale\/?page_id=2045\"><img loading=\"lazy\" decoding=\"async\" class=\"wp-image-2052 size-medium alignleft\" src=\"https:\/\/wp.ufpel.edu.br\/geale\/files\/2022\/09\/btp-banco-1-300x146.png\" alt=\"\" width=\"300\" height=\"146\" srcset=\"https:\/\/wp.ufpel.edu.br\/geale\/files\/2022\/09\/btp-banco-1-300x146.png 300w, https:\/\/wp.ufpel.edu.br\/geale\/files\/2022\/09\/btp-banco-1.png 590w\" sizes=\"auto, (max-width: 300px) 100vw, 300px\" \/><\/a><\/p>\n","protected":false},"excerpt":{"rendered":"<p>O GEALE possui dois bancos de texto distintos: o Banco de Textos de Aquisi\u00e7\u00e3o da Linguagem Escrita (BATALE), associado \u00e0 linha de pesquisa &#8220;Aquisi\u00e7\u00e3o de escrita&#8221;, e o Banco de Textos de Professoras (BTP), vinculado \u00e0 linha &#8220;Forma\u00e7\u00e3o docente e &hellip; <a href=\"https:\/\/wp.ufpel.edu.br\/geale\/bancos-de-textos\/\">Continue lendo <span class=\"meta-nav\">&rarr;<\/span><\/a><\/p>\n","protected":false},"author":72,"featured_media":0,"parent":0,"menu_order":1,"comment_status":"closed","ping_status":"closed","template":"","meta":{"footnotes":""},"class_list":["post-2038","page","type-page","status-publish","hentry"],"_links":{"self":[{"href":"https:\/\/wp.ufpel.edu.br\/geale\/wp-json\/wp\/v2\/pages\/2038","targetHints":{"allow":["GET"]}}],"collection":[{"href":"https:\/\/wp.ufpel.edu.br\/geale\/wp-json\/wp\/v2\/pages"}],"about":[{"href":"https:\/\/wp.ufpel.edu.br\/geale\/wp-json\/wp\/v2\/types\/page"}],"author":[{"embeddable":true,"href":"https:\/\/wp.ufpel.edu.br\/geale\/wp-json\/wp\/v2\/users\/72"}],"replies":[{"embeddable":true,"href":"https:\/\/wp.ufpel.edu.br\/geale\/wp-json\/wp\/v2\/comments?post=2038"}],"version-history":[{"count":5,"href":"https:\/\/wp.ufpel.edu.br\/geale\/wp-json\/wp\/v2\/pages\/2038\/revisions"}],"predecessor-version":[{"id":2301,"href":"https:\/\/wp.ufpel.edu.br\/geale\/wp-json\/wp\/v2\/pages\/2038\/revisions\/2301"}],"wp:attachment":[{"href":"https:\/\/wp.ufpel.edu.br\/geale\/wp-json\/wp\/v2\/media?parent=2038"}],"curies":[{"name":"wp","href":"https:\/\/api.w.org\/{rel}","templated":true}]}}