{"id":1391,"date":"2019-07-22T20:26:33","date_gmt":"2019-07-22T23:26:33","guid":{"rendered":"https:\/\/wp.ufpel.edu.br\/geale\/?page_id=1391"},"modified":"2024-02-27T11:14:09","modified_gmt":"2024-02-27T14:14:09","slug":"pesquisadores","status":"publish","type":"page","link":"https:\/\/wp.ufpel.edu.br\/geale\/equipe\/linha-aquisicao\/pesquisadores\/","title":{"rendered":"Pesquisadores"},"content":{"rendered":"<p style=\"text-align: justify;\"><span style=\"color: #000000;\"><strong>Ana Paula Nobre da Cunha<\/strong><\/span><br \/>\n<span style=\"color: #000000;\"> <a href=\"https:\/\/wp.ufpel.edu.br\/geale\/files\/2021\/03\/Profa.-Ana-Paula-Nobre-da-Cunha.jpg\"><img loading=\"lazy\" decoding=\"async\" class=\"alignleft wp-image-1718\" src=\"https:\/\/wp.ufpel.edu.br\/geale\/files\/2021\/03\/Profa.-Ana-Paula-Nobre-da-Cunha-150x150.jpg\" alt=\"\" width=\"190\" height=\"190\" srcset=\"https:\/\/wp.ufpel.edu.br\/geale\/files\/2021\/03\/Profa.-Ana-Paula-Nobre-da-Cunha-150x150.jpg 150w, https:\/\/wp.ufpel.edu.br\/geale\/files\/2021\/03\/Profa.-Ana-Paula-Nobre-da-Cunha-300x300.jpg 300w, https:\/\/wp.ufpel.edu.br\/geale\/files\/2021\/03\/Profa.-Ana-Paula-Nobre-da-Cunha.jpg 445w\" sizes=\"auto, (max-width: 190px) 100vw, 190px\" \/><\/a>Professora Adjunta do Centro de Letras e Comunica\u00e7\u00e3o da Universidade Federal de Pelotas. Licenciada em Letras &#8211; Licenciatura Plena &#8211; Habilita\u00e7\u00e3o Portugu\u00eas\/Franc\u00eas pela Universidade Federal de Pelotas (UFPel). Licenciada em Educa\u00e7\u00e3o Art\u00edstica &#8211; Licenciatura Plena &#8211; Habilita\u00e7\u00e3o em M\u00fasica pela UFPel. Mestre em Ci\u00eancias do Curso de P\u00f3s-Gradua\u00e7\u00e3o em Educa\u00e7\u00e3o (UFPel). Doutora em Ci\u00eancias do Curso de P\u00f3s-Gradua\u00e7\u00e3o em Educa\u00e7\u00e3o (UFPel). Atua principalmente no seguinte tema: aquisi\u00e7\u00e3o da escrita (segmenta\u00e7\u00e3o das palavras no texto) e sua rela\u00e7\u00e3o com a fonologia pros\u00f3dica.<\/span><br \/>\n<span style=\"color: #000000;\"> <a style=\"color: #000000;\" title=\"Curr\u00edculo Lattes\" href=\"http:\/\/buscatextual.cnpq.br\/buscatextual\/visualizacv.do?id=K4750471H2\" target=\"_blank\" rel=\"noopener noreferrer\">Curr\u00edculo Lattes<\/a><\/span><\/p>\n<p class=\"nome\" style=\"text-align: justify;\"><strong>Carlos Antonio Nhaca Zimba<br \/>\n<span style=\"color: #000000;\"><a style=\"color: #000000;\" href=\"https:\/\/wp.ufpel.edu.br\/geale\/files\/2022\/02\/servletrecuperafoto-3.jpg\"><img loading=\"lazy\" decoding=\"async\" class=\"alignleft wp-image-1931 size-thumbnail\" src=\"https:\/\/wp.ufpel.edu.br\/geale\/files\/2022\/02\/servletrecuperafoto-3-150x150.jpg\" alt=\"\" width=\"150\" height=\"150\" \/><\/a><\/span><\/strong><span style=\"color: #000000;\">Doutorado em Lingu\u00edstica pela Universidade Eduardo Mondlane (2021). Mestre em Ensino do Portugu\u00eas como L2 pela Universidade Eduardo Mondlane (2014). Licenciado em Lingu\u00edstica pela Universidade Eduardo Mondlane. Possui um curso m\u00e9dio de Professor de Portugu\u00eas pelo Instituto M\u00e9dio Pedag\u00f3gico de Maputo &#8220;Elija FIlipe Machava&#8221;. Atualmente \u00e9 pesquisador do Centro de Estudos Africanos da Universidade Eduardo Mondlane e membro integrante do GEALE. Trabalha no Centro de Estudos Africanos da Universidade Eduardo Mondlane no Departamento de Ci\u00eancias da Linguagem como Investigador nas \u00e1reas de Literatura Mo\u00e7ambicana; Fonologia e Aquisi\u00e7\u00e3o da Escrita. Exerce a atividade docente na Universidade Polit\u00e9cnica, lecionando as cadeiras de Metodologia de Investiga\u00e7\u00e3o Cientifica; Comunica\u00e7\u00e3o Oral e Escrita; M\u00e9todos de Estudo e Semi\u00f3tica. Possui experi\u00eancia como professor nos subsistemas do Ensino prim\u00e1rio, secund\u00e1rio e na forma\u00e7\u00e3o de professores prim\u00e1rios onde lecionou as disciplinas de Portuguesa, Metodologia de ensino do Portugu\u00eas, L\u00ednguas Bantu de Mo\u00e7ambique, tendo tamb\u00e9m orientado est\u00e1gios pedag\u00f3gicos. Publicou, em co-autoria, Livros Did\u00e1cticos de Portugu\u00eas para alunos do sexto, oitavo e nono anos de escolariza\u00e7\u00e3o em Mo\u00e7ambique.<\/span><br \/>\n<span style=\"color: #000000;\"><a style=\"color: #000000;\" href=\"http:\/\/lattes.cnpq.br\/3581119460239637\">Curr\u00edculo Lattes<\/a><\/span><\/p>\n<p style=\"text-align: justify;\"><span style=\"color: #000000;\"><strong>Carmen L\u00facia Barreto Matzenauer<\/strong><\/span><br \/>\n<span style=\"color: #000000;\"><a href=\"https:\/\/wp.ufpel.edu.br\/geale\/files\/2024\/02\/Carmen-Matezenauer-640x640-1.jpg\"><img loading=\"lazy\" decoding=\"async\" class=\"size-thumbnail wp-image-2351 alignleft\" src=\"https:\/\/wp.ufpel.edu.br\/geale\/files\/2024\/02\/Carmen-Matezenauer-640x640-1-150x150.jpg\" alt=\"\" width=\"150\" height=\"150\" srcset=\"https:\/\/wp.ufpel.edu.br\/geale\/files\/2024\/02\/Carmen-Matezenauer-640x640-1-150x150.jpg 150w, https:\/\/wp.ufpel.edu.br\/geale\/files\/2024\/02\/Carmen-Matezenauer-640x640-1-300x300.jpg 300w, https:\/\/wp.ufpel.edu.br\/geale\/files\/2024\/02\/Carmen-Matezenauer-640x640-1.jpg 640w\" sizes=\"auto, (max-width: 150px) 100vw, 150px\" \/><\/a>Professora Visitante da FURG, Professora Titular pela Universidade Cat\u00f3lica de Pelotas, \u00e9 graduada em Letras, Licenciatura Plena, pela Universidade Cat\u00f3lica de Pelotas, graduada em Direito pela Universidade Federal de Pelotas, Mestre e Doutora em Lingu\u00edstica e Letras pela Pontif\u00edcia Universidade Cat\u00f3lica do Rio Grande do Sul. Tamb\u00e9m possui P\u00f3s-Doutorado pela Pontif\u00edcia Universidade Cat\u00f3lica do Rio Grande do Sul. \u00c9 bolsista de Produtividade em Pesquisa &#8211; n\u00edvel 1A do CNPq e foi membro do Comit\u00ea de Letras e Lingu\u00edstica do CNPq (2009-2012; 2015- 2018). Foi Presidente do C\u00edrculo de Estudos Lingu\u00edsticos do Sul &#8211; CELSUL (2004-2006). Foi Coordenadora do Programa de P\u00f3s-Gradua\u00e7\u00e3o em Letras da Universidade Cat\u00f3lica de Pelotas (1997-2013). \u00c9 Membro do Conselho Editorial de revistas especializadas e Consultora de Funda\u00e7\u00f5es de Apoio \u00e0 Pesquisa. \u00c9 s\u00f3cia da Abralin, da Alfal, da Anpoll e Membro honor\u00e1rio do GT &#8220;Fon\u00e9tica e Fonologia&#8221; da Anpoll. Atualmente \u00e9 tamb\u00e9m Professora Volunt\u00e1ria do Programa de P\u00f3s-Gradua\u00e7\u00e3o em Letras da Universidade Federal de Pelotas. Tem experi\u00eancia na \u00e1rea de Lingu\u00edstica, com \u00eanfase em Fonologia, atuando principalmente nos seguintes temas: Aquisi\u00e7\u00e3o da Fonologia, Fonologia do Portugu\u00eas, Fonologia Cl\u00ednica e Teoria Fonol\u00f3gica. <\/span><br \/>\n<span style=\"color: #000000;\"><a style=\"color: #000000;\" title=\"Curr\u00edculo Lattes\" href=\"http:\/\/lattes.cnpq.br\/8424037117639177\" target=\"_blank\" rel=\"noopener noreferrer\">Curr\u00edculo Lattes<\/a><\/span><\/p>\n","protected":false},"excerpt":{"rendered":"<p>Ana Paula Nobre da Cunha Professora Adjunta do Centro de Letras e Comunica\u00e7\u00e3o da Universidade Federal de Pelotas. Licenciada em Letras &#8211; Licenciatura Plena &#8211; Habilita\u00e7\u00e3o Portugu\u00eas\/Franc\u00eas pela Universidade Federal de Pelotas (UFPel). Licenciada em Educa\u00e7\u00e3o Art\u00edstica &#8211; Licenciatura Plena &hellip; <a href=\"https:\/\/wp.ufpel.edu.br\/geale\/equipe\/linha-aquisicao\/pesquisadores\/\">Continue lendo <span class=\"meta-nav\">&rarr;<\/span><\/a><\/p>\n","protected":false},"author":72,"featured_media":0,"parent":2174,"menu_order":1,"comment_status":"closed","ping_status":"closed","template":"","meta":{"footnotes":""},"class_list":["post-1391","page","type-page","status-publish","hentry"],"_links":{"self":[{"href":"https:\/\/wp.ufpel.edu.br\/geale\/wp-json\/wp\/v2\/pages\/1391","targetHints":{"allow":["GET"]}}],"collection":[{"href":"https:\/\/wp.ufpel.edu.br\/geale\/wp-json\/wp\/v2\/pages"}],"about":[{"href":"https:\/\/wp.ufpel.edu.br\/geale\/wp-json\/wp\/v2\/types\/page"}],"author":[{"embeddable":true,"href":"https:\/\/wp.ufpel.edu.br\/geale\/wp-json\/wp\/v2\/users\/72"}],"replies":[{"embeddable":true,"href":"https:\/\/wp.ufpel.edu.br\/geale\/wp-json\/wp\/v2\/comments?post=1391"}],"version-history":[{"count":14,"href":"https:\/\/wp.ufpel.edu.br\/geale\/wp-json\/wp\/v2\/pages\/1391\/revisions"}],"predecessor-version":[{"id":2352,"href":"https:\/\/wp.ufpel.edu.br\/geale\/wp-json\/wp\/v2\/pages\/1391\/revisions\/2352"}],"up":[{"embeddable":true,"href":"https:\/\/wp.ufpel.edu.br\/geale\/wp-json\/wp\/v2\/pages\/2174"}],"wp:attachment":[{"href":"https:\/\/wp.ufpel.edu.br\/geale\/wp-json\/wp\/v2\/media?parent=1391"}],"curies":[{"name":"wp","href":"https:\/\/api.w.org\/{rel}","templated":true}]}}