{"id":1176,"date":"2016-12-15T11:53:54","date_gmt":"2016-12-15T13:53:54","guid":{"rendered":"https:\/\/wp.ufpel.edu.br\/geale\/?page_id=1176"},"modified":"2026-04-09T10:55:46","modified_gmt":"2026-04-09T13:55:46","slug":"dossies-organizados","status":"publish","type":"page","link":"https:\/\/wp.ufpel.edu.br\/geale\/publicacoes\/dossies-organizados\/","title":{"rendered":"Dossi\u00eas organizados"},"content":{"rendered":"<p style=\"text-align: justify;\"><span style=\"color: #000000;\"><strong>2022<br \/>\n<\/strong><\/span><span style=\"color: #000000;\"><a style=\"color: #000000;\" href=\"http:\/\/buscatextual.cnpq.br\/buscatextual\/visualizacv.do?id=K4775886Y2\">NORNBERG, Marta<\/a>; <a style=\"color: #000000;\" href=\"http:\/\/lattes.cnpq.br\/1445205960101729\">PEREIRA, J\u00falio Em\u00edlio Diniz<\/a>. <a style=\"color: #000000;\" href=\"http:\/\/www.periodicos.ulbra.br\/index.php\/txra\/issue\/view\/369\">Dossi\u00ea: Pr\u00e1ticas docentes na atualidade<\/a><strong>\/<\/strong>Textura &#8211; Revista de Educa\u00e7\u00e3o e Letras. V. 24, n. 59 (jul. &#8211; set. 2022) &#8211; Pelotas, RS.<\/span><\/p>\n<p style=\"text-align: justify;\"><span style=\"color: #000000;\"><strong>2011<br \/>\n<\/strong><\/span><span style=\"color: #000000;\"><a style=\"color: #000000;\" href=\"http:\/\/letras.ufpel.edu.br\/verbavolant\/segundo\/segundo11.htm\">Verba Volant<\/a><strong>\/<\/strong>Centro de Letras e Comunica\u00e7\u00e3o &#8211; UFPel. V. 2, n. 1 (jan. &#8211; abr. 2011) &#8211; Ed. UFPel &#8211; Pelotas, RS.<\/span><\/p>\n<p style=\"text-align: justify;\"><span style=\"color: #000000;\"><strong>2010<br \/>\n<\/strong><\/span><span style=\"color: #000000;\"><a style=\"color: #000000;\" href=\"http:\/\/www.ufpel.edu.br\/fae\/caduc\/resumos_ed35.htm\">Ca<\/a><a style=\"color: #000000;\" href=\"https:\/\/periodicos.ufpel.edu.br\/ojs2\/index.php\/caduc\/issue\/view\/155\">dernos de Educa\u00e7\u00e3o<\/a>\/Faculdade de educa\u00e7\u00e3o &#8211; UFPel.\u00a0 Ano 19, n.35 (jan.-abr.2010) &#8211; Ed. UFPel &#8211; Pelotas, RS.<\/span><\/p>\n","protected":false},"excerpt":{"rendered":"<p>2022 NORNBERG, Marta; PEREIRA, J\u00falio Em\u00edlio Diniz. Dossi\u00ea: Pr\u00e1ticas docentes na atualidade\/Textura &#8211; Revista de Educa\u00e7\u00e3o e Letras. V. 24, n. 59 (jul. &#8211; set. 2022) &#8211; Pelotas, RS. 2011 Verba Volant\/Centro de Letras e Comunica\u00e7\u00e3o &#8211; UFPel. V. 2, &hellip; <a href=\"https:\/\/wp.ufpel.edu.br\/geale\/publicacoes\/dossies-organizados\/\">Continue lendo <span class=\"meta-nav\">&rarr;<\/span><\/a><\/p>\n","protected":false},"author":72,"featured_media":0,"parent":29,"menu_order":1,"comment_status":"closed","ping_status":"closed","template":"","meta":{"footnotes":""},"class_list":["post-1176","page","type-page","status-publish","hentry"],"_links":{"self":[{"href":"https:\/\/wp.ufpel.edu.br\/geale\/wp-json\/wp\/v2\/pages\/1176","targetHints":{"allow":["GET"]}}],"collection":[{"href":"https:\/\/wp.ufpel.edu.br\/geale\/wp-json\/wp\/v2\/pages"}],"about":[{"href":"https:\/\/wp.ufpel.edu.br\/geale\/wp-json\/wp\/v2\/types\/page"}],"author":[{"embeddable":true,"href":"https:\/\/wp.ufpel.edu.br\/geale\/wp-json\/wp\/v2\/users\/72"}],"replies":[{"embeddable":true,"href":"https:\/\/wp.ufpel.edu.br\/geale\/wp-json\/wp\/v2\/comments?post=1176"}],"version-history":[{"count":10,"href":"https:\/\/wp.ufpel.edu.br\/geale\/wp-json\/wp\/v2\/pages\/1176\/revisions"}],"predecessor-version":[{"id":2091,"href":"https:\/\/wp.ufpel.edu.br\/geale\/wp-json\/wp\/v2\/pages\/1176\/revisions\/2091"}],"up":[{"embeddable":true,"href":"https:\/\/wp.ufpel.edu.br\/geale\/wp-json\/wp\/v2\/pages\/29"}],"wp:attachment":[{"href":"https:\/\/wp.ufpel.edu.br\/geale\/wp-json\/wp\/v2\/media?parent=1176"}],"curies":[{"name":"wp","href":"https:\/\/api.w.org\/{rel}","templated":true}]}}