{"id":223,"date":"2024-06-15T16:59:03","date_gmt":"2024-06-15T19:59:03","guid":{"rendered":"https:\/\/wp.ufpel.edu.br\/gcorrea\/?page_id=223"},"modified":"2024-06-15T17:25:46","modified_gmt":"2024-06-15T20:25:46","slug":"ensino","status":"publish","type":"page","link":"https:\/\/wp.ufpel.edu.br\/gcorrea\/ensino\/","title":{"rendered":"Ensino"},"content":{"rendered":"<p>Informa\u00e7\u00f5es sobre as minhas atividades de ensino mais recentes podem ser encontradas no portal <a href=\"https:\/\/institucional.ufpel.edu.br\/servidores\/id\/11039\"><strong>Institucional UFPel<\/strong><\/a>.<\/p>\n<p>Estudantes da UFPel podem acessar todos meus cursos na plataforma <a href=\"https:\/\/e-aula.ufpel.edu.br\/\"><strong>E-AULA UFPEL<\/strong><\/a>.<\/p>\n<p><strong>Cursos em n\u00edvel de p\u00f3s-gradua\u00e7\u00e3o:<\/strong><\/p>\n<ul>\n<li><em>Princ\u00edpios de Codifica\u00e7\u00e3o de V\u00eddeo<\/em><\/li>\n<li><em>Processamento Digital de Imagens<\/em><\/li>\n<\/ul>\n<p><strong>Cursos em n\u00edvel de gradua\u00e7\u00e3o:<\/strong><\/p>\n<ul>\n<li><em>Redes de Computadores<\/em><\/li>\n<li><em>Introdu\u00e7\u00e3o \u00e0 Ci\u00eancia da Computa\u00e7\u00e3o<\/em><\/li>\n<li><em>Processamento Digital de Imagens<\/em><\/li>\n<\/ul>\n","protected":false},"excerpt":{"rendered":"<p>Informa\u00e7\u00f5es sobre as minhas atividades de ensino mais recentes podem ser encontradas no portal Institucional UFPel. Estudantes da UFPel podem acessar todos meus cursos na plataforma E-AULA UFPEL. Cursos em n\u00edvel de p\u00f3s-gradua\u00e7\u00e3o: Princ\u00edpios de Codifica\u00e7\u00e3o de V\u00eddeo Processamento Digital de Imagens Cursos em n\u00edvel de gradua\u00e7\u00e3o: Redes de Computadores Introdu\u00e7\u00e3o \u00e0 Ci\u00eancia da Computa\u00e7\u00e3o [&hellip;]<\/p>\n","protected":false},"author":748,"featured_media":0,"parent":0,"menu_order":0,"comment_status":"closed","ping_status":"closed","template":"","meta":{"footnotes":""},"class_list":["post-223","page","type-page","status-publish","hentry"],"_links":{"self":[{"href":"https:\/\/wp.ufpel.edu.br\/gcorrea\/wp-json\/wp\/v2\/pages\/223","targetHints":{"allow":["GET"]}}],"collection":[{"href":"https:\/\/wp.ufpel.edu.br\/gcorrea\/wp-json\/wp\/v2\/pages"}],"about":[{"href":"https:\/\/wp.ufpel.edu.br\/gcorrea\/wp-json\/wp\/v2\/types\/page"}],"author":[{"embeddable":true,"href":"https:\/\/wp.ufpel.edu.br\/gcorrea\/wp-json\/wp\/v2\/users\/748"}],"replies":[{"embeddable":true,"href":"https:\/\/wp.ufpel.edu.br\/gcorrea\/wp-json\/wp\/v2\/comments?post=223"}],"version-history":[{"count":3,"href":"https:\/\/wp.ufpel.edu.br\/gcorrea\/wp-json\/wp\/v2\/pages\/223\/revisions"}],"predecessor-version":[{"id":247,"href":"https:\/\/wp.ufpel.edu.br\/gcorrea\/wp-json\/wp\/v2\/pages\/223\/revisions\/247"}],"wp:attachment":[{"href":"https:\/\/wp.ufpel.edu.br\/gcorrea\/wp-json\/wp\/v2\/media?parent=223"}],"curies":[{"name":"wp","href":"https:\/\/api.w.org\/{rel}","templated":true}]}}