{"id":17,"date":"2021-06-25T15:10:54","date_gmt":"2021-06-25T18:10:54","guid":{"rendered":"https:\/\/wp.ufpel.edu.br\/gcorrea\/?page_id=17"},"modified":"2021-08-25T10:38:44","modified_gmt":"2021-08-25T13:38:44","slug":"contact","status":"publish","type":"page","link":"https:\/\/wp.ufpel.edu.br\/gcorrea\/contact\/","title":{"rendered":"Contact"},"content":{"rendered":"<p><img loading=\"lazy\" decoding=\"async\" class=\"alignnone wp-image-71\" src=\"https:\/\/wp.ufpel.edu.br\/gcorrea\/files\/2021\/06\/EmbeddedImage.png\" alt=\"\" width=\"189\" height=\"29\" \/><\/p>\n<p id=\"h.p_ID_32\" class=\"CDt4Ke zfr3Q\"><span style=\"font-size: 10pt\"><strong>Prof. Dr. Guilherme Ribeiro Corr\u00eaa<br \/>\n<\/strong>Universidade Federal de Pelotas<\/span><br \/>\n<span style=\"font-size: 10pt\">CDTec &#8211; Computa\u00e7\u00e3o &#8211; GACI<\/span><br \/>\n<span style=\"font-size: 10pt\">Rua Gomes Carneiro, n\u00ba 1<\/span><br \/>\n<span style=\"font-size: 10pt\">Centro &#8211; Pelotas, RS &#8211; Brasil<\/span><br \/>\n<span style=\"font-size: 10pt\">96010-610<\/span><\/p>\n","protected":false},"excerpt":{"rendered":"<p>Prof. Dr. Guilherme Ribeiro Corr\u00eaa Universidade Federal de Pelotas CDTec &#8211; Computa\u00e7\u00e3o &#8211; GACI Rua Gomes Carneiro, n\u00ba 1 Centro &#8211; Pelotas, RS &#8211; Brasil 96010-610<\/p>\n","protected":false},"author":748,"featured_media":0,"parent":0,"menu_order":0,"comment_status":"closed","ping_status":"closed","template":"","meta":{"footnotes":""},"class_list":["post-17","page","type-page","status-publish","hentry"],"_links":{"self":[{"href":"https:\/\/wp.ufpel.edu.br\/gcorrea\/wp-json\/wp\/v2\/pages\/17","targetHints":{"allow":["GET"]}}],"collection":[{"href":"https:\/\/wp.ufpel.edu.br\/gcorrea\/wp-json\/wp\/v2\/pages"}],"about":[{"href":"https:\/\/wp.ufpel.edu.br\/gcorrea\/wp-json\/wp\/v2\/types\/page"}],"author":[{"embeddable":true,"href":"https:\/\/wp.ufpel.edu.br\/gcorrea\/wp-json\/wp\/v2\/users\/748"}],"replies":[{"embeddable":true,"href":"https:\/\/wp.ufpel.edu.br\/gcorrea\/wp-json\/wp\/v2\/comments?post=17"}],"version-history":[{"count":4,"href":"https:\/\/wp.ufpel.edu.br\/gcorrea\/wp-json\/wp\/v2\/pages\/17\/revisions"}],"predecessor-version":[{"id":126,"href":"https:\/\/wp.ufpel.edu.br\/gcorrea\/wp-json\/wp\/v2\/pages\/17\/revisions\/126"}],"wp:attachment":[{"href":"https:\/\/wp.ufpel.edu.br\/gcorrea\/wp-json\/wp\/v2\/media?parent=17"}],"curies":[{"name":"wp","href":"https:\/\/api.w.org\/{rel}","templated":true}]}}