{"id":16,"date":"2021-06-25T15:10:54","date_gmt":"2021-06-25T18:10:54","guid":{"rendered":"https:\/\/wp.ufpel.edu.br\/gcorrea\/?page_id=16"},"modified":"2026-03-13T17:15:36","modified_gmt":"2026-03-13T20:15:36","slug":"thesis","status":"publish","type":"page","link":"https:\/\/wp.ufpel.edu.br\/gcorrea\/thesis\/","title":{"rendered":"Thesis"},"content":{"rendered":"<p id=\"h.p_ID_32\" class=\"CDt4Ke zfr3Q\"><strong>Ph.D. thesis <\/strong>(August 2014):<\/p>\n<p id=\"h.p_ID_34\" class=\"CDt4Ke zfr3Q QcmuFb\" style=\"padding-left: 40px;\">Title: <em>Computational Complexity Reduction and Scaling for High Efficiency Video Encoders.<br \/>\n<\/em>DEEC, UC, Coimbra, Portugal, 2014.<br \/>\n<a class=\"dhtgD aw5Odc\" href=\"https:\/\/estudogeral.uc.pt\/handle\/10316\/26633\" target=\"_blank\" rel=\"noopener\"><span style=\"text-decoration: underline;\">Link 1 &#8211; Download (in English)<\/span><\/a><br \/>\n<span style=\"text-decoration: underline;\"><a href=\"https:\/\/drive.google.com\/file\/d\/0B6b1oOWJfRo3ajdvMnNjcXJJZDg\/view?resourcekey=0-7OBPn3OpkqoJWuDv7DDzXg\">Link 2 &#8211; Download (in English)<\/a><\/span><\/p>\n<p id=\"h.p_ID_40\" class=\"CDt4Ke zfr3Q\"><strong>M.Sc. thesis <\/strong>(August 2010):<\/p>\n<p id=\"h.p_ID_42\" class=\"CDt4Ke zfr3Q QcmuFb\" style=\"padding-left: 40px;\">Title: <em>Estudo e Desenvolvimento de Heur\u00edsticas e Arquiteturas de Hardware para Decis\u00e3o R\u00e1pida do Modo de Codifica\u00e7\u00e3o de Bloco para o Padr\u00e3o H.264\/AVC (Study and Development of Heuristics and Hardware Architectures for Fast Block Coding Mode Decision for the H.264\/AVC Standard).<br \/>\n<\/em>INF, UFRGS, Porto Alegre, Brazil, 2010.<br \/>\n<a class=\"dhtgD aw5Odc\" href=\"https:\/\/lume.ufrgs.br\/handle\/10183\/27654\" target=\"_blank\" rel=\"noopener\"><span style=\"text-decoration: underline;\">Download<\/span> (in Portuguese)<\/a><\/p>\n<p id=\"h.p_ID_48\" class=\"CDt4Ke zfr3Q\"><strong>B.Sc. thesis<\/strong> (February 2009):<\/p>\n<p id=\"h.p_ID_50\" class=\"CDt4Ke zfr3Q QcmuFb\" style=\"padding-left: 40px;\">Title: <em>Filtro Redutor do Efeito de Bloco Intercamadas para o Padr\u00e3o H.264\/SVC Realizado com Dispositivo FPGA (Interlayer Deblocking Filter for H.264\/SVC Extension Implemented in FPGA).<br \/>\n<\/em>DINFO, UFPel, Pelotas, Brazil, 2009.<br \/>\n<a class=\"dhtgD aw5Odc\" href=\"https:\/\/drive.google.com\/file\/d\/0B3Ogj49qmetpbXhGY3NsVTZLcjA\/view?resourcekey=0-G7C8M4hx7kYUHEXbDxyyRg\" target=\"_blank\" rel=\"noopener\"><span style=\"text-decoration: underline;\">Download<\/span> (in Portuguese)<\/a><\/p>\n","protected":false},"excerpt":{"rendered":"<p>Ph.D. thesis (August 2014): Title: Computational Complexity Reduction and Scaling for High Efficiency Video Encoders. DEEC, UC, Coimbra, Portugal, 2014. Link 1 &#8211; Download (in English) Link 2 &#8211; Download (in English) M.Sc. thesis (August 2010): Title: Estudo e Desenvolvimento de Heur\u00edsticas e Arquiteturas de Hardware para Decis\u00e3o R\u00e1pida do Modo de Codifica\u00e7\u00e3o de Bloco [&hellip;]<\/p>\n","protected":false},"author":748,"featured_media":0,"parent":0,"menu_order":0,"comment_status":"closed","ping_status":"closed","template":"","meta":{"footnotes":""},"class_list":["post-16","page","type-page","status-publish","hentry"],"_links":{"self":[{"href":"https:\/\/wp.ufpel.edu.br\/gcorrea\/wp-json\/wp\/v2\/pages\/16","targetHints":{"allow":["GET"]}}],"collection":[{"href":"https:\/\/wp.ufpel.edu.br\/gcorrea\/wp-json\/wp\/v2\/pages"}],"about":[{"href":"https:\/\/wp.ufpel.edu.br\/gcorrea\/wp-json\/wp\/v2\/types\/page"}],"author":[{"embeddable":true,"href":"https:\/\/wp.ufpel.edu.br\/gcorrea\/wp-json\/wp\/v2\/users\/748"}],"replies":[{"embeddable":true,"href":"https:\/\/wp.ufpel.edu.br\/gcorrea\/wp-json\/wp\/v2\/comments?post=16"}],"version-history":[{"count":4,"href":"https:\/\/wp.ufpel.edu.br\/gcorrea\/wp-json\/wp\/v2\/pages\/16\/revisions"}],"predecessor-version":[{"id":307,"href":"https:\/\/wp.ufpel.edu.br\/gcorrea\/wp-json\/wp\/v2\/pages\/16\/revisions\/307"}],"wp:attachment":[{"href":"https:\/\/wp.ufpel.edu.br\/gcorrea\/wp-json\/wp\/v2\/media?parent=16"}],"curies":[{"name":"wp","href":"https:\/\/api.w.org\/{rel}","templated":true}]}}