{"id":6,"date":"2020-03-17T14:31:13","date_gmt":"2020-03-17T17:31:13","guid":{"rendered":"https:\/\/wp.ufpel.edu.br\/gcate\/?page_id=6"},"modified":"2022-06-07T13:07:45","modified_gmt":"2022-06-07T16:07:45","slug":"people","status":"publish","type":"page","link":"https:\/\/wp.ufpel.edu.br\/gcate\/people\/","title":{"rendered":"Grupo-old"},"content":{"rendered":"<h1>Membros<\/h1>\n<p><img class=\"foto alignleft\" src=\"http:\/\/servicosweb.cnpq.br\/wspessoa\/servletrecuperafoto?tipo=1&amp;id=K4139614T4\" width=\"139\" height=\"184\" \/><a href=\"http:\/\/lattes.cnpq.br\/3754600563109353\"><strong>Prof. Adriana Castro Pinheiro<\/strong><\/a><\/p>\n<p>adrianacastropinheiro@gmail.com<\/p>\n<p><a href=\"https:\/\/orcid.org\/0000-0003-4092-9896\">Orcid<\/a><\/p>\n<p>Professora Adjunto da Universidade Federal de Pelotas (UFPel). Atua no Programa de P\u00f3s-Gradua\u00e7\u00e3o em Qu\u00edmica da UFPel (PPGQ-UFPel). Realizou est\u00e1gio de P\u00f3s-doutorado em Qu\u00edmica no grupo de Cat\u00e1lise Molecular da UFRGS (LAMOCA), colaborando no desenvolvimento de novos sistemas catal\u00edticos de cromo, zirc\u00f4nio e tit\u00e2nio aplicados a oligo-e polimeriza\u00e7\u00e3o do etileno. Mestrado e Doutorado pelo programa de P\u00f3s-Gradua\u00e7\u00e3o em Qu\u00edmica da UFRGS (PPGQ-UFRGS), com um per\u00edodo de doutorado sandu\u00edche na Universidade de Rennes I (Fran\u00e7a). Graduada em Qu\u00edmica pela Universidade Federal do Rio Grande do Sul. Possui experi\u00eancia na \u00e1rea de polimeriza\u00e7\u00e3o in situ e nanocomp\u00f3sitos polim\u00e9ricos. Atualmente desenvolve pesquisas na \u00e1rea de polimeriza\u00e7\u00e3o por abertura de anel visando a obten\u00e7\u00e3o de materiais polim\u00e9ricos biodegrad\u00e1veis e biocompat\u00edveis. Ainda atua no desenvolvimento de compostos de coordena\u00e7\u00e3o e a investiga\u00e7\u00e3o de potenciais atividades farmacol\u00f3gicas desses compostos.<\/p>\n<p>&nbsp;<\/p>\n<p><img class=\"foto alignleft\" src=\"http:\/\/servicosweb.cnpq.br\/wspessoa\/servletrecuperafoto?tipo=1&amp;id=K4718687J0\" width=\"131\" height=\"142\" \/><a href=\"http:\/\/lattes.cnpq.br\/8463147575434036\"><strong>Prof. Andr\u00e9 Francisco Pivato Biajoli<\/strong><\/a><\/p>\n<p>andre.biajoli@ufpel.edu.br<\/p>\n<p>&nbsp;<\/p>\n<p>\u00c9 bacharel em Qu\u00edmica pela Universidade Estadual de Campinas (2005), bacharel em Comunica\u00e7\u00e3o Social (Jornalismo) pela Pontif\u00edcia Universidade Cat\u00f3lica de Campinas (2000), mestre em Qu\u00edmica pela Universidade Estadual de Campinas (2008) e doutor em Qu\u00edmica pela Universidade Estadual de Campinas (2013). Em seu mestrado, obtido na \u00e1rea de Qu\u00edmica Anal\u00edtica, desenvolveu fibras recobertas com materiais sol-gel para Microextra\u00e7\u00e3o em Fase S\u00f3lida (SPME, Solid Phase Microextraction). Seu doutorado versou sobre arila\u00e7\u00f5es diretas de compostos heteroarom\u00e1ticos com sais de arenodiaz\u00f4nio catalisadas por pal\u00e1dio. Atuou como p\u00f3s-doutorando na UFRGS, investigando as propriedades de cobre e ouro, al\u00e9m de pal\u00e1dio, em acoplamentos cruzados. Na PUCRS, tamb\u00e9m como p\u00f3s-doutorando, desenvolveu projeto de pesquisa na \u00e1rea de Qu\u00edmica Medicinal. Foi professor adjunto na Universidade Federal do Pampa e atualmente exerce o mesmo cargo na Universidade Federal de Pelotas.<\/p>\n<p>&nbsp;<\/p>\n<p><img class=\"foto alignleft\" src=\"http:\/\/servicosweb.cnpq.br\/wspessoa\/servletrecuperafoto?tipo=1&amp;id=K4768090U8\" width=\"118\" height=\"123\" \/><a href=\"http:\/\/lattes.cnpq.br\/5028683428599151\"><strong>Prof. Daniela Bianchini<\/strong><\/a><\/p>\n<p>danielabianchini.ufpel@gmail.com<\/p>\n<p><a href=\"https:\/\/orcid.org\/0000-0002-5442-9705\">Orcid<\/a><\/p>\n<p class=\"resumo\">Possui gradua\u00e7\u00e3o em Qu\u00edmica (2000), especializa\u00e7\u00e3o Lato Sensu (2003) e doutorado em Qu\u00edmica (2007) pela Universidade Federal do Rio Grande do Sul. Realizou est\u00e1gio de doutorando no exterior (2005-2006) na McGill University, Montreal, Canad\u00e1. Foi professora substituta no departamento de Qu\u00edmica Inorg\u00e2nica da UFRGS por tr\u00eas semestres (2007-2008). Tem experi\u00eancia na \u00e1rea de Cat\u00e1lise, onde atuou principalmente nos seguintes temas: catalisadores suportados sobre s\u00edlica, polimeriza\u00e7\u00e3o de etileno, silsesquioxanos, caracteriza\u00e7\u00e3o de catalisadores suportados. Foi p\u00f3s-doutoranda na \u00e1rea de Oleoqu\u00edmica, onde trabalhou na extra\u00e7\u00e3o de \u00f3leo de microalgas e na s\u00edntese de filmes h\u00edbridos org\u00e2nico-inorg\u00e2nicos. Atualmente, \u00e9 professora Adjunta IV da Universidade Federal de Pelotas (UFPel), onde trabalha com a modifica\u00e7\u00e3o da superf\u00edcie de s\u00f3lidos inorg\u00e2nicos, imobiliza\u00e7\u00e3o de porfirinas metaladas e a s\u00edntese de filmes de amido.<\/p>\n<p>&nbsp;<\/p>\n<p><strong><img class=\"size-full wp-image-48 alignleft\" src=\"https:\/\/wp.ufpel.edu.br\/gcate\/files\/2020\/03\/18343_100256863341321_5314585_n.jpg\" alt=\"\" width=\"128\" height=\"129\" srcset=\"https:\/\/wp.ufpel.edu.br\/gcate\/files\/2020\/03\/18343_100256863341321_5314585_n.jpg 128w, https:\/\/wp.ufpel.edu.br\/gcate\/files\/2020\/03\/18343_100256863341321_5314585_n-100x100.jpg 100w\" sizes=\"(max-width: 128px) 100vw, 128px\" \/><a href=\"http:\/\/lattes.cnpq.br\/8914138534189677\">Prof. Robson da Silva Oliboni<\/a><\/strong><\/p>\n<p>rsoliboni@ufpel.edu.br<\/p>\n<p><a href=\"https:\/\/orcid.org\/0000-0002-5376-0527\">Orcid<\/a> |\u00a0 <a href=\"https:\/\/www.researchgate.net\/profile\/Robson_Da_Silva_Oliboni\">ResearchGate<\/a> | <a href=\"https:\/\/scholar.google.com.br\/citations?user=kNjF4akAAAAJ&amp;hl=pt-BR\">Google Scholar<\/a> | <a href=\"https:\/\/github.com\/roboliboni\">Github<\/a><\/p>\n<p>Professor Adjunto da Universidade Federal de Pelotas (UFPel) e integrante do Grupo de Cat\u00e1lise e Estudos Te\u00f3ricos (gcate) e do Laborat\u00f3rio de Tecnologia e Desenvolvimento de Comp\u00f3sitos e Materiais Polim\u00e9ricos da UFPel (LaCoPol). Atua no Programa de P\u00f3s-Gradua\u00e7\u00e3o em Qu\u00edmica da UFPel (PPGQ-UFPel). Colabora com o Grupo de Din\u00e2mica de El\u00e9trons em Mol\u00e9culas (DinEMol) do Departamento de F\u00edsica\/UFSC e com o Grupo de Estrutura Eletr\u00f4nica Molecular (GEEM) do Departamento de Qu\u00edmica\/UFSC. Doutor pelo Programa de P\u00f3s-Gradua\u00e7\u00e3o em Qu\u00edmica da UFSC (PPGQMC\/UFSC, 2015) com um per\u00edodo de nove meses na Universidade de Yale. Mestre pelo Programa de P\u00f3s-Gradua\u00e7\u00e3o em Qu\u00edmica da UFSC (PPGQMC\/UFSC, 2011) e Bacharel e Licenciado em Quimica pela Universidade Federal de Santa Catarina (UFSC, 2009). Atua na \u00e1rea de F\u00edsico-Qu\u00edmica, com \u00eanfase em Qu\u00edmica Te\u00f3rica e Computacional e F\u00edsica da Mat\u00e9ria Condensada.<\/p>\n<h3><\/h3>\n<h3><\/h3>\n<h3><\/h3>\n<h3>MSc. Students<\/h3>\n<p><img class=\"wp-image-123 alignleft\" src=\"https:\/\/wp.ufpel.edu.br\/gcate\/files\/2020\/05\/fernanda-400x400.jpeg\" alt=\"\" width=\"129\" height=\"129\" srcset=\"https:\/\/wp.ufpel.edu.br\/gcate\/files\/2020\/05\/fernanda-400x400.jpeg 400w, https:\/\/wp.ufpel.edu.br\/gcate\/files\/2020\/05\/fernanda-200x200.jpeg 200w, https:\/\/wp.ufpel.edu.br\/gcate\/files\/2020\/05\/fernanda-768x768.jpeg 768w, https:\/\/wp.ufpel.edu.br\/gcate\/files\/2020\/05\/fernanda-100x100.jpeg 100w, https:\/\/wp.ufpel.edu.br\/gcate\/files\/2020\/05\/fernanda-600x600.jpeg 600w, https:\/\/wp.ufpel.edu.br\/gcate\/files\/2020\/05\/fernanda.jpeg 960w\" sizes=\"(max-width: 129px) 100vw, 129px\" \/><\/p>\n<p><a href=\"http:\/\/lattes.cnpq.br\/9810135031657700\">Fernanda Isquierdo Batista<\/a><\/p>\n<p>&nbsp;<\/p>\n<p>&nbsp;<\/p>\n<p>&nbsp;<\/p>\n<p><img class=\"wp-image-124 alignleft\" src=\"https:\/\/wp.ufpel.edu.br\/gcate\/files\/2020\/05\/tamara-400x400.jpeg\" alt=\"\" width=\"130\" height=\"130\" srcset=\"https:\/\/wp.ufpel.edu.br\/gcate\/files\/2020\/05\/tamara-400x400.jpeg 400w, https:\/\/wp.ufpel.edu.br\/gcate\/files\/2020\/05\/tamara-200x200.jpeg 200w, https:\/\/wp.ufpel.edu.br\/gcate\/files\/2020\/05\/tamara-100x100.jpeg 100w, https:\/\/wp.ufpel.edu.br\/gcate\/files\/2020\/05\/tamara-600x600.jpeg 600w, https:\/\/wp.ufpel.edu.br\/gcate\/files\/2020\/05\/tamara.jpeg 640w\" sizes=\"(max-width: 130px) 100vw, 130px\" \/><\/p>\n<p><a href=\"http:\/\/lattes.cnpq.br\/5949333148627859\">Tamara dos Santos Machado<\/a><\/p>\n<p>&nbsp;<\/p>\n<p>&nbsp;<\/p>\n<p>&nbsp;<\/p>\n<h3>Undergraduate Students<\/h3>\n<p><img class=\"wp-image-126 alignleft\" src=\"https:\/\/wp.ufpel.edu.br\/gcate\/files\/2020\/05\/alan-400x400.jpeg\" alt=\"\" width=\"123\" height=\"123\" srcset=\"https:\/\/wp.ufpel.edu.br\/gcate\/files\/2020\/05\/alan-400x400.jpeg 400w, https:\/\/wp.ufpel.edu.br\/gcate\/files\/2020\/05\/alan-1024x1024.jpeg 1024w, https:\/\/wp.ufpel.edu.br\/gcate\/files\/2020\/05\/alan-200x200.jpeg 200w, https:\/\/wp.ufpel.edu.br\/gcate\/files\/2020\/05\/alan-768x768.jpeg 768w, https:\/\/wp.ufpel.edu.br\/gcate\/files\/2020\/05\/alan-100x100.jpeg 100w, https:\/\/wp.ufpel.edu.br\/gcate\/files\/2020\/05\/alan-600x600.jpeg 600w, https:\/\/wp.ufpel.edu.br\/gcate\/files\/2020\/05\/alan.jpeg 1280w\" sizes=\"(max-width: 123px) 100vw, 123px\" \/><\/p>\n<p><a href=\"http:\/\/lattes.cnpq.br\/5062837310595071\">Alan Souza Relosi<\/a><\/p>\n<p>&nbsp;<\/p>\n<p>&nbsp;<\/p>\n<p>&nbsp;<\/p>\n<p><img class=\"wp-image-127 alignleft\" src=\"https:\/\/wp.ufpel.edu.br\/gcate\/files\/2020\/05\/aldelainy-e1588886198138-397x400.jpeg\" alt=\"\" width=\"130\" height=\"131\" srcset=\"https:\/\/wp.ufpel.edu.br\/gcate\/files\/2020\/05\/aldelainy-e1588886198138-397x400.jpeg 397w, https:\/\/wp.ufpel.edu.br\/gcate\/files\/2020\/05\/aldelainy-e1588886198138-200x200.jpeg 200w, https:\/\/wp.ufpel.edu.br\/gcate\/files\/2020\/05\/aldelainy-e1588886198138-100x100.jpeg 100w, https:\/\/wp.ufpel.edu.br\/gcate\/files\/2020\/05\/aldelainy-e1588886198138-600x600.jpeg 600w, https:\/\/wp.ufpel.edu.br\/gcate\/files\/2020\/05\/aldelainy-e1588886198138.jpeg 720w\" sizes=\"(max-width: 130px) 100vw, 130px\" \/><\/p>\n<p><a href=\"http:\/\/lattes.cnpq.br\/5130798863086709\">Aldelainy Menezes da Silva<\/a><\/p>\n<p>&nbsp;<\/p>\n<p>&nbsp;<\/p>\n<p>&nbsp;<\/p>\n<p><img class=\"wp-image-159 alignleft\" src=\"https:\/\/wp.ufpel.edu.br\/gcate\/files\/2020\/09\/lattes.jpg\" alt=\"\" width=\"143\" height=\"145\" srcset=\"https:\/\/wp.ufpel.edu.br\/gcate\/files\/2020\/09\/lattes.jpg 335w, https:\/\/wp.ufpel.edu.br\/gcate\/files\/2020\/09\/lattes-100x100.jpg 100w\" sizes=\"(max-width: 143px) 100vw, 143px\" \/><\/p>\n<p><a href=\"http:\/\/lattes.cnpq.br\/1863434511822284\">Augusto Cardozo Argondizzo<\/a><\/p>\n<p>&nbsp;<\/p>\n<p>&nbsp;<\/p>\n<p>&nbsp;<\/p>\n<p>&nbsp;<\/p>\n<p><img class=\"wp-image-92 alignleft\" src=\"https:\/\/wp.ufpel.edu.br\/gcate\/files\/2020\/03\/pic-danielle-348x400.png\" alt=\"\" width=\"124\" height=\"140\" \/><a href=\"http:\/\/lattes.cnpq.br\/6716643597346159\">Danielle Tapia Bueno<\/a><\/p>\n<p>&nbsp;<\/p>\n<p>&nbsp;<\/p>\n<p>&nbsp;<\/p>\n<p><img class=\"wp-image-143 alignleft\" src=\"https:\/\/wp.ufpel.edu.br\/gcate\/files\/2020\/06\/giulia-e1592317722399-400x366.jpeg\" alt=\"\" width=\"137\" height=\"125\" srcset=\"https:\/\/wp.ufpel.edu.br\/gcate\/files\/2020\/06\/giulia-e1592317722399-400x366.jpeg 400w, https:\/\/wp.ufpel.edu.br\/gcate\/files\/2020\/06\/giulia-e1592317722399.jpeg 700w\" sizes=\"(max-width: 137px) 100vw, 137px\" \/><\/p>\n<p><a href=\"http:\/\/buscatextual.cnpq.br\/buscatextual\/visualizacv.do?id=K2708667Y4&amp;tokenCaptchar=03AGdBq26vXMPUHX3RK-2_eJEOajUA9CyezyFXXF6i25JNCken_qrKmoLfZDKjG-bWALD80e7QC2oRJnDSbLfUSfGlVivftmDJzaLce_NRjn051j5HJ6IX4bRRvVyJyex9114R0EHyt6N_8mp5IANXWc2Y5zT0YNPbd7QSo2pVFB3n9XsCE7RTUGrIqZEgNuBDdsLxYEeshMw2K4GJT3mVeYYuJaf95NuhI0tKruNIGcDgUyqiBy56zqH84H-S6tKHO2YL-1AebiZlITkOpdPqEfRwg1VO3imhKW8tlOxfg6Pu5amLSioEc0X7gxYpohWMY5ge3tkj9SIDb7L1uOEktMZ1GZVJcQu8OfJvRNESYqQvFI58O9yX5K9ICP49-oLWiThVAaKcnz69nHHzwTz-GBOPJkiJTrxiKg\">Giulia Maria Fermiano de Souza<\/a><\/p>\n<p>&nbsp;<\/p>\n<p>&nbsp;<\/p>\n<p>&nbsp;<\/p>\n<p><a href=\"http:\/\/lattes.cnpq.br\/1431491089848561\">Ianka Jacondino Nunes<\/a><img class=\"wp-image-132 alignleft\" src=\"https:\/\/wp.ufpel.edu.br\/gcate\/files\/2020\/05\/ianka-400x400.jpeg\" alt=\"\" width=\"123\" height=\"123\" srcset=\"https:\/\/wp.ufpel.edu.br\/gcate\/files\/2020\/05\/ianka-400x400.jpeg 400w, https:\/\/wp.ufpel.edu.br\/gcate\/files\/2020\/05\/ianka-200x200.jpeg 200w, https:\/\/wp.ufpel.edu.br\/gcate\/files\/2020\/05\/ianka-768x768.jpeg 768w, https:\/\/wp.ufpel.edu.br\/gcate\/files\/2020\/05\/ianka-100x100.jpeg 100w, https:\/\/wp.ufpel.edu.br\/gcate\/files\/2020\/05\/ianka-600x600.jpeg 600w, https:\/\/wp.ufpel.edu.br\/gcate\/files\/2020\/05\/ianka.jpeg 864w\" sizes=\"(max-width: 123px) 100vw, 123px\" \/><\/p>\n<p>&nbsp;<\/p>\n<p>&nbsp;<\/p>\n<p>&nbsp;<\/p>\n<p><img class=\"wp-image-147 alignleft\" src=\"https:\/\/wp.ufpel.edu.br\/gcate\/files\/2020\/06\/lucas-e1592432186474-350x400.jpeg\" alt=\"\" width=\"127\" height=\"145\" srcset=\"https:\/\/wp.ufpel.edu.br\/gcate\/files\/2020\/06\/lucas-e1592432186474-350x400.jpeg 350w, https:\/\/wp.ufpel.edu.br\/gcate\/files\/2020\/06\/lucas-e1592432186474.jpeg 742w\" sizes=\"(max-width: 127px) 100vw, 127px\" \/><\/p>\n<p><a href=\"http:\/\/lattes.cnpq.br\/5570553820103820\">Lucas Ceron Kikhofel<\/a><\/p>\n<p>&nbsp;<\/p>\n<p>&nbsp;<\/p>\n<p>&nbsp;<\/p>\n<p>&nbsp;<\/p>\n<p><img class=\"wp-image-129 alignleft\" src=\"https:\/\/wp.ufpel.edu.br\/gcate\/files\/2020\/05\/mathaus-400x400.jpeg\" alt=\"\" width=\"118\" height=\"118\" srcset=\"https:\/\/wp.ufpel.edu.br\/gcate\/files\/2020\/05\/mathaus-400x400.jpeg 400w, https:\/\/wp.ufpel.edu.br\/gcate\/files\/2020\/05\/mathaus-200x200.jpeg 200w, https:\/\/wp.ufpel.edu.br\/gcate\/files\/2020\/05\/mathaus-100x100.jpeg 100w, https:\/\/wp.ufpel.edu.br\/gcate\/files\/2020\/05\/mathaus-600x600.jpeg 600w, https:\/\/wp.ufpel.edu.br\/gcate\/files\/2020\/05\/mathaus.jpeg 616w\" sizes=\"(max-width: 118px) 100vw, 118px\" \/><\/p>\n<p><a href=\"http:\/\/lattes.cnpq.br\/6226196096038220\">Mathaus Camelatto Kr\u00fcger<\/a><\/p>\n<p>&nbsp;<\/p>\n<p>&nbsp;<\/p>\n<p>&nbsp;<\/p>\n<p><img class=\"wp-image-141 alignleft\" src=\"https:\/\/wp.ufpel.edu.br\/gcate\/files\/2020\/05\/mateus-rotated.jpeg\" alt=\"\" width=\"109\" height=\"146\" \/><\/p>\n<p><a href=\"http:\/\/buscatextual.cnpq.br\/buscatextual\/visualizacv.do?id=K2466702Y5\">Mateus Augusto Theodoro Rodrigues<\/a><\/p>\n<p>&nbsp;<\/p>\n<p>&nbsp;<\/p>\n<p>&nbsp;<\/p>\n<p>&nbsp;<\/p>\n<p><img class=\"wp-image-145 alignleft\" src=\"https:\/\/wp.ufpel.edu.br\/gcate\/files\/2020\/06\/nathalia-e1592398629932-367x400.jpeg\" alt=\"\" width=\"124\" height=\"135\" srcset=\"https:\/\/wp.ufpel.edu.br\/gcate\/files\/2020\/06\/nathalia-e1592398629932-367x400.jpeg 367w, https:\/\/wp.ufpel.edu.br\/gcate\/files\/2020\/06\/nathalia-e1592398629932.jpeg 403w\" sizes=\"(max-width: 124px) 100vw, 124px\" \/><\/p>\n<p><a href=\"http:\/\/buscatextual.cnpq.br\/buscatextual\/visualizacv.do?id=K2777792P4&amp;tokenCaptchar=03AGdBq24-bDt3LjGiqzfqt-l4eq-JVwsbhEnwyP1_fEDbA0A2Tb12YFME1bAmF6zuCefa_4D9qoEDzhCDt6LNAIdw4r53Ti0oFTpiX_W_-XdAkMWj1cg8v74SN5QCYbV1SZi_CAFHwWL5Sq_XA-M5fj8immVl_-RciVFfqhAVK4RtWwPJ7wv5_7T57kHraAyRqyB9_eFNMAHhiQRlI1a9qdJBDi3bi6WTL7u_WOj6WahvbgOOx4HyxbSEvwUr8BLbqVY0RU7aesgkw4P2yVn8_NLZ2IcSCKfMD6RxHbm6f-VXZhggbR_cTJJSINrirRZWKeXltzoOhiy1kWhDQw7M5jWiBPfoqGkkCSNUGZG-YS1JoLwmQurjCn5KV3jFyG_SPUl70E5-TwpQu7qZ2JTj46JVNpF4-9cssQ\">Nathalia Sousa de Oliveira<\/a><\/p>\n<p>&nbsp;<\/p>\n<p>&nbsp;<\/p>\n<p>&nbsp;<\/p>\n<p><img class=\"wp-image-130 alignleft\" src=\"https:\/\/wp.ufpel.edu.br\/gcate\/files\/2020\/05\/taiana-300x400.png\" alt=\"\" width=\"117\" height=\"156\" \/><\/p>\n<p><a href=\"http:\/\/lattes.cnpq.br\/3569124005282694\">Taiana Kuhn Behling<\/a><\/p>\n<p>&nbsp;<\/p>\n<p>&nbsp;<\/p>\n<p>&nbsp;<\/p>\n<p>&nbsp;<\/p>\n<h2>Former Members<\/h2>\n<p><img class=\"wp-image-117 alignleft\" src=\"https:\/\/wp.ufpel.edu.br\/gcate\/files\/2020\/05\/luiza-e1588885543568-366x400.jpeg\" alt=\"\" width=\"124\" height=\"135\" srcset=\"https:\/\/wp.ufpel.edu.br\/gcate\/files\/2020\/05\/luiza-e1588885543568-366x400.jpeg 366w, https:\/\/wp.ufpel.edu.br\/gcate\/files\/2020\/05\/luiza-e1588885543568-936x1024.jpeg 936w, https:\/\/wp.ufpel.edu.br\/gcate\/files\/2020\/05\/luiza-e1588885543568-768x840.jpeg 768w, https:\/\/wp.ufpel.edu.br\/gcate\/files\/2020\/05\/luiza-e1588885543568.jpeg 1082w\" sizes=\"(max-width: 124px) 100vw, 124px\" \/><\/p>\n<p><a href=\"http:\/\/lattes.cnpq.br\/1623026762841332\">MSc. Luiza Helena Silva da Rosa<\/a><\/p>\n<p>&nbsp;<\/p>\n<p>&nbsp;<\/p>\n<p>&nbsp;<\/p>\n<p><img class=\"wp-image-118 alignleft\" src=\"https:\/\/wp.ufpel.edu.br\/gcate\/files\/2020\/05\/debora-e1588885606684.png\" alt=\"\" width=\"127\" height=\"142\" \/><\/p>\n<p><a href=\"http:\/\/lattes.cnpq.br\/8361604905825030\">D\u00e9bora Piegas Pavani<\/a><\/p>\n<p>&nbsp;<\/p>\n<p>&nbsp;<\/p>\n<p>&nbsp;<\/p>\n<p><img class=\"wp-image-120 alignleft\" src=\"https:\/\/wp.ufpel.edu.br\/gcate\/files\/2020\/05\/markus.jpeg\" alt=\"\" width=\"138\" height=\"138\" srcset=\"https:\/\/wp.ufpel.edu.br\/gcate\/files\/2020\/05\/markus.jpeg 400w, https:\/\/wp.ufpel.edu.br\/gcate\/files\/2020\/05\/markus-200x200.jpeg 200w, https:\/\/wp.ufpel.edu.br\/gcate\/files\/2020\/05\/markus-100x100.jpeg 100w\" sizes=\"(max-width: 138px) 100vw, 138px\" \/><\/p>\n<p><a href=\"http:\/\/lattes.cnpq.br\/9107277400941638\">Markus de Figueiredo Ferraz Wirz<\/a><\/p>\n","protected":false},"excerpt":{"rendered":"<p>Membros Prof. Adriana Castro Pinheiro adrianacastropinheiro@gmail.com Orcid Professora Adjunto da Universidade Federal de Pelotas (UFPel). Atua no Programa de P\u00f3s-Gradua\u00e7\u00e3o em Qu\u00edmica da UFPel (PPGQ-UFPel). Realizou est\u00e1gio de P\u00f3s-doutorado em Qu\u00edmica no grupo de Cat\u00e1lise Molecular da UFRGS (LAMOCA), colaborando no desenvolvimento de novos sistemas catal\u00edticos de cromo, zirc\u00f4nio e tit\u00e2nio aplicados a oligo-e polimeriza\u00e7\u00e3o [&hellip;]<\/p>\n","protected":false},"author":937,"featured_media":0,"parent":0,"menu_order":0,"comment_status":"closed","ping_status":"closed","template":"","meta":{"footnotes":""},"class_list":["post-6","page","type-page","status-publish","hentry"],"jetpack_sharing_enabled":true,"_links":{"self":[{"href":"https:\/\/wp.ufpel.edu.br\/gcate\/wp-json\/wp\/v2\/pages\/6","targetHints":{"allow":["GET"]}}],"collection":[{"href":"https:\/\/wp.ufpel.edu.br\/gcate\/wp-json\/wp\/v2\/pages"}],"about":[{"href":"https:\/\/wp.ufpel.edu.br\/gcate\/wp-json\/wp\/v2\/types\/page"}],"author":[{"embeddable":true,"href":"https:\/\/wp.ufpel.edu.br\/gcate\/wp-json\/wp\/v2\/users\/937"}],"replies":[{"embeddable":true,"href":"https:\/\/wp.ufpel.edu.br\/gcate\/wp-json\/wp\/v2\/comments?post=6"}],"version-history":[{"count":39,"href":"https:\/\/wp.ufpel.edu.br\/gcate\/wp-json\/wp\/v2\/pages\/6\/revisions"}],"predecessor-version":[{"id":45,"href":"https:\/\/wp.ufpel.edu.br\/gcate\/wp-json\/wp\/v2\/pages\/6\/revisions\/45"}],"wp:attachment":[{"href":"https:\/\/wp.ufpel.edu.br\/gcate\/wp-json\/wp\/v2\/media?parent=6"}],"curies":[{"name":"wp","href":"https:\/\/api.w.org\/{rel}","templated":true}]}}